{"id":733,"date":"2021-04-21T09:00:52","date_gmt":"2021-04-21T09:00:52","guid":{"rendered":"https:\/\/biogeo.ubbcluj.ro\/sdbi\/?page_id=733"},"modified":"2026-02-23T20:59:47","modified_gmt":"2026-02-23T20:59:47","slug":"admission","status":"publish","type":"page","link":"https:\/\/biogeo.ubbcluj.ro\/sdbi\/?page_id=733&lang=en","title":{"rendered":"Admission"},"content":{"rendered":"\n<h2 class=\"wp-block-heading\"><strong>2026<\/strong><\/h2>\n\n\n\n<p>* To be announced<\/p>\n\n\n\n<div class=\"wp-block-columns is-layout-flex wp-container-core-columns-is-layout-9d6595d7 wp-block-columns-is-layout-flex\">\n<div class=\"wp-block-column is-layout-flow wp-block-column-is-layout-flow\">\n<h4 class=\"wp-block-heading\"><strong>Metodology<\/strong><\/h4>\n<\/div>\n\n\n\n<div class=\"wp-block-column is-layout-flow wp-block-column-is-layout-flow\">\n<h4 class=\"wp-block-heading\"><strong>Calendar<\/strong><\/h4>\n<\/div>\n\n\n\n<div class=\"wp-block-column is-layout-flow wp-block-column-is-layout-flow\">\n<h4 class=\"wp-block-heading\"><strong>Topics<\/strong><\/h4>\n<\/div>\n\n\n\n<div class=\"wp-block-column is-layout-flow wp-block-column-is-layout-flow\">\n<h4 class=\"wp-block-heading\"><strong>Registration<\/strong><\/h4>\n<\/div>\n<\/div>\n\n\n\n<div style=\"height:100px\" aria-hidden=\"true\" class=\"wp-block-spacer\"><\/div>\n\n\n\n<h2 class=\"wp-block-heading\"><strong>2025<\/strong><\/h2>\n\n\n\n<p>*Available only in Romanian<\/p>\n\n\n\n<p>*Pentru anii anteriori consulta\u021bi <a href=\"https:\/\/biogeo.ubbcluj.ro\/sdbi\/?page_id=2507\" data-type=\"page\" data-id=\"2507\">arhiva<\/a><\/p>\n\n\n\n<div class=\"wp-block-columns is-layout-flex wp-container-core-columns-is-layout-9d6595d7 wp-block-columns-is-layout-flex\">\n<div class=\"wp-block-column is-layout-flow wp-block-column-is-layout-flow\">\n<h4 class=\"wp-block-heading\"><strong><a href=\"https:\/\/biogeo.ubbcluj.ro\/sdbi\/wp-content\/uploads\/2025\/05\/Metodologie-admitere-doctorat.pdf\" data-type=\"link\" data-id=\"https:\/\/biogeo.ubbcluj.ro\/sdbi\/wp-content\/uploads\/2025\/05\/Metodologie-admitere-doctorat.pdf\">Metodologie<\/a><\/strong><\/h4>\n<\/div>\n\n\n\n<div class=\"wp-block-column is-layout-flow wp-block-column-is-layout-flow\">\n<h4 class=\"wp-block-heading\"><strong><a href=\"https:\/\/biogeo.ubbcluj.ro\/sdbi\/wp-content\/uploads\/2025\/05\/Calendar_admitere_doctorat_2025.pdf\" data-type=\"link\" data-id=\"https:\/\/biogeo.ubbcluj.ro\/sdbi\/wp-content\/uploads\/2025\/05\/Calendar_admitere_doctorat_2025.pdf\">Calendar<\/a><\/strong><\/h4>\n<\/div>\n\n\n\n<div class=\"wp-block-column is-layout-flow wp-block-column-is-layout-flow\">\n<h4 class=\"wp-block-heading\"><strong>Tematica<\/strong><\/h4>\n\n\n\n<p><a href=\"https:\/\/biogeo.ubbcluj.ro\/sdbi\/wp-content\/uploads\/2025\/05\/Banciu-Horia-Leonard.pdf\">Banciu Horia Leonard<\/a>, <a href=\"https:\/\/biogeo.ubbcluj.ro\/sdbi\/wp-content\/uploads\/2025\/05\/Banciu-Manuela.pdf\">Banciu Manuela<\/a>, <a href=\"https:\/\/biogeo.ubbcluj.ro\/sdbi\/wp-content\/uploads\/2025\/05\/Butiuc-Anca.pdf\">Butiuc Anca<\/a>, <a href=\"https:\/\/biogeo.ubbcluj.ro\/sdbi\/wp-content\/uploads\/2025\/05\/Cojocaru-Vlad_RO.pdf\">Cojocaru Vlad<\/a>, <a href=\"https:\/\/biogeo.ubbcluj.ro\/sdbi\/wp-content\/uploads\/2025\/05\/Hartel_Tibor.pdf\">Hartel Tibor<\/a>, <a href=\"https:\/\/biogeo.ubbcluj.ro\/sdbi\/wp-content\/uploads\/2025\/09\/Keresztes_Tematica-admitere-RO.pdf\">Keresztes Lujza<\/a>, <a href=\"https:\/\/biogeo.ubbcluj.ro\/sdbi\/wp-content\/uploads\/2025\/09\/Marko-Balint.pdf\">Marko Balint<\/a>, <a href=\"https:\/\/biogeo.ubbcluj.ro\/sdbi\/wp-content\/uploads\/2025\/05\/Meleg_Ioana.pdf\">Meleg Ioana<\/a>, <a href=\"https:\/\/biogeo.ubbcluj.ro\/sdbi\/wp-content\/uploads\/2025\/05\/Pap-Peter-Laszlo.pdf\">Pap Peter Laszlo<\/a>, <a href=\"https:\/\/biogeo.ubbcluj.ro\/sdbi\/wp-content\/uploads\/2025\/05\/Ruprecht_Eszter.pdf\">Ruprecht Eszter<\/a>, <a href=\"https:\/\/biogeo.ubbcluj.ro\/sdbi\/wp-content\/uploads\/2025\/05\/Sevcencu_Cristian.pdf\">Sevcencu Cristian<\/a><\/p>\n<\/div>\n<\/div>\n\n\n\n<div class=\"wp-block-columns is-layout-flex wp-container-core-columns-is-layout-9d6595d7 wp-block-columns-is-layout-flex\">\n<div class=\"wp-block-column is-layout-flow wp-block-column-is-layout-flow\">\n<h4 class=\"wp-block-heading\"><a href=\"https:\/\/biogeo.ubbcluj.ro\/sdbi\/wp-content\/uploads\/2025\/07\/SBDI_rezultate-admitere-doctorat-iulie-2025.xlsx\" data-type=\"attachment\" data-id=\"1251\"><strong>Rezultate iulie 2025<\/strong><\/a><\/h4>\n<\/div>\n\n\n\n<div class=\"wp-block-column is-layout-flow wp-block-column-is-layout-flow\">\n<h4 class=\"wp-block-heading\"><a href=\"https:\/\/biogeo.ubbcluj.ro\/sdbi\/wp-content\/uploads\/2025\/09\/SBDI_rezultate-admitere-doctorat-septembrie-2025.pdf\" data-type=\"link\" data-id=\"https:\/\/biogeo.ubbcluj.ro\/sdbi\/wp-content\/uploads\/2025\/09\/SBDI_rezultate-admitere-doctorat-septembrie-2025.pdf\"><strong>Rezultate septembrie 2025<\/strong><\/a><\/h4>\n<\/div>\n<\/div>\n\n\n\n<h4 class=\"wp-block-heading\"><strong>Documente pentru \u00eenscriere<\/strong><\/h4>\n\n\n\n<ul class=\"wp-block-list\">\n<li>fi\u0219a de \u00eenscriere generat\u0103 \u00een platform\u0103 \u00eempreun\u0103 cu declara\u021bia de consim\u021b\u0103m\u00e2nt deprelucrare a datelor cu caracter personal. Aceste documente se vor genera automat prin introducerea datelor de c\u0103tre candidat pe platforma de \u00eenscriere online. Pentru generarea fi\u0219ei de \u00eenscriere, este necesar s\u0103 fie introduse, \u00een platforma de \u00eenscriere online, datele de identificare personale conform c\u0103r\u021bii de identitate\/buletinului de identitate\/pa\u0219aportului, certificatului de na\u0219tere \u0219i\/sau certificatului de c\u0103s\u0103torie, numele conduc\u0103torului de doctorat pentru al c\u0103rui loc se aplic\u0103 \u0219i alte informa\u021bii privind op\u021biunile de admitere<\/li>\n<\/ul>\n\n\n\n<p><\/p>\n\n\n\n<ul class=\"wp-block-list\">\n<li>Cerere de \u00eenscriere care con\u021bine \u0219i declararea etniei, conform modelului de pe website-ul Institutului de Studii Doctorale \u2013 numai pentru candida\u021bii care opteaz\u0103 pentru locurile rezervate etniei rome<\/li>\n<\/ul>\n\n\n\n<p><\/p>\n\n\n\n<ul class=\"wp-block-list\">\n<li>Curriculum vitae<\/li>\n<\/ul>\n\n\n\n<p><\/p>\n\n\n\n<ul class=\"wp-block-list\">\n<li>Lista lucr\u0103rilor \u0219tiin\u021bifice publicate (dac\u0103 este cazul)<\/li>\n<\/ul>\n\n\n\n<p><\/p>\n\n\n\n<ul class=\"wp-block-list\">\n<li>Certificatul de competen\u021b\u0103 lingvistic\u0103 valabil la data sus\u021binerii examenului de admitere,<br>dac\u0103 este cazul.<\/li>\n<\/ul>\n\n\n\n<p><\/p>\n\n\n\n<ul class=\"wp-block-list\">\n<li>Diplomele de studii: diploma de bacalaureat; diploma de finalizare a studiilor de licen\u021b\u0103<br>(cu anexele aferente dup\u0103 caz: foaie matricol\u0103 respectiv supliment la diplom\u0103); diploma<br>de studii aprofundate \/ master(cu anexele aferente dup\u0103 caz: foaie matricol\u0103 respectiv<br>supliment la diplom\u0103);<br>Candida\u021bii care au promovat examenul de diserta\u021bie \u00een sesiunile din anul universitar<br>curent pot prezenta la \u00eenscriere, \u00een locul diplomei de master, adeverin\u021ba eliberat\u0103 de<br>c\u0103tre institu\u021bia de \u00eenv\u0103\u021b\u0103m\u00e2nt, \u00een care se men\u021bioneaz\u0103 media general\u0103, mediile ob\u021binute<br>\u00een anii de studiu, num\u0103rul de credite de studii transferabile dob\u00e2ndite, termenul de<br>valabilitate \u0219i faptul c\u0103 nu a fost eliberat\u0103 diploma.<br>Studiile efectuate \u00een str\u0103in\u0103tate se dovedesc cu atestate de echivalare a acestora (at\u00e2t<br>pentru studii de licent\u0103 c\u00e2t \u0219i pentru studii de masterat), eliberate de Centrul Na\u021bional<br>de Recunoa\u0219tere \u0219i Echivalare a Diplomelor (CNRED), de pe l\u00e2ng\u0103 Ministerul de resort.<br>Num\u0103rul cumulat de credite de studii transferabile dob\u00e2ndite, conform diplomelor<br>recunoscute de CNRED, trebuie s\u0103 fie de minimum 300. In cazul certificatelor CNRED<br>emise cu semn\u0103tur\u0103 electronic\u0103 se va depune varianta electronic\u0103 a acestui document.<\/li>\n<\/ul>\n\n\n\n<p><\/p>\n\n\n\n<ul class=\"wp-block-list\">\n<li>Certificatul de na\u0219tere;<\/li>\n<\/ul>\n\n\n\n<p><\/p>\n\n\n\n<ul class=\"wp-block-list\">\n<li>Certificatul de c\u0103s\u0103torie (numai \u00een cazul schimb\u0103rii numelui de na\u0219tere prin c\u0103s\u0103torie);<\/li>\n<\/ul>\n\n\n\n<p><\/p>\n\n\n\n<ul class=\"wp-block-list\">\n<li>Document administrativ de schimbare a numelui (dac\u0103 este cazul).<\/li>\n<\/ul>\n\n\n\n<p><\/p>\n\n\n\n<ul class=\"wp-block-list\">\n<li>Carte de identitate\/buletin\/ sau pasaport pentru cet\u0103\u021benii din afara RO.<\/li>\n<\/ul>\n\n\n\n<p><\/p>\n\n\n\n<ul class=\"wp-block-list\">\n<li>Documentul (chitan\u021b\u0103, ordin de plat\u0103, mandat po\u0219tal) care dovede\u0219te plata taxei pentru<br>concursul de admitere (conform art. 2 alin. 3).<\/li>\n<\/ul>\n\n\n\n<p><\/p>\n","protected":false},"excerpt":{"rendered":"<p>2026 * To be announced Metodology Calendar Topics Registration 2025 *Available only in Romanian *Pentru anii anteriori consulta\u021bi arhiva Metodologie Calendar Tematica Banciu Horia Leonard, Banciu Manuela, Butiuc Anca, Cojocaru Vlad, Hartel Tibor, Keresztes Lujza, Marko Balint, Meleg Ioana, Pap Peter Laszlo, Ruprecht Eszter, Sevcencu Cristian Rezultate iulie 2025 Rezultate&hellip;<\/p>\n","protected":false},"author":1,"featured_media":0,"parent":0,"menu_order":0,"comment_status":"closed","ping_status":"closed","template":"fullwidth-template.php","meta":{"footnotes":""},"class_list":["post-733","page","type-page","status-publish","hentry"],"yoast_head":"<!-- This site is optimized with the Yoast SEO plugin v27.0 - https:\/\/yoast.com\/product\/yoast-seo-wordpress\/ -->\n<title>Admission - Scoala Doctorala Biologie Integrativa<\/title>\n<meta name=\"robots\" content=\"index, follow, max-snippet:-1, max-image-preview:large, max-video-preview:-1\" \/>\n<link rel=\"canonical\" href=\"https:\/\/biogeo.ubbcluj.ro\/sdbi\/?page_id=733&lang=en\" \/>\n<meta property=\"og:locale\" content=\"en_US\" \/>\n<meta property=\"og:type\" content=\"article\" \/>\n<meta property=\"og:title\" content=\"Admission - Scoala Doctorala Biologie Integrativa\" \/>\n<meta property=\"og:description\" content=\"2026 * To be announced Metodology Calendar Topics Registration 2025 *Available only in Romanian *Pentru anii anteriori consulta\u021bi arhiva Metodologie Calendar Tematica Banciu Horia Leonard, Banciu Manuela, Butiuc Anca, Cojocaru Vlad, Hartel Tibor, Keresztes Lujza, Marko Balint, Meleg Ioana, Pap Peter Laszlo, Ruprecht Eszter, Sevcencu Cristian Rezultate iulie 2025 Rezultate&hellip;\" \/>\n<meta property=\"og:url\" content=\"https:\/\/biogeo.ubbcluj.ro\/sdbi\/?page_id=733&amp;lang=en\" \/>\n<meta property=\"og:site_name\" content=\"Scoala Doctorala Biologie Integrativa\" \/>\n<meta property=\"article:modified_time\" content=\"2026-02-23T20:59:47+00:00\" \/>\n<meta name=\"twitter:card\" content=\"summary_large_image\" \/>\n<meta name=\"twitter:label1\" content=\"Est. reading time\" \/>\n\t<meta name=\"twitter:data1\" content=\"2 minutes\" \/>\n<script type=\"application\/ld+json\" class=\"yoast-schema-graph\">{\"@context\":\"https:\/\/schema.org\",\"@graph\":[{\"@type\":\"WebPage\",\"@id\":\"https:\/\/biogeo.ubbcluj.ro\/sdbi\/?page_id=733&lang=en\",\"url\":\"https:\/\/biogeo.ubbcluj.ro\/sdbi\/?page_id=733&lang=en\",\"name\":\"Admission - Scoala Doctorala Biologie Integrativa\",\"isPartOf\":{\"@id\":\"https:\/\/biogeo.ubbcluj.ro\/sdbi\/#website\"},\"datePublished\":\"2021-04-21T09:00:52+00:00\",\"dateModified\":\"2026-02-23T20:59:47+00:00\",\"breadcrumb\":{\"@id\":\"https:\/\/biogeo.ubbcluj.ro\/sdbi\/?page_id=733&lang=en#breadcrumb\"},\"inLanguage\":\"en-US\",\"potentialAction\":[{\"@type\":\"ReadAction\",\"target\":[\"https:\/\/biogeo.ubbcluj.ro\/sdbi\/?page_id=733&lang=en\"]}]},{\"@type\":\"BreadcrumbList\",\"@id\":\"https:\/\/biogeo.ubbcluj.ro\/sdbi\/?page_id=733&lang=en#breadcrumb\",\"itemListElement\":[{\"@type\":\"ListItem\",\"position\":1,\"name\":\"Home\",\"item\":\"https:\/\/biogeo.ubbcluj.ro\/sdbi\/\"},{\"@type\":\"ListItem\",\"position\":2,\"name\":\"Admission\"}]},{\"@type\":\"WebSite\",\"@id\":\"https:\/\/biogeo.ubbcluj.ro\/sdbi\/#website\",\"url\":\"https:\/\/biogeo.ubbcluj.ro\/sdbi\/\",\"name\":\"Scoala Doctorala Biologie Integrativa\",\"description\":\"\",\"publisher\":{\"@id\":\"https:\/\/biogeo.ubbcluj.ro\/sdbi\/#organization\"},\"potentialAction\":[{\"@type\":\"SearchAction\",\"target\":{\"@type\":\"EntryPoint\",\"urlTemplate\":\"https:\/\/biogeo.ubbcluj.ro\/sdbi\/?s={search_term_string}\"},\"query-input\":{\"@type\":\"PropertyValueSpecification\",\"valueRequired\":true,\"valueName\":\"search_term_string\"}}],\"inLanguage\":\"en-US\"},{\"@type\":\"Organization\",\"@id\":\"https:\/\/biogeo.ubbcluj.ro\/sdbi\/#organization\",\"name\":\"Scoala Doctorala Biologie Integrativa\",\"url\":\"https:\/\/biogeo.ubbcluj.ro\/sdbi\/\",\"logo\":{\"@type\":\"ImageObject\",\"inLanguage\":\"en-US\",\"@id\":\"https:\/\/biogeo.ubbcluj.ro\/sdbi\/#\/schema\/logo\/image\/\",\"url\":\"https:\/\/biogeo.ubbcluj.ro\/sdbi\/wp-content\/uploads\/2024\/10\/cropped-DSIB_Logo-04.png\",\"contentUrl\":\"https:\/\/biogeo.ubbcluj.ro\/sdbi\/wp-content\/uploads\/2024\/10\/cropped-DSIB_Logo-04.png\",\"width\":2499,\"height\":665,\"caption\":\"Scoala Doctorala Biologie Integrativa\"},\"image\":{\"@id\":\"https:\/\/biogeo.ubbcluj.ro\/sdbi\/#\/schema\/logo\/image\/\"}}]}<\/script>\n<!-- \/ Yoast SEO plugin. -->","yoast_head_json":{"title":"Admission - Scoala Doctorala Biologie Integrativa","robots":{"index":"index","follow":"follow","max-snippet":"max-snippet:-1","max-image-preview":"max-image-preview:large","max-video-preview":"max-video-preview:-1"},"canonical":"https:\/\/biogeo.ubbcluj.ro\/sdbi\/?page_id=733&lang=en","og_locale":"en_US","og_type":"article","og_title":"Admission - Scoala Doctorala Biologie Integrativa","og_description":"2026 * To be announced Metodology Calendar Topics Registration 2025 *Available only in Romanian *Pentru anii anteriori consulta\u021bi arhiva Metodologie Calendar Tematica Banciu Horia Leonard, Banciu Manuela, Butiuc Anca, Cojocaru Vlad, Hartel Tibor, Keresztes Lujza, Marko Balint, Meleg Ioana, Pap Peter Laszlo, Ruprecht Eszter, Sevcencu Cristian Rezultate iulie 2025 Rezultate&hellip;","og_url":"https:\/\/biogeo.ubbcluj.ro\/sdbi\/?page_id=733&lang=en","og_site_name":"Scoala Doctorala Biologie Integrativa","article_modified_time":"2026-02-23T20:59:47+00:00","twitter_card":"summary_large_image","twitter_misc":{"Est. reading time":"2 minutes"},"schema":{"@context":"https:\/\/schema.org","@graph":[{"@type":"WebPage","@id":"https:\/\/biogeo.ubbcluj.ro\/sdbi\/?page_id=733&lang=en","url":"https:\/\/biogeo.ubbcluj.ro\/sdbi\/?page_id=733&lang=en","name":"Admission - Scoala Doctorala Biologie Integrativa","isPartOf":{"@id":"https:\/\/biogeo.ubbcluj.ro\/sdbi\/#website"},"datePublished":"2021-04-21T09:00:52+00:00","dateModified":"2026-02-23T20:59:47+00:00","breadcrumb":{"@id":"https:\/\/biogeo.ubbcluj.ro\/sdbi\/?page_id=733&lang=en#breadcrumb"},"inLanguage":"en-US","potentialAction":[{"@type":"ReadAction","target":["https:\/\/biogeo.ubbcluj.ro\/sdbi\/?page_id=733&lang=en"]}]},{"@type":"BreadcrumbList","@id":"https:\/\/biogeo.ubbcluj.ro\/sdbi\/?page_id=733&lang=en#breadcrumb","itemListElement":[{"@type":"ListItem","position":1,"name":"Home","item":"https:\/\/biogeo.ubbcluj.ro\/sdbi\/"},{"@type":"ListItem","position":2,"name":"Admission"}]},{"@type":"WebSite","@id":"https:\/\/biogeo.ubbcluj.ro\/sdbi\/#website","url":"https:\/\/biogeo.ubbcluj.ro\/sdbi\/","name":"Scoala Doctorala Biologie Integrativa","description":"","publisher":{"@id":"https:\/\/biogeo.ubbcluj.ro\/sdbi\/#organization"},"potentialAction":[{"@type":"SearchAction","target":{"@type":"EntryPoint","urlTemplate":"https:\/\/biogeo.ubbcluj.ro\/sdbi\/?s={search_term_string}"},"query-input":{"@type":"PropertyValueSpecification","valueRequired":true,"valueName":"search_term_string"}}],"inLanguage":"en-US"},{"@type":"Organization","@id":"https:\/\/biogeo.ubbcluj.ro\/sdbi\/#organization","name":"Scoala Doctorala Biologie Integrativa","url":"https:\/\/biogeo.ubbcluj.ro\/sdbi\/","logo":{"@type":"ImageObject","inLanguage":"en-US","@id":"https:\/\/biogeo.ubbcluj.ro\/sdbi\/#\/schema\/logo\/image\/","url":"https:\/\/biogeo.ubbcluj.ro\/sdbi\/wp-content\/uploads\/2024\/10\/cropped-DSIB_Logo-04.png","contentUrl":"https:\/\/biogeo.ubbcluj.ro\/sdbi\/wp-content\/uploads\/2024\/10\/cropped-DSIB_Logo-04.png","width":2499,"height":665,"caption":"Scoala Doctorala Biologie Integrativa"},"image":{"@id":"https:\/\/biogeo.ubbcluj.ro\/sdbi\/#\/schema\/logo\/image\/"}}]}},"_links":{"self":[{"href":"https:\/\/biogeo.ubbcluj.ro\/sdbi\/index.php?rest_route=\/wp\/v2\/pages\/733","targetHints":{"allow":["GET"]}}],"collection":[{"href":"https:\/\/biogeo.ubbcluj.ro\/sdbi\/index.php?rest_route=\/wp\/v2\/pages"}],"about":[{"href":"https:\/\/biogeo.ubbcluj.ro\/sdbi\/index.php?rest_route=\/wp\/v2\/types\/page"}],"author":[{"embeddable":true,"href":"https:\/\/biogeo.ubbcluj.ro\/sdbi\/index.php?rest_route=\/wp\/v2\/users\/1"}],"replies":[{"embeddable":true,"href":"https:\/\/biogeo.ubbcluj.ro\/sdbi\/index.php?rest_route=%2Fwp%2Fv2%2Fcomments&post=733"}],"version-history":[{"count":46,"href":"https:\/\/biogeo.ubbcluj.ro\/sdbi\/index.php?rest_route=\/wp\/v2\/pages\/733\/revisions"}],"predecessor-version":[{"id":2530,"href":"https:\/\/biogeo.ubbcluj.ro\/sdbi\/index.php?rest_route=\/wp\/v2\/pages\/733\/revisions\/2530"}],"wp:attachment":[{"href":"https:\/\/biogeo.ubbcluj.ro\/sdbi\/index.php?rest_route=%2Fwp%2Fv2%2Fmedia&parent=733"}],"curies":[{"name":"wp","href":"https:\/\/api.w.org\/{rel}","templated":true}]}}