{"id":52,"date":"2023-05-29T09:38:07","date_gmt":"2023-05-29T09:38:07","guid":{"rendered":"https:\/\/biogeo.ubbcluj.ro\/sdbi\/?page_id=52"},"modified":"2026-02-28T08:10:24","modified_gmt":"2026-02-28T08:10:24","slug":"abilitare","status":"publish","type":"page","link":"https:\/\/biogeo.ubbcluj.ro\/sdbi\/?page_id=52","title":{"rendered":"Abilitare"},"content":{"rendered":"\n<h2 class=\"wp-block-heading\"><strong>Procedura de abilitare<\/strong><\/h2>\n\n\n\n<div style=\"height:25px\" aria-hidden=\"true\" class=\"wp-block-spacer\"><\/div>\n\n\n\n<p>Abilitarea respect\u0103 <a href=\"https:\/\/doctorat.ubbcluj.ro\/ro\/abilitarea-si-conducatorii-de-doctorat\/\" data-type=\"link\" data-id=\"https:\/\/doctorat.ubbcluj.ro\/ro\/abilitarea-si-conducatorii-de-doctorat\/\">directivele<\/a> stabilite \u00een legisla\u021bie \u0219i este supervizat\u0103 de Institutul de Studii Doctorale (deocamdat\u0103 disponibil\u0103 doar \u00een limba rom\u00e2n\u0103). Exist\u0103 \u0219ase etape pentru ob\u021binerea certificatului de abilitare:<\/p>\n\n\n\n<div style=\"height:25px\" aria-hidden=\"true\" class=\"wp-block-spacer\"><\/div>\n\n\n\n<div class=\"wp-block-columns is-layout-flex wp-container-core-columns-is-layout-9d6595d7 wp-block-columns-is-layout-flex\">\n<div class=\"wp-block-column is-layout-flow wp-block-column-is-layout-flow\">\n<h4 class=\"wp-block-heading\"><strong>1. Teza de abilitare<\/strong><\/h4>\n\n\n\n<p>Preg\u0103tirea diserta\u021biilor de abilitare (vezi recomand\u0103rile)<\/p>\n<\/div>\n\n\n\n<div class=\"wp-block-column is-layout-flow wp-block-column-is-layout-flow\">\n<h4 class=\"wp-block-heading\"><strong>2. Dosarul de abilitare<\/strong><\/h4>\n\n\n\n<p>Depunerea dosarului incluz\u00eend tezei \u0219i a tuturor documentelor necesare la Institutul de Studii Doctorale. Documente de preg\u0103tit: (i) cerere, (ii) consim\u021b\u0103m\u00e2nt pentru datele cu caracter personal, (iii) declara\u021bie de originalitate<\/p>\n<\/div>\n\n\n\n<div class=\"wp-block-column is-layout-flow wp-block-column-is-layout-flow\">\n<h4 class=\"wp-block-heading\"><strong>3. Evaluare de c\u0103tre \u015eDBI<\/strong><\/h4>\n\n\n\n<p>Numirea de c\u0103tre \u015eDBI a unei comisii interne care evalueaz\u0103 dac\u0103 sunt \u00eendeplinite criteriile minimale. Documente de preg\u0103tit: (i) numirea comisiei, (ii) declara\u021bia privind conflictul de interese, (iii) raportul de evaluare<\/p>\n<\/div>\n<\/div>\n\n\n\n<div class=\"wp-block-columns is-layout-flex wp-container-core-columns-is-layout-9d6595d7 wp-block-columns-is-layout-flex\">\n<div class=\"wp-block-column is-layout-flow wp-block-column-is-layout-flow\">\n<h4 class=\"wp-block-heading\"><strong>4. Comisia de abilitare<\/strong><\/h4>\n\n\n\n<p>Numirea de c\u0103tre \u015eDBI a unei comisii de abilitare care va evalua teza \u0219i sus\u021binerea public\u0103 \u0219i va face o recomandare pentru acordarea\/neacordarea certificatului. Documente de preg\u0103tit: (i) numirea comisiei de c\u0103tre SDBI, (ii) acordul de aderare, (iii) raport de evaluare<\/p>\n<\/div>\n\n\n\n<div class=\"wp-block-column is-layout-flow wp-block-column-is-layout-flow\">\n<h4 class=\"wp-block-heading\"><strong>5. Sus\u021b<\/strong>i<strong>nerea public\u0103<\/strong><\/h4>\n\n\n\n<p>Sus\u021binerea public\u0103 a tezei de abilitare \u00een fa\u021ba comisiei de abilitare. Documente de preg\u0103tit: (i) protocol<\/p>\n<\/div>\n\n\n\n<div class=\"wp-block-column is-layout-flow wp-block-column-is-layout-flow\">\n<h4 class=\"wp-block-heading\"><strong>6. Certificare<\/strong><\/h4>\n\n\n\n<p>Evaluarea dosarului complet de abilitare de c\u0103tre comisia de Biologie a Ministerului Educa\u021biei \u0219i Cercet\u0103rii, urmat\u0103 de decizia de acordare\/neacordare a certificatului<\/p>\n<\/div>\n<\/div>\n\n\n\n<h3 class=\"wp-block-heading\"><strong>Documente oficiale<\/strong><\/h3>\n\n\n\n<ul class=\"wp-block-list\">\n<li>Lista tezelor de abilitare evaluate si ceritifcate prin \u015eDBI<\/li>\n\n\n\n<li>The Ministry order for the organization and certification of the habilitation<\/li>\n<\/ul>\n\n\n\n<p><\/p>\n","protected":false},"excerpt":{"rendered":"<p>Procedura de abilitare Abilitarea respect\u0103 directivele stabilite \u00een legisla\u021bie \u0219i este supervizat\u0103 de Institutul de Studii Doctorale (deocamdat\u0103 disponibil\u0103 doar \u00een limba rom\u00e2n\u0103). Exist\u0103 \u0219ase etape pentru ob\u021binerea certificatului de abilitare: 1. Teza de abilitare Preg\u0103tirea diserta\u021biilor de abilitare (vezi recomand\u0103rile) 2. Dosarul de abilitare Depunerea dosarului incluz\u00eend tezei \u0219i&hellip;<\/p>\n","protected":false},"author":1,"featured_media":0,"parent":0,"menu_order":0,"comment_status":"closed","ping_status":"closed","template":"fullwidth-template.php","meta":{"footnotes":""},"class_list":["post-52","page","type-page","status-publish","hentry"],"yoast_head":"<!-- This site is optimized with the Yoast SEO plugin v27.0 - https:\/\/yoast.com\/product\/yoast-seo-wordpress\/ -->\n<title>Abilitare - Scoala Doctorala Biologie Integrativa<\/title>\n<meta name=\"robots\" content=\"index, follow, max-snippet:-1, max-image-preview:large, max-video-preview:-1\" \/>\n<link rel=\"canonical\" href=\"https:\/\/biogeo.ubbcluj.ro\/sdbi\/?page_id=52\" \/>\n<meta property=\"og:locale\" content=\"en_US\" \/>\n<meta property=\"og:type\" content=\"article\" \/>\n<meta property=\"og:title\" content=\"Abilitare - Scoala Doctorala Biologie Integrativa\" \/>\n<meta property=\"og:description\" content=\"Procedura de abilitare Abilitarea respect\u0103 directivele stabilite \u00een legisla\u021bie \u0219i este supervizat\u0103 de Institutul de Studii Doctorale (deocamdat\u0103 disponibil\u0103 doar \u00een limba rom\u00e2n\u0103). Exist\u0103 \u0219ase etape pentru ob\u021binerea certificatului de abilitare: 1. Teza de abilitare Preg\u0103tirea diserta\u021biilor de abilitare (vezi recomand\u0103rile) 2. Dosarul de abilitare Depunerea dosarului incluz\u00eend tezei \u0219i&hellip;\" \/>\n<meta property=\"og:url\" content=\"https:\/\/biogeo.ubbcluj.ro\/sdbi\/?page_id=52\" \/>\n<meta property=\"og:site_name\" content=\"Scoala Doctorala Biologie Integrativa\" \/>\n<meta property=\"article:modified_time\" content=\"2026-02-28T08:10:24+00:00\" \/>\n<meta name=\"twitter:card\" content=\"summary_large_image\" \/>\n<meta name=\"twitter:label1\" content=\"Est. reading time\" \/>\n\t<meta name=\"twitter:data1\" content=\"1 minute\" \/>\n<script type=\"application\/ld+json\" class=\"yoast-schema-graph\">{\"@context\":\"https:\/\/schema.org\",\"@graph\":[{\"@type\":\"WebPage\",\"@id\":\"https:\/\/biogeo.ubbcluj.ro\/sdbi\/?page_id=52\",\"url\":\"https:\/\/biogeo.ubbcluj.ro\/sdbi\/?page_id=52\",\"name\":\"Abilitare - Scoala Doctorala Biologie Integrativa\",\"isPartOf\":{\"@id\":\"https:\/\/biogeo.ubbcluj.ro\/sdbi\/#website\"},\"datePublished\":\"2023-05-29T09:38:07+00:00\",\"dateModified\":\"2026-02-28T08:10:24+00:00\",\"breadcrumb\":{\"@id\":\"https:\/\/biogeo.ubbcluj.ro\/sdbi\/?page_id=52#breadcrumb\"},\"inLanguage\":\"en-US\",\"potentialAction\":[{\"@type\":\"ReadAction\",\"target\":[\"https:\/\/biogeo.ubbcluj.ro\/sdbi\/?page_id=52\"]}]},{\"@type\":\"BreadcrumbList\",\"@id\":\"https:\/\/biogeo.ubbcluj.ro\/sdbi\/?page_id=52#breadcrumb\",\"itemListElement\":[{\"@type\":\"ListItem\",\"position\":1,\"name\":\"Home\",\"item\":\"https:\/\/biogeo.ubbcluj.ro\/sdbi\/\"},{\"@type\":\"ListItem\",\"position\":2,\"name\":\"Abilitare\"}]},{\"@type\":\"WebSite\",\"@id\":\"https:\/\/biogeo.ubbcluj.ro\/sdbi\/#website\",\"url\":\"https:\/\/biogeo.ubbcluj.ro\/sdbi\/\",\"name\":\"Scoala Doctorala Biologie Integrativa\",\"description\":\"\",\"publisher\":{\"@id\":\"https:\/\/biogeo.ubbcluj.ro\/sdbi\/#organization\"},\"potentialAction\":[{\"@type\":\"SearchAction\",\"target\":{\"@type\":\"EntryPoint\",\"urlTemplate\":\"https:\/\/biogeo.ubbcluj.ro\/sdbi\/?s={search_term_string}\"},\"query-input\":{\"@type\":\"PropertyValueSpecification\",\"valueRequired\":true,\"valueName\":\"search_term_string\"}}],\"inLanguage\":\"en-US\"},{\"@type\":\"Organization\",\"@id\":\"https:\/\/biogeo.ubbcluj.ro\/sdbi\/#organization\",\"name\":\"Scoala Doctorala Biologie Integrativa\",\"url\":\"https:\/\/biogeo.ubbcluj.ro\/sdbi\/\",\"logo\":{\"@type\":\"ImageObject\",\"inLanguage\":\"en-US\",\"@id\":\"https:\/\/biogeo.ubbcluj.ro\/sdbi\/#\/schema\/logo\/image\/\",\"url\":\"https:\/\/biogeo.ubbcluj.ro\/sdbi\/wp-content\/uploads\/2024\/10\/cropped-DSIB_Logo-04.png\",\"contentUrl\":\"https:\/\/biogeo.ubbcluj.ro\/sdbi\/wp-content\/uploads\/2024\/10\/cropped-DSIB_Logo-04.png\",\"width\":2499,\"height\":665,\"caption\":\"Scoala Doctorala Biologie Integrativa\"},\"image\":{\"@id\":\"https:\/\/biogeo.ubbcluj.ro\/sdbi\/#\/schema\/logo\/image\/\"}}]}<\/script>\n<!-- \/ Yoast SEO plugin. -->","yoast_head_json":{"title":"Abilitare - Scoala Doctorala Biologie Integrativa","robots":{"index":"index","follow":"follow","max-snippet":"max-snippet:-1","max-image-preview":"max-image-preview:large","max-video-preview":"max-video-preview:-1"},"canonical":"https:\/\/biogeo.ubbcluj.ro\/sdbi\/?page_id=52","og_locale":"en_US","og_type":"article","og_title":"Abilitare - Scoala Doctorala Biologie Integrativa","og_description":"Procedura de abilitare Abilitarea respect\u0103 directivele stabilite \u00een legisla\u021bie \u0219i este supervizat\u0103 de Institutul de Studii Doctorale (deocamdat\u0103 disponibil\u0103 doar \u00een limba rom\u00e2n\u0103). Exist\u0103 \u0219ase etape pentru ob\u021binerea certificatului de abilitare: 1. Teza de abilitare Preg\u0103tirea diserta\u021biilor de abilitare (vezi recomand\u0103rile) 2. Dosarul de abilitare Depunerea dosarului incluz\u00eend tezei \u0219i&hellip;","og_url":"https:\/\/biogeo.ubbcluj.ro\/sdbi\/?page_id=52","og_site_name":"Scoala Doctorala Biologie Integrativa","article_modified_time":"2026-02-28T08:10:24+00:00","twitter_card":"summary_large_image","twitter_misc":{"Est. reading time":"1 minute"},"schema":{"@context":"https:\/\/schema.org","@graph":[{"@type":"WebPage","@id":"https:\/\/biogeo.ubbcluj.ro\/sdbi\/?page_id=52","url":"https:\/\/biogeo.ubbcluj.ro\/sdbi\/?page_id=52","name":"Abilitare - Scoala Doctorala Biologie Integrativa","isPartOf":{"@id":"https:\/\/biogeo.ubbcluj.ro\/sdbi\/#website"},"datePublished":"2023-05-29T09:38:07+00:00","dateModified":"2026-02-28T08:10:24+00:00","breadcrumb":{"@id":"https:\/\/biogeo.ubbcluj.ro\/sdbi\/?page_id=52#breadcrumb"},"inLanguage":"en-US","potentialAction":[{"@type":"ReadAction","target":["https:\/\/biogeo.ubbcluj.ro\/sdbi\/?page_id=52"]}]},{"@type":"BreadcrumbList","@id":"https:\/\/biogeo.ubbcluj.ro\/sdbi\/?page_id=52#breadcrumb","itemListElement":[{"@type":"ListItem","position":1,"name":"Home","item":"https:\/\/biogeo.ubbcluj.ro\/sdbi\/"},{"@type":"ListItem","position":2,"name":"Abilitare"}]},{"@type":"WebSite","@id":"https:\/\/biogeo.ubbcluj.ro\/sdbi\/#website","url":"https:\/\/biogeo.ubbcluj.ro\/sdbi\/","name":"Scoala Doctorala Biologie Integrativa","description":"","publisher":{"@id":"https:\/\/biogeo.ubbcluj.ro\/sdbi\/#organization"},"potentialAction":[{"@type":"SearchAction","target":{"@type":"EntryPoint","urlTemplate":"https:\/\/biogeo.ubbcluj.ro\/sdbi\/?s={search_term_string}"},"query-input":{"@type":"PropertyValueSpecification","valueRequired":true,"valueName":"search_term_string"}}],"inLanguage":"en-US"},{"@type":"Organization","@id":"https:\/\/biogeo.ubbcluj.ro\/sdbi\/#organization","name":"Scoala Doctorala Biologie Integrativa","url":"https:\/\/biogeo.ubbcluj.ro\/sdbi\/","logo":{"@type":"ImageObject","inLanguage":"en-US","@id":"https:\/\/biogeo.ubbcluj.ro\/sdbi\/#\/schema\/logo\/image\/","url":"https:\/\/biogeo.ubbcluj.ro\/sdbi\/wp-content\/uploads\/2024\/10\/cropped-DSIB_Logo-04.png","contentUrl":"https:\/\/biogeo.ubbcluj.ro\/sdbi\/wp-content\/uploads\/2024\/10\/cropped-DSIB_Logo-04.png","width":2499,"height":665,"caption":"Scoala Doctorala Biologie Integrativa"},"image":{"@id":"https:\/\/biogeo.ubbcluj.ro\/sdbi\/#\/schema\/logo\/image\/"}}]}},"_links":{"self":[{"href":"https:\/\/biogeo.ubbcluj.ro\/sdbi\/index.php?rest_route=\/wp\/v2\/pages\/52","targetHints":{"allow":["GET"]}}],"collection":[{"href":"https:\/\/biogeo.ubbcluj.ro\/sdbi\/index.php?rest_route=\/wp\/v2\/pages"}],"about":[{"href":"https:\/\/biogeo.ubbcluj.ro\/sdbi\/index.php?rest_route=\/wp\/v2\/types\/page"}],"author":[{"embeddable":true,"href":"https:\/\/biogeo.ubbcluj.ro\/sdbi\/index.php?rest_route=\/wp\/v2\/users\/1"}],"replies":[{"embeddable":true,"href":"https:\/\/biogeo.ubbcluj.ro\/sdbi\/index.php?rest_route=%2Fwp%2Fv2%2Fcomments&post=52"}],"version-history":[{"count":7,"href":"https:\/\/biogeo.ubbcluj.ro\/sdbi\/index.php?rest_route=\/wp\/v2\/pages\/52\/revisions"}],"predecessor-version":[{"id":3139,"href":"https:\/\/biogeo.ubbcluj.ro\/sdbi\/index.php?rest_route=\/wp\/v2\/pages\/52\/revisions\/3139"}],"wp:attachment":[{"href":"https:\/\/biogeo.ubbcluj.ro\/sdbi\/index.php?rest_route=%2Fwp%2Fv2%2Fmedia&parent=52"}],"curies":[{"name":"wp","href":"https:\/\/api.w.org\/{rel}","templated":true}]}}