{"id":39,"date":"2021-04-21T09:16:35","date_gmt":"2021-04-21T09:16:35","guid":{"rendered":"https:\/\/biogeo.ubbcluj.ro\/sdbi\/?page_id=39"},"modified":"2026-02-27T11:25:43","modified_gmt":"2026-02-27T11:25:43","slug":"plan-de-invatamant","status":"publish","type":"page","link":"https:\/\/biogeo.ubbcluj.ro\/sdbi\/?page_id=39","title":{"rendered":"Plan de \u00cenv\u0103\u021b\u0103m\u00e2nt"},"content":{"rendered":"\n<h3 class=\"wp-block-heading\">Planul de \u00eenv\u0103\u021b\u0103m\u00e2nt pe anul 2025-2026 al \u0218colii Doctorale de Biologie Integrativ\u0103 cuprinde urm\u0103toarele discipline<\/h3>\n\n\n\n<div style=\"height:50px\" aria-hidden=\"true\" class=\"wp-block-spacer\"><\/div>\n\n\n\n<div class=\"wp-block-columns is-layout-flex wp-container-core-columns-is-layout-9d6595d7 wp-block-columns-is-layout-flex\">\n<div class=\"wp-block-column is-layout-flow wp-block-column-is-layout-flow\">\n<h4 class=\"wp-block-heading\"><strong><a href=\"https:\/\/biogeo.ubbcluj.ro\/sdbi\/wp-content\/uploads\/2026\/02\/2026_Integrative_Bioinformatics_RO_Banciu_Cojocaru.pdf\" data-type=\"link\" data-id=\"https:\/\/biogeo.ubbcluj.ro\/sdbi\/wp-content\/uploads\/2026\/02\/2026_Integrative_Bioinformatics_RO_Banciu_Cojocaru.pdf\">Bioinformatic\u0103 Integrativ\u0103<\/a><\/strong><\/h4>\n\n\n\n<h5 class=\"wp-block-heading\">Prof. Dr. Horia-Leonard Banicu \/ C.S.I Dr. Vlad Cojocaru<\/h5>\n<\/div>\n\n\n\n<div class=\"wp-block-column is-layout-flow wp-block-column-is-layout-flow\">\n<h4 class=\"wp-block-heading\"><strong><a href=\"https:\/\/biogeo.ubbcluj.ro\/sdbi\/wp-content\/uploads\/2026\/02\/2026_Filogeografie_si_analiza_numerica_Puscas_Gafta.pdf\" data-type=\"link\" data-id=\"https:\/\/biogeo.ubbcluj.ro\/sdbi\/wp-content\/uploads\/2026\/02\/2026_Filogeografie_si_analiza_numerica_Puscas_Gafta.pdf\">Filogeografie \u0219i analiz\u0103 numeric\u0103<\/a><\/strong><\/h4>\n\n\n\n<h5 class=\"wp-block-heading\">Conf. dr. Habil. Mihai Pu\u0219ca\u0219 \u0219i Conf. dr. Dan Gafta<\/h5>\n<\/div>\n\n\n\n<div class=\"wp-block-column is-layout-flow wp-block-column-is-layout-flow\">\n<h4 class=\"wp-block-heading\"><strong><a href=\"https:\/\/biogeo.ubbcluj.ro\/sdbi\/wp-content\/uploads\/2026\/02\/2026_Ethics_and_academic_integrity_RO_Ruprecht.pdf\" data-type=\"link\" data-id=\"https:\/\/biogeo.ubbcluj.ro\/sdbi\/wp-content\/uploads\/2026\/02\/2026_Ethics_and_academic_integrity_RO_Ruprecht.pdf\">Etic\u0103 \u0219i integritate academica<\/a><\/strong><\/h4>\n\n\n\n<h5 class=\"wp-block-heading\">Conf. Dr. Habil. Eszter Ruprecht<\/h5>\n<\/div>\n<\/div>\n\n\n\n<div style=\"height:25px\" aria-hidden=\"true\" class=\"wp-block-spacer\"><\/div>\n\n\n\n<div class=\"wp-block-columns is-layout-flex wp-container-core-columns-is-layout-9d6595d7 wp-block-columns-is-layout-flex\">\n<div class=\"wp-block-column is-layout-flow wp-block-column-is-layout-flow\">\n<h4 class=\"wp-block-heading\"><strong><a href=\"https:\/\/biogeo.ubbcluj.ro\/sdbi\/wp-content\/uploads\/2023\/03\/BRD1109_Sociobiologie_RO_MarkoB.pdf\" data-type=\"link\" data-id=\"https:\/\/biogeo.ubbcluj.ro\/sdbi\/wp-content\/uploads\/2023\/03\/BRD1109_Sociobiologie_RO_MarkoB.pdf\">Sociobiologie<\/a><\/strong><\/h4>\n\n\n\n<h5 class=\"wp-block-heading\">Prof. Univ. dr. B\u00e1lint Mark\u00f3<\/h5>\n<\/div>\n\n\n\n<div class=\"wp-block-column is-layout-flow wp-block-column-is-layout-flow\">\n<h4 class=\"wp-block-heading\"><strong><a href=\"https:\/\/biogeo.ubbcluj.ro\/sdbi\/wp-content\/uploads\/2026\/02\/2026_Spatial_data_analysis_in_R_RO_Turtureanu_Laszlo.pdf\" data-type=\"link\" data-id=\"https:\/\/biogeo.ubbcluj.ro\/sdbi\/wp-content\/uploads\/2026\/02\/2026_Spatial_data_analysis_in_R_RO_Turtureanu_Laszlo.pdf\">Analiza datelor spatiale in R<\/a><\/strong><\/h4>\n\n\n\n<h5 class=\"wp-block-heading\">Conf. Dr. Zolt\u00e1n L\u00e1szl\u00f3 \/ C.S. II Dr. Pavel Dan Turtureanu<\/h5>\n<\/div>\n\n\n\n<div class=\"wp-block-column is-layout-flow wp-block-column-is-layout-flow\">\n<h4 class=\"wp-block-heading\"><strong><a href=\"https:\/\/biogeo.ubbcluj.ro\/sdbi\/wp-content\/uploads\/2026\/02\/2026_Applied_biostatistics_in_R_RO_Fulop_Laszlo.pdf\" data-type=\"link\" data-id=\"https:\/\/biogeo.ubbcluj.ro\/sdbi\/wp-content\/uploads\/2026\/02\/2026_Applied_biostatistics_in_R_RO_Fulop_Laszlo.pdf\">Biostatistic<strong>\u0103<\/strong> Aplicat<strong>\u0103<\/strong> in R<\/a><\/strong><\/h4>\n\n\n\n<h5 class=\"wp-block-heading\">Titular: Conf. Dr. Zolt\u00e1n L\u00e1szl\u00f3 \/ Dr. Attila F\u00fcl\u00f6p<\/h5>\n<\/div>\n<\/div>\n\n\n\n<div style=\"height:25px\" aria-hidden=\"true\" class=\"wp-block-spacer\"><\/div>\n\n\n\n<div class=\"wp-block-columns is-layout-flex wp-container-core-columns-is-layout-9d6595d7 wp-block-columns-is-layout-flex\">\n<div class=\"wp-block-column is-layout-flow wp-block-column-is-layout-flow\">\n<h4 class=\"wp-block-heading\"><strong><a href=\"https:\/\/biogeo.ubbcluj.ro\/sdbi\/wp-content\/uploads\/2026\/02\/2026_Priority_Habitats_EN_Rakosy.pdf\" data-type=\"link\" data-id=\"https:\/\/biogeo.ubbcluj.ro\/sdbi\/wp-content\/uploads\/2026\/02\/2026_Priority_Habitats_EN_Rakosy.pdf\">Habitate prioritare din Romania<\/a><\/strong><\/h4>\n\n\n\n<h5 class=\"wp-block-heading\">Prof. Univ. Dr. L\u00e1szl\u00f3 R\u00e1kosy<\/h5>\n<\/div>\n\n\n\n<div class=\"wp-block-column is-layout-flow wp-block-column-is-layout-flow\">\n<h4 class=\"wp-block-heading\"><span data-olk-copy-source=\"MessageBody\"><strong><a href=\"https:\/\/biogeo.ubbcluj.ro\/sdbi\/wp-content\/uploads\/2026\/02\/2026_Genomic_history_in_old_populations_RO_IM_BK.pdf\" data-type=\"link\" data-id=\"https:\/\/biogeo.ubbcluj.ro\/sdbi\/wp-content\/uploads\/2026\/02\/2026_Genomic_history_in_old_populations_RO_IM_BK.pdf\">Istoria genomic\u0103 a popula\u021biilor vechi \u0219i mediul lor de via\u021b\u0103<\/a><\/strong><\/span><\/h4>\n\n\n\n<h5 class=\"wp-block-heading\">C.S.II Ioana Meleg \/ Conf. Dr. Beatrice Kelemen<\/h5>\n<\/div>\n\n\n\n<div class=\"wp-block-column is-layout-flow wp-block-column-is-layout-flow\">\n<h4 class=\"wp-block-heading\"><strong><a href=\"https:\/\/biogeo.ubbcluj.ro\/sdbi\/wp-content\/uploads\/2026\/02\/2026_Development_implementing_projects_ecology_RO_Meleg.pdf\" data-type=\"link\" data-id=\"https:\/\/biogeo.ubbcluj.ro\/sdbi\/wp-content\/uploads\/2026\/02\/2026_Development_implementing_projects_ecology_RO_Meleg.pdf\">Elaborarea \u0219i derularea proiectelor \u00een ecologie<\/a><\/strong><\/h4>\n\n\n\n<h5 class=\"wp-block-heading\">C.S.II Ioana Meleg<\/h5>\n<\/div>\n<\/div>\n\n\n\n<div style=\"height:25px\" aria-hidden=\"true\" class=\"wp-block-spacer\"><\/div>\n\n\n\n<h4 class=\"wp-block-heading\"><\/h4>\n","protected":false},"excerpt":{"rendered":"<p>Planul de \u00eenv\u0103\u021b\u0103m\u00e2nt pe anul 2025-2026 al \u0218colii Doctorale de Biologie Integrativ\u0103 cuprinde urm\u0103toarele discipline Bioinformatic\u0103 Integrativ\u0103 Prof. Dr. Horia-Leonard Banicu \/ C.S.I Dr. Vlad Cojocaru Filogeografie \u0219i analiz\u0103 numeric\u0103 Conf. dr. Habil. Mihai Pu\u0219ca\u0219 \u0219i Conf. dr. Dan Gafta Etic\u0103 \u0219i integritate academica Conf. Dr. Habil. Eszter Ruprecht Sociobiologie&hellip;<\/p>\n","protected":false},"author":1,"featured_media":0,"parent":0,"menu_order":0,"comment_status":"closed","ping_status":"closed","template":"fullwidth-template.php","meta":{"footnotes":""},"class_list":["post-39","page","type-page","status-publish","hentry"],"yoast_head":"<!-- This site is optimized with the Yoast SEO plugin v27.0 - https:\/\/yoast.com\/product\/yoast-seo-wordpress\/ -->\n<title>Plan de \u00cenv\u0103\u021b\u0103m\u00e2nt - Scoala Doctorala Biologie Integrativa<\/title>\n<meta name=\"robots\" content=\"index, follow, max-snippet:-1, max-image-preview:large, max-video-preview:-1\" \/>\n<link rel=\"canonical\" href=\"https:\/\/biogeo.ubbcluj.ro\/sdbi\/?page_id=39\" \/>\n<meta property=\"og:locale\" content=\"en_US\" \/>\n<meta property=\"og:type\" content=\"article\" \/>\n<meta property=\"og:title\" content=\"Plan de \u00cenv\u0103\u021b\u0103m\u00e2nt - Scoala Doctorala Biologie Integrativa\" \/>\n<meta property=\"og:description\" content=\"Planul de \u00eenv\u0103\u021b\u0103m\u00e2nt pe anul 2025-2026 al \u0218colii Doctorale de Biologie Integrativ\u0103 cuprinde urm\u0103toarele discipline Bioinformatic\u0103 Integrativ\u0103 Prof. Dr. Horia-Leonard Banicu \/ C.S.I Dr. Vlad Cojocaru Filogeografie \u0219i analiz\u0103 numeric\u0103 Conf. dr. Habil. Mihai Pu\u0219ca\u0219 \u0219i Conf. dr. Dan Gafta Etic\u0103 \u0219i integritate academica Conf. Dr. Habil. Eszter Ruprecht Sociobiologie&hellip;\" \/>\n<meta property=\"og:url\" content=\"https:\/\/biogeo.ubbcluj.ro\/sdbi\/?page_id=39\" \/>\n<meta property=\"og:site_name\" content=\"Scoala Doctorala Biologie Integrativa\" \/>\n<meta property=\"article:modified_time\" content=\"2026-02-27T11:25:43+00:00\" \/>\n<meta name=\"twitter:card\" content=\"summary_large_image\" \/>\n<meta name=\"twitter:label1\" content=\"Est. reading time\" \/>\n\t<meta name=\"twitter:data1\" content=\"1 minute\" \/>\n<script type=\"application\/ld+json\" class=\"yoast-schema-graph\">{\"@context\":\"https:\/\/schema.org\",\"@graph\":[{\"@type\":\"WebPage\",\"@id\":\"https:\/\/biogeo.ubbcluj.ro\/sdbi\/?page_id=39\",\"url\":\"https:\/\/biogeo.ubbcluj.ro\/sdbi\/?page_id=39\",\"name\":\"Plan de \u00cenv\u0103\u021b\u0103m\u00e2nt - Scoala Doctorala Biologie Integrativa\",\"isPartOf\":{\"@id\":\"https:\/\/biogeo.ubbcluj.ro\/sdbi\/#website\"},\"datePublished\":\"2021-04-21T09:16:35+00:00\",\"dateModified\":\"2026-02-27T11:25:43+00:00\",\"breadcrumb\":{\"@id\":\"https:\/\/biogeo.ubbcluj.ro\/sdbi\/?page_id=39#breadcrumb\"},\"inLanguage\":\"en-US\",\"potentialAction\":[{\"@type\":\"ReadAction\",\"target\":[\"https:\/\/biogeo.ubbcluj.ro\/sdbi\/?page_id=39\"]}]},{\"@type\":\"BreadcrumbList\",\"@id\":\"https:\/\/biogeo.ubbcluj.ro\/sdbi\/?page_id=39#breadcrumb\",\"itemListElement\":[{\"@type\":\"ListItem\",\"position\":1,\"name\":\"Home\",\"item\":\"https:\/\/biogeo.ubbcluj.ro\/sdbi\/\"},{\"@type\":\"ListItem\",\"position\":2,\"name\":\"Plan de \u00cenv\u0103\u021b\u0103m\u00e2nt\"}]},{\"@type\":\"WebSite\",\"@id\":\"https:\/\/biogeo.ubbcluj.ro\/sdbi\/#website\",\"url\":\"https:\/\/biogeo.ubbcluj.ro\/sdbi\/\",\"name\":\"Scoala Doctorala Biologie Integrativa\",\"description\":\"\",\"publisher\":{\"@id\":\"https:\/\/biogeo.ubbcluj.ro\/sdbi\/#organization\"},\"potentialAction\":[{\"@type\":\"SearchAction\",\"target\":{\"@type\":\"EntryPoint\",\"urlTemplate\":\"https:\/\/biogeo.ubbcluj.ro\/sdbi\/?s={search_term_string}\"},\"query-input\":{\"@type\":\"PropertyValueSpecification\",\"valueRequired\":true,\"valueName\":\"search_term_string\"}}],\"inLanguage\":\"en-US\"},{\"@type\":\"Organization\",\"@id\":\"https:\/\/biogeo.ubbcluj.ro\/sdbi\/#organization\",\"name\":\"Scoala Doctorala Biologie Integrativa\",\"url\":\"https:\/\/biogeo.ubbcluj.ro\/sdbi\/\",\"logo\":{\"@type\":\"ImageObject\",\"inLanguage\":\"en-US\",\"@id\":\"https:\/\/biogeo.ubbcluj.ro\/sdbi\/#\/schema\/logo\/image\/\",\"url\":\"https:\/\/biogeo.ubbcluj.ro\/sdbi\/wp-content\/uploads\/2024\/10\/cropped-DSIB_Logo-04.png\",\"contentUrl\":\"https:\/\/biogeo.ubbcluj.ro\/sdbi\/wp-content\/uploads\/2024\/10\/cropped-DSIB_Logo-04.png\",\"width\":2499,\"height\":665,\"caption\":\"Scoala Doctorala Biologie Integrativa\"},\"image\":{\"@id\":\"https:\/\/biogeo.ubbcluj.ro\/sdbi\/#\/schema\/logo\/image\/\"}}]}<\/script>\n<!-- \/ Yoast SEO plugin. -->","yoast_head_json":{"title":"Plan de \u00cenv\u0103\u021b\u0103m\u00e2nt - Scoala Doctorala Biologie Integrativa","robots":{"index":"index","follow":"follow","max-snippet":"max-snippet:-1","max-image-preview":"max-image-preview:large","max-video-preview":"max-video-preview:-1"},"canonical":"https:\/\/biogeo.ubbcluj.ro\/sdbi\/?page_id=39","og_locale":"en_US","og_type":"article","og_title":"Plan de \u00cenv\u0103\u021b\u0103m\u00e2nt - Scoala Doctorala Biologie Integrativa","og_description":"Planul de \u00eenv\u0103\u021b\u0103m\u00e2nt pe anul 2025-2026 al \u0218colii Doctorale de Biologie Integrativ\u0103 cuprinde urm\u0103toarele discipline Bioinformatic\u0103 Integrativ\u0103 Prof. Dr. Horia-Leonard Banicu \/ C.S.I Dr. Vlad Cojocaru Filogeografie \u0219i analiz\u0103 numeric\u0103 Conf. dr. Habil. Mihai Pu\u0219ca\u0219 \u0219i Conf. dr. Dan Gafta Etic\u0103 \u0219i integritate academica Conf. Dr. Habil. Eszter Ruprecht Sociobiologie&hellip;","og_url":"https:\/\/biogeo.ubbcluj.ro\/sdbi\/?page_id=39","og_site_name":"Scoala Doctorala Biologie Integrativa","article_modified_time":"2026-02-27T11:25:43+00:00","twitter_card":"summary_large_image","twitter_misc":{"Est. reading time":"1 minute"},"schema":{"@context":"https:\/\/schema.org","@graph":[{"@type":"WebPage","@id":"https:\/\/biogeo.ubbcluj.ro\/sdbi\/?page_id=39","url":"https:\/\/biogeo.ubbcluj.ro\/sdbi\/?page_id=39","name":"Plan de \u00cenv\u0103\u021b\u0103m\u00e2nt - Scoala Doctorala Biologie Integrativa","isPartOf":{"@id":"https:\/\/biogeo.ubbcluj.ro\/sdbi\/#website"},"datePublished":"2021-04-21T09:16:35+00:00","dateModified":"2026-02-27T11:25:43+00:00","breadcrumb":{"@id":"https:\/\/biogeo.ubbcluj.ro\/sdbi\/?page_id=39#breadcrumb"},"inLanguage":"en-US","potentialAction":[{"@type":"ReadAction","target":["https:\/\/biogeo.ubbcluj.ro\/sdbi\/?page_id=39"]}]},{"@type":"BreadcrumbList","@id":"https:\/\/biogeo.ubbcluj.ro\/sdbi\/?page_id=39#breadcrumb","itemListElement":[{"@type":"ListItem","position":1,"name":"Home","item":"https:\/\/biogeo.ubbcluj.ro\/sdbi\/"},{"@type":"ListItem","position":2,"name":"Plan de \u00cenv\u0103\u021b\u0103m\u00e2nt"}]},{"@type":"WebSite","@id":"https:\/\/biogeo.ubbcluj.ro\/sdbi\/#website","url":"https:\/\/biogeo.ubbcluj.ro\/sdbi\/","name":"Scoala Doctorala Biologie Integrativa","description":"","publisher":{"@id":"https:\/\/biogeo.ubbcluj.ro\/sdbi\/#organization"},"potentialAction":[{"@type":"SearchAction","target":{"@type":"EntryPoint","urlTemplate":"https:\/\/biogeo.ubbcluj.ro\/sdbi\/?s={search_term_string}"},"query-input":{"@type":"PropertyValueSpecification","valueRequired":true,"valueName":"search_term_string"}}],"inLanguage":"en-US"},{"@type":"Organization","@id":"https:\/\/biogeo.ubbcluj.ro\/sdbi\/#organization","name":"Scoala Doctorala Biologie Integrativa","url":"https:\/\/biogeo.ubbcluj.ro\/sdbi\/","logo":{"@type":"ImageObject","inLanguage":"en-US","@id":"https:\/\/biogeo.ubbcluj.ro\/sdbi\/#\/schema\/logo\/image\/","url":"https:\/\/biogeo.ubbcluj.ro\/sdbi\/wp-content\/uploads\/2024\/10\/cropped-DSIB_Logo-04.png","contentUrl":"https:\/\/biogeo.ubbcluj.ro\/sdbi\/wp-content\/uploads\/2024\/10\/cropped-DSIB_Logo-04.png","width":2499,"height":665,"caption":"Scoala Doctorala Biologie Integrativa"},"image":{"@id":"https:\/\/biogeo.ubbcluj.ro\/sdbi\/#\/schema\/logo\/image\/"}}]}},"_links":{"self":[{"href":"https:\/\/biogeo.ubbcluj.ro\/sdbi\/index.php?rest_route=\/wp\/v2\/pages\/39","targetHints":{"allow":["GET"]}}],"collection":[{"href":"https:\/\/biogeo.ubbcluj.ro\/sdbi\/index.php?rest_route=\/wp\/v2\/pages"}],"about":[{"href":"https:\/\/biogeo.ubbcluj.ro\/sdbi\/index.php?rest_route=\/wp\/v2\/types\/page"}],"author":[{"embeddable":true,"href":"https:\/\/biogeo.ubbcluj.ro\/sdbi\/index.php?rest_route=\/wp\/v2\/users\/1"}],"replies":[{"embeddable":true,"href":"https:\/\/biogeo.ubbcluj.ro\/sdbi\/index.php?rest_route=%2Fwp%2Fv2%2Fcomments&post=39"}],"version-history":[{"count":100,"href":"https:\/\/biogeo.ubbcluj.ro\/sdbi\/index.php?rest_route=\/wp\/v2\/pages\/39\/revisions"}],"predecessor-version":[{"id":2890,"href":"https:\/\/biogeo.ubbcluj.ro\/sdbi\/index.php?rest_route=\/wp\/v2\/pages\/39\/revisions\/2890"}],"wp:attachment":[{"href":"https:\/\/biogeo.ubbcluj.ro\/sdbi\/index.php?rest_route=%2Fwp%2Fv2%2Fmedia&parent=39"}],"curies":[{"name":"wp","href":"https:\/\/api.w.org\/{rel}","templated":true}]}}