{"id":34,"date":"2023-05-29T09:33:54","date_gmt":"2023-05-29T09:33:54","guid":{"rendered":"https:\/\/biogeo.ubbcluj.ro\/sdbi\/?page_id=34"},"modified":"2026-02-24T13:04:26","modified_gmt":"2026-02-24T13:04:26","slug":"prezentare-si-documente-utile","status":"publish","type":"page","link":"https:\/\/biogeo.ubbcluj.ro\/sdbi\/?page_id=34","title":{"rendered":"Documente"},"content":{"rendered":"\n<div class=\"wp-block-columns is-layout-flex wp-container-core-columns-is-layout-9d6595d7 wp-block-columns-is-layout-flex\">\n<div class=\"wp-block-column is-layout-flow wp-block-column-is-layout-flow\">\n<h2 class=\"wp-block-heading\">Regulamente<\/h2>\n\n\n\n<p><\/p>\n\n\n\n<ul class=\"wp-block-list\">\n<li><a href=\"https:\/\/biogeo.ubbcluj.ro\/sdbi\/wp-content\/uploads\/2026\/02\/2025-Regulament-SDBI.pdf\" data-type=\"link\" data-id=\"https:\/\/biogeo.ubbcluj.ro\/sdbi\/wp-content\/uploads\/2026\/02\/2025-Regulament-SDBI.pdf\">Regulament \u015eDBI<\/a><\/li>\n\n\n\n<li>Regulament UBB &#8211; Doctorat<\/li>\n\n\n\n<li>Regulament UBB &#8211; Abilitare<\/li>\n\n\n\n<li><a href=\"https:\/\/biogeo.ubbcluj.ro\/sdbi\/wp-content\/uploads\/2023\/05\/Criterii-SDBI-distribuire-granturi-doctorale_locuri-la-doctorat.pdf\" data-type=\"link\" data-id=\"https:\/\/biogeo.ubbcluj.ro\/sdbi\/wp-content\/uploads\/2023\/05\/Criterii-SDBI-distribuire-granturi-doctorale_locuri-la-doctorat.pdf\">Criterii alocare locuri doctoral<\/a><\/li>\n<\/ul>\n<\/div>\n\n\n\n<div class=\"wp-block-column is-layout-flow wp-block-column-is-layout-flow\">\n<h2 class=\"wp-block-heading\">Proceduri<\/h2>\n\n\n\n<p><\/p>\n\n\n\n<ul class=\"wp-block-list\">\n<li>Distribuire grant doctoral<\/li>\n\n\n\n<li>Utilizarea grantului doctoral<\/li>\n\n\n\n<li>Antiplagiat<\/li>\n<\/ul>\n<\/div>\n\n\n\n<div class=\"wp-block-column is-layout-flow wp-block-column-is-layout-flow\">\n<h2 class=\"wp-block-heading\">Ghiduri<\/h2>\n\n\n\n<p><\/p>\n\n\n\n<ul class=\"wp-block-list\">\n<li><a href=\"https:\/\/biogeo.ubbcluj.ro\/sdbi\/wp-content\/uploads\/2026\/02\/Ghid-teza-de-doctorat-la-SDBI_2024.pdf\" data-type=\"link\" data-id=\"https:\/\/biogeo.ubbcluj.ro\/sdbi\/wp-content\/uploads\/2026\/02\/Ghid-teza-de-doctorat-la-SDBI_2024.pdf\">Ghid tez\u0103 doctorat<\/a><\/li>\n\n\n\n<li>Ghid tez\u0103 abilitare<\/li>\n<\/ul>\n<\/div>\n<\/div>\n\n\n\n<h2 class=\"wp-block-heading\">Formulare<\/h2>\n\n\n\n<p><\/p>\n\n\n\n<div class=\"wp-block-columns is-layout-flex wp-container-core-columns-is-layout-9d6595d7 wp-block-columns-is-layout-flex\">\n<div class=\"wp-block-column is-layout-flow wp-block-column-is-layout-flow\">\n<h3 class=\"wp-block-heading\"><strong>Doctorat<\/strong><\/h3>\n\n\n\n<h4 class=\"wp-block-heading\">Admitere<\/h4>\n\n\n\n<ul class=\"wp-block-list\">\n<li><a href=\"https:\/\/biogeo.ubbcluj.ro\/sdbi\/wp-content\/uploads\/2026\/02\/ISD_contract_studii_2024_25.docx\" data-type=\"link\" data-id=\"https:\/\/biogeo.ubbcluj.ro\/sdbi\/wp-content\/uploads\/2026\/02\/ISD_contract_studii_2024_25.docx\">Contract studii<\/a><\/li>\n\n\n\n<li><a href=\"https:\/\/biogeo.ubbcluj.ro\/sdbi\/wp-content\/uploads\/2026\/02\/ISD_Anexa2_Planul_studiilor_2025_26_final.pdf\" data-type=\"link\" data-id=\"https:\/\/biogeo.ubbcluj.ro\/sdbi\/wp-content\/uploads\/2026\/02\/ISD_Anexa2_Planul_studiilor_2025_26_final.pdf\">Plan de studii<\/a><\/li>\n<\/ul>\n\n\n\n<h4 class=\"wp-block-heading\">Cursuri<\/h4>\n\n\n\n<ul class=\"wp-block-list\">\n<li><a href=\"https:\/\/biogeo.ubbcluj.ro\/sdbi\/wp-content\/uploads\/2026\/02\/Adeverinta_de_participare_disciplina_2024.doc\" data-type=\"link\" data-id=\"https:\/\/biogeo.ubbcluj.ro\/sdbi\/wp-content\/uploads\/2026\/02\/Adeverinta_de_participare_disciplina_2024.doc\">Adeverin\u021b\u0103 participare<\/a><\/li>\n<\/ul>\n\n\n\n<h4 class=\"wp-block-heading\">Grant<\/h4>\n\n\n\n<h4 class=\"wp-block-heading\">Rapoarte<\/h4>\n\n\n\n<h4 class=\"wp-block-heading\">Sus\u0163inere<\/h4>\n<\/div>\n\n\n\n<div class=\"wp-block-column is-layout-flow wp-block-column-is-layout-flow\">\n<h3 class=\"wp-block-heading\"><strong>Abilitare<\/strong><\/h3>\n\n\n\n<h4 class=\"wp-block-heading\">Dosar<\/h4>\n\n\n\n<h4 class=\"wp-block-heading\">Evaluare \u015eDBI<\/h4>\n\n\n\n<h4 class=\"wp-block-heading\">Comisia de abilitare<\/h4>\n\n\n\n<h4 class=\"wp-block-heading\">Sus\u0163inere<\/h4>\n<\/div>\n\n\n\n<div class=\"wp-block-column is-layout-flow wp-block-column-is-layout-flow\">\n<h3 class=\"wp-block-heading\"><strong>Cooptare in \u015eDBI<\/strong><\/h3>\n\n\n\n<p><\/p>\n<\/div>\n\n\n\n<div class=\"wp-block-column is-layout-flow wp-block-column-is-layout-flow\">\n<h3 class=\"wp-block-heading\"><strong>Diverse<\/strong><\/h3>\n<\/div>\n<\/div>\n\n\n\n<h2 class=\"wp-block-heading\"><a href=\"https:\/\/biogeo.ubbcluj.ro\/sdbi\/?page_id=2694\" data-type=\"page\" data-id=\"2694\">Fi\u0219e standarde CNATDCU<\/a><\/h2>\n\n\n\n<p><\/p>\n","protected":false},"excerpt":{"rendered":"<p>Regulamente Proceduri Ghiduri Formulare Doctorat Admitere Cursuri Grant Rapoarte Sus\u0163inere Abilitare Dosar Evaluare \u015eDBI Comisia de abilitare Sus\u0163inere Cooptare in \u015eDBI Diverse Fi\u0219e standarde CNATDCU<\/p>\n","protected":false},"author":1,"featured_media":0,"parent":0,"menu_order":0,"comment_status":"closed","ping_status":"closed","template":"fullwidth-template.php","meta":{"footnotes":""},"class_list":["post-34","page","type-page","status-publish","hentry"],"yoast_head":"<!-- This site is optimized with the Yoast SEO plugin v27.0 - https:\/\/yoast.com\/product\/yoast-seo-wordpress\/ -->\n<title>Documente - Scoala Doctorala Biologie Integrativa<\/title>\n<meta name=\"robots\" content=\"index, follow, max-snippet:-1, max-image-preview:large, max-video-preview:-1\" \/>\n<link rel=\"canonical\" href=\"https:\/\/biogeo.ubbcluj.ro\/sdbi\/?page_id=34\" \/>\n<meta property=\"og:locale\" content=\"en_US\" \/>\n<meta property=\"og:type\" content=\"article\" \/>\n<meta property=\"og:title\" content=\"Documente - Scoala Doctorala Biologie Integrativa\" \/>\n<meta property=\"og:description\" content=\"Regulamente Proceduri Ghiduri Formulare Doctorat Admitere Cursuri Grant Rapoarte Sus\u0163inere Abilitare Dosar Evaluare \u015eDBI Comisia de abilitare Sus\u0163inere Cooptare in \u015eDBI Diverse Fi\u0219e standarde CNATDCU\" \/>\n<meta property=\"og:url\" content=\"https:\/\/biogeo.ubbcluj.ro\/sdbi\/?page_id=34\" \/>\n<meta property=\"og:site_name\" content=\"Scoala Doctorala Biologie Integrativa\" \/>\n<meta property=\"article:modified_time\" content=\"2026-02-24T13:04:26+00:00\" \/>\n<meta name=\"twitter:card\" content=\"summary_large_image\" \/>\n<script type=\"application\/ld+json\" class=\"yoast-schema-graph\">{\"@context\":\"https:\/\/schema.org\",\"@graph\":[{\"@type\":\"WebPage\",\"@id\":\"https:\/\/biogeo.ubbcluj.ro\/sdbi\/?page_id=34\",\"url\":\"https:\/\/biogeo.ubbcluj.ro\/sdbi\/?page_id=34\",\"name\":\"Documente - Scoala Doctorala Biologie Integrativa\",\"isPartOf\":{\"@id\":\"https:\/\/biogeo.ubbcluj.ro\/sdbi\/#website\"},\"datePublished\":\"2023-05-29T09:33:54+00:00\",\"dateModified\":\"2026-02-24T13:04:26+00:00\",\"breadcrumb\":{\"@id\":\"https:\/\/biogeo.ubbcluj.ro\/sdbi\/?page_id=34#breadcrumb\"},\"inLanguage\":\"en-US\",\"potentialAction\":[{\"@type\":\"ReadAction\",\"target\":[\"https:\/\/biogeo.ubbcluj.ro\/sdbi\/?page_id=34\"]}]},{\"@type\":\"BreadcrumbList\",\"@id\":\"https:\/\/biogeo.ubbcluj.ro\/sdbi\/?page_id=34#breadcrumb\",\"itemListElement\":[{\"@type\":\"ListItem\",\"position\":1,\"name\":\"Home\",\"item\":\"https:\/\/biogeo.ubbcluj.ro\/sdbi\/\"},{\"@type\":\"ListItem\",\"position\":2,\"name\":\"Documente\"}]},{\"@type\":\"WebSite\",\"@id\":\"https:\/\/biogeo.ubbcluj.ro\/sdbi\/#website\",\"url\":\"https:\/\/biogeo.ubbcluj.ro\/sdbi\/\",\"name\":\"Scoala Doctorala Biologie Integrativa\",\"description\":\"\",\"publisher\":{\"@id\":\"https:\/\/biogeo.ubbcluj.ro\/sdbi\/#organization\"},\"potentialAction\":[{\"@type\":\"SearchAction\",\"target\":{\"@type\":\"EntryPoint\",\"urlTemplate\":\"https:\/\/biogeo.ubbcluj.ro\/sdbi\/?s={search_term_string}\"},\"query-input\":{\"@type\":\"PropertyValueSpecification\",\"valueRequired\":true,\"valueName\":\"search_term_string\"}}],\"inLanguage\":\"en-US\"},{\"@type\":\"Organization\",\"@id\":\"https:\/\/biogeo.ubbcluj.ro\/sdbi\/#organization\",\"name\":\"Scoala Doctorala Biologie Integrativa\",\"url\":\"https:\/\/biogeo.ubbcluj.ro\/sdbi\/\",\"logo\":{\"@type\":\"ImageObject\",\"inLanguage\":\"en-US\",\"@id\":\"https:\/\/biogeo.ubbcluj.ro\/sdbi\/#\/schema\/logo\/image\/\",\"url\":\"https:\/\/biogeo.ubbcluj.ro\/sdbi\/wp-content\/uploads\/2024\/10\/cropped-DSIB_Logo-04.png\",\"contentUrl\":\"https:\/\/biogeo.ubbcluj.ro\/sdbi\/wp-content\/uploads\/2024\/10\/cropped-DSIB_Logo-04.png\",\"width\":2499,\"height\":665,\"caption\":\"Scoala Doctorala Biologie Integrativa\"},\"image\":{\"@id\":\"https:\/\/biogeo.ubbcluj.ro\/sdbi\/#\/schema\/logo\/image\/\"}}]}<\/script>\n<!-- \/ Yoast SEO plugin. -->","yoast_head_json":{"title":"Documente - Scoala Doctorala Biologie Integrativa","robots":{"index":"index","follow":"follow","max-snippet":"max-snippet:-1","max-image-preview":"max-image-preview:large","max-video-preview":"max-video-preview:-1"},"canonical":"https:\/\/biogeo.ubbcluj.ro\/sdbi\/?page_id=34","og_locale":"en_US","og_type":"article","og_title":"Documente - Scoala Doctorala Biologie Integrativa","og_description":"Regulamente Proceduri Ghiduri Formulare Doctorat Admitere Cursuri Grant Rapoarte Sus\u0163inere Abilitare Dosar Evaluare \u015eDBI Comisia de abilitare Sus\u0163inere Cooptare in \u015eDBI Diverse Fi\u0219e standarde CNATDCU","og_url":"https:\/\/biogeo.ubbcluj.ro\/sdbi\/?page_id=34","og_site_name":"Scoala Doctorala Biologie Integrativa","article_modified_time":"2026-02-24T13:04:26+00:00","twitter_card":"summary_large_image","schema":{"@context":"https:\/\/schema.org","@graph":[{"@type":"WebPage","@id":"https:\/\/biogeo.ubbcluj.ro\/sdbi\/?page_id=34","url":"https:\/\/biogeo.ubbcluj.ro\/sdbi\/?page_id=34","name":"Documente - Scoala Doctorala Biologie Integrativa","isPartOf":{"@id":"https:\/\/biogeo.ubbcluj.ro\/sdbi\/#website"},"datePublished":"2023-05-29T09:33:54+00:00","dateModified":"2026-02-24T13:04:26+00:00","breadcrumb":{"@id":"https:\/\/biogeo.ubbcluj.ro\/sdbi\/?page_id=34#breadcrumb"},"inLanguage":"en-US","potentialAction":[{"@type":"ReadAction","target":["https:\/\/biogeo.ubbcluj.ro\/sdbi\/?page_id=34"]}]},{"@type":"BreadcrumbList","@id":"https:\/\/biogeo.ubbcluj.ro\/sdbi\/?page_id=34#breadcrumb","itemListElement":[{"@type":"ListItem","position":1,"name":"Home","item":"https:\/\/biogeo.ubbcluj.ro\/sdbi\/"},{"@type":"ListItem","position":2,"name":"Documente"}]},{"@type":"WebSite","@id":"https:\/\/biogeo.ubbcluj.ro\/sdbi\/#website","url":"https:\/\/biogeo.ubbcluj.ro\/sdbi\/","name":"Scoala Doctorala Biologie Integrativa","description":"","publisher":{"@id":"https:\/\/biogeo.ubbcluj.ro\/sdbi\/#organization"},"potentialAction":[{"@type":"SearchAction","target":{"@type":"EntryPoint","urlTemplate":"https:\/\/biogeo.ubbcluj.ro\/sdbi\/?s={search_term_string}"},"query-input":{"@type":"PropertyValueSpecification","valueRequired":true,"valueName":"search_term_string"}}],"inLanguage":"en-US"},{"@type":"Organization","@id":"https:\/\/biogeo.ubbcluj.ro\/sdbi\/#organization","name":"Scoala Doctorala Biologie Integrativa","url":"https:\/\/biogeo.ubbcluj.ro\/sdbi\/","logo":{"@type":"ImageObject","inLanguage":"en-US","@id":"https:\/\/biogeo.ubbcluj.ro\/sdbi\/#\/schema\/logo\/image\/","url":"https:\/\/biogeo.ubbcluj.ro\/sdbi\/wp-content\/uploads\/2024\/10\/cropped-DSIB_Logo-04.png","contentUrl":"https:\/\/biogeo.ubbcluj.ro\/sdbi\/wp-content\/uploads\/2024\/10\/cropped-DSIB_Logo-04.png","width":2499,"height":665,"caption":"Scoala Doctorala Biologie Integrativa"},"image":{"@id":"https:\/\/biogeo.ubbcluj.ro\/sdbi\/#\/schema\/logo\/image\/"}}]}},"_links":{"self":[{"href":"https:\/\/biogeo.ubbcluj.ro\/sdbi\/index.php?rest_route=\/wp\/v2\/pages\/34","targetHints":{"allow":["GET"]}}],"collection":[{"href":"https:\/\/biogeo.ubbcluj.ro\/sdbi\/index.php?rest_route=\/wp\/v2\/pages"}],"about":[{"href":"https:\/\/biogeo.ubbcluj.ro\/sdbi\/index.php?rest_route=\/wp\/v2\/types\/page"}],"author":[{"embeddable":true,"href":"https:\/\/biogeo.ubbcluj.ro\/sdbi\/index.php?rest_route=\/wp\/v2\/users\/1"}],"replies":[{"embeddable":true,"href":"https:\/\/biogeo.ubbcluj.ro\/sdbi\/index.php?rest_route=%2Fwp%2Fv2%2Fcomments&post=34"}],"version-history":[{"count":62,"href":"https:\/\/biogeo.ubbcluj.ro\/sdbi\/index.php?rest_route=\/wp\/v2\/pages\/34\/revisions"}],"predecessor-version":[{"id":2742,"href":"https:\/\/biogeo.ubbcluj.ro\/sdbi\/index.php?rest_route=\/wp\/v2\/pages\/34\/revisions\/2742"}],"wp:attachment":[{"href":"https:\/\/biogeo.ubbcluj.ro\/sdbi\/index.php?rest_route=%2Fwp%2Fv2%2Fmedia&parent=34"}],"curies":[{"name":"wp","href":"https:\/\/api.w.org\/{rel}","templated":true}]}}