{"id":305,"date":"2021-05-16T13:47:33","date_gmt":"2021-05-16T13:47:33","guid":{"rendered":"https:\/\/biogeo.ubbcluj.ro\/sdbi\/?page_id=305"},"modified":"2026-04-27T19:23:53","modified_gmt":"2026-04-27T19:23:53","slug":"manifestari-stiintifice","status":"publish","type":"page","link":"https:\/\/biogeo.ubbcluj.ro\/sdbi\/?page_id=305","title":{"rendered":"Evenimente"},"content":{"rendered":"\n<h3 class=\"wp-block-heading\"><br><strong>Evenimente organizate sub egida \u0218colii Doctorale de Biologie Integrativ\u0103 \u0219i cu implicarea activ\u0103 a conduc\u0103torilor de doctorat \u0219i doctoranzilor<\/strong><\/h3>\n\n\n\n<div style=\"height:50px\" aria-hidden=\"true\" class=\"wp-block-spacer\"><\/div>\n\n\n\n<h2 class=\"wp-block-heading\">2026<\/h2>\n\n\n\n<ul class=\"wp-block-list\">\n<li><strong>18<strong>\u2013<\/strong>20 May 2026<\/strong> &#8211; Curs deschis (CFCIDFR): Introduction to Genome-Resolved Metagenomics and Microbial Ecology; <br>Instructor: Dr. Paul Adrian Bulzu (Institute of Hydrobiology, CAS, \u010cesk\u00e9 Bud\u011bjovice, Czech Republic). <a href=\"https:\/\/elearning.ubbcluj.ro\/introducere-in-metagenomica-bazata-pe-genomuri-si-ecologia-microbiana\/\">https:\/\/elearning.ubbcluj.ro\/introducere-in-metagenomica-bazata-pe-genomuri-si-ecologia-microbiana\/<\/a>; <br>Loca\u021bie: Facultatea de Biologie \u0219i Geologie, Universitatea Babe\u0219-Bolyai, Cluj-Napoca.<\/li>\n<\/ul>\n\n\n\n<p><\/p>\n\n\n\n<ul class=\"wp-block-list\">\n<li><strong>4\u20136 martie 2026 <\/strong>\u2013 <em>Curs deschis (CFCIDFR): Introducere \u00een filogenetic\u0103 \u0219i filogenomic\u0103<\/em><br>Instructor: Dr. G\u00e1bor Sramk\u00f3 (Universitatea din Debre\u021bin, Ungaria).<br>Loca\u021bie: Facultatea de Biologie \u0219i Geologie, Universitatea Babe\u0219-Bolyai, Cluj-Napoca.<\/li>\n<\/ul>\n\n\n\n<h2 class=\"wp-block-heading\">2025<\/h2>\n\n\n\n<ul class=\"wp-block-list\">\n<li><strong>6, 11\u201312 noiembrie 2025 <\/strong>\u2013 <em>Curs deschis (CFCIDFR): De la secven\u021biere la diagnostic \u2013 Analiza \u0219i interpretarea variantelor genomice \u00een bolile mendeliene<\/em><br>Instructori: Dr. Anna Benet-Pag\u00e8s, Dr. Andreas Laner (Medical Genetics Center, Munchen,Germania); Drd. M\u0103d\u0103lina Giurgiu (Charit\u00e9 Universit\u00e4tsmedizin Berlin, Germania).<br>Loca\u021bie: Facultatea de Biologie \u0219i Geologie, Universitatea Babe\u0219-Bolyai, Cluj-Napoca.<\/li>\n<\/ul>\n\n\n\n<p><\/p>\n\n\n\n<ul class=\"wp-block-list\">\n<li><strong>20 octombrie 2025<\/strong> \u2013 Prelegere Dr. Mircea Ivan (Indiana University, SUA)<br>Titlu: <em>Integration of Large Genomic Datasets in Pursuit of Biological Knowledge<\/em><br>Loca\u021bie: Sala Club, Universitatea Babe\u0219-Bolyai, Cluj-Napoca.<\/li>\n<\/ul>\n\n\n\n<p><\/p>\n\n\n\n<ul class=\"wp-block-list\">\n<li><strong>28 martie 2025<\/strong> \u2013 <em>UBB Master of Science Day<\/em><br>Loca\u021bie: Casa Universitarilor, Universitatea Babe\u0219-Bolyai, Cluj-Napoca.<\/li>\n<\/ul>\n\n\n\n<p><\/p>\n\n\n\n<ul class=\"wp-block-list\">\n<li><strong>12 februarie 2025<\/strong> \u2013 Eveniment de popularizare: <em>YMS Series \u2013 Microbiome and Ancient Genomes Research<\/em><br>Speakeri: Prof. Horia Banciu \u2013 Universitatea Babe\u0219-Bolyai; Dr. habil. Ioana Meleg \u2013 Universitatea Babe\u0219-Bolyai.<br>Format: Online.<\/li>\n<\/ul>\n\n\n\n<h2 class=\"wp-block-heading\">2024<\/h2>\n\n\n\n<ul class=\"wp-block-list\">\n<li><strong>14\u201316 februarie 2024<\/strong> \u2013 <em>Curs deschis (CFCIDFR): Adnotarea taxonomic\u0103 a secven\u021belor utiliz\u00e2nd genomica microbian\u0103 la nivelul \u00eentregii comunit\u0103\u021bi<\/em><br>Instructori: Prof. Ramon Rosell\u00f3-M\u00f3ra; Dr. Tomeu Viver; Drd. Esteban Bustos-Caparr\u00f3s, IMEDEA, Esporles, Spania).<br>Loca\u021bie: Facultatea de Biologie \u0219i Geologie, Universitatea Babe\u0219-Bolyai.<\/li>\n<\/ul>\n\n\n\n<p><\/p>\n\n\n\n<ul class=\"wp-block-list\">\n<li><strong>14 februarie 2024<\/strong> \u2013 Prelegere Prof. Ramon Rosell\u00f3-M\u00f3ra (IMEDEA, Esporles, Spania)<br>Titlu: <em>Prokaryote taxonomy in the genomic era and the reasons to create the SeqCode<\/em><br>Loca\u021bie: Sala Nova, Facultatea de Biologie \u0219i Geologie, Universitatea Babe\u0219-Bolyai.<\/li>\n<\/ul>\n\n\n\n<h2 class=\"wp-block-heading\">2023<\/h2>\n\n\n\n<ul class=\"wp-block-list\">\n<li><strong>27\u201329 noiembrie 2023<\/strong> \u2013 <em>Curs deschis (CFCIDFR): Alfabetizare grafic\u0103 pentru genomic\u0103 \u2013 de la date brute la grafic\u0103 \u0219i viceversa<\/em><br>Instructori: Dr. Dorin-Mirel Popescu \u2013 QIAGEN; Andrei Alexsson \u2013 QIAGEN.<br>Loca\u021bie: Facultatea de Biologie \u0219i Geologie, Universitatea Babe\u0219-Bolyai.<\/li>\n<\/ul>\n\n\n\n<p><\/p>\n\n\n\n<ul class=\"wp-block-list\">\n<li><strong>23\u201325 octombrie 2023<\/strong> \u2013 <em>Curs deschis (CFCIDFR): Curs practic de genomic\u0103 a patogenilor \u2013 de la analiza datelor la interpretare<\/em><br>Instructori: Dr. Monica Abrudan (University of Oxford, Marea Britanie); Dr. Marius Surleac (INBI \u201eMatei Bal\u0219\u201d, Bucure\u0219ti).<br>Loca\u021bie: Facultatea de Biologie \u0219i Geologie, Universitatea Babe\u0219-Bolyai.<\/li>\n<\/ul>\n\n\n\n<p><\/p>\n\n\n\n<ul class=\"wp-block-list\">\n<li><strong>8\u20139 martie 2023<\/strong> \u2013 <em>Curs deschis (CFCIDFR): Curs introductiv de genomic\u0103 \u2013 secven\u021biere de novo, asamblare \u0219i analize avansate<\/em><br>Instructor: Prof. Jean-Fran\u00e7ois Flot (Universit\u00e9 libre de Bruxelles, Belgia).<br>Loca\u021bie: Facultatea de Biologie \u0219i Geologie, Universitatea Babe\u0219-Bolyai.<\/li>\n<\/ul>\n\n\n\n<p><\/p>\n\n\n\n<ul class=\"wp-block-list\">\n<li><strong>24 februarie 2023<\/strong> \u2013 Prelegere Scott Tighe \u2013 University of Vermont, SUA<br>Titlu: <em>The Extreme Microbiome Project (XMP) and advanced technical considerations for studying extreme environments<\/em><br>Loca\u021bie: Sala Nova, Facultatea de Biologie \u0219i Geologie, Universitatea Babe\u0219-Bolyai.<\/li>\n<\/ul>\n\n\n\n<h2 class=\"wp-block-heading\">2022<\/h2>\n\n\n\n<ul class=\"wp-block-list\">\n<li><strong>7 iulie 2022<\/strong> \u2013 Prelegere Prof. Horia Banciu \u2013 Universitatea Babe\u0219-Bolyai<br>Titlu: <em>\u0218tiin\u021ba Deschis\u0103: ce \u00eenseamn\u0103 pentru \u0219tiin\u021bele naturii \u0219i ale vie\u021bii?<\/em><br>Format: Online.<\/li>\n<\/ul>\n\n\n\n<p><\/p>\n\n\n\n<ul class=\"wp-block-list\">\n<li><strong>11 aprilie 2022<\/strong> \u2013 Prelegere Dr. Mina Bizi\u0107 (Leibniz Institute of Freshwater Ecology and Inland Fisheries, Berlin, Germania)<br>Titlu: <em>A paradigm shift in methanogenesis research \u2013 introducing oxic methane production<\/em>. <br>Prelegere Dr. Danny Ionescu (Leibniz Institute of Freshwater Ecology and Inland Fisheries, Berlin, Germania). Titlu: <em>A detective story into the genomics of the giant bacterium Achromatium<\/em>. Loca\u021bie: Sala Nova, Facultatea de Biologie \u0219i Geologie, Universitatea Babe\u0219-Bolyai.<\/li>\n<\/ul>\n\n\n\n<div style=\"height:100px\" aria-hidden=\"true\" class=\"wp-block-spacer\"><\/div>\n\n\n\n<p><\/p>\n","protected":false},"excerpt":{"rendered":"<p>Evenimente organizate sub egida \u0218colii Doctorale de Biologie Integrativ\u0103 \u0219i cu implicarea activ\u0103 a conduc\u0103torilor de doctorat \u0219i doctoranzilor 2026 2025 2024 2023 2022<\/p>\n","protected":false},"author":1,"featured_media":0,"parent":0,"menu_order":0,"comment_status":"closed","ping_status":"closed","template":"fullwidth-template.php","meta":{"footnotes":""},"class_list":["post-305","page","type-page","status-publish","hentry"],"yoast_head":"<!-- This site is optimized with the Yoast SEO plugin v27.0 - https:\/\/yoast.com\/product\/yoast-seo-wordpress\/ -->\n<title>Evenimente - Scoala Doctorala Biologie Integrativa<\/title>\n<meta name=\"robots\" content=\"index, follow, max-snippet:-1, max-image-preview:large, max-video-preview:-1\" \/>\n<link rel=\"canonical\" href=\"https:\/\/biogeo.ubbcluj.ro\/sdbi\/?page_id=305\" \/>\n<meta property=\"og:locale\" content=\"en_US\" \/>\n<meta property=\"og:type\" content=\"article\" \/>\n<meta property=\"og:title\" content=\"Evenimente - Scoala Doctorala Biologie Integrativa\" \/>\n<meta property=\"og:description\" content=\"Evenimente organizate sub egida \u0218colii Doctorale de Biologie Integrativ\u0103 \u0219i cu implicarea activ\u0103 a conduc\u0103torilor de doctorat \u0219i doctoranzilor 2026 2025 2024 2023 2022\" \/>\n<meta property=\"og:url\" content=\"https:\/\/biogeo.ubbcluj.ro\/sdbi\/?page_id=305\" \/>\n<meta property=\"og:site_name\" content=\"Scoala Doctorala Biologie Integrativa\" \/>\n<meta property=\"article:modified_time\" content=\"2026-04-27T19:23:53+00:00\" \/>\n<meta name=\"twitter:card\" content=\"summary_large_image\" \/>\n<meta name=\"twitter:label1\" content=\"Est. reading time\" \/>\n\t<meta name=\"twitter:data1\" content=\"3 minutes\" \/>\n<script type=\"application\/ld+json\" class=\"yoast-schema-graph\">{\"@context\":\"https:\/\/schema.org\",\"@graph\":[{\"@type\":\"WebPage\",\"@id\":\"https:\/\/biogeo.ubbcluj.ro\/sdbi\/?page_id=305\",\"url\":\"https:\/\/biogeo.ubbcluj.ro\/sdbi\/?page_id=305\",\"name\":\"Evenimente - Scoala Doctorala Biologie Integrativa\",\"isPartOf\":{\"@id\":\"https:\/\/biogeo.ubbcluj.ro\/sdbi\/#website\"},\"datePublished\":\"2021-05-16T13:47:33+00:00\",\"dateModified\":\"2026-04-27T19:23:53+00:00\",\"breadcrumb\":{\"@id\":\"https:\/\/biogeo.ubbcluj.ro\/sdbi\/?page_id=305#breadcrumb\"},\"inLanguage\":\"en-US\",\"potentialAction\":[{\"@type\":\"ReadAction\",\"target\":[\"https:\/\/biogeo.ubbcluj.ro\/sdbi\/?page_id=305\"]}]},{\"@type\":\"BreadcrumbList\",\"@id\":\"https:\/\/biogeo.ubbcluj.ro\/sdbi\/?page_id=305#breadcrumb\",\"itemListElement\":[{\"@type\":\"ListItem\",\"position\":1,\"name\":\"Home\",\"item\":\"https:\/\/biogeo.ubbcluj.ro\/sdbi\/\"},{\"@type\":\"ListItem\",\"position\":2,\"name\":\"Evenimente\"}]},{\"@type\":\"WebSite\",\"@id\":\"https:\/\/biogeo.ubbcluj.ro\/sdbi\/#website\",\"url\":\"https:\/\/biogeo.ubbcluj.ro\/sdbi\/\",\"name\":\"Scoala Doctorala Biologie Integrativa\",\"description\":\"\",\"publisher\":{\"@id\":\"https:\/\/biogeo.ubbcluj.ro\/sdbi\/#organization\"},\"potentialAction\":[{\"@type\":\"SearchAction\",\"target\":{\"@type\":\"EntryPoint\",\"urlTemplate\":\"https:\/\/biogeo.ubbcluj.ro\/sdbi\/?s={search_term_string}\"},\"query-input\":{\"@type\":\"PropertyValueSpecification\",\"valueRequired\":true,\"valueName\":\"search_term_string\"}}],\"inLanguage\":\"en-US\"},{\"@type\":\"Organization\",\"@id\":\"https:\/\/biogeo.ubbcluj.ro\/sdbi\/#organization\",\"name\":\"Scoala Doctorala Biologie Integrativa\",\"url\":\"https:\/\/biogeo.ubbcluj.ro\/sdbi\/\",\"logo\":{\"@type\":\"ImageObject\",\"inLanguage\":\"en-US\",\"@id\":\"https:\/\/biogeo.ubbcluj.ro\/sdbi\/#\/schema\/logo\/image\/\",\"url\":\"https:\/\/biogeo.ubbcluj.ro\/sdbi\/wp-content\/uploads\/2024\/10\/cropped-DSIB_Logo-04.png\",\"contentUrl\":\"https:\/\/biogeo.ubbcluj.ro\/sdbi\/wp-content\/uploads\/2024\/10\/cropped-DSIB_Logo-04.png\",\"width\":2499,\"height\":665,\"caption\":\"Scoala Doctorala Biologie Integrativa\"},\"image\":{\"@id\":\"https:\/\/biogeo.ubbcluj.ro\/sdbi\/#\/schema\/logo\/image\/\"}}]}<\/script>\n<!-- \/ Yoast SEO plugin. -->","yoast_head_json":{"title":"Evenimente - Scoala Doctorala Biologie Integrativa","robots":{"index":"index","follow":"follow","max-snippet":"max-snippet:-1","max-image-preview":"max-image-preview:large","max-video-preview":"max-video-preview:-1"},"canonical":"https:\/\/biogeo.ubbcluj.ro\/sdbi\/?page_id=305","og_locale":"en_US","og_type":"article","og_title":"Evenimente - Scoala Doctorala Biologie Integrativa","og_description":"Evenimente organizate sub egida \u0218colii Doctorale de Biologie Integrativ\u0103 \u0219i cu implicarea activ\u0103 a conduc\u0103torilor de doctorat \u0219i doctoranzilor 2026 2025 2024 2023 2022","og_url":"https:\/\/biogeo.ubbcluj.ro\/sdbi\/?page_id=305","og_site_name":"Scoala Doctorala Biologie Integrativa","article_modified_time":"2026-04-27T19:23:53+00:00","twitter_card":"summary_large_image","twitter_misc":{"Est. reading time":"3 minutes"},"schema":{"@context":"https:\/\/schema.org","@graph":[{"@type":"WebPage","@id":"https:\/\/biogeo.ubbcluj.ro\/sdbi\/?page_id=305","url":"https:\/\/biogeo.ubbcluj.ro\/sdbi\/?page_id=305","name":"Evenimente - Scoala Doctorala Biologie Integrativa","isPartOf":{"@id":"https:\/\/biogeo.ubbcluj.ro\/sdbi\/#website"},"datePublished":"2021-05-16T13:47:33+00:00","dateModified":"2026-04-27T19:23:53+00:00","breadcrumb":{"@id":"https:\/\/biogeo.ubbcluj.ro\/sdbi\/?page_id=305#breadcrumb"},"inLanguage":"en-US","potentialAction":[{"@type":"ReadAction","target":["https:\/\/biogeo.ubbcluj.ro\/sdbi\/?page_id=305"]}]},{"@type":"BreadcrumbList","@id":"https:\/\/biogeo.ubbcluj.ro\/sdbi\/?page_id=305#breadcrumb","itemListElement":[{"@type":"ListItem","position":1,"name":"Home","item":"https:\/\/biogeo.ubbcluj.ro\/sdbi\/"},{"@type":"ListItem","position":2,"name":"Evenimente"}]},{"@type":"WebSite","@id":"https:\/\/biogeo.ubbcluj.ro\/sdbi\/#website","url":"https:\/\/biogeo.ubbcluj.ro\/sdbi\/","name":"Scoala Doctorala Biologie Integrativa","description":"","publisher":{"@id":"https:\/\/biogeo.ubbcluj.ro\/sdbi\/#organization"},"potentialAction":[{"@type":"SearchAction","target":{"@type":"EntryPoint","urlTemplate":"https:\/\/biogeo.ubbcluj.ro\/sdbi\/?s={search_term_string}"},"query-input":{"@type":"PropertyValueSpecification","valueRequired":true,"valueName":"search_term_string"}}],"inLanguage":"en-US"},{"@type":"Organization","@id":"https:\/\/biogeo.ubbcluj.ro\/sdbi\/#organization","name":"Scoala Doctorala Biologie Integrativa","url":"https:\/\/biogeo.ubbcluj.ro\/sdbi\/","logo":{"@type":"ImageObject","inLanguage":"en-US","@id":"https:\/\/biogeo.ubbcluj.ro\/sdbi\/#\/schema\/logo\/image\/","url":"https:\/\/biogeo.ubbcluj.ro\/sdbi\/wp-content\/uploads\/2024\/10\/cropped-DSIB_Logo-04.png","contentUrl":"https:\/\/biogeo.ubbcluj.ro\/sdbi\/wp-content\/uploads\/2024\/10\/cropped-DSIB_Logo-04.png","width":2499,"height":665,"caption":"Scoala Doctorala Biologie Integrativa"},"image":{"@id":"https:\/\/biogeo.ubbcluj.ro\/sdbi\/#\/schema\/logo\/image\/"}}]}},"_links":{"self":[{"href":"https:\/\/biogeo.ubbcluj.ro\/sdbi\/index.php?rest_route=\/wp\/v2\/pages\/305","targetHints":{"allow":["GET"]}}],"collection":[{"href":"https:\/\/biogeo.ubbcluj.ro\/sdbi\/index.php?rest_route=\/wp\/v2\/pages"}],"about":[{"href":"https:\/\/biogeo.ubbcluj.ro\/sdbi\/index.php?rest_route=\/wp\/v2\/types\/page"}],"author":[{"embeddable":true,"href":"https:\/\/biogeo.ubbcluj.ro\/sdbi\/index.php?rest_route=\/wp\/v2\/users\/1"}],"replies":[{"embeddable":true,"href":"https:\/\/biogeo.ubbcluj.ro\/sdbi\/index.php?rest_route=%2Fwp%2Fv2%2Fcomments&post=305"}],"version-history":[{"count":18,"href":"https:\/\/biogeo.ubbcluj.ro\/sdbi\/index.php?rest_route=\/wp\/v2\/pages\/305\/revisions"}],"predecessor-version":[{"id":3218,"href":"https:\/\/biogeo.ubbcluj.ro\/sdbi\/index.php?rest_route=\/wp\/v2\/pages\/305\/revisions\/3218"}],"wp:attachment":[{"href":"https:\/\/biogeo.ubbcluj.ro\/sdbi\/index.php?rest_route=%2Fwp%2Fv2%2Fmedia&parent=305"}],"curies":[{"name":"wp","href":"https:\/\/api.w.org\/{rel}","templated":true}]}}