{"id":2778,"date":"2026-02-24T08:55:32","date_gmt":"2026-02-24T08:55:32","guid":{"rendered":"https:\/\/biogeo.ubbcluj.ro\/sdbi\/?page_id=2778"},"modified":"2026-02-25T15:41:50","modified_gmt":"2026-02-25T15:41:50","slug":"official-scientific-standards","status":"publish","type":"page","link":"https:\/\/biogeo.ubbcluj.ro\/sdbi\/?page_id=2778&lang=en","title":{"rendered":"Official scientific standards"},"content":{"rendered":"\n<h5 class=\"wp-block-heading\">Here you can consult the sheets regarding the fulfillment of the standards of the biology and biochemistry committee of CNATDCU<\/h5>\n\n\n\n<p><\/p>\n\n\n\n<h3 class=\"wp-block-heading\"><a href=\"https:\/\/biogeo.ubbcluj.ro\/sdbi\/wp-content\/uploads\/2026\/02\/2026_Banciu_HL_FV_CNATDCU.pdf\" data-type=\"link\" data-id=\"https:\/\/biogeo.ubbcluj.ro\/sdbi\/wp-content\/uploads\/2026\/02\/2026_Banciu_HL_FV_CNATDCU.pdf\">Prof. Dr. Horia-Leonard Banciu<\/a><\/h3>\n\n\n\n<p><\/p>\n\n\n\n<h3 class=\"wp-block-heading\"><a href=\"https:\/\/biogeo.ubbcluj.ro\/sdbi\/wp-content\/uploads\/2026\/02\/2026_Banciu_M_FV_CNATDCU.pdf\" data-type=\"link\" data-id=\"https:\/\/biogeo.ubbcluj.ro\/sdbi\/wp-content\/uploads\/2026\/02\/2026_Banciu_M_FV_CNATDCU.pdf\">Prof. Dr. Manuela Banciu<\/a><\/h3>\n\n\n\n<p><\/p>\n\n\n\n<h3 class=\"wp-block-heading\"><a href=\"https:\/\/biogeo.ubbcluj.ro\/sdbi\/wp-content\/uploads\/2026\/02\/2026_Butiuc_AL_FV_CNATDCU.pdf\" data-type=\"link\" data-id=\"https:\/\/biogeo.ubbcluj.ro\/sdbi\/wp-content\/uploads\/2026\/02\/2026_Butiuc_AL_FV_CNATDCU.pdf\">Prof. Dr. Anca Butiuc<\/a><\/h3>\n\n\n\n<p><\/p>\n\n\n\n<h3 class=\"wp-block-heading\"><a href=\"https:\/\/biogeo.ubbcluj.ro\/sdbi\/wp-content\/uploads\/2026\/02\/2025_Cojocaru-V_FV_CNATDCU.pdf\" data-type=\"link\" data-id=\"https:\/\/biogeo.ubbcluj.ro\/sdbi\/wp-content\/uploads\/2026\/02\/2025_Cojocaru-V_FV_CNATDCU.pdf\">C.S.I Dr. Vlad Cojocaru<\/a><\/h3>\n\n\n\n<p><\/p>\n\n\n\n<h3 class=\"wp-block-heading\"><a href=\"https:\/\/biogeo.ubbcluj.ro\/sdbi\/wp-content\/uploads\/2026\/02\/2026_Hartel_TR_FV_CNATDCU.pdf\" data-type=\"link\" data-id=\"https:\/\/biogeo.ubbcluj.ro\/sdbi\/wp-content\/uploads\/2026\/02\/2026_Hartel_TR_FV_CNATDCU.pdf\">Conf. Dr. Rudolf Rudolf Hartel<\/a><\/h3>\n\n\n\n<p><\/p>\n\n\n\n<h3 class=\"wp-block-heading\"><a href=\"https:\/\/biogeo.ubbcluj.ro\/sdbi\/wp-content\/uploads\/2026\/02\/2026_Keresztes_L_FV_CNATDCU.pdf\" data-type=\"link\" data-id=\"https:\/\/biogeo.ubbcluj.ro\/sdbi\/wp-content\/uploads\/2026\/02\/2026_Keresztes_L_FV_CNATDCU.pdf\">Conf. Dr. Lujza Keresztes<\/a><\/h3>\n\n\n\n<p><\/p>\n\n\n\n<h3 class=\"wp-block-heading\"><a href=\"https:\/\/biogeo.ubbcluj.ro\/sdbi\/wp-content\/uploads\/2026\/02\/2026_Laszlo_FV_FV_CNATDCU.pdf\" data-type=\"link\" data-id=\"https:\/\/biogeo.ubbcluj.ro\/sdbi\/wp-content\/uploads\/2026\/02\/2026_Laszlo_FV_FV_CNATDCU.pdf\">Conf. Dr.Zoltan Laszlo<\/a><\/h3>\n\n\n\n<p><\/p>\n\n\n\n<h3 class=\"wp-block-heading\"><a href=\"https:\/\/biogeo.ubbcluj.ro\/sdbi\/wp-content\/uploads\/2026\/02\/2026_Meleg_I_FV_CNATDCU.pdf\" data-type=\"link\" data-id=\"https:\/\/biogeo.ubbcluj.ro\/sdbi\/wp-content\/uploads\/2026\/02\/2026_Meleg_I_FV_CNATDCU.pdf\">C.S.II Dr. Ioana Meleg<\/a><\/h3>\n\n\n\n<p><\/p>\n\n\n\n<h3 class=\"wp-block-heading\"><a href=\"https:\/\/biogeo.ubbcluj.ro\/sdbi\/wp-content\/uploads\/2026\/02\/2026_Puscas_M_FV_CNATDCU.pdf\" data-type=\"link\" data-id=\"https:\/\/biogeo.ubbcluj.ro\/sdbi\/wp-content\/uploads\/2026\/02\/2026_Puscas_M_FV_CNATDCU.pdf\">Prof. Dr. Mihai Pu\u0219ca\u0219<\/a><\/h3>\n\n\n\n<p><\/p>\n\n\n\n<h3 class=\"wp-block-heading\"><a href=\"https:\/\/biogeo.ubbcluj.ro\/sdbi\/wp-content\/uploads\/2026\/02\/2026_Pap_PL_FV_CNATDCU.pdf\" data-type=\"link\" data-id=\"https:\/\/biogeo.ubbcluj.ro\/sdbi\/wp-content\/uploads\/2026\/02\/2026_Pap_PL_FV_CNATDCU.pdf\">Prof. Dr. P\u00e9ter L\u00e1szl\u00f3 Pap<\/a><\/h3>\n\n\n\n<p><\/p>\n\n\n\n<h3 class=\"wp-block-heading\"><a href=\"https:\/\/biogeo.ubbcluj.ro\/sdbi\/wp-content\/uploads\/2026\/02\/2026_Ruprecht_E_FV_CNATDCU.pdf\" data-type=\"link\" data-id=\"https:\/\/biogeo.ubbcluj.ro\/sdbi\/wp-content\/uploads\/2026\/02\/2026_Ruprecht_E_FV_CNATDCU.pdf\">Conf. Dr. Eszter Ruprecht<\/a><\/h3>\n\n\n\n<p><\/p>\n\n\n\n<h3 class=\"wp-block-heading\"><a href=\"https:\/\/biogeo.ubbcluj.ro\/sdbi\/wp-content\/uploads\/2026\/02\/2026_Sevcencu_C_FV_CNATDCU.pdf\" data-type=\"link\" data-id=\"https:\/\/biogeo.ubbcluj.ro\/sdbi\/wp-content\/uploads\/2026\/02\/2026_Sevcencu_C_FV_CNATDCU.pdf\">C.S.I Dr. Cristian Sevcencu<\/a><\/h3>\n\n\n\n<p><\/p>\n\n\n\n<p><\/p>\n","protected":false},"excerpt":{"rendered":"<p>Here you can consult the sheets regarding the fulfillment of the standards of the biology and biochemistry committee of CNATDCU Prof. Dr. Horia-Leonard Banciu Prof. Dr. Manuela Banciu Prof. Dr. Anca Butiuc C.S.I Dr. Vlad Cojocaru Conf. Dr. Rudolf Rudolf Hartel Conf. Dr. Lujza Keresztes Conf. Dr.Zoltan Laszlo C.S.II Dr.&hellip;<\/p>\n","protected":false},"author":3,"featured_media":0,"parent":0,"menu_order":0,"comment_status":"closed","ping_status":"closed","template":"","meta":{"footnotes":""},"class_list":["post-2778","page","type-page","status-publish","hentry"],"yoast_head":"<!-- This site is optimized with the Yoast SEO plugin v27.0 - https:\/\/yoast.com\/product\/yoast-seo-wordpress\/ -->\n<title>Official scientific standards - Scoala Doctorala Biologie Integrativa<\/title>\n<meta name=\"robots\" content=\"index, follow, max-snippet:-1, max-image-preview:large, max-video-preview:-1\" \/>\n<link rel=\"canonical\" href=\"https:\/\/biogeo.ubbcluj.ro\/sdbi\/?page_id=2778&lang=en\" \/>\n<meta property=\"og:locale\" content=\"en_US\" \/>\n<meta property=\"og:type\" content=\"article\" \/>\n<meta property=\"og:title\" content=\"Official scientific standards - Scoala Doctorala Biologie Integrativa\" \/>\n<meta property=\"og:description\" content=\"Here you can consult the sheets regarding the fulfillment of the standards of the biology and biochemistry committee of CNATDCU Prof. Dr. Horia-Leonard Banciu Prof. Dr. Manuela Banciu Prof. Dr. Anca Butiuc C.S.I Dr. Vlad Cojocaru Conf. Dr. Rudolf Rudolf Hartel Conf. Dr. Lujza Keresztes Conf. Dr.Zoltan Laszlo C.S.II Dr.&hellip;\" \/>\n<meta property=\"og:url\" content=\"https:\/\/biogeo.ubbcluj.ro\/sdbi\/?page_id=2778&amp;lang=en\" \/>\n<meta property=\"og:site_name\" content=\"Scoala Doctorala Biologie Integrativa\" \/>\n<meta property=\"article:modified_time\" content=\"2026-02-25T15:41:50+00:00\" \/>\n<meta name=\"twitter:card\" content=\"summary_large_image\" \/>\n<script type=\"application\/ld+json\" class=\"yoast-schema-graph\">{\"@context\":\"https:\/\/schema.org\",\"@graph\":[{\"@type\":\"WebPage\",\"@id\":\"https:\/\/biogeo.ubbcluj.ro\/sdbi\/?page_id=2778&lang=en\",\"url\":\"https:\/\/biogeo.ubbcluj.ro\/sdbi\/?page_id=2778&lang=en\",\"name\":\"Official scientific standards - Scoala Doctorala Biologie Integrativa\",\"isPartOf\":{\"@id\":\"https:\/\/biogeo.ubbcluj.ro\/sdbi\/#website\"},\"datePublished\":\"2026-02-24T08:55:32+00:00\",\"dateModified\":\"2026-02-25T15:41:50+00:00\",\"breadcrumb\":{\"@id\":\"https:\/\/biogeo.ubbcluj.ro\/sdbi\/?page_id=2778&lang=en#breadcrumb\"},\"inLanguage\":\"en-US\",\"potentialAction\":[{\"@type\":\"ReadAction\",\"target\":[\"https:\/\/biogeo.ubbcluj.ro\/sdbi\/?page_id=2778&lang=en\"]}]},{\"@type\":\"BreadcrumbList\",\"@id\":\"https:\/\/biogeo.ubbcluj.ro\/sdbi\/?page_id=2778&lang=en#breadcrumb\",\"itemListElement\":[{\"@type\":\"ListItem\",\"position\":1,\"name\":\"Home\",\"item\":\"https:\/\/biogeo.ubbcluj.ro\/sdbi\/\"},{\"@type\":\"ListItem\",\"position\":2,\"name\":\"Official scientific standards\"}]},{\"@type\":\"WebSite\",\"@id\":\"https:\/\/biogeo.ubbcluj.ro\/sdbi\/#website\",\"url\":\"https:\/\/biogeo.ubbcluj.ro\/sdbi\/\",\"name\":\"Scoala Doctorala Biologie Integrativa\",\"description\":\"\",\"publisher\":{\"@id\":\"https:\/\/biogeo.ubbcluj.ro\/sdbi\/#organization\"},\"potentialAction\":[{\"@type\":\"SearchAction\",\"target\":{\"@type\":\"EntryPoint\",\"urlTemplate\":\"https:\/\/biogeo.ubbcluj.ro\/sdbi\/?s={search_term_string}\"},\"query-input\":{\"@type\":\"PropertyValueSpecification\",\"valueRequired\":true,\"valueName\":\"search_term_string\"}}],\"inLanguage\":\"en-US\"},{\"@type\":\"Organization\",\"@id\":\"https:\/\/biogeo.ubbcluj.ro\/sdbi\/#organization\",\"name\":\"Scoala Doctorala Biologie Integrativa\",\"url\":\"https:\/\/biogeo.ubbcluj.ro\/sdbi\/\",\"logo\":{\"@type\":\"ImageObject\",\"inLanguage\":\"en-US\",\"@id\":\"https:\/\/biogeo.ubbcluj.ro\/sdbi\/#\/schema\/logo\/image\/\",\"url\":\"https:\/\/biogeo.ubbcluj.ro\/sdbi\/wp-content\/uploads\/2024\/10\/cropped-DSIB_Logo-04.png\",\"contentUrl\":\"https:\/\/biogeo.ubbcluj.ro\/sdbi\/wp-content\/uploads\/2024\/10\/cropped-DSIB_Logo-04.png\",\"width\":2499,\"height\":665,\"caption\":\"Scoala Doctorala Biologie Integrativa\"},\"image\":{\"@id\":\"https:\/\/biogeo.ubbcluj.ro\/sdbi\/#\/schema\/logo\/image\/\"}}]}<\/script>\n<!-- \/ Yoast SEO plugin. -->","yoast_head_json":{"title":"Official scientific standards - Scoala Doctorala Biologie Integrativa","robots":{"index":"index","follow":"follow","max-snippet":"max-snippet:-1","max-image-preview":"max-image-preview:large","max-video-preview":"max-video-preview:-1"},"canonical":"https:\/\/biogeo.ubbcluj.ro\/sdbi\/?page_id=2778&lang=en","og_locale":"en_US","og_type":"article","og_title":"Official scientific standards - Scoala Doctorala Biologie Integrativa","og_description":"Here you can consult the sheets regarding the fulfillment of the standards of the biology and biochemistry committee of CNATDCU Prof. Dr. Horia-Leonard Banciu Prof. Dr. Manuela Banciu Prof. Dr. Anca Butiuc C.S.I Dr. Vlad Cojocaru Conf. Dr. Rudolf Rudolf Hartel Conf. Dr. Lujza Keresztes Conf. Dr.Zoltan Laszlo C.S.II Dr.&hellip;","og_url":"https:\/\/biogeo.ubbcluj.ro\/sdbi\/?page_id=2778&lang=en","og_site_name":"Scoala Doctorala Biologie Integrativa","article_modified_time":"2026-02-25T15:41:50+00:00","twitter_card":"summary_large_image","schema":{"@context":"https:\/\/schema.org","@graph":[{"@type":"WebPage","@id":"https:\/\/biogeo.ubbcluj.ro\/sdbi\/?page_id=2778&lang=en","url":"https:\/\/biogeo.ubbcluj.ro\/sdbi\/?page_id=2778&lang=en","name":"Official scientific standards - Scoala Doctorala Biologie Integrativa","isPartOf":{"@id":"https:\/\/biogeo.ubbcluj.ro\/sdbi\/#website"},"datePublished":"2026-02-24T08:55:32+00:00","dateModified":"2026-02-25T15:41:50+00:00","breadcrumb":{"@id":"https:\/\/biogeo.ubbcluj.ro\/sdbi\/?page_id=2778&lang=en#breadcrumb"},"inLanguage":"en-US","potentialAction":[{"@type":"ReadAction","target":["https:\/\/biogeo.ubbcluj.ro\/sdbi\/?page_id=2778&lang=en"]}]},{"@type":"BreadcrumbList","@id":"https:\/\/biogeo.ubbcluj.ro\/sdbi\/?page_id=2778&lang=en#breadcrumb","itemListElement":[{"@type":"ListItem","position":1,"name":"Home","item":"https:\/\/biogeo.ubbcluj.ro\/sdbi\/"},{"@type":"ListItem","position":2,"name":"Official scientific standards"}]},{"@type":"WebSite","@id":"https:\/\/biogeo.ubbcluj.ro\/sdbi\/#website","url":"https:\/\/biogeo.ubbcluj.ro\/sdbi\/","name":"Scoala Doctorala Biologie Integrativa","description":"","publisher":{"@id":"https:\/\/biogeo.ubbcluj.ro\/sdbi\/#organization"},"potentialAction":[{"@type":"SearchAction","target":{"@type":"EntryPoint","urlTemplate":"https:\/\/biogeo.ubbcluj.ro\/sdbi\/?s={search_term_string}"},"query-input":{"@type":"PropertyValueSpecification","valueRequired":true,"valueName":"search_term_string"}}],"inLanguage":"en-US"},{"@type":"Organization","@id":"https:\/\/biogeo.ubbcluj.ro\/sdbi\/#organization","name":"Scoala Doctorala Biologie Integrativa","url":"https:\/\/biogeo.ubbcluj.ro\/sdbi\/","logo":{"@type":"ImageObject","inLanguage":"en-US","@id":"https:\/\/biogeo.ubbcluj.ro\/sdbi\/#\/schema\/logo\/image\/","url":"https:\/\/biogeo.ubbcluj.ro\/sdbi\/wp-content\/uploads\/2024\/10\/cropped-DSIB_Logo-04.png","contentUrl":"https:\/\/biogeo.ubbcluj.ro\/sdbi\/wp-content\/uploads\/2024\/10\/cropped-DSIB_Logo-04.png","width":2499,"height":665,"caption":"Scoala Doctorala Biologie Integrativa"},"image":{"@id":"https:\/\/biogeo.ubbcluj.ro\/sdbi\/#\/schema\/logo\/image\/"}}]}},"_links":{"self":[{"href":"https:\/\/biogeo.ubbcluj.ro\/sdbi\/index.php?rest_route=\/wp\/v2\/pages\/2778","targetHints":{"allow":["GET"]}}],"collection":[{"href":"https:\/\/biogeo.ubbcluj.ro\/sdbi\/index.php?rest_route=\/wp\/v2\/pages"}],"about":[{"href":"https:\/\/biogeo.ubbcluj.ro\/sdbi\/index.php?rest_route=\/wp\/v2\/types\/page"}],"author":[{"embeddable":true,"href":"https:\/\/biogeo.ubbcluj.ro\/sdbi\/index.php?rest_route=\/wp\/v2\/users\/3"}],"replies":[{"embeddable":true,"href":"https:\/\/biogeo.ubbcluj.ro\/sdbi\/index.php?rest_route=%2Fwp%2Fv2%2Fcomments&post=2778"}],"version-history":[{"count":3,"href":"https:\/\/biogeo.ubbcluj.ro\/sdbi\/index.php?rest_route=\/wp\/v2\/pages\/2778\/revisions"}],"predecessor-version":[{"id":2782,"href":"https:\/\/biogeo.ubbcluj.ro\/sdbi\/index.php?rest_route=\/wp\/v2\/pages\/2778\/revisions\/2782"}],"wp:attachment":[{"href":"https:\/\/biogeo.ubbcluj.ro\/sdbi\/index.php?rest_route=%2Fwp%2Fv2%2Fmedia&parent=2778"}],"curies":[{"name":"wp","href":"https:\/\/api.w.org\/{rel}","templated":true}]}}