{"id":2168,"date":"2026-02-22T07:42:54","date_gmt":"2026-02-22T07:42:54","guid":{"rendered":"https:\/\/biogeo.ubbcluj.ro\/institut_test\/?page_id=2168"},"modified":"2026-02-23T21:14:17","modified_gmt":"2026-02-23T21:14:17","slug":"cooptare","status":"publish","type":"page","link":"https:\/\/biogeo.ubbcluj.ro\/sdbi\/?page_id=2168","title":{"rendered":"Cooptare"},"content":{"rendered":"\n<h2 class=\"wp-block-heading\">Cooptarea \u00een \u015ecoala Doctoral\u0103 \u201eBiologie Integrativ\u0103\u201d se realizeaz\u0103 pe baza unei cereri adresat\u0103 consiliului \u0218DBI odat\u0103 \u00eendeplinite urm\u0103toarele condi\u021bii:<\/h2>\n\n\n\n<p><\/p>\n\n\n\n<ul class=\"wp-block-list spaced_list\">\n<li>ob\u021binerea unui punctaj de cel pu\u021bin 100% peste cel minim la criteriul de recunoa\u0219tere interna\u021bional\u0103 din standarde minimale pentru acordarea atestatului de abilitare stabilite de Comisia de Biologie si Biochimie din cadrul CNATDCU, \u00een vigoare la momentul solicit\u0103rii;<\/li>\n<\/ul>\n\n\n\n<p><\/p>\n\n\n\n<ul class=\"wp-block-list spaced_list\">\n<li>publicarea a cel pu\u021bin trei articole \u0219tiin\u021bifice \u00een ultimii 3 ani \u00een calitate de autor principal (prim autor, autor de coresponden\u021b\u0103 sau ultimul autor) \u00een reviste ISI care la momentul public\u0103rii au avut AIS de cel pu\u021bin 0,5, sau (alternativ) autor principal a dou\u0103 articole \u0219tiin\u021bifice publicate \u00een ultimii 3 ani \u00een reviste ISI cu FI aflate \u00een top 25% (Q1 conform Journal Citation Report) pe domeniu, sau (alternativ) autor principal al unui articol \u0219tiin\u021bific \u00een reviste ISI clasate \u00eentre primele 3 (top 3) din domeniu (conform Journal Citation Report).<\/li>\n<\/ul>\n\n\n\n<p><\/p>\n\n\n\n<ul class=\"wp-block-list spaced_list\">\n<li>propunerea a 1-3 teme de cercetare interdisciplinare care s\u0103 fie sus\u021binute prin publica\u021bii \u0219tiin\u021bifice cu vizibilitate interna\u021bional\u0103 (cu FI sau AIS) \u00een ultimii 3 ani<br><\/li>\n<\/ul>\n\n\n\n<div style=\"height:50px\" aria-hidden=\"true\" class=\"wp-block-spacer\"><\/div>\n\n\n\n<h2 class=\"wp-block-heading\">Documentele necesare pentru cooptarea \u00een \u015ecoala Doctoral\u0103 \u201eBiologie Integrativ\u0103\u201d sunt urm\u0103toarele:<\/h2>\n\n\n\n<p><\/p>\n\n\n\n<ul class=\"wp-block-list\">\n<li>cererea completat\u0103<\/li>\n<\/ul>\n\n\n\n<p><\/p>\n\n\n\n<ul class=\"wp-block-list\">\n<li>dovada de\u021binerii calit\u0103\u021bii de conduc\u0103tor de doctorat (pentru cei care au ob\u021binut aceast\u0103 calitate \u00eenainte de adoptarea Legii Educa\u021biei Na\u021bionale nr. 199\/2023);<\/li>\n<\/ul>\n\n\n\n<p><\/p>\n\n\n\n<ul class=\"wp-block-list\">\n<li>dovada \u00eendeplinirii standardelor minimale pentru acordarea atestatului de abilitare stabilite de comisia de specialitate Biologie \u0219i Biochimie a CNATDCU, \u00een vigoare la momentul solicit\u0103rii;<\/li>\n<\/ul>\n\n\n\n<p><\/p>\n\n\n\n<ul class=\"wp-block-list\">\n<li>dovada \u00eendeplinirii standardelor suplimentare de performan\u021b\u0103 \u0219tiin\u021bific\u0103 ale \u0218DBI \u00een vigoare la momentul solicit\u0103rii;<\/li>\n<\/ul>\n\n\n\n<p><\/p>\n\n\n\n<ul class=\"wp-block-list\">\n<li>lista de 1-3 teme de cercetare interdisciplinare propuse.<\/li>\n<\/ul>\n\n\n\n<div style=\"height:50px\" aria-hidden=\"true\" class=\"wp-block-spacer\"><\/div>\n\n\n\n<h2 class=\"wp-block-heading\">Decizia privind cooptarea se ia prin vot secret de c\u0103tre consiliul \u015eDBI \u00een urm\u0103 consult\u0103rii tuturor conduc\u0103torilor de doctorat afilia\u021bi \u015eDBI<\/h2>\n","protected":false},"excerpt":{"rendered":"<p>Cooptarea \u00een \u015ecoala Doctoral\u0103 \u201eBiologie Integrativ\u0103\u201d se realizeaz\u0103 pe baza unei cereri adresat\u0103 consiliului \u0218DBI odat\u0103 \u00eendeplinite urm\u0103toarele condi\u021bii: Documentele necesare pentru cooptarea \u00een \u015ecoala Doctoral\u0103 \u201eBiologie Integrativ\u0103\u201d sunt urm\u0103toarele: Decizia privind cooptarea se ia prin vot secret de c\u0103tre consiliul \u015eDBI \u00een urm\u0103 consult\u0103rii tuturor conduc\u0103torilor de doctorat afilia\u021bi&hellip;<\/p>\n","protected":false},"author":3,"featured_media":0,"parent":0,"menu_order":0,"comment_status":"closed","ping_status":"closed","template":"fullwidth-template.php","meta":{"footnotes":""},"class_list":["post-2168","page","type-page","status-publish","hentry"],"yoast_head":"<!-- This site is optimized with the Yoast SEO plugin v27.0 - https:\/\/yoast.com\/product\/yoast-seo-wordpress\/ -->\n<title>Cooptare - Scoala Doctorala Biologie Integrativa<\/title>\n<meta name=\"robots\" content=\"index, follow, max-snippet:-1, max-image-preview:large, max-video-preview:-1\" \/>\n<link rel=\"canonical\" href=\"https:\/\/biogeo.ubbcluj.ro\/sdbi\/?page_id=2168\" \/>\n<meta property=\"og:locale\" content=\"en_US\" \/>\n<meta property=\"og:type\" content=\"article\" \/>\n<meta property=\"og:title\" content=\"Cooptare - Scoala Doctorala Biologie Integrativa\" \/>\n<meta property=\"og:description\" content=\"Cooptarea \u00een \u015ecoala Doctoral\u0103 \u201eBiologie Integrativ\u0103\u201d se realizeaz\u0103 pe baza unei cereri adresat\u0103 consiliului \u0218DBI odat\u0103 \u00eendeplinite urm\u0103toarele condi\u021bii: Documentele necesare pentru cooptarea \u00een \u015ecoala Doctoral\u0103 \u201eBiologie Integrativ\u0103\u201d sunt urm\u0103toarele: Decizia privind cooptarea se ia prin vot secret de c\u0103tre consiliul \u015eDBI \u00een urm\u0103 consult\u0103rii tuturor conduc\u0103torilor de doctorat afilia\u021bi&hellip;\" \/>\n<meta property=\"og:url\" content=\"https:\/\/biogeo.ubbcluj.ro\/sdbi\/?page_id=2168\" \/>\n<meta property=\"og:site_name\" content=\"Scoala Doctorala Biologie Integrativa\" \/>\n<meta property=\"article:modified_time\" content=\"2026-02-23T21:14:17+00:00\" \/>\n<meta name=\"twitter:card\" content=\"summary_large_image\" \/>\n<meta name=\"twitter:label1\" content=\"Est. reading time\" \/>\n\t<meta name=\"twitter:data1\" content=\"1 minute\" \/>\n<script type=\"application\/ld+json\" class=\"yoast-schema-graph\">{\"@context\":\"https:\/\/schema.org\",\"@graph\":[{\"@type\":\"WebPage\",\"@id\":\"https:\/\/biogeo.ubbcluj.ro\/sdbi\/?page_id=2168\",\"url\":\"https:\/\/biogeo.ubbcluj.ro\/sdbi\/?page_id=2168\",\"name\":\"Cooptare - Scoala Doctorala Biologie Integrativa\",\"isPartOf\":{\"@id\":\"https:\/\/biogeo.ubbcluj.ro\/sdbi\/#website\"},\"datePublished\":\"2026-02-22T07:42:54+00:00\",\"dateModified\":\"2026-02-23T21:14:17+00:00\",\"breadcrumb\":{\"@id\":\"https:\/\/biogeo.ubbcluj.ro\/sdbi\/?page_id=2168#breadcrumb\"},\"inLanguage\":\"en-US\",\"potentialAction\":[{\"@type\":\"ReadAction\",\"target\":[\"https:\/\/biogeo.ubbcluj.ro\/sdbi\/?page_id=2168\"]}]},{\"@type\":\"BreadcrumbList\",\"@id\":\"https:\/\/biogeo.ubbcluj.ro\/sdbi\/?page_id=2168#breadcrumb\",\"itemListElement\":[{\"@type\":\"ListItem\",\"position\":1,\"name\":\"Home\",\"item\":\"https:\/\/biogeo.ubbcluj.ro\/sdbi\/\"},{\"@type\":\"ListItem\",\"position\":2,\"name\":\"Cooptare\"}]},{\"@type\":\"WebSite\",\"@id\":\"https:\/\/biogeo.ubbcluj.ro\/sdbi\/#website\",\"url\":\"https:\/\/biogeo.ubbcluj.ro\/sdbi\/\",\"name\":\"Scoala Doctorala Biologie Integrativa\",\"description\":\"\",\"publisher\":{\"@id\":\"https:\/\/biogeo.ubbcluj.ro\/sdbi\/#organization\"},\"potentialAction\":[{\"@type\":\"SearchAction\",\"target\":{\"@type\":\"EntryPoint\",\"urlTemplate\":\"https:\/\/biogeo.ubbcluj.ro\/sdbi\/?s={search_term_string}\"},\"query-input\":{\"@type\":\"PropertyValueSpecification\",\"valueRequired\":true,\"valueName\":\"search_term_string\"}}],\"inLanguage\":\"en-US\"},{\"@type\":\"Organization\",\"@id\":\"https:\/\/biogeo.ubbcluj.ro\/sdbi\/#organization\",\"name\":\"Scoala Doctorala Biologie Integrativa\",\"url\":\"https:\/\/biogeo.ubbcluj.ro\/sdbi\/\",\"logo\":{\"@type\":\"ImageObject\",\"inLanguage\":\"en-US\",\"@id\":\"https:\/\/biogeo.ubbcluj.ro\/sdbi\/#\/schema\/logo\/image\/\",\"url\":\"https:\/\/biogeo.ubbcluj.ro\/sdbi\/wp-content\/uploads\/2024\/10\/cropped-DSIB_Logo-04.png\",\"contentUrl\":\"https:\/\/biogeo.ubbcluj.ro\/sdbi\/wp-content\/uploads\/2024\/10\/cropped-DSIB_Logo-04.png\",\"width\":2499,\"height\":665,\"caption\":\"Scoala Doctorala Biologie Integrativa\"},\"image\":{\"@id\":\"https:\/\/biogeo.ubbcluj.ro\/sdbi\/#\/schema\/logo\/image\/\"}}]}<\/script>\n<!-- \/ Yoast SEO plugin. -->","yoast_head_json":{"title":"Cooptare - Scoala Doctorala Biologie Integrativa","robots":{"index":"index","follow":"follow","max-snippet":"max-snippet:-1","max-image-preview":"max-image-preview:large","max-video-preview":"max-video-preview:-1"},"canonical":"https:\/\/biogeo.ubbcluj.ro\/sdbi\/?page_id=2168","og_locale":"en_US","og_type":"article","og_title":"Cooptare - Scoala Doctorala Biologie Integrativa","og_description":"Cooptarea \u00een \u015ecoala Doctoral\u0103 \u201eBiologie Integrativ\u0103\u201d se realizeaz\u0103 pe baza unei cereri adresat\u0103 consiliului \u0218DBI odat\u0103 \u00eendeplinite urm\u0103toarele condi\u021bii: Documentele necesare pentru cooptarea \u00een \u015ecoala Doctoral\u0103 \u201eBiologie Integrativ\u0103\u201d sunt urm\u0103toarele: Decizia privind cooptarea se ia prin vot secret de c\u0103tre consiliul \u015eDBI \u00een urm\u0103 consult\u0103rii tuturor conduc\u0103torilor de doctorat afilia\u021bi&hellip;","og_url":"https:\/\/biogeo.ubbcluj.ro\/sdbi\/?page_id=2168","og_site_name":"Scoala Doctorala Biologie Integrativa","article_modified_time":"2026-02-23T21:14:17+00:00","twitter_card":"summary_large_image","twitter_misc":{"Est. reading time":"1 minute"},"schema":{"@context":"https:\/\/schema.org","@graph":[{"@type":"WebPage","@id":"https:\/\/biogeo.ubbcluj.ro\/sdbi\/?page_id=2168","url":"https:\/\/biogeo.ubbcluj.ro\/sdbi\/?page_id=2168","name":"Cooptare - Scoala Doctorala Biologie Integrativa","isPartOf":{"@id":"https:\/\/biogeo.ubbcluj.ro\/sdbi\/#website"},"datePublished":"2026-02-22T07:42:54+00:00","dateModified":"2026-02-23T21:14:17+00:00","breadcrumb":{"@id":"https:\/\/biogeo.ubbcluj.ro\/sdbi\/?page_id=2168#breadcrumb"},"inLanguage":"en-US","potentialAction":[{"@type":"ReadAction","target":["https:\/\/biogeo.ubbcluj.ro\/sdbi\/?page_id=2168"]}]},{"@type":"BreadcrumbList","@id":"https:\/\/biogeo.ubbcluj.ro\/sdbi\/?page_id=2168#breadcrumb","itemListElement":[{"@type":"ListItem","position":1,"name":"Home","item":"https:\/\/biogeo.ubbcluj.ro\/sdbi\/"},{"@type":"ListItem","position":2,"name":"Cooptare"}]},{"@type":"WebSite","@id":"https:\/\/biogeo.ubbcluj.ro\/sdbi\/#website","url":"https:\/\/biogeo.ubbcluj.ro\/sdbi\/","name":"Scoala Doctorala Biologie Integrativa","description":"","publisher":{"@id":"https:\/\/biogeo.ubbcluj.ro\/sdbi\/#organization"},"potentialAction":[{"@type":"SearchAction","target":{"@type":"EntryPoint","urlTemplate":"https:\/\/biogeo.ubbcluj.ro\/sdbi\/?s={search_term_string}"},"query-input":{"@type":"PropertyValueSpecification","valueRequired":true,"valueName":"search_term_string"}}],"inLanguage":"en-US"},{"@type":"Organization","@id":"https:\/\/biogeo.ubbcluj.ro\/sdbi\/#organization","name":"Scoala Doctorala Biologie Integrativa","url":"https:\/\/biogeo.ubbcluj.ro\/sdbi\/","logo":{"@type":"ImageObject","inLanguage":"en-US","@id":"https:\/\/biogeo.ubbcluj.ro\/sdbi\/#\/schema\/logo\/image\/","url":"https:\/\/biogeo.ubbcluj.ro\/sdbi\/wp-content\/uploads\/2024\/10\/cropped-DSIB_Logo-04.png","contentUrl":"https:\/\/biogeo.ubbcluj.ro\/sdbi\/wp-content\/uploads\/2024\/10\/cropped-DSIB_Logo-04.png","width":2499,"height":665,"caption":"Scoala Doctorala Biologie Integrativa"},"image":{"@id":"https:\/\/biogeo.ubbcluj.ro\/sdbi\/#\/schema\/logo\/image\/"}}]}},"_links":{"self":[{"href":"https:\/\/biogeo.ubbcluj.ro\/sdbi\/index.php?rest_route=\/wp\/v2\/pages\/2168","targetHints":{"allow":["GET"]}}],"collection":[{"href":"https:\/\/biogeo.ubbcluj.ro\/sdbi\/index.php?rest_route=\/wp\/v2\/pages"}],"about":[{"href":"https:\/\/biogeo.ubbcluj.ro\/sdbi\/index.php?rest_route=\/wp\/v2\/types\/page"}],"author":[{"embeddable":true,"href":"https:\/\/biogeo.ubbcluj.ro\/sdbi\/index.php?rest_route=\/wp\/v2\/users\/3"}],"replies":[{"embeddable":true,"href":"https:\/\/biogeo.ubbcluj.ro\/sdbi\/index.php?rest_route=%2Fwp%2Fv2%2Fcomments&post=2168"}],"version-history":[{"count":35,"href":"https:\/\/biogeo.ubbcluj.ro\/sdbi\/index.php?rest_route=\/wp\/v2\/pages\/2168\/revisions"}],"predecessor-version":[{"id":2545,"href":"https:\/\/biogeo.ubbcluj.ro\/sdbi\/index.php?rest_route=\/wp\/v2\/pages\/2168\/revisions\/2545"}],"wp:attachment":[{"href":"https:\/\/biogeo.ubbcluj.ro\/sdbi\/index.php?rest_route=%2Fwp%2Fv2%2Fmedia&parent=2168"}],"curies":[{"name":"wp","href":"https:\/\/api.w.org\/{rel}","templated":true}]}}