{"id":1360,"date":"2021-05-16T13:47:33","date_gmt":"2021-05-16T13:47:33","guid":{"rendered":"https:\/\/biogeo.ubbcluj.ro\/institut_test\/?page_id=1360"},"modified":"2026-02-23T10:14:23","modified_gmt":"2026-02-23T10:14:23","slug":"events","status":"publish","type":"page","link":"https:\/\/biogeo.ubbcluj.ro\/sdbi\/?page_id=1360&lang=en","title":{"rendered":"Events"},"content":{"rendered":"\n<h3 class=\"wp-block-heading\"><br><strong>Events organized under the auspices of the Doctoral School of Integrative Biology and with the active involvement of PhD supervisors and PhD students<\/strong><\/h3>\n\n\n\n<div style=\"height:50px\" aria-hidden=\"true\" class=\"wp-block-spacer\"><\/div>\n\n\n\n<h2 class=\"wp-block-heading\">2026<\/h2>\n\n\n\n<ul class=\"wp-block-list\">\n<li><strong>4\u20136 March 2026<\/strong> \u2013 Open Course (CFCIDFR): <em>Introduction to Phylogenetics and Phylogenomics<\/em><br>Instructor: Dr. G\u00e1bor Sramk\u00f3 (University of Debrecen, Hungary).<br>Venue: Faculty of Biology and Geology, Babe\u0219-Bolyai University, Cluj-Napoca.<\/li>\n<\/ul>\n\n\n\n<h2 class=\"wp-block-heading\">2025<\/h2>\n\n\n\n<ul class=\"wp-block-list\">\n<li><strong>6, 11\u201312 November 2025<\/strong> \u2013 Open Course (CFCIDFR): <em>From Sequencing to Diagnosis \u2013 Analysis and Interpretation of Genomic Variants in Mendelian Diseases<\/em><br>Instructors: Dr. Anna Benet-Pag\u00e8s; Dr. Andreas Laner (Medical Genetics Center, Munich, Germany); M\u0103d\u0103lina Giurgiu, PhD Candidate (Charit\u00e9 \u2013 Universit\u00e4tsmedizin Berlin, Germany).<br>Venue: Faculty of Biology and Geology, Babe\u0219-Bolyai University, Cluj-Napoca.<\/li>\n<\/ul>\n\n\n\n<p><\/p>\n\n\n\n<ul class=\"wp-block-list\">\n<li><strong>20 October 2025<\/strong> \u2013 Lecture by Dr. Mircea Ivan (Indiana University, USA)<br>Title: <em>Integration of Large Genomic Datasets in Pursuit of Biological Knowledge<\/em><br>Venue: Club Hall, Babe\u0219-Bolyai University, Cluj-Napoca.<\/li>\n<\/ul>\n\n\n\n<p><\/p>\n\n\n\n<ul class=\"wp-block-list\">\n<li><strong>28 March 2025<\/strong> \u2013 <em>UBB Master of Science Day<\/em><br>Venue: Casa Universitarilor, Babe\u0219-Bolyai University, Cluj-Napoca.<\/li>\n<\/ul>\n\n\n\n<p><\/p>\n\n\n\n<ul class=\"wp-block-list\">\n<li><strong>12 February 2025<\/strong> \u2013 Outreach Event: <em>YMS Series \u2013 Microbiome and Ancient Genomes Research<\/em><br>Speakers: Prof. Horia Banciu; Dr. habil. Ioana Meleg \u2013 Babe\u0219-Bolyai University.<br>Format: Online.<\/li>\n<\/ul>\n\n\n\n<h2 class=\"wp-block-heading\">2024<\/h2>\n\n\n\n<ul class=\"wp-block-list\">\n<li><strong>14\u201316 February 2024<\/strong> \u2013 Open Course (CFCIDFR): <em>Taxonomic Annotation of Sequences Using Community-wide Microbial Genomics<\/em><br>Instructors: Prof. Ramon Rosell\u00f3-M\u00f3ra; Dr. Tomeu Viver; Esteban Bustos-Caparr\u00f3s (IMEDEA, Esporles, Spain).<br>Venue: Faculty of Biology and Geology, Babe\u0219-Bolyai University.<\/li>\n<\/ul>\n\n\n\n<p><\/p>\n\n\n\n<ul class=\"wp-block-list\">\n<li><strong>14 February 2024<\/strong> \u2013 Lecture by Prof. Ramon Rosell\u00f3-M\u00f3ra (IMEDEA, Esporles, Spain)<br>Title: <em>Prokaryote Taxonomy in the Genomic Era and the Reasons to Create the SeqCode<\/em><br>Venue: Sala Nova, Faculty of Biology and Geology, Babe\u0219-Bolyai University.<\/li>\n<\/ul>\n\n\n\n<h2 class=\"wp-block-heading\">2023<\/h2>\n\n\n\n<ul class=\"wp-block-list\">\n<li><strong>27\u201329 November 2023<\/strong> \u2013 Open Course (CFCIDFR): <em>Plotting Literacy for Genomics \u2013 From Raw Data to Graphics and Vice Versa<\/em><br>Instructors: Dr. Dorin-Mirel Popescu \u2013 QIAGEN; Andrei Alexsson \u2013 QIAGEN.<br>Venue: Faculty of Biology and Geology, Babe\u0219-Bolyai University.<\/li>\n<\/ul>\n\n\n\n<p><\/p>\n\n\n\n<ul class=\"wp-block-list\">\n<li><strong>23\u201325 October 2023<\/strong> \u2013 Open Course (CFCIDFR): <em>Practical Course in Pathogen Genomics \u2013 From Data Analysis to Interpretation<\/em><br>Instructors: Dr. Monica Abrudan (University of Oxford, United Kingdom); Dr. Marius Surleac (National Institute for Infectious Diseases \u201cMatei Bal\u0219\u201d, Bucharest, Romania).<br>Venue: Faculty of Biology and Geology, Babe\u0219-Bolyai University.<\/li>\n<\/ul>\n\n\n\n<p><\/p>\n\n\n\n<ul class=\"wp-block-list\">\n<li><strong>8\u20139 March 2023<\/strong> \u2013 Open Course (CFCIDFR): <em>Introductory Course in Genomics \u2013 De Novo Sequencing, Assembly and Downstream Analyses<\/em><br>Instructor: Prof. Jean-Fran\u00e7ois Flot (Universit\u00e9 libre de Bruxelles, Belgium).<br>Venue: Faculty of Biology and Geology, Babe\u0219-Bolyai University.<\/li>\n<\/ul>\n\n\n\n<p><\/p>\n\n\n\n<ul class=\"wp-block-list\">\n<li><strong>24 February 2023<\/strong> \u2013 Lecture by Scott Tighe (University of Vermont, USA)<br>Title: <em>The Extreme Microbiome Project (XMP) and Advanced Technical Considerations for Studying Extreme Environments<\/em><br>Venue: Sala Nova, Faculty of Biology and Geology, Babe\u0219-Bolyai University.<\/li>\n<\/ul>\n\n\n\n<h2 class=\"wp-block-heading\">2022<\/h2>\n\n\n\n<ul class=\"wp-block-list\">\n<li><strong>7 July 2022<\/strong> \u2013 Lecture by Prof. Horia Banciu \u2013 Babe\u0219-Bolyai University<br>Title: <em>Open Science: What Does It Mean for the Natural and Life Sciences?<\/em><br>Format: Online.<\/li>\n<\/ul>\n\n\n\n<p><\/p>\n\n\n\n<ul class=\"wp-block-list\">\n<li><strong>11 April 2022<\/strong> \u2013 Lecture by Dr. Mina Bizi\u0107 (Leibniz Institute of Freshwater Ecology and Inland Fisheries, Berlin, Germany)<br>Title: <em>A Paradigm Shift in Methanogenesis Research \u2013 Introducing Oxic Methane Production<\/em> <br>Lecture by Dr. Danny Ionescu (Leibniz Institute of Freshwater Ecology and Inland Fisheries, Berlin, Germany), Title: <em>A Detective Story into the Genomics of the Giant Bacterium Achromatium<\/em>, Venue: Sala Nova, Faculty of Biology and Geology, Babe\u0219-Bolyai University, Cluj-Napoca.<\/li>\n<\/ul>\n","protected":false},"excerpt":{"rendered":"<p>Events organized under the auspices of the Doctoral School of Integrative Biology and with the active involvement of PhD supervisors and PhD students 2026 2025 2024 2023 2022<\/p>\n","protected":false},"author":3,"featured_media":0,"parent":0,"menu_order":0,"comment_status":"closed","ping_status":"closed","template":"fullwidth-template.php","meta":{"footnotes":""},"class_list":["post-1360","page","type-page","status-publish","hentry"],"yoast_head":"<!-- This site is optimized with the Yoast SEO plugin v27.0 - https:\/\/yoast.com\/product\/yoast-seo-wordpress\/ -->\n<title>Events - Scoala Doctorala Biologie Integrativa<\/title>\n<meta name=\"robots\" content=\"index, follow, max-snippet:-1, max-image-preview:large, max-video-preview:-1\" \/>\n<link rel=\"canonical\" href=\"https:\/\/biogeo.ubbcluj.ro\/sdbi\/?page_id=1360&lang=en\" \/>\n<meta property=\"og:locale\" content=\"en_US\" \/>\n<meta property=\"og:type\" content=\"article\" \/>\n<meta property=\"og:title\" content=\"Events - Scoala Doctorala Biologie Integrativa\" \/>\n<meta property=\"og:description\" content=\"Events organized under the auspices of the Doctoral School of Integrative Biology and with the active involvement of PhD supervisors and PhD students 2026 2025 2024 2023 2022\" \/>\n<meta property=\"og:url\" content=\"https:\/\/biogeo.ubbcluj.ro\/sdbi\/?page_id=1360&amp;lang=en\" \/>\n<meta property=\"og:site_name\" content=\"Scoala Doctorala Biologie Integrativa\" \/>\n<meta property=\"article:modified_time\" content=\"2026-02-23T10:14:23+00:00\" \/>\n<meta name=\"twitter:card\" content=\"summary_large_image\" \/>\n<meta name=\"twitter:label1\" content=\"Est. reading time\" \/>\n\t<meta name=\"twitter:data1\" content=\"2 minutes\" \/>\n<script type=\"application\/ld+json\" class=\"yoast-schema-graph\">{\"@context\":\"https:\/\/schema.org\",\"@graph\":[{\"@type\":\"WebPage\",\"@id\":\"https:\/\/biogeo.ubbcluj.ro\/sdbi\/?page_id=1360&lang=en\",\"url\":\"https:\/\/biogeo.ubbcluj.ro\/sdbi\/?page_id=1360&lang=en\",\"name\":\"Events - Scoala Doctorala Biologie Integrativa\",\"isPartOf\":{\"@id\":\"https:\/\/biogeo.ubbcluj.ro\/sdbi\/#website\"},\"datePublished\":\"2021-05-16T13:47:33+00:00\",\"dateModified\":\"2026-02-23T10:14:23+00:00\",\"breadcrumb\":{\"@id\":\"https:\/\/biogeo.ubbcluj.ro\/sdbi\/?page_id=1360&lang=en#breadcrumb\"},\"inLanguage\":\"en-US\",\"potentialAction\":[{\"@type\":\"ReadAction\",\"target\":[\"https:\/\/biogeo.ubbcluj.ro\/sdbi\/?page_id=1360&lang=en\"]}]},{\"@type\":\"BreadcrumbList\",\"@id\":\"https:\/\/biogeo.ubbcluj.ro\/sdbi\/?page_id=1360&lang=en#breadcrumb\",\"itemListElement\":[{\"@type\":\"ListItem\",\"position\":1,\"name\":\"Home\",\"item\":\"https:\/\/biogeo.ubbcluj.ro\/sdbi\/\"},{\"@type\":\"ListItem\",\"position\":2,\"name\":\"Events\"}]},{\"@type\":\"WebSite\",\"@id\":\"https:\/\/biogeo.ubbcluj.ro\/sdbi\/#website\",\"url\":\"https:\/\/biogeo.ubbcluj.ro\/sdbi\/\",\"name\":\"Scoala Doctorala Biologie Integrativa\",\"description\":\"\",\"publisher\":{\"@id\":\"https:\/\/biogeo.ubbcluj.ro\/sdbi\/#organization\"},\"potentialAction\":[{\"@type\":\"SearchAction\",\"target\":{\"@type\":\"EntryPoint\",\"urlTemplate\":\"https:\/\/biogeo.ubbcluj.ro\/sdbi\/?s={search_term_string}\"},\"query-input\":{\"@type\":\"PropertyValueSpecification\",\"valueRequired\":true,\"valueName\":\"search_term_string\"}}],\"inLanguage\":\"en-US\"},{\"@type\":\"Organization\",\"@id\":\"https:\/\/biogeo.ubbcluj.ro\/sdbi\/#organization\",\"name\":\"Scoala Doctorala Biologie Integrativa\",\"url\":\"https:\/\/biogeo.ubbcluj.ro\/sdbi\/\",\"logo\":{\"@type\":\"ImageObject\",\"inLanguage\":\"en-US\",\"@id\":\"https:\/\/biogeo.ubbcluj.ro\/sdbi\/#\/schema\/logo\/image\/\",\"url\":\"https:\/\/biogeo.ubbcluj.ro\/sdbi\/wp-content\/uploads\/2024\/10\/cropped-DSIB_Logo-04.png\",\"contentUrl\":\"https:\/\/biogeo.ubbcluj.ro\/sdbi\/wp-content\/uploads\/2024\/10\/cropped-DSIB_Logo-04.png\",\"width\":2499,\"height\":665,\"caption\":\"Scoala Doctorala Biologie Integrativa\"},\"image\":{\"@id\":\"https:\/\/biogeo.ubbcluj.ro\/sdbi\/#\/schema\/logo\/image\/\"}}]}<\/script>\n<!-- \/ Yoast SEO plugin. -->","yoast_head_json":{"title":"Events - Scoala Doctorala Biologie Integrativa","robots":{"index":"index","follow":"follow","max-snippet":"max-snippet:-1","max-image-preview":"max-image-preview:large","max-video-preview":"max-video-preview:-1"},"canonical":"https:\/\/biogeo.ubbcluj.ro\/sdbi\/?page_id=1360&lang=en","og_locale":"en_US","og_type":"article","og_title":"Events - Scoala Doctorala Biologie Integrativa","og_description":"Events organized under the auspices of the Doctoral School of Integrative Biology and with the active involvement of PhD supervisors and PhD students 2026 2025 2024 2023 2022","og_url":"https:\/\/biogeo.ubbcluj.ro\/sdbi\/?page_id=1360&lang=en","og_site_name":"Scoala Doctorala Biologie Integrativa","article_modified_time":"2026-02-23T10:14:23+00:00","twitter_card":"summary_large_image","twitter_misc":{"Est. reading time":"2 minutes"},"schema":{"@context":"https:\/\/schema.org","@graph":[{"@type":"WebPage","@id":"https:\/\/biogeo.ubbcluj.ro\/sdbi\/?page_id=1360&lang=en","url":"https:\/\/biogeo.ubbcluj.ro\/sdbi\/?page_id=1360&lang=en","name":"Events - Scoala Doctorala Biologie Integrativa","isPartOf":{"@id":"https:\/\/biogeo.ubbcluj.ro\/sdbi\/#website"},"datePublished":"2021-05-16T13:47:33+00:00","dateModified":"2026-02-23T10:14:23+00:00","breadcrumb":{"@id":"https:\/\/biogeo.ubbcluj.ro\/sdbi\/?page_id=1360&lang=en#breadcrumb"},"inLanguage":"en-US","potentialAction":[{"@type":"ReadAction","target":["https:\/\/biogeo.ubbcluj.ro\/sdbi\/?page_id=1360&lang=en"]}]},{"@type":"BreadcrumbList","@id":"https:\/\/biogeo.ubbcluj.ro\/sdbi\/?page_id=1360&lang=en#breadcrumb","itemListElement":[{"@type":"ListItem","position":1,"name":"Home","item":"https:\/\/biogeo.ubbcluj.ro\/sdbi\/"},{"@type":"ListItem","position":2,"name":"Events"}]},{"@type":"WebSite","@id":"https:\/\/biogeo.ubbcluj.ro\/sdbi\/#website","url":"https:\/\/biogeo.ubbcluj.ro\/sdbi\/","name":"Scoala Doctorala Biologie Integrativa","description":"","publisher":{"@id":"https:\/\/biogeo.ubbcluj.ro\/sdbi\/#organization"},"potentialAction":[{"@type":"SearchAction","target":{"@type":"EntryPoint","urlTemplate":"https:\/\/biogeo.ubbcluj.ro\/sdbi\/?s={search_term_string}"},"query-input":{"@type":"PropertyValueSpecification","valueRequired":true,"valueName":"search_term_string"}}],"inLanguage":"en-US"},{"@type":"Organization","@id":"https:\/\/biogeo.ubbcluj.ro\/sdbi\/#organization","name":"Scoala Doctorala Biologie Integrativa","url":"https:\/\/biogeo.ubbcluj.ro\/sdbi\/","logo":{"@type":"ImageObject","inLanguage":"en-US","@id":"https:\/\/biogeo.ubbcluj.ro\/sdbi\/#\/schema\/logo\/image\/","url":"https:\/\/biogeo.ubbcluj.ro\/sdbi\/wp-content\/uploads\/2024\/10\/cropped-DSIB_Logo-04.png","contentUrl":"https:\/\/biogeo.ubbcluj.ro\/sdbi\/wp-content\/uploads\/2024\/10\/cropped-DSIB_Logo-04.png","width":2499,"height":665,"caption":"Scoala Doctorala Biologie Integrativa"},"image":{"@id":"https:\/\/biogeo.ubbcluj.ro\/sdbi\/#\/schema\/logo\/image\/"}}]}},"_links":{"self":[{"href":"https:\/\/biogeo.ubbcluj.ro\/sdbi\/index.php?rest_route=\/wp\/v2\/pages\/1360","targetHints":{"allow":["GET"]}}],"collection":[{"href":"https:\/\/biogeo.ubbcluj.ro\/sdbi\/index.php?rest_route=\/wp\/v2\/pages"}],"about":[{"href":"https:\/\/biogeo.ubbcluj.ro\/sdbi\/index.php?rest_route=\/wp\/v2\/types\/page"}],"author":[{"embeddable":true,"href":"https:\/\/biogeo.ubbcluj.ro\/sdbi\/index.php?rest_route=\/wp\/v2\/users\/3"}],"replies":[{"embeddable":true,"href":"https:\/\/biogeo.ubbcluj.ro\/sdbi\/index.php?rest_route=%2Fwp%2Fv2%2Fcomments&post=1360"}],"version-history":[{"count":6,"href":"https:\/\/biogeo.ubbcluj.ro\/sdbi\/index.php?rest_route=\/wp\/v2\/pages\/1360\/revisions"}],"predecessor-version":[{"id":2404,"href":"https:\/\/biogeo.ubbcluj.ro\/sdbi\/index.php?rest_route=\/wp\/v2\/pages\/1360\/revisions\/2404"}],"wp:attachment":[{"href":"https:\/\/biogeo.ubbcluj.ro\/sdbi\/index.php?rest_route=%2Fwp%2Fv2%2Fmedia&parent=1360"}],"curies":[{"name":"wp","href":"https:\/\/api.w.org\/{rel}","templated":true}]}}