{"id":1353,"date":"2026-02-21T12:32:21","date_gmt":"2026-02-21T12:32:21","guid":{"rendered":"https:\/\/biogeo.ubbcluj.ro\/institut_test\/?page_id=1353"},"modified":"2026-02-27T11:00:39","modified_gmt":"2026-02-27T11:00:39","slug":"doctorat","status":"publish","type":"page","link":"https:\/\/biogeo.ubbcluj.ro\/sdbi\/?page_id=1353","title":{"rendered":"Doctorat"},"content":{"rendered":"\n<h2 class=\"wp-block-heading alignwide\"><strong>De ce s\u0103 te al\u0103turi programului nostru de doctorat?<\/strong><\/h2>\n\n\n\n<div style=\"height:25px\" aria-hidden=\"true\" class=\"wp-block-spacer\"><\/div>\n\n\n\n<p>\u0218coala Doctoral\u0103 de Biologie Integrativ\u0103 (\u0218DBI) ofer\u0103 un program de doctorat multi- \u0219i interdisciplinar \u00een care studen\u021bii doctoranzi sunt \u00eendruma\u021bi de oameni de \u0219tiin\u021b\u0103 consacra\u021bi, cu diverse teme de cercetare, de la Biologie a Mediului la Microbiologie, Biologie Structural\u0103 \u0219i Computa\u021bional\u0103. La fel ca \u00eentreaga Universitate Babe\u0219 Bolyiai, DSIB aspir\u0103 la excelen\u021b\u0103 \u0219i ofer\u0103 un program de doctorat cu un standard educa\u021bional \u0219i de dezvoltare ridicat. \u00cen cadrul acestui program, candida\u021bilor doctoranzi li se ofer\u0103 cursuri despre metode de ultim\u0103 genera\u021bie \u0219i teme de cercetare actuale, sunt \u00eendruma\u021bi prin proiecte de cercetare cu impact ridicat \u0219i sunt \u00eendruma\u021bi \u00een cariera lor. Programul de doctorat este \u00eemp\u0103r\u021bit \u00een patru faze.<\/p>\n\n\n\n<div style=\"height:50px\" aria-hidden=\"true\" class=\"wp-block-spacer\"><\/div>\n\n\n\n<h4 class=\"wp-block-heading\"><strong><a href=\"https:\/\/biogeo.ubbcluj.ro\/sdbi\/?page_id=2549\" data-type=\"page\" data-id=\"2549\">Lista actual\u0103 cu doctoranzii \u00eenscri\u0219i \u00een \u0218DBI<\/a><\/strong><\/h4>\n\n\n\n<div style=\"height:50px\" aria-hidden=\"true\" class=\"wp-block-spacer\"><\/div>\n\n\n\n<div style=\"height:25px\" aria-hidden=\"true\" class=\"wp-block-spacer\"><\/div>\n\n\n\n<div class=\"wp-block-columns alignwide is-layout-flex wp-container-core-columns-is-layout-9d6595d7 wp-block-columns-is-layout-flex\">\n<div class=\"wp-block-column is-layout-flow wp-block-column-is-layout-flow\">\n<h2 class=\"wp-block-heading has-text-align-left\"><strong>1. Etapa de intrare<\/strong><\/h2>\n\n\n\n<p><\/p>\n\n\n\n<h4 class=\"wp-block-heading\"><a href=\"https:\/\/biogeo.ubbcluj.ro\/sdbi\/?page_id=21\" data-type=\"page\" data-id=\"21\">Admitere<\/a><\/h4>\n\n\n\n<h4 class=\"wp-block-heading\">Comisia de \u00eendrumare<\/h4>\n\n\n\n<h4 class=\"wp-block-heading\">Contractul de doctorat<\/h4>\n\n\n\n<h4 class=\"wp-block-heading\"><a href=\"https:\/\/biogeo.ubbcluj.ro\/sdbi\/?page_id=2710\" data-type=\"page\" data-id=\"2710\">Doctorat european<\/a><\/h4>\n\n\n\n<h4 class=\"wp-block-heading\"><a href=\"https:\/\/biogeo.ubbcluj.ro\/sdbi\/?page_id=2724\" data-type=\"page\" data-id=\"2724\">Doctorat \u00een co-tutel\u0103<\/a><\/h4>\n<\/div>\n\n\n\n<div class=\"wp-block-column is-layout-flow wp-block-column-is-layout-flow\">\n<h2 class=\"wp-block-heading alignwide has-text-align-left\"><strong>2. Etapa de \u00eenv\u0103\u021bare<\/strong><\/h2>\n\n\n\n<p><\/p>\n\n\n\n<h4 class=\"wp-block-heading\"><a href=\"https:\/\/biogeo.ubbcluj.ro\/sdbi\/?page_id=39\" data-type=\"page\" data-id=\"39\">Plan de \u00cenv\u0103\u021b\u0103m\u00e2nt<\/a><\/h4>\n<\/div>\n<\/div>\n\n\n\n<div style=\"height:50px\" aria-hidden=\"true\" class=\"wp-block-spacer\"><\/div>\n\n\n\n<div class=\"wp-block-columns alignwide is-layout-flex wp-container-core-columns-is-layout-9d6595d7 wp-block-columns-is-layout-flex\">\n<div class=\"wp-block-column is-layout-flow wp-block-column-is-layout-flow\">\n<h2 class=\"wp-block-heading has-text-align-left\"><strong>3. Etapa de cercetare<\/strong><\/h2>\n\n\n\n<p><\/p>\n\n\n\n<h4 class=\"wp-block-heading\">Proiectul de cercetare<\/h4>\n\n\n\n<h4 class=\"wp-block-heading\">Grant doctoral<\/h4>\n\n\n\n<h4 class=\"wp-block-heading\">Raportul de proiect<\/h4>\n\n\n\n<h4 class=\"wp-block-heading\">Rapoartele de cercetare<\/h4>\n<\/div>\n\n\n\n<div class=\"wp-block-column is-layout-flow wp-block-column-is-layout-flow\">\n<h2 class=\"wp-block-heading has-text-align-left\"><strong>4. Etapa final\u0103<\/strong><\/h2>\n\n\n\n<p><\/p>\n\n\n\n<h4 class=\"wp-block-heading\">Dizerta\u021bia<\/h4>\n\n\n\n<h4 class=\"wp-block-heading\">Trimitere \u0219i evaluare<\/h4>\n\n\n\n<h4 class=\"wp-block-heading\">Sus\u021binerea public\u0103<\/h4>\n<\/div>\n<\/div>\n\n\n\n<p><\/p>\n\n\n\n<p>Regulamentul general pentru desfasurarea studiilor doctorale este stabilit de Institutul de Studii Doctorale al Universit\u0103\u021bii Babe\u0219 Bolyai \u0219i poate fi consultat <a href=\"https:\/\/doctorat.ubbcluj.ro\/ro\/desfasurarea-studiilor-de-doctorat\/\" data-type=\"link\" data-id=\"https:\/\/doctorat.ubbcluj.ro\/ro\/desfasurarea-studiilor-de-doctorat\/\">aici<\/a>. Criteriile pe baza carora se acorda locurile la doctorat in cadrul \u0218DBI pot fi consultate aici<\/p>\n","protected":false},"excerpt":{"rendered":"<p>De ce s\u0103 te al\u0103turi programului nostru de doctorat? \u0218coala Doctoral\u0103 de Biologie Integrativ\u0103 (\u0218DBI) ofer\u0103 un program de doctorat multi- \u0219i interdisciplinar \u00een care studen\u021bii doctoranzi sunt \u00eendruma\u021bi de oameni de \u0219tiin\u021b\u0103 consacra\u021bi, cu diverse teme de cercetare, de la Biologie a Mediului la Microbiologie, Biologie Structural\u0103 \u0219i Computa\u021bional\u0103.&hellip;<\/p>\n","protected":false},"author":3,"featured_media":0,"parent":0,"menu_order":0,"comment_status":"closed","ping_status":"closed","template":"fullwidth-template.php","meta":{"footnotes":""},"class_list":["post-1353","page","type-page","status-publish","hentry"],"yoast_head":"<!-- This site is optimized with the Yoast SEO plugin v27.0 - https:\/\/yoast.com\/product\/yoast-seo-wordpress\/ -->\n<title>Doctorat - Scoala Doctorala Biologie Integrativa<\/title>\n<meta name=\"robots\" content=\"index, follow, max-snippet:-1, max-image-preview:large, max-video-preview:-1\" \/>\n<link rel=\"canonical\" href=\"https:\/\/biogeo.ubbcluj.ro\/sdbi\/?page_id=1353\" \/>\n<meta property=\"og:locale\" content=\"en_US\" \/>\n<meta property=\"og:type\" content=\"article\" \/>\n<meta property=\"og:title\" content=\"Doctorat - Scoala Doctorala Biologie Integrativa\" \/>\n<meta property=\"og:description\" content=\"De ce s\u0103 te al\u0103turi programului nostru de doctorat? \u0218coala Doctoral\u0103 de Biologie Integrativ\u0103 (\u0218DBI) ofer\u0103 un program de doctorat multi- \u0219i interdisciplinar \u00een care studen\u021bii doctoranzi sunt \u00eendruma\u021bi de oameni de \u0219tiin\u021b\u0103 consacra\u021bi, cu diverse teme de cercetare, de la Biologie a Mediului la Microbiologie, Biologie Structural\u0103 \u0219i Computa\u021bional\u0103.&hellip;\" \/>\n<meta property=\"og:url\" content=\"https:\/\/biogeo.ubbcluj.ro\/sdbi\/?page_id=1353\" \/>\n<meta property=\"og:site_name\" content=\"Scoala Doctorala Biologie Integrativa\" \/>\n<meta property=\"article:modified_time\" content=\"2026-02-27T11:00:39+00:00\" \/>\n<meta name=\"twitter:card\" content=\"summary_large_image\" \/>\n<meta name=\"twitter:label1\" content=\"Est. reading time\" \/>\n\t<meta name=\"twitter:data1\" content=\"1 minute\" \/>\n<script type=\"application\/ld+json\" class=\"yoast-schema-graph\">{\"@context\":\"https:\/\/schema.org\",\"@graph\":[{\"@type\":\"WebPage\",\"@id\":\"https:\/\/biogeo.ubbcluj.ro\/sdbi\/?page_id=1353\",\"url\":\"https:\/\/biogeo.ubbcluj.ro\/sdbi\/?page_id=1353\",\"name\":\"Doctorat - Scoala Doctorala Biologie Integrativa\",\"isPartOf\":{\"@id\":\"https:\/\/biogeo.ubbcluj.ro\/sdbi\/#website\"},\"datePublished\":\"2026-02-21T12:32:21+00:00\",\"dateModified\":\"2026-02-27T11:00:39+00:00\",\"breadcrumb\":{\"@id\":\"https:\/\/biogeo.ubbcluj.ro\/sdbi\/?page_id=1353#breadcrumb\"},\"inLanguage\":\"en-US\",\"potentialAction\":[{\"@type\":\"ReadAction\",\"target\":[\"https:\/\/biogeo.ubbcluj.ro\/sdbi\/?page_id=1353\"]}]},{\"@type\":\"BreadcrumbList\",\"@id\":\"https:\/\/biogeo.ubbcluj.ro\/sdbi\/?page_id=1353#breadcrumb\",\"itemListElement\":[{\"@type\":\"ListItem\",\"position\":1,\"name\":\"Home\",\"item\":\"https:\/\/biogeo.ubbcluj.ro\/sdbi\/\"},{\"@type\":\"ListItem\",\"position\":2,\"name\":\"Doctorat\"}]},{\"@type\":\"WebSite\",\"@id\":\"https:\/\/biogeo.ubbcluj.ro\/sdbi\/#website\",\"url\":\"https:\/\/biogeo.ubbcluj.ro\/sdbi\/\",\"name\":\"Scoala Doctorala Biologie Integrativa\",\"description\":\"\",\"publisher\":{\"@id\":\"https:\/\/biogeo.ubbcluj.ro\/sdbi\/#organization\"},\"potentialAction\":[{\"@type\":\"SearchAction\",\"target\":{\"@type\":\"EntryPoint\",\"urlTemplate\":\"https:\/\/biogeo.ubbcluj.ro\/sdbi\/?s={search_term_string}\"},\"query-input\":{\"@type\":\"PropertyValueSpecification\",\"valueRequired\":true,\"valueName\":\"search_term_string\"}}],\"inLanguage\":\"en-US\"},{\"@type\":\"Organization\",\"@id\":\"https:\/\/biogeo.ubbcluj.ro\/sdbi\/#organization\",\"name\":\"Scoala Doctorala Biologie Integrativa\",\"url\":\"https:\/\/biogeo.ubbcluj.ro\/sdbi\/\",\"logo\":{\"@type\":\"ImageObject\",\"inLanguage\":\"en-US\",\"@id\":\"https:\/\/biogeo.ubbcluj.ro\/sdbi\/#\/schema\/logo\/image\/\",\"url\":\"https:\/\/biogeo.ubbcluj.ro\/sdbi\/wp-content\/uploads\/2024\/10\/cropped-DSIB_Logo-04.png\",\"contentUrl\":\"https:\/\/biogeo.ubbcluj.ro\/sdbi\/wp-content\/uploads\/2024\/10\/cropped-DSIB_Logo-04.png\",\"width\":2499,\"height\":665,\"caption\":\"Scoala Doctorala Biologie Integrativa\"},\"image\":{\"@id\":\"https:\/\/biogeo.ubbcluj.ro\/sdbi\/#\/schema\/logo\/image\/\"}}]}<\/script>\n<!-- \/ Yoast SEO plugin. -->","yoast_head_json":{"title":"Doctorat - Scoala Doctorala Biologie Integrativa","robots":{"index":"index","follow":"follow","max-snippet":"max-snippet:-1","max-image-preview":"max-image-preview:large","max-video-preview":"max-video-preview:-1"},"canonical":"https:\/\/biogeo.ubbcluj.ro\/sdbi\/?page_id=1353","og_locale":"en_US","og_type":"article","og_title":"Doctorat - Scoala Doctorala Biologie Integrativa","og_description":"De ce s\u0103 te al\u0103turi programului nostru de doctorat? \u0218coala Doctoral\u0103 de Biologie Integrativ\u0103 (\u0218DBI) ofer\u0103 un program de doctorat multi- \u0219i interdisciplinar \u00een care studen\u021bii doctoranzi sunt \u00eendruma\u021bi de oameni de \u0219tiin\u021b\u0103 consacra\u021bi, cu diverse teme de cercetare, de la Biologie a Mediului la Microbiologie, Biologie Structural\u0103 \u0219i Computa\u021bional\u0103.&hellip;","og_url":"https:\/\/biogeo.ubbcluj.ro\/sdbi\/?page_id=1353","og_site_name":"Scoala Doctorala Biologie Integrativa","article_modified_time":"2026-02-27T11:00:39+00:00","twitter_card":"summary_large_image","twitter_misc":{"Est. reading time":"1 minute"},"schema":{"@context":"https:\/\/schema.org","@graph":[{"@type":"WebPage","@id":"https:\/\/biogeo.ubbcluj.ro\/sdbi\/?page_id=1353","url":"https:\/\/biogeo.ubbcluj.ro\/sdbi\/?page_id=1353","name":"Doctorat - Scoala Doctorala Biologie Integrativa","isPartOf":{"@id":"https:\/\/biogeo.ubbcluj.ro\/sdbi\/#website"},"datePublished":"2026-02-21T12:32:21+00:00","dateModified":"2026-02-27T11:00:39+00:00","breadcrumb":{"@id":"https:\/\/biogeo.ubbcluj.ro\/sdbi\/?page_id=1353#breadcrumb"},"inLanguage":"en-US","potentialAction":[{"@type":"ReadAction","target":["https:\/\/biogeo.ubbcluj.ro\/sdbi\/?page_id=1353"]}]},{"@type":"BreadcrumbList","@id":"https:\/\/biogeo.ubbcluj.ro\/sdbi\/?page_id=1353#breadcrumb","itemListElement":[{"@type":"ListItem","position":1,"name":"Home","item":"https:\/\/biogeo.ubbcluj.ro\/sdbi\/"},{"@type":"ListItem","position":2,"name":"Doctorat"}]},{"@type":"WebSite","@id":"https:\/\/biogeo.ubbcluj.ro\/sdbi\/#website","url":"https:\/\/biogeo.ubbcluj.ro\/sdbi\/","name":"Scoala Doctorala Biologie Integrativa","description":"","publisher":{"@id":"https:\/\/biogeo.ubbcluj.ro\/sdbi\/#organization"},"potentialAction":[{"@type":"SearchAction","target":{"@type":"EntryPoint","urlTemplate":"https:\/\/biogeo.ubbcluj.ro\/sdbi\/?s={search_term_string}"},"query-input":{"@type":"PropertyValueSpecification","valueRequired":true,"valueName":"search_term_string"}}],"inLanguage":"en-US"},{"@type":"Organization","@id":"https:\/\/biogeo.ubbcluj.ro\/sdbi\/#organization","name":"Scoala Doctorala Biologie Integrativa","url":"https:\/\/biogeo.ubbcluj.ro\/sdbi\/","logo":{"@type":"ImageObject","inLanguage":"en-US","@id":"https:\/\/biogeo.ubbcluj.ro\/sdbi\/#\/schema\/logo\/image\/","url":"https:\/\/biogeo.ubbcluj.ro\/sdbi\/wp-content\/uploads\/2024\/10\/cropped-DSIB_Logo-04.png","contentUrl":"https:\/\/biogeo.ubbcluj.ro\/sdbi\/wp-content\/uploads\/2024\/10\/cropped-DSIB_Logo-04.png","width":2499,"height":665,"caption":"Scoala Doctorala Biologie Integrativa"},"image":{"@id":"https:\/\/biogeo.ubbcluj.ro\/sdbi\/#\/schema\/logo\/image\/"}}]}},"_links":{"self":[{"href":"https:\/\/biogeo.ubbcluj.ro\/sdbi\/index.php?rest_route=\/wp\/v2\/pages\/1353","targetHints":{"allow":["GET"]}}],"collection":[{"href":"https:\/\/biogeo.ubbcluj.ro\/sdbi\/index.php?rest_route=\/wp\/v2\/pages"}],"about":[{"href":"https:\/\/biogeo.ubbcluj.ro\/sdbi\/index.php?rest_route=\/wp\/v2\/types\/page"}],"author":[{"embeddable":true,"href":"https:\/\/biogeo.ubbcluj.ro\/sdbi\/index.php?rest_route=\/wp\/v2\/users\/3"}],"replies":[{"embeddable":true,"href":"https:\/\/biogeo.ubbcluj.ro\/sdbi\/index.php?rest_route=%2Fwp%2Fv2%2Fcomments&post=1353"}],"version-history":[{"count":28,"href":"https:\/\/biogeo.ubbcluj.ro\/sdbi\/index.php?rest_route=\/wp\/v2\/pages\/1353\/revisions"}],"predecessor-version":[{"id":2884,"href":"https:\/\/biogeo.ubbcluj.ro\/sdbi\/index.php?rest_route=\/wp\/v2\/pages\/1353\/revisions\/2884"}],"wp:attachment":[{"href":"https:\/\/biogeo.ubbcluj.ro\/sdbi\/index.php?rest_route=%2Fwp%2Fv2%2Fmedia&parent=1353"}],"curies":[{"name":"wp","href":"https:\/\/api.w.org\/{rel}","templated":true}]}}