{"id":1343,"date":"2026-02-21T12:09:42","date_gmt":"2026-02-21T12:09:42","guid":{"rendered":"https:\/\/biogeo.ubbcluj.ro\/institut_test\/?page_id=1343"},"modified":"2026-03-01T11:43:34","modified_gmt":"2026-03-01T11:43:34","slug":"prezentare","status":"publish","type":"page","link":"https:\/\/biogeo.ubbcluj.ro\/sdbi\/?page_id=1343","title":{"rendered":"Prezentare"},"content":{"rendered":"\n<h3 class=\"wp-block-heading has-text-align-left\">\u015ecoala Doctoral\u0103 \u201eBiologie Integrativ\u0103\u201d, (\u0218DBI) este parte integrat\u0103 <a href=\"https:\/\/biogeo.ubbcluj.ro\/\" data-type=\"link\" data-id=\"https:\/\/biogeo.ubbcluj.ro\/\">Facult\u0103\u0163ii de Biologie \u015fi Geologie<\/a>, are un rang egal cu cel al unui departament \u015fi este \u00eendrumat\u0103 \u0219i coordonat\u0103 de <a href=\"https:\/\/doctorat.ubbcluj.ro\/ro\/\" data-type=\"link\" data-id=\"https:\/\/doctorat.ubbcluj.ro\/ro\/\">Institutului de Studii Doctorale<\/a> (ISD) al <a href=\"https:\/\/www.ubbcluj.ro\/ro\/\" data-type=\"link\" data-id=\"https:\/\/www.ubbcluj.ro\/ro\/\">Universit\u0103\u0163ii Babe\u015f-Bolyai<\/a>. \u0218DBI organizeaz\u0103 studii universitare de doctorat \u00een domeniul \u201eBiologie\u201d, iar programul de studii doctorale reprezint\u0103 cel de-al treilea ciclu al studiilor universitare la UBB \u015fi este finalizat printr-un doctorat \u015ftiin\u0163ific \u015fi atribuirea titlului de Doctor \u00een Biologie.<\/h3>\n\n\n\n<div style=\"height:50px\" aria-hidden=\"true\" class=\"wp-block-spacer\"><\/div>\n\n\n\n<h3 class=\"wp-block-heading has-text-align-left\">Consiliul \u0218DBI este format din:<\/h3>\n\n\n\n<ul class=\"wp-block-list\">\n<li>C.S.I. Dr. Vlad Cojocaru &#8211; director<\/li>\n\n\n\n<li>Prof. Dr. Horia-Leonard Banciu <\/li>\n\n\n\n<li>Conf. Dr. Lujza Keresztes<\/li>\n\n\n\n<li>Drd. Martina-Cristina Matei (reprezentanta doctoranzilor)<\/li>\n\n\n\n<li>Prof. Dr. Ioan-Ovidu Sirbu (UMF Victor Babe\u015f, Timi\u015foara)<\/li>\n<\/ul>\n\n\n\n<div class=\"wp-block-columns is-layout-flex wp-container-core-columns-is-layout-9d6595d7 wp-block-columns-is-layout-flex\">\n<div class=\"wp-block-column is-layout-flow wp-block-column-is-layout-flow\"><div class=\"wp-block-image is-style-rounded\">\n<figure class=\"aligncenter size-full is-resized\"><img loading=\"lazy\" decoding=\"async\" width=\"225\" height=\"225\" src=\"https:\/\/biogeo.ubbcluj.ro\/institut_test\/wp-content\/uploads\/2022\/05\/Vlad_99-225x225-1.jpg\" alt=\"\" class=\"wp-image-522\" style=\"aspect-ratio:1;object-fit:cover;width:256px\" srcset=\"https:\/\/biogeo.ubbcluj.ro\/sdbi\/wp-content\/uploads\/2022\/05\/Vlad_99-225x225-1.jpg 225w, https:\/\/biogeo.ubbcluj.ro\/sdbi\/wp-content\/uploads\/2022\/05\/Vlad_99-225x225-1-150x150.jpg 150w\" sizes=\"auto, (max-width: 225px) 100vw, 225px\" \/><\/figure><\/div>\n\n\n<p class=\"has-text-align-center\"><strong><strong>CS.I Dr. Vlad COJOCARU&nbsp;<\/strong><\/strong><\/p>\n\n\n\n<p class=\"has-text-align-center\"><strong><strong>(<strong><a href=\"https:\/\/biogeo.ubbcluj.ro\/sdbi\/wp-content\/uploads\/2026\/02\/2026-02_Cojocaru-V_Curriculum_Vitae.pdf\">CV<\/a><\/strong>) <a href=\"https:\/\/scholar.google.com\/citations?hl=en&amp;user=9Xjdu_YAAAAJ\">google scholar<\/a> \/ <a href=\"https:\/\/orcid.org\/0000-0003-0886-3401\" data-type=\"link\" data-id=\"https:\/\/orcid.org\/0000-0003-0886-3401\">orcid<\/a> \/ <a href=\"https:\/\/cojocarulab.eu\" data-type=\"link\" data-id=\"https:\/\/cojocarulab.eu\">group page<\/a><\/strong><\/strong><\/p>\n<\/div>\n\n\n\n<div class=\"wp-block-column is-layout-flow wp-block-column-is-layout-flow\"><div class=\"wp-block-image is-style-rounded\">\n<figure class=\"aligncenter size-full is-resized\"><img loading=\"lazy\" decoding=\"async\" width=\"526\" height=\"526\" src=\"https:\/\/biogeo.ubbcluj.ro\/institut_test\/wp-content\/uploads\/2022\/05\/Banciu-Horia-526x526-1.jpg\" alt=\"\" class=\"wp-image-486\" style=\"aspect-ratio:1;object-fit:cover;width:256px\" srcset=\"https:\/\/biogeo.ubbcluj.ro\/sdbi\/wp-content\/uploads\/2022\/05\/Banciu-Horia-526x526-1.jpg 526w, https:\/\/biogeo.ubbcluj.ro\/sdbi\/wp-content\/uploads\/2022\/05\/Banciu-Horia-526x526-1-300x300.jpg 300w, https:\/\/biogeo.ubbcluj.ro\/sdbi\/wp-content\/uploads\/2022\/05\/Banciu-Horia-526x526-1-150x150.jpg 150w, https:\/\/biogeo.ubbcluj.ro\/sdbi\/wp-content\/uploads\/2022\/05\/Banciu-Horia-526x526-1-450x450.jpg 450w\" sizes=\"auto, (max-width: 526px) 100vw, 526px\" \/><\/figure><\/div>\n\n\n<p class=\"has-text-align-center\"><strong>Prof. Dr. Horia BANCIU<\/strong><\/p>\n\n\n\n<p class=\"has-text-align-center\"><strong>(<\/strong><a href=\"https:\/\/biogeo.ubbcluj.ro\/sdbi\/wp-content\/uploads\/2025\/06\/CVEuropass_EN_Horia-BANCIU_Iunie-2025_semnat.pdf\"><strong>CV<\/strong><\/a><b>) <\/b><a style=\"font-weight: bold;\" href=\"https:\/\/scholar.google.com\/citations?user=XW6_3FcAAAAJ&amp;hl=en&amp;oi=ao\">google scholar<\/a><b> \/ <\/b><a style=\"font-weight: bold;\" href=\"https:\/\/www.researchgate.net\/profile\/Horia-Banciu\">RG<\/a><\/p>\n<\/div>\n\n\n\n<div class=\"wp-block-column is-layout-flow wp-block-column-is-layout-flow\"><div class=\"wp-block-image is-style-rounded\">\n<figure class=\"aligncenter size-full is-resized\"><img loading=\"lazy\" decoding=\"async\" width=\"526\" height=\"526\" src=\"https:\/\/biogeo.ubbcluj.ro\/institut_test\/wp-content\/uploads\/2022\/05\/Lujza-526x526-1.jpg\" alt=\"\" class=\"wp-image-490\" style=\"aspect-ratio:1;object-fit:cover;width:256px\" srcset=\"https:\/\/biogeo.ubbcluj.ro\/sdbi\/wp-content\/uploads\/2022\/05\/Lujza-526x526-1.jpg 526w, https:\/\/biogeo.ubbcluj.ro\/sdbi\/wp-content\/uploads\/2022\/05\/Lujza-526x526-1-300x300.jpg 300w, https:\/\/biogeo.ubbcluj.ro\/sdbi\/wp-content\/uploads\/2022\/05\/Lujza-526x526-1-150x150.jpg 150w, https:\/\/biogeo.ubbcluj.ro\/sdbi\/wp-content\/uploads\/2022\/05\/Lujza-526x526-1-450x450.jpg 450w\" sizes=\"auto, (max-width: 526px) 100vw, 526px\" \/><\/figure><\/div>\n\n\n<p class=\"has-text-align-center\"><strong><strong>Conf. Dr. KERESZTES Lujza<\/strong><\/strong><\/p>\n\n\n\n<p class=\"has-text-align-center\"><strong>(<a href=\"https:\/\/biogeo.ubbcluj.ro\/sdbi\/wp-content\/uploads\/2021\/04\/CV_Keresztes_L.pdf\">CV<\/a>) <a href=\"https:\/\/scholar.google.com\/citations?hl=en&amp;user=iy7pfCEAAAAJ\">google scholar<\/a> \/ <a href=\"https:\/\/www.researchgate.net\/profile\/Lujza-Keresztes-2\">RG<\/a>&nbsp;<\/strong><\/p>\n<\/div>\n<\/div>\n\n\n\n<div style=\"height:9px\" aria-hidden=\"true\" class=\"wp-block-spacer\"><\/div>\n\n\n\n<div class=\"wp-block-columns is-layout-flex wp-container-core-columns-is-layout-9d6595d7 wp-block-columns-is-layout-flex\">\n<div class=\"wp-block-column is-layout-flow wp-block-column-is-layout-flow\"><div class=\"wp-block-image is-style-rounded\">\n<figure class=\"aligncenter size-full is-resized\"><img loading=\"lazy\" decoding=\"async\" width=\"961\" height=\"1440\" src=\"https:\/\/biogeo.ubbcluj.ro\/sdbi\/wp-content\/uploads\/2026\/02\/Prof_Ovidiu_Sarbu.jpg\" alt=\"\" class=\"wp-image-2874\" style=\"aspect-ratio:1;object-fit:cover;width:256px\" srcset=\"https:\/\/biogeo.ubbcluj.ro\/sdbi\/wp-content\/uploads\/2026\/02\/Prof_Ovidiu_Sarbu.jpg 961w, https:\/\/biogeo.ubbcluj.ro\/sdbi\/wp-content\/uploads\/2026\/02\/Prof_Ovidiu_Sarbu-200x300.jpg 200w, https:\/\/biogeo.ubbcluj.ro\/sdbi\/wp-content\/uploads\/2026\/02\/Prof_Ovidiu_Sarbu-683x1024.jpg 683w, https:\/\/biogeo.ubbcluj.ro\/sdbi\/wp-content\/uploads\/2026\/02\/Prof_Ovidiu_Sarbu-768x1151.jpg 768w\" sizes=\"auto, (max-width: 961px) 100vw, 961px\" \/><\/figure><\/div>\n\n\n<p class=\"has-text-align-center\"><strong>Prof. Dr. Ioan Ovidiu S\u00e2rbu<\/strong><\/p>\n\n\n\n<p class=\"has-text-align-center\"><strong><strong>(<strong><a href=\"https:\/\/biogeo.ubbcluj.ro\/sdbi\/wp-content\/uploads\/2026\/02\/CV_Sirbu_Ioan_Ovidiu.pdf\" data-type=\"link\" data-id=\"https:\/\/biogeo.ubbcluj.ro\/sdbi\/wp-content\/uploads\/2026\/02\/CV_Sirbu_Ioan_Ovidiu.pdf\">CV<\/a><\/strong>) <a href=\"https:\/\/scholar.google.com\/citations?user=MHIOrxMAAAAJ&amp;hl=ro\" data-type=\"link\" data-id=\"https:\/\/scholar.google.com\/citations?user=MHIOrxMAAAAJ&amp;hl=ro\">google scholar<\/a><\/strong><\/strong><\/p>\n<\/div>\n\n\n\n<div class=\"wp-block-column is-layout-flow wp-block-column-is-layout-flow\"><div class=\"wp-block-image is-style-rounded\">\n<figure class=\"aligncenter size-full is-resized\"><img loading=\"lazy\" decoding=\"async\" width=\"1165\" height=\"2048\" src=\"https:\/\/biogeo.ubbcluj.ro\/sdbi\/wp-content\/uploads\/2026\/02\/Poza.Martina.jpeg\" alt=\"\" class=\"wp-image-3114\" style=\"aspect-ratio:1;object-fit:cover;width:256px\" srcset=\"https:\/\/biogeo.ubbcluj.ro\/sdbi\/wp-content\/uploads\/2026\/02\/Poza.Martina.jpeg 1165w, https:\/\/biogeo.ubbcluj.ro\/sdbi\/wp-content\/uploads\/2026\/02\/Poza.Martina-171x300.jpeg 171w, https:\/\/biogeo.ubbcluj.ro\/sdbi\/wp-content\/uploads\/2026\/02\/Poza.Martina-583x1024.jpeg 583w, https:\/\/biogeo.ubbcluj.ro\/sdbi\/wp-content\/uploads\/2026\/02\/Poza.Martina-768x1350.jpeg 768w, https:\/\/biogeo.ubbcluj.ro\/sdbi\/wp-content\/uploads\/2026\/02\/Poza.Martina-874x1536.jpeg 874w\" sizes=\"auto, (max-width: 1165px) 100vw, 1165px\" \/><\/figure><\/div>\n\n\n<p class=\"has-text-align-center\"><strong>Drd. Martina Cristina Matei<\/strong><\/p>\n\n\n\n<p class=\"has-text-align-center\"><strong>(<a href=\"https:\/\/biogeo.ubbcluj.ro\/sdbi\/wp-content\/uploads\/2026\/02\/cv_martina.ro_.pdf\" data-type=\"link\" data-id=\"https:\/\/biogeo.ubbcluj.ro\/sdbi\/wp-content\/uploads\/2026\/02\/cv_martina.ro_.pdf\">CV<\/a>)<\/strong><\/p>\n<\/div>\n\n\n\n<div class=\"wp-block-column is-layout-flow wp-block-column-is-layout-flow\"><\/div>\n<\/div>\n\n\n\n<h3 class=\"wp-block-heading\">Management-ul \u0218DBI este condus de Dr. Oana Gavrila\u0219<\/h3>\n\n\n\n<div style=\"height:50px\" aria-hidden=\"true\" class=\"wp-block-spacer\"><\/div>\n\n\n\n<div class=\"wp-block-columns are-vertically-aligned-top is-layout-flex wp-container-core-columns-is-layout-9d6595d7 wp-block-columns-is-layout-flex\">\n<div class=\"wp-block-column is-vertically-aligned-top is-layout-flow wp-block-column-is-layout-flow\"><div class=\"wp-block-image is-style-rounded\">\n<figure class=\"aligncenter size-full is-resized\"><img loading=\"lazy\" decoding=\"async\" width=\"1920\" height=\"2560\" src=\"https:\/\/biogeo.ubbcluj.ro\/sdbi\/wp-content\/uploads\/2022\/05\/Oana-G-scaled.jpg\" alt=\"\" class=\"wp-image-509\" style=\"aspect-ratio:1;object-fit:cover;width:256px\" srcset=\"https:\/\/biogeo.ubbcluj.ro\/sdbi\/wp-content\/uploads\/2022\/05\/Oana-G-scaled.jpg 1920w, https:\/\/biogeo.ubbcluj.ro\/sdbi\/wp-content\/uploads\/2022\/05\/Oana-G-225x300.jpg 225w, https:\/\/biogeo.ubbcluj.ro\/sdbi\/wp-content\/uploads\/2022\/05\/Oana-G-768x1024.jpg 768w, https:\/\/biogeo.ubbcluj.ro\/sdbi\/wp-content\/uploads\/2022\/05\/Oana-G-1152x1536.jpg 1152w, https:\/\/biogeo.ubbcluj.ro\/sdbi\/wp-content\/uploads\/2022\/05\/Oana-G-1536x2048.jpg 1536w\" sizes=\"auto, (max-width: 1920px) 100vw, 1920px\" \/><\/figure><\/div><\/div>\n\n\n\n<div class=\"wp-block-column is-vertically-aligned-top is-layout-flow wp-block-column-is-layout-flow\"><\/div>\n\n\n\n<div class=\"wp-block-column is-vertically-aligned-top is-layout-flow wp-block-column-is-layout-flow\"><\/div>\n<\/div>\n\n\n\n<h3 class=\"wp-block-heading has-text-align-left\">Regulamentul actual al \u0218DBI poate fi consultat <a href=\"https:\/\/biogeo.ubbcluj.ro\/sdbi\/wp-content\/uploads\/2026\/02\/2025-Regulament-SDBI.pdf\" data-type=\"link\" data-id=\"https:\/\/biogeo.ubbcluj.ro\/sdbi\/?attachment_id=2480\">aici<\/a><\/h3>\n\n\n\n<p><\/p>\n","protected":false},"excerpt":{"rendered":"<p>\u015ecoala Doctoral\u0103 \u201eBiologie Integrativ\u0103\u201d, (\u0218DBI) este parte integrat\u0103 Facult\u0103\u0163ii de Biologie \u015fi Geologie, are un rang egal cu cel al unui departament \u015fi este \u00eendrumat\u0103 \u0219i coordonat\u0103 de Institutului de Studii Doctorale (ISD) al Universit\u0103\u0163ii Babe\u015f-Bolyai. \u0218DBI organizeaz\u0103 studii universitare de doctorat \u00een domeniul \u201eBiologie\u201d, iar programul de studii doctorale&hellip;<\/p>\n","protected":false},"author":3,"featured_media":0,"parent":0,"menu_order":0,"comment_status":"closed","ping_status":"closed","template":"fullwidth-template.php","meta":{"footnotes":""},"class_list":["post-1343","page","type-page","status-publish","hentry"],"yoast_head":"<!-- This site is optimized with the Yoast SEO plugin v27.0 - https:\/\/yoast.com\/product\/yoast-seo-wordpress\/ -->\n<title>Prezentare - Scoala Doctorala Biologie Integrativa<\/title>\n<meta name=\"robots\" content=\"index, follow, max-snippet:-1, max-image-preview:large, max-video-preview:-1\" \/>\n<link rel=\"canonical\" href=\"https:\/\/biogeo.ubbcluj.ro\/sdbi\/?page_id=1343\" \/>\n<meta property=\"og:locale\" content=\"en_US\" \/>\n<meta property=\"og:type\" content=\"article\" \/>\n<meta property=\"og:title\" content=\"Prezentare - Scoala Doctorala Biologie Integrativa\" \/>\n<meta property=\"og:description\" content=\"\u015ecoala Doctoral\u0103 \u201eBiologie Integrativ\u0103\u201d, (\u0218DBI) este parte integrat\u0103 Facult\u0103\u0163ii de Biologie \u015fi Geologie, are un rang egal cu cel al unui departament \u015fi este \u00eendrumat\u0103 \u0219i coordonat\u0103 de Institutului de Studii Doctorale (ISD) al Universit\u0103\u0163ii Babe\u015f-Bolyai. \u0218DBI organizeaz\u0103 studii universitare de doctorat \u00een domeniul \u201eBiologie\u201d, iar programul de studii doctorale&hellip;\" \/>\n<meta property=\"og:url\" content=\"https:\/\/biogeo.ubbcluj.ro\/sdbi\/?page_id=1343\" \/>\n<meta property=\"og:site_name\" content=\"Scoala Doctorala Biologie Integrativa\" \/>\n<meta property=\"article:modified_time\" content=\"2026-03-01T11:43:34+00:00\" \/>\n<meta property=\"og:image\" content=\"https:\/\/biogeo.ubbcluj.ro\/institut_test\/wp-content\/uploads\/2022\/05\/Vlad_99-225x225-1.jpg\" \/>\n<meta name=\"twitter:card\" content=\"summary_large_image\" \/>\n<meta name=\"twitter:label1\" content=\"Est. reading time\" \/>\n\t<meta name=\"twitter:data1\" content=\"1 minute\" \/>\n<script type=\"application\/ld+json\" class=\"yoast-schema-graph\">{\"@context\":\"https:\/\/schema.org\",\"@graph\":[{\"@type\":\"WebPage\",\"@id\":\"https:\/\/biogeo.ubbcluj.ro\/sdbi\/?page_id=1343\",\"url\":\"https:\/\/biogeo.ubbcluj.ro\/sdbi\/?page_id=1343\",\"name\":\"Prezentare - Scoala Doctorala Biologie Integrativa\",\"isPartOf\":{\"@id\":\"https:\/\/biogeo.ubbcluj.ro\/sdbi\/#website\"},\"primaryImageOfPage\":{\"@id\":\"https:\/\/biogeo.ubbcluj.ro\/sdbi\/?page_id=1343#primaryimage\"},\"image\":{\"@id\":\"https:\/\/biogeo.ubbcluj.ro\/sdbi\/?page_id=1343#primaryimage\"},\"thumbnailUrl\":\"https:\/\/biogeo.ubbcluj.ro\/institut_test\/wp-content\/uploads\/2022\/05\/Vlad_99-225x225-1.jpg\",\"datePublished\":\"2026-02-21T12:09:42+00:00\",\"dateModified\":\"2026-03-01T11:43:34+00:00\",\"breadcrumb\":{\"@id\":\"https:\/\/biogeo.ubbcluj.ro\/sdbi\/?page_id=1343#breadcrumb\"},\"inLanguage\":\"en-US\",\"potentialAction\":[{\"@type\":\"ReadAction\",\"target\":[\"https:\/\/biogeo.ubbcluj.ro\/sdbi\/?page_id=1343\"]}]},{\"@type\":\"ImageObject\",\"inLanguage\":\"en-US\",\"@id\":\"https:\/\/biogeo.ubbcluj.ro\/sdbi\/?page_id=1343#primaryimage\",\"url\":\"https:\/\/biogeo.ubbcluj.ro\/institut_test\/wp-content\/uploads\/2022\/05\/Vlad_99-225x225-1.jpg\",\"contentUrl\":\"https:\/\/biogeo.ubbcluj.ro\/institut_test\/wp-content\/uploads\/2022\/05\/Vlad_99-225x225-1.jpg\"},{\"@type\":\"BreadcrumbList\",\"@id\":\"https:\/\/biogeo.ubbcluj.ro\/sdbi\/?page_id=1343#breadcrumb\",\"itemListElement\":[{\"@type\":\"ListItem\",\"position\":1,\"name\":\"Home\",\"item\":\"https:\/\/biogeo.ubbcluj.ro\/sdbi\/\"},{\"@type\":\"ListItem\",\"position\":2,\"name\":\"Prezentare\"}]},{\"@type\":\"WebSite\",\"@id\":\"https:\/\/biogeo.ubbcluj.ro\/sdbi\/#website\",\"url\":\"https:\/\/biogeo.ubbcluj.ro\/sdbi\/\",\"name\":\"Scoala Doctorala Biologie Integrativa\",\"description\":\"\",\"publisher\":{\"@id\":\"https:\/\/biogeo.ubbcluj.ro\/sdbi\/#organization\"},\"potentialAction\":[{\"@type\":\"SearchAction\",\"target\":{\"@type\":\"EntryPoint\",\"urlTemplate\":\"https:\/\/biogeo.ubbcluj.ro\/sdbi\/?s={search_term_string}\"},\"query-input\":{\"@type\":\"PropertyValueSpecification\",\"valueRequired\":true,\"valueName\":\"search_term_string\"}}],\"inLanguage\":\"en-US\"},{\"@type\":\"Organization\",\"@id\":\"https:\/\/biogeo.ubbcluj.ro\/sdbi\/#organization\",\"name\":\"Scoala Doctorala Biologie Integrativa\",\"url\":\"https:\/\/biogeo.ubbcluj.ro\/sdbi\/\",\"logo\":{\"@type\":\"ImageObject\",\"inLanguage\":\"en-US\",\"@id\":\"https:\/\/biogeo.ubbcluj.ro\/sdbi\/#\/schema\/logo\/image\/\",\"url\":\"https:\/\/biogeo.ubbcluj.ro\/sdbi\/wp-content\/uploads\/2024\/10\/cropped-DSIB_Logo-04.png\",\"contentUrl\":\"https:\/\/biogeo.ubbcluj.ro\/sdbi\/wp-content\/uploads\/2024\/10\/cropped-DSIB_Logo-04.png\",\"width\":2499,\"height\":665,\"caption\":\"Scoala Doctorala Biologie Integrativa\"},\"image\":{\"@id\":\"https:\/\/biogeo.ubbcluj.ro\/sdbi\/#\/schema\/logo\/image\/\"}}]}<\/script>\n<!-- \/ Yoast SEO plugin. -->","yoast_head_json":{"title":"Prezentare - Scoala Doctorala Biologie Integrativa","robots":{"index":"index","follow":"follow","max-snippet":"max-snippet:-1","max-image-preview":"max-image-preview:large","max-video-preview":"max-video-preview:-1"},"canonical":"https:\/\/biogeo.ubbcluj.ro\/sdbi\/?page_id=1343","og_locale":"en_US","og_type":"article","og_title":"Prezentare - Scoala Doctorala Biologie Integrativa","og_description":"\u015ecoala Doctoral\u0103 \u201eBiologie Integrativ\u0103\u201d, (\u0218DBI) este parte integrat\u0103 Facult\u0103\u0163ii de Biologie \u015fi Geologie, are un rang egal cu cel al unui departament \u015fi este \u00eendrumat\u0103 \u0219i coordonat\u0103 de Institutului de Studii Doctorale (ISD) al Universit\u0103\u0163ii Babe\u015f-Bolyai. \u0218DBI organizeaz\u0103 studii universitare de doctorat \u00een domeniul \u201eBiologie\u201d, iar programul de studii doctorale&hellip;","og_url":"https:\/\/biogeo.ubbcluj.ro\/sdbi\/?page_id=1343","og_site_name":"Scoala Doctorala Biologie Integrativa","article_modified_time":"2026-03-01T11:43:34+00:00","og_image":[{"url":"https:\/\/biogeo.ubbcluj.ro\/institut_test\/wp-content\/uploads\/2022\/05\/Vlad_99-225x225-1.jpg","type":"","width":"","height":""}],"twitter_card":"summary_large_image","twitter_misc":{"Est. reading time":"1 minute"},"schema":{"@context":"https:\/\/schema.org","@graph":[{"@type":"WebPage","@id":"https:\/\/biogeo.ubbcluj.ro\/sdbi\/?page_id=1343","url":"https:\/\/biogeo.ubbcluj.ro\/sdbi\/?page_id=1343","name":"Prezentare - Scoala Doctorala Biologie Integrativa","isPartOf":{"@id":"https:\/\/biogeo.ubbcluj.ro\/sdbi\/#website"},"primaryImageOfPage":{"@id":"https:\/\/biogeo.ubbcluj.ro\/sdbi\/?page_id=1343#primaryimage"},"image":{"@id":"https:\/\/biogeo.ubbcluj.ro\/sdbi\/?page_id=1343#primaryimage"},"thumbnailUrl":"https:\/\/biogeo.ubbcluj.ro\/institut_test\/wp-content\/uploads\/2022\/05\/Vlad_99-225x225-1.jpg","datePublished":"2026-02-21T12:09:42+00:00","dateModified":"2026-03-01T11:43:34+00:00","breadcrumb":{"@id":"https:\/\/biogeo.ubbcluj.ro\/sdbi\/?page_id=1343#breadcrumb"},"inLanguage":"en-US","potentialAction":[{"@type":"ReadAction","target":["https:\/\/biogeo.ubbcluj.ro\/sdbi\/?page_id=1343"]}]},{"@type":"ImageObject","inLanguage":"en-US","@id":"https:\/\/biogeo.ubbcluj.ro\/sdbi\/?page_id=1343#primaryimage","url":"https:\/\/biogeo.ubbcluj.ro\/institut_test\/wp-content\/uploads\/2022\/05\/Vlad_99-225x225-1.jpg","contentUrl":"https:\/\/biogeo.ubbcluj.ro\/institut_test\/wp-content\/uploads\/2022\/05\/Vlad_99-225x225-1.jpg"},{"@type":"BreadcrumbList","@id":"https:\/\/biogeo.ubbcluj.ro\/sdbi\/?page_id=1343#breadcrumb","itemListElement":[{"@type":"ListItem","position":1,"name":"Home","item":"https:\/\/biogeo.ubbcluj.ro\/sdbi\/"},{"@type":"ListItem","position":2,"name":"Prezentare"}]},{"@type":"WebSite","@id":"https:\/\/biogeo.ubbcluj.ro\/sdbi\/#website","url":"https:\/\/biogeo.ubbcluj.ro\/sdbi\/","name":"Scoala Doctorala Biologie Integrativa","description":"","publisher":{"@id":"https:\/\/biogeo.ubbcluj.ro\/sdbi\/#organization"},"potentialAction":[{"@type":"SearchAction","target":{"@type":"EntryPoint","urlTemplate":"https:\/\/biogeo.ubbcluj.ro\/sdbi\/?s={search_term_string}"},"query-input":{"@type":"PropertyValueSpecification","valueRequired":true,"valueName":"search_term_string"}}],"inLanguage":"en-US"},{"@type":"Organization","@id":"https:\/\/biogeo.ubbcluj.ro\/sdbi\/#organization","name":"Scoala Doctorala Biologie Integrativa","url":"https:\/\/biogeo.ubbcluj.ro\/sdbi\/","logo":{"@type":"ImageObject","inLanguage":"en-US","@id":"https:\/\/biogeo.ubbcluj.ro\/sdbi\/#\/schema\/logo\/image\/","url":"https:\/\/biogeo.ubbcluj.ro\/sdbi\/wp-content\/uploads\/2024\/10\/cropped-DSIB_Logo-04.png","contentUrl":"https:\/\/biogeo.ubbcluj.ro\/sdbi\/wp-content\/uploads\/2024\/10\/cropped-DSIB_Logo-04.png","width":2499,"height":665,"caption":"Scoala Doctorala Biologie Integrativa"},"image":{"@id":"https:\/\/biogeo.ubbcluj.ro\/sdbi\/#\/schema\/logo\/image\/"}}]}},"_links":{"self":[{"href":"https:\/\/biogeo.ubbcluj.ro\/sdbi\/index.php?rest_route=\/wp\/v2\/pages\/1343","targetHints":{"allow":["GET"]}}],"collection":[{"href":"https:\/\/biogeo.ubbcluj.ro\/sdbi\/index.php?rest_route=\/wp\/v2\/pages"}],"about":[{"href":"https:\/\/biogeo.ubbcluj.ro\/sdbi\/index.php?rest_route=\/wp\/v2\/types\/page"}],"author":[{"embeddable":true,"href":"https:\/\/biogeo.ubbcluj.ro\/sdbi\/index.php?rest_route=\/wp\/v2\/users\/3"}],"replies":[{"embeddable":true,"href":"https:\/\/biogeo.ubbcluj.ro\/sdbi\/index.php?rest_route=%2Fwp%2Fv2%2Fcomments&post=1343"}],"version-history":[{"count":74,"href":"https:\/\/biogeo.ubbcluj.ro\/sdbi\/index.php?rest_route=\/wp\/v2\/pages\/1343\/revisions"}],"predecessor-version":[{"id":3180,"href":"https:\/\/biogeo.ubbcluj.ro\/sdbi\/index.php?rest_route=\/wp\/v2\/pages\/1343\/revisions\/3180"}],"wp:attachment":[{"href":"https:\/\/biogeo.ubbcluj.ro\/sdbi\/index.php?rest_route=%2Fwp%2Fv2%2Fmedia&parent=1343"}],"curies":[{"name":"wp","href":"https:\/\/api.w.org\/{rel}","templated":true}]}}