{"id":138866,"date":"2025-12-03T10:21:34","date_gmt":"2025-12-03T10:21:34","guid":{"rendered":"https:\/\/biogeo.ubbcluj.ro\/pages\/taxonomie\/?page_id=138866"},"modified":"2025-12-08T10:30:10","modified_gmt":"2025-12-08T10:30:10","slug":"publications_sub","status":"publish","type":"page","link":"https:\/\/biogeo.ubbcluj.ro\/pages\/taxonomie\/?page_id=138866","title":{"rendered":"PUBLICATIONS_SUB"},"content":{"rendered":"\t\t<div data-elementor-type=\"wp-page\" data-elementor-id=\"138866\" class=\"elementor elementor-138866\">\n\t\t\t\t<div class=\"elementor-element elementor-element-4bcaa1e e-con-full e-flex e-con e-parent\" data-id=\"4bcaa1e\" data-element_type=\"container\">\n\t\t\t\t<div class=\"elementor-element elementor-element-3f09ad8 elementor-widget elementor-widget-text-editor\" data-id=\"3f09ad8\" data-element_type=\"widget\" data-widget_type=\"text-editor.default\">\n\t\t\t\t<div class=\"elementor-widget-container\">\n\t\t\t\t\t\t\t\t\t<h4><strong>2025<\/strong><\/h4>\n<h4><strong>Published articles<\/strong><\/h4>\n<p>Di Lorenzo, T., <b>S. Iepure<\/b>, M. Di Cicco, D. M.P. Galassi, W.D. Di Marzio, 2025. <a href=\"https:\/\/www.sciencedirect.com\/science\/article\/abs\/pii\/S0045653525006927?via%3Dihub\">Refining environmental risk assessment of diltiazem in groundwater through better surrogate selection and sublethal endpoints.<\/a>&nbsp;<em>Chemosphere,<\/em> 392, 144744.&nbsp;<\/p>\n<p>Sacc\u00f2 M., Elmasri A., Tawal M., Alther R., Altermatt F., Mart\u00ednez A., Mammola S., Zagmajster M., Saenz-Agudelo P., Takahashi M., Thornhill J., Andouche A., Baratti M., Bilal M., Biland\u017eija H., Bolpagni R., Boulamail S., Celico F., Chauveau C.A., Chavez E., Collard O., Cooper S.J.B., Couton M., Cozzoli F., Dawkins K., Di Lorenzo T., Dubinsky X., Hahn H.J., Flot J.-F., Glatting F., Griebler C., Guareschi S., Guy-Haim T., Herbert S., Hose G., Humphreys W.F., Hutchins B., <strong>Iepure S.<\/strong>, Johns T., Karwautz C., Kirschner D., Kolodny O., Konec M., Manenti R., Meziane T., Mori N., Pazhenkova E., Piggott M.P., Prieto-Dav\u00f3 A., Raphalen Z., Rau H., Reboleira A.S., Recknagel H., Robertson A., Royaux C., Schwartz B., Schwenk K., Simoes N., Stankovi\u0107 D., Stoch F., Taylor J.D., Van Der Heyde M., Vehovar \u017d., Zak\u0161ek V., White N.E., Allentoft M.E., Nevill P., Korbel K.L., Guzik M.T. 2025 (2025) Advancing subterranean conservation through Global Research on eDNA in Groundwaters (GReG). <em>Subterranean Biology <\/em>53: 31-40.&nbsp;<a href=\"https:\/\/doi.org\/10.3897\/subtbiol.53.165710\">https:\/\/doi.org\/10.3897\/subtbiol.53.165710<\/a>.<\/p>\n<p class=\"font_8 wixui-rich-text__text\"><span class=\"wixui-rich-text__text\"><strong>Coad\u0103, D.I<\/strong>, C. B\u0103d\u0103lu\u021b\u0103, R. Dumbrav\u0103, K.P. Battes, <strong>S. Iepure<\/strong>. 2025. Groundwater harpacticoids (Crustacea: Copepoda: Harpacticoida) in the karst areas of Apuseni Mountains (Northwestern Romania). <em>Travaux Institute Sp\u00e9ologie \u00ab\u00c9mile Racovitza\u00bb<\/em>, t. LXIV, Bucharest. DOI:&nbsp;<a class=\"wixui-rich-text__text\" href=\"https:\/\/www.doi.org\/10.59277\/TISER.2025\" target=\"_blank\" rel=\"noreferrer noopener\">https:\/\/www.doi.org\/10.59277\/TISER.2025<\/a>.<\/span><\/p>\n<p class=\"font_8 wixui-rich-text__text\"><span class=\"wixui-rich-text__text\"><\/span><span class=\"wixui-rich-text__text\">Di Lorenzo, T., Tabilio Di Camillo, A., <strong>Iepure, S.<\/strong>; Galassi, D.M.P., Mori, N., Sim\u010di\u010d, T. 2025. Oxygen Consumption and Carbon Budget in Groundwater-Obligate and Surface-Dwelling Diacyclops Species (Crustacea Copepoda Cyclopoida) Under Temperature Variability. <em>Environments,&nbsp;<\/em>12: 32. <a class=\"wixui-rich-text__text\" href=\"https:\/\/doi.org\/10.3390\/environments12010032\" target=\"_blank\" rel=\"noreferrer noopener\">https:\/\/doi.org\/10.3390\/environments12010032<\/a><\/span><\/p>\n<p class=\"font_8 wixui-rich-text__text\"><span class=\"wixui-rich-text__text\"><\/span><span class=\"wixui-rich-text__text\"><strong>Moldovan, O.T.<\/strong>, Levei, E., Ferreira, R.L. et al. 2025. Exploring the Bacteriome Diversity and Use as a Proxy for Climate Change and Human Impacts on Groundwater in Temperate and Tropical Countries. <em>Microbial Ecology<\/em>, 88, 17. <a class=\"wixui-rich-text__text\" href=\"https:\/\/doi.org\/10.1007\/s00248-025-02512-5\" target=\"_blank\" rel=\"noopener\" data-auto-recognition=\"true\">https:\/\/doi.org\/10.1007\/s00248-025-02512-5.<\/a><\/span><\/p><p class=\"font_8 wixui-rich-text__text\"><br><\/p>\n<h4><strong>Symposiums participations<\/strong>&nbsp;<\/h4>\n<p><strong>Bucur, R.<\/strong>, D. Borda. 2025. Mediul subteran &#8211; dinamici \u0219i extreme: exemple din carstul Rom\u00e2niei, Zilele Academiei Clujene, 19 Noiembrie 2025, Cluj Napoca, Romania (prezentare orala).<\/p>\n<p>Borda, D., <strong> Bucur<\/strong>, L. Buzil\u0103, I. Cociuba. 2025. Vulnerabilitatea acviferelor carstice: rezultate preliminare din depresiunea carstic\u0103 Dami\u0219. Zilele Academiei Clujene, 19 Noiembrie 2025, Cluj Napoca, Romania, (prezentare orala).<\/p>\n<p><strong>Sambor, O.,<\/strong> Per\u0219oiu, A. Tudorache, C. Marin, A.I. Camacho, B. \u0218arcani, K. Battes, D. Coad\u0103, <strong>S. Iepure.<\/strong> 2025. Shedding light on cold caves aquatic fauna: Ghe\u021barul de la V\u00e2rtop Cave (Northwest Romania). Karst Science Day, 14 Noiembrie 2025, Bucuresti, Romania (prezentare orala).<\/p>\n<p>Moldovan, O.T., 2025. What is hidden behind the unseen. International Conference of Molecular Biology: Current Aspects and Prospects (ICMB2025), 4\u20137 Noiembrie 2025 (invited speaker).&nbsp;<\/p>\n<p><strong>Coad\u0103, D.I,<\/strong> B\u0103d\u0103lu\u021b\u0103, R. Dumbrav\u0103, K.P. Battes, <strong>S. Iepure.<\/strong> 2025. Groundwater-dwelling harpacticoids in the karst aquifers of the Apuseni Mountains (Northwestern Romania): diversity, distribution and endemism. Karst Science Day, 14 Noiembrie 2025, Bucuresti, Romania (prezentare orala).<\/p>\n<p><strong>Puiu, S.D.<\/strong>, A. Nae, M. Vlaicu. 2025. Preliminary insights on two closely related species of the genus Carpathonesticus (Araneae, Nesticidae). Karst Science Day, 14 Noiembrie 2025, Bucuresti, Romania (prezentare orala).<\/p>\n<p><strong>Iepure S. <\/strong> Sub-BioMon project &#8211; Addressing the challenges of monitoring subterranean biodiversity in karst, 32 INTERNATIONAL KARSTOLOGICAL SCHOOL \u201cClassical Karst\u201d, 16-20 June Postojna, Slovenia (poster).<\/p>\n<p><strong>Coad\u0103 D.I.<\/strong>, C. B\u0103d\u0103lu\u021b\u0103, <strong> Iepure<\/strong>. 2025. Shedding lights into underground diversity: groundwater harpacticoids (Crustacea. Copepoda) from Romania. Biota, 16-17 May 2025, Cluj Napoca, Romania (poster).<\/p>\n<p>Sambor O., R. Bucur, C. Haid\u0103u, D.\u0218. M\u0103ntoiu, O.T. Moldovan, C. Sitar, S. Iepure. 2025. Integrating classical and molecular tools for biodiversity monitoring in subterranean karst environments. Biota, 16-17 May 2025, Cluj Napoca, Romania (poster).<\/p>\n<p><strong>Puiu D.S.<\/strong>, A. Nae, <strong>\u015et. M\u0103ntoiu, S. Iepure.<\/strong> 2025. Cryptic cave spiders: is <em>Carpathonesticus plesai<\/em> a separate species from <em>Carpathonesticus biroi<\/em>? Biota, 16-17 May 2025, Cluj Napoca, Romania (poster).<\/p>\t\t\t\t\t\t\t\t<\/div>\n\t\t\t\t<\/div>\n\t\t\t\t<\/div>\n\t\t<div class=\"elementor-element elementor-element-90120d4 e-flex e-con-boxed e-con e-parent\" data-id=\"90120d4\" data-element_type=\"container\">\n\t\t\t\t\t<div class=\"e-con-inner\">\n\t\t\t\t<div class=\"elementor-element elementor-element-d214476 elementor-widget elementor-widget-text-editor\" data-id=\"d214476\" data-element_type=\"widget\" data-widget_type=\"text-editor.default\">\n\t\t\t\t<div class=\"elementor-widget-container\">\n\t\t\t\t\t\t\t\t\t<p><strong>2024<\/strong><\/p><p><strong>Symposiums &amp; workhops<\/strong><\/p><div class=\"MuiPaper-root MuiPaper-outlined MuiPaper-rounded MuiCard-root css-1kqjpce\"><div class=\"MuiCardContent-root css-15q2cw4\"><p class=\"MuiTypography-root MuiTypography-body2 MuiTypography-gutterBottom css-1vs1vw4\">Zagmajster, M., Bal\u00e1zs, G., Bir\u00f3, A., Bucur, R., Collard, O., Deli\u0107, T., Kos, A., Flot, J.F., Haidau, C., Herczeg, G., Iepure, S., Lippert. E., Lunghi, E., Mantoiu, D.S., Moldovan, O.T, Sambor, O., Sitar, C., Stoch, F., Zak\u0161ek, V., Weber, D., Weigand, A., Weigand, H.(2024).\u00a0<em><a href=\"https:\/\/doi.org\/10.70655\/KSD.2024.15\" target=\"_blank\" rel=\"noopener noreferrer\">The Sub-BioMon: Developing and testing approaches to monitor subterranean biodiversity in karst.<\/a><\/em>\u00a0KARST SCIENCE DAYS SYMPOSIUM PROCEEDINGS 2, 51-54.<\/p><\/div><\/div><div class=\"MuiPaper-root MuiPaper-outlined MuiPaper-rounded MuiCard-root css-1kqjpce\"><div class=\"MuiCardContent-root css-15q2cw4\"><p class=\"MuiTypography-root MuiTypography-body2 MuiTypography-gutterBottom css-1vs1vw4\">Olaru, A., <strong>O. Sambor<\/strong>, D. Borda, <strong>R. Bucur<\/strong>, A. Per\u0219oiu, C. Marin, A. Tudorache, N. Scrob, <strong>S. Iepure. <\/strong>2024. <em><a href=\"https:\/\/doi.org\/10.70655\/KSD.2024.03\" target=\"_blank\" rel=\"noopener noreferrer\">Karst springs &#8211; windows to the groundwater ecosystems health<\/a><\/em>\u00a0KARST SCIENCE DAYS SYMPOSIUM PROCEEDINGS 2 (2024)<\/p><\/div><\/div><div class=\"MuiPaper-root MuiPaper-outlined MuiPaper-rounded MuiCard-root css-1kqjpce\"><div class=\"MuiCardContent-root css-15q2cw4\"><p class=\"MuiTypography-root MuiTypography-body2 MuiTypography-gutterBottom css-1vs1vw4\">Zagmajster, M., Bal\u00e1zs, G., Bir\u00f3, A., Bucur, R., Collard, O., Deli\u0107, T., Kos, A., Flot, J.F., Haidau, C., Herczeg, G., Iepure, S., Lippert. E., Lunghi, E., Mantoiu, D.S., Moldovan, O.T, Sambor, O., Sitar, C., Stoch, F., Zak\u0161ek, V., Weber, D., Weigand, A., Weigand, H.(2024).\u00a0<em>The Sub-BioMon: Developing and testing approaches to monitor subterranean biodiversity in karst.<\/em>\u00a026th International Conference on Subterranean Biology and 6th International Symposium on Anchialine Ecosystems Book of abstracts (Poster 33).<\/p><\/div><\/div><div class=\"MuiPaper-root MuiPaper-outlined MuiPaper-rounded MuiCard-root css-1kqjpce\"><div class=\"MuiCardContent-root css-15q2cw4\"><p class=\"MuiTypography-root MuiTypography-body2 MuiTypography-gutterBottom css-1vs1vw4\"><strong>Iepure S.<\/strong>, Motoc, M.R., Barbu L., <strong>Coada D.<\/strong>, Pop M.P. 2024. <em>Life\u2019s Toxic Sanctuary in Movile Cave (Dobrogea, Romania): insights into ostracod shell chemical composition, ultrastructure and epibionts.<\/em> 26th International Conference on Subterranean Biology and 6th International Symposium on Anchialine Ecosystems Book of abstracts (Poster 47)<\/p><\/div><\/div>\t\t\t\t\t\t\t\t<\/div>\n\t\t\t\t<\/div>\n\t\t\t\t\t<\/div>\n\t\t\t\t<\/div>\n\t\t\t\t<\/div>\n\t\t","protected":false},"excerpt":{"rendered":"<p>2025 Published articles Di Lorenzo, T., S. Iepure, M. Di Cicco, D. M.P. Galassi, W.D. Di Marzio, 2025. Refining environmental risk assessment of diltiazem in groundwater through better surrogate selection and sublethal endpoints.&nbsp;Chemosphere, 392, 144744.&nbsp; Sacc\u00f2 M., Elmasri A., Tawal M., Alther R., Altermatt F., Mart\u00ednez A., Mammola S., Zagmajster M., Saenz-Agudelo P., Takahashi M., [&hellip;]<\/p>\n","protected":false},"author":1,"featured_media":0,"parent":0,"menu_order":0,"comment_status":"closed","ping_status":"closed","template":"elementor_header_footer","meta":{"footnotes":""},"class_list":["post-138866","page","type-page","status-publish","hentry"],"_links":{"self":[{"href":"https:\/\/biogeo.ubbcluj.ro\/pages\/taxonomie\/index.php?rest_route=\/wp\/v2\/pages\/138866","targetHints":{"allow":["GET"]}}],"collection":[{"href":"https:\/\/biogeo.ubbcluj.ro\/pages\/taxonomie\/index.php?rest_route=\/wp\/v2\/pages"}],"about":[{"href":"https:\/\/biogeo.ubbcluj.ro\/pages\/taxonomie\/index.php?rest_route=\/wp\/v2\/types\/page"}],"author":[{"embeddable":true,"href":"https:\/\/biogeo.ubbcluj.ro\/pages\/taxonomie\/index.php?rest_route=\/wp\/v2\/users\/1"}],"replies":[{"embeddable":true,"href":"https:\/\/biogeo.ubbcluj.ro\/pages\/taxonomie\/index.php?rest_route=%2Fwp%2Fv2%2Fcomments&post=138866"}],"version-history":[{"count":22,"href":"https:\/\/biogeo.ubbcluj.ro\/pages\/taxonomie\/index.php?rest_route=\/wp\/v2\/pages\/138866\/revisions"}],"predecessor-version":[{"id":139096,"href":"https:\/\/biogeo.ubbcluj.ro\/pages\/taxonomie\/index.php?rest_route=\/wp\/v2\/pages\/138866\/revisions\/139096"}],"wp:attachment":[{"href":"https:\/\/biogeo.ubbcluj.ro\/pages\/taxonomie\/index.php?rest_route=%2Fwp%2Fv2%2Fmedia&parent=138866"}],"curies":[{"name":"wp","href":"https:\/\/api.w.org\/{rel}","templated":true}]}}