{"id":138862,"date":"2025-12-03T10:20:52","date_gmt":"2025-12-03T10:20:52","guid":{"rendered":"https:\/\/biogeo.ubbcluj.ro\/pages\/taxonomie\/?page_id=138862"},"modified":"2026-01-27T17:15:23","modified_gmt":"2026-01-27T17:15:23","slug":"homesub","status":"publish","type":"page","link":"https:\/\/biogeo.ubbcluj.ro\/pages\/taxonomie\/?page_id=138862","title":{"rendered":"HomeSUB"},"content":{"rendered":"\t\t<div data-elementor-type=\"wp-page\" data-elementor-id=\"138862\" class=\"elementor elementor-138862\">\n\t\t\t\t<div class=\"elementor-element elementor-element-9f314bb e-con-full e-flex e-con e-parent\" data-id=\"9f314bb\" data-element_type=\"container\" data-settings=\"{&quot;background_background&quot;:&quot;classic&quot;}\">\n\t\t\t\t<div class=\"elementor-element elementor-element-2c01019 elementor-widget__width-initial elementor-widget elementor-widget-heading\" data-id=\"2c01019\" data-element_type=\"widget\" data-widget_type=\"heading.default\">\n\t\t\t\t<div class=\"elementor-widget-container\">\n\t\t\t\t\t<h2 class=\"elementor-heading-title elementor-size-default\">Developing and testing approaches to monitor subterranean biodiversity in karst <\/h2>\t\t\t\t<\/div>\n\t\t\t\t<\/div>\n\t\t\t\t<\/div>\n\t\t<div class=\"elementor-element elementor-element-85f3ee6 e-con-full e-flex e-con e-parent\" data-id=\"85f3ee6\" data-element_type=\"container\">\n\t\t\t\t<div class=\"elementor-element elementor-element-76946db elementor-widget__width-initial elementor-widget elementor-widget-image\" data-id=\"76946db\" data-element_type=\"widget\" data-widget_type=\"image.default\">\n\t\t\t\t<div class=\"elementor-widget-container\">\n\t\t\t\t\t\t\t\t\t\t\t\t\t\t\t<img fetchpriority=\"high\" decoding=\"async\" width=\"1232\" height=\"308\" src=\"https:\/\/biogeo.ubbcluj.ro\/pages\/taxonomie\/wp-content\/uploads\/2025\/12\/Portal-foto.jpg\" class=\"attachment-2048x2048 size-2048x2048 wp-image-139149\" alt=\"\" srcset=\"https:\/\/biogeo.ubbcluj.ro\/pages\/taxonomie\/wp-content\/uploads\/2025\/12\/Portal-foto.jpg 1232w, https:\/\/biogeo.ubbcluj.ro\/pages\/taxonomie\/wp-content\/uploads\/2025\/12\/Portal-foto-300x75.jpg 300w, https:\/\/biogeo.ubbcluj.ro\/pages\/taxonomie\/wp-content\/uploads\/2025\/12\/Portal-foto-1024x256.jpg 1024w, https:\/\/biogeo.ubbcluj.ro\/pages\/taxonomie\/wp-content\/uploads\/2025\/12\/Portal-foto-768x192.jpg 768w, https:\/\/biogeo.ubbcluj.ro\/pages\/taxonomie\/wp-content\/uploads\/2025\/12\/Portal-foto-255x64.jpg 255w\" sizes=\"(max-width: 1232px) 100vw, 1232px\" \/>\t\t\t\t\t\t\t\t\t\t\t\t\t\t\t<\/div>\n\t\t\t\t<\/div>\n\t\t\t\t<\/div>\n\t\t<div class=\"elementor-element elementor-element-ecd374e e-con-full e-flex e-con e-parent\" data-id=\"ecd374e\" data-element_type=\"container\">\n\t\t\t\t<div class=\"elementor-element elementor-element-f99b87d elementor-widget__width-initial elementor-widget elementor-widget-text-editor\" data-id=\"f99b87d\" data-element_type=\"widget\" data-widget_type=\"text-editor.default\">\n\t\t\t\t<div class=\"elementor-widget-container\">\n\t\t\t\t\t\t\t\t\t<h4 style=\"text-align: center;\"><b style=\"font-family: inherit; letter-spacing: 0px;\"><span style=\"color: #ffffff;\">Biodiversa<\/span><\/b><span style=\"font-family: inherit; letter-spacing: 0px; color: #ffffff;\"><b>+ call:<\/b> ERANET 26\/2024,\u00a0<strong>Project number:<\/strong> PN4-P8-235\/01.04.2024\u00a0\u00a0<b>Duration<\/b>: 01\/04\/2024 \u2013 31\/03\/2027,\u00a0<strong>Total grant<\/strong>:\u00a0871.000 \u20ac<\/span><\/h4><div><span style=\"text-align: center;\">\u00a0<\/span><\/div>\t\t\t\t\t\t\t\t<\/div>\n\t\t\t\t<\/div>\n\t\t\t\t<\/div>\n\t\t<div class=\"elementor-element elementor-element-5aa0982 e-con-full e-flex e-con e-parent\" data-id=\"5aa0982\" data-element_type=\"container\">\n\t\t\t\t<div class=\"elementor-element elementor-element-dc0b55d elementor-widget elementor-widget-text-editor\" data-id=\"dc0b55d\" data-element_type=\"widget\" data-widget_type=\"text-editor.default\">\n\t\t\t\t<div class=\"elementor-widget-container\">\n\t\t\t\t\t\t\t\t\t<h3><strong>Context<\/strong><\/h3><p>The Sub-BioMon project aims to provide a standardized methods and protocols for monitoring subterranean biodiversity in European karst areas, with a focus on developing and testing novel approaches such is eDNA. The subterranean species of karst regions in Europe represent a unique and indispensable part of European biodiversity. Several specialized species are rare and highly endemic, bound to narrow geographical areas. At the same time, subterranean habitats are among the most challenging for biodiversity monitoring, due to difficult accessibility and the complexity of its exploration, which requires expertise and specialized equipment.\u00a0<\/p><p>Caves are rare points where humans can enter the subterranean domain and are often considered to be the main habitat for the subterranean species. They are protected as a special habitat type (8310 \u201cCaves not open to the public\u201d) in the EU Habitats Directive, which demands their monitoring at national and international level. However, up to now, there is no standardized sampling method for monitoring subterranean species and habitats.\u00a0<\/p><p>The <strong>Sub-BioMon<\/strong> will reconsider the role of caves as either habitats or simply windows into an extensive subterranean habitat in a fractured rock, consisting of cavities and crevices inaccessible to humans. The project will provide a scientific basis for monitoring, which is relevant to a variety of stakeholders, such as governmental and conservation institutions, management authorities of natural parks and show caves, as well as the general public, all of which will be involved in the project.<\/p><h4><strong>Who we are?<\/strong><\/h4><p>We are part of a consortium formed by cave biologists from 6 European countries: Slovenia, Romania, Italy, Hungary, Belgium and Luxemburg.\u00a0<\/p>\t\t\t\t\t\t\t\t<\/div>\n\t\t\t\t<\/div>\n\t\t\t\t<\/div>\n\t\t<div class=\"elementor-element elementor-element-3a9283d e-con-full e-flex e-con e-parent\" data-id=\"3a9283d\" data-element_type=\"container\">\n\t\t\t\t<div class=\"elementor-element elementor-element-68118ff elementor-widget__width-auto elementor-widget elementor-widget-text-editor\" data-id=\"68118ff\" data-element_type=\"widget\" data-widget_type=\"text-editor.default\">\n\t\t\t\t<div class=\"elementor-widget-container\">\n\t\t\t\t\t\t\t\t\t<p><strong>Sub-BioMon<\/strong> is proposing to test a feasible protocol for monitoring subterranean fauna with focus on crustaceans, spiders, and beetles from selected caves and springs in the six countries. The selection of monitoring sites and microhabitat locations will be based on defining bioregions at different spatial scales, using both large and accessible datasets on selected groups of subterranean species and national databases. The major challenge is to standardize field sampling methods considering the rareness of the subterranean species. Selected target groups will be identified down to the species level and we will employ DNA-based molecular approaches, such is DNA barcoding and environmental DNA (eDNA) for both identification and detection of species including cryptic.<\/p>\t\t\t\t\t\t\t\t<\/div>\n\t\t\t\t<\/div>\n\t\t\t\t<div class=\"elementor-element elementor-element-9b520da elementor-widget__width-initial elementor-widget elementor-widget-image\" data-id=\"9b520da\" data-element_type=\"widget\" data-widget_type=\"image.default\">\n\t\t\t\t<div class=\"elementor-widget-container\">\n\t\t\t\t\t\t\t\t\t\t\t\t\t\t\t<img decoding=\"async\" width=\"1098\" height=\"137\" src=\"https:\/\/biogeo.ubbcluj.ro\/pages\/taxonomie\/wp-content\/uploads\/2025\/12\/Species-1.jpg\" class=\"attachment-2048x2048 size-2048x2048 wp-image-139120\" alt=\"\" srcset=\"https:\/\/biogeo.ubbcluj.ro\/pages\/taxonomie\/wp-content\/uploads\/2025\/12\/Species-1.jpg 1098w, https:\/\/biogeo.ubbcluj.ro\/pages\/taxonomie\/wp-content\/uploads\/2025\/12\/Species-1-300x37.jpg 300w, https:\/\/biogeo.ubbcluj.ro\/pages\/taxonomie\/wp-content\/uploads\/2025\/12\/Species-1-1024x128.jpg 1024w, https:\/\/biogeo.ubbcluj.ro\/pages\/taxonomie\/wp-content\/uploads\/2025\/12\/Species-1-768x96.jpg 768w, https:\/\/biogeo.ubbcluj.ro\/pages\/taxonomie\/wp-content\/uploads\/2025\/12\/Species-1-255x32.jpg 255w\" sizes=\"(max-width: 1098px) 100vw, 1098px\" \/>\t\t\t\t\t\t\t\t\t\t\t\t\t\t\t<\/div>\n\t\t\t\t<\/div>\n\t\t\t\t<div class=\"elementor-element elementor-element-4751758 elementor-widget elementor-widget-text-editor\" data-id=\"4751758\" data-element_type=\"widget\" data-widget_type=\"text-editor.default\">\n\t\t\t\t<div class=\"elementor-widget-container\">\n\t\t\t\t\t\t\t\t\t<h4><strong style=\"font-family: inherit; letter-spacing: 0px;\">Why it is important?<\/strong><\/h4>\n<p>Subterranean biodiversity especially of cave ecosystems represent a unique and indispensable part of European biodiversity. Subterranean species are strictly adapted to this particular environment (complete darkness, temperature relative constant, scarce food resources), are rare and highly endemic, with narrow distribution at small spatial scale. At the same time subterranean ecosystems and especially caves are challenging for biomonitoring studies due to accessibility and explorations. However, caves are protected as a special habitat type (8310 \u201cCaves not open to the public\u201d) in the EU Habitats Directive, which demands their monitoring at national and international level. Sub-BioMon will provide scientifically supported approaches to assess subterranean biodiversity, directly supporting policy makers and authorities who are in charge to monitor and report on subterranean biodiversity from each country to the international community.<\/p>\t\t\t\t\t\t\t\t<\/div>\n\t\t\t\t<\/div>\n\t\t\t\t<\/div>\n\t\t<div class=\"elementor-element elementor-element-7e2a27f e-con-full e-flex e-con e-parent\" data-id=\"7e2a27f\" data-element_type=\"container\">\n\t\t<div class=\"elementor-element elementor-element-afb8d14 e-con-full e-flex e-con e-child\" data-id=\"afb8d14\" data-element_type=\"container\">\n\t\t\t\t<div class=\"elementor-element elementor-element-de4abf7 elementor-widget elementor-widget-text-editor\" data-id=\"de4abf7\" data-element_type=\"widget\" data-widget_type=\"text-editor.default\">\n\t\t\t\t<div class=\"elementor-widget-container\">\n\t\t\t\t\t\t\t\t\t<h3><strong>Work packages<\/strong><\/h3><div><strong><br><\/strong><\/div>\n<h3><span style=\"color: #7a7a7a; font-size: 14px;\">The Sub-BioMon project is organized and described in five interrelated work packages:<\/span><\/h3>\n<p><b>WP 1 <\/b>Project management (Coordinator: Slovenia)<\/p>\n<p><b>WP 2: <\/b>Defining subterranean biogeographical regions within karst (Coordinator: Italy)<\/p>\n<p><b>WP 3: <\/b>Assessing the readiness of DNA information for routine species identification and implementation in (e)DNA-based assessments of subterranean communities (Coordinator: Luxemburg)<\/p>\n<p><b>WP 4: <\/b><strong>Developing and testing the methodology for minimal standards of field work sampling (Coordinator: Romania)<\/strong><\/p>\n<p><b>WP 5 <\/b>From science to practice: involving different stakeholders (Coordinator: Hungary)<\/p>\t\t\t\t\t\t\t\t<\/div>\n\t\t\t\t<\/div>\n\t\t\t\t<\/div>\n\t\t<div class=\"elementor-element elementor-element-c82f8e3 e-con-full e-flex e-con e-child\" data-id=\"c82f8e3\" data-element_type=\"container\">\n\t\t\t\t<div class=\"elementor-element elementor-element-2e0b518 elementor-widget elementor-widget-image\" data-id=\"2e0b518\" data-element_type=\"widget\" data-widget_type=\"image.default\">\n\t\t\t\t<div class=\"elementor-widget-container\">\n\t\t\t\t\t\t\t\t\t\t\t\t\t\t\t<img decoding=\"async\" width=\"526\" height=\"428\" src=\"https:\/\/biogeo.ubbcluj.ro\/pages\/taxonomie\/wp-content\/uploads\/2025\/12\/SubBioMon_WP.jpg\" class=\"attachment-large size-large wp-image-138904\" alt=\"\" srcset=\"https:\/\/biogeo.ubbcluj.ro\/pages\/taxonomie\/wp-content\/uploads\/2025\/12\/SubBioMon_WP.jpg 526w, https:\/\/biogeo.ubbcluj.ro\/pages\/taxonomie\/wp-content\/uploads\/2025\/12\/SubBioMon_WP-300x244.jpg 300w, https:\/\/biogeo.ubbcluj.ro\/pages\/taxonomie\/wp-content\/uploads\/2025\/12\/SubBioMon_WP-255x207.jpg 255w\" sizes=\"(max-width: 526px) 100vw, 526px\" \/>\t\t\t\t\t\t\t\t\t\t\t\t\t\t\t<\/div>\n\t\t\t\t<\/div>\n\t\t\t\t<\/div>\n\t\t\t\t<\/div>\n\t\t<div class=\"elementor-element elementor-element-bd81a27 e-con-full e-flex e-con e-parent\" data-id=\"bd81a27\" data-element_type=\"container\">\n\t\t<div class=\"elementor-element elementor-element-4c67505 e-con-full e-flex e-con e-child\" data-id=\"4c67505\" data-element_type=\"container\">\n\t\t\t\t<div class=\"elementor-element elementor-element-54dffeb elementor-widget elementor-widget-image\" data-id=\"54dffeb\" data-element_type=\"widget\" data-widget_type=\"image.default\">\n\t\t\t\t<div class=\"elementor-widget-container\">\n\t\t\t\t\t\t\t\t\t\t\t\t\t\t\t<img loading=\"lazy\" decoding=\"async\" width=\"193\" height=\"488\" src=\"https:\/\/biogeo.ubbcluj.ro\/pages\/taxonomie\/wp-content\/uploads\/2025\/12\/SubBioMon-Ro_logo-partners-1.jpg\" class=\"attachment-large size-large wp-image-138902\" alt=\"\" srcset=\"https:\/\/biogeo.ubbcluj.ro\/pages\/taxonomie\/wp-content\/uploads\/2025\/12\/SubBioMon-Ro_logo-partners-1.jpg 193w, https:\/\/biogeo.ubbcluj.ro\/pages\/taxonomie\/wp-content\/uploads\/2025\/12\/SubBioMon-Ro_logo-partners-1-119x300.jpg 119w\" sizes=\"(max-width: 193px) 100vw, 193px\" \/>\t\t\t\t\t\t\t\t\t\t\t\t\t\t\t<\/div>\n\t\t\t\t<\/div>\n\t\t\t\t<\/div>\n\t\t<div class=\"elementor-element elementor-element-d404a84 e-con-full e-flex e-con e-child\" data-id=\"d404a84\" data-element_type=\"container\">\n\t\t\t\t<div class=\"elementor-element elementor-element-44fd11b elementor-widget__width-initial elementor-widget elementor-widget-text-editor\" data-id=\"44fd11b\" data-element_type=\"widget\" data-widget_type=\"text-editor.default\">\n\t\t\t\t<div class=\"elementor-widget-container\">\n\t\t\t\t\t\t\t\t\t<h4 style=\"text-align: center;\"><strong>Partners of the project<\/strong><\/h4><p>\u00a0<\/p><p style=\"text-align: center;\"><strong>Biotechnical Faculty, Department of Biology, SubBioLab, University of Ljubljana, Ljubljana, Slovenia (Principal Coordinator)<\/strong><\/p><p>\u00a0<\/p><p style=\"text-align: center;\"><b>Emil Racovita Institute of Speleology, Cluj Napoca, Romania<\/b><\/p><p style=\"text-align: center;\">Faculty of Sciences, Department for Biology of Organisms, Free University of Brussels (ULB), Brussels, Belgium<\/p><p style=\"text-align: center;\">Department of Life, Health and Environmental Sciences (MESVA), University of L\u2019Aquila, L\u2019Aquila, Italy<\/p><p style=\"text-align: center;\">Department of Systematic Zoology and Ecology, E\u00f6tv\u00f6s Lor\u00e1nd University, Budapest, Hungary<\/p><p style=\"text-align: center;\">National Museum of Natural History Luxembourg, Zoology Department; Luxembourg<\/p><h4 style=\"text-align: center;\"><b>\u00a0<\/b><\/h4><p>\u00a0<\/p><h4 style=\"text-align: center;\"><b>Coordinator<\/b><b>\u00a0Romania:<\/b><\/h4><p style=\"text-align: center;\">Dr. Sanda IEPURE\u00a0<\/p><p style=\"text-align: center;\"><a style=\"background-color: #ffffff;\" href=\"mailto:sanda.iepure@ubbcluj.ro\">sanda.iepure@ubbcluj.ro<\/a><\/p>\t\t\t\t\t\t\t\t<\/div>\n\t\t\t\t<\/div>\n\t\t\t\t<\/div>\n\t\t\t\t<\/div>\n\t\t<div class=\"elementor-element elementor-element-f3a08b6 e-con-full e-flex e-con e-parent\" data-id=\"f3a08b6\" data-element_type=\"container\">\n\t\t\t\t<div class=\"elementor-element elementor-element-1d064c7 elementor-widget elementor-widget-text-editor\" data-id=\"1d064c7\" data-element_type=\"widget\" data-widget_type=\"text-editor.default\">\n\t\t\t\t<div class=\"elementor-widget-container\">\n\t\t\t\t\t\t\t\t\t<h4 style=\"text-align: center;\"><strong>Funding agencies:<\/strong><\/h4><p style=\"text-align: center;\"><strong> SubBioMon<\/strong> is co-funded by the European Commission (GA \u2116 101052342) and the following funding organizations:<\/p><p style=\"text-align: center;\">Ministry of Higher Education, Science and Innovation (Slovenia)<\/p><p style=\"text-align: center;\">The Belgian Science Policy (Belgium)<\/p><p style=\"text-align: center;\">Ministry of Universities and Research (Italy)<\/p><p style=\"text-align: center;\">National Research, Development and Innovation Office (Hungary)<\/p><p style=\"text-align: center;\">Executive Agency for Higher Education, Research, Development and Innovation Funding (Romania)\u00a0<\/p><p style=\"text-align: center;\"><strong>Self-financing partner:<\/strong><\/p><p style=\"text-align: center;\">National Museum of Natural History Luxembourg (Luxembourg)<\/p>\t\t\t\t\t\t\t\t<\/div>\n\t\t\t\t<\/div>\n\t\t\t\t<\/div>\n\t\t<div class=\"elementor-element elementor-element-ccdf90a e-flex e-con-boxed e-con e-parent\" data-id=\"ccdf90a\" data-element_type=\"container\">\n\t\t\t\t\t<div class=\"e-con-inner\">\n\t\t\t\t<div class=\"elementor-element elementor-element-858f940 elementor-widget elementor-widget-text-editor\" data-id=\"858f940\" data-element_type=\"widget\" data-widget_type=\"text-editor.default\">\n\t\t\t\t<div class=\"elementor-widget-container\">\n\t\t\t\t\t\t\t\t\t<h4><strong>Romanian Collaborators<\/strong><\/h4>\t\t\t\t\t\t\t\t<\/div>\n\t\t\t\t<\/div>\n\t\t\t\t\t<\/div>\n\t\t\t\t<\/div>\n\t\t<div class=\"elementor-element elementor-element-7256a0f e-con-full e-flex e-con e-parent\" data-id=\"7256a0f\" data-element_type=\"container\">\n\t\t\t\t<div class=\"elementor-element elementor-element-467ac73 elementor-widget__width-initial elementor-widget elementor-widget-image\" data-id=\"467ac73\" data-element_type=\"widget\" data-widget_type=\"image.default\">\n\t\t\t\t<div class=\"elementor-widget-container\">\n\t\t\t\t\t\t\t\t\t\t\t\t\t\t\t<img loading=\"lazy\" decoding=\"async\" width=\"669\" height=\"175\" src=\"https:\/\/biogeo.ubbcluj.ro\/pages\/taxonomie\/wp-content\/uploads\/2025\/12\/Colaborators-PNA.jpg\" class=\"attachment-large size-large wp-image-138991\" alt=\"\" srcset=\"https:\/\/biogeo.ubbcluj.ro\/pages\/taxonomie\/wp-content\/uploads\/2025\/12\/Colaborators-PNA.jpg 669w, https:\/\/biogeo.ubbcluj.ro\/pages\/taxonomie\/wp-content\/uploads\/2025\/12\/Colaborators-PNA-300x78.jpg 300w, https:\/\/biogeo.ubbcluj.ro\/pages\/taxonomie\/wp-content\/uploads\/2025\/12\/Colaborators-PNA-255x67.jpg 255w\" sizes=\"(max-width: 669px) 100vw, 669px\" \/>\t\t\t\t\t\t\t\t\t\t\t\t\t\t\t<\/div>\n\t\t\t\t<\/div>\n\t\t\t\t<\/div>\n\t\t\t\t<\/div>\n\t\t","protected":false},"excerpt":{"rendered":"<p>Developing and testing approaches to monitor subterranean biodiversity in karst Biodiversa+ call: ERANET 26\/2024,\u00a0Project number: PN4-P8-235\/01.04.2024\u00a0\u00a0Duration: 01\/04\/2024 \u2013 31\/03\/2027,\u00a0Total grant:\u00a0871.000 \u20ac \u00a0 Context The Sub-BioMon project aims to provide a standardized methods and protocols for monitoring subterranean biodiversity in European karst areas, with a focus on developing and testing novel approaches such is eDNA. The [&hellip;]<\/p>\n","protected":false},"author":1,"featured_media":0,"parent":0,"menu_order":0,"comment_status":"closed","ping_status":"closed","template":"elementor_header_footer","meta":{"footnotes":""},"class_list":["post-138862","page","type-page","status-publish","hentry"],"_links":{"self":[{"href":"https:\/\/biogeo.ubbcluj.ro\/pages\/taxonomie\/index.php?rest_route=\/wp\/v2\/pages\/138862","targetHints":{"allow":["GET"]}}],"collection":[{"href":"https:\/\/biogeo.ubbcluj.ro\/pages\/taxonomie\/index.php?rest_route=\/wp\/v2\/pages"}],"about":[{"href":"https:\/\/biogeo.ubbcluj.ro\/pages\/taxonomie\/index.php?rest_route=\/wp\/v2\/types\/page"}],"author":[{"embeddable":true,"href":"https:\/\/biogeo.ubbcluj.ro\/pages\/taxonomie\/index.php?rest_route=\/wp\/v2\/users\/1"}],"replies":[{"embeddable":true,"href":"https:\/\/biogeo.ubbcluj.ro\/pages\/taxonomie\/index.php?rest_route=%2Fwp%2Fv2%2Fcomments&post=138862"}],"version-history":[{"count":121,"href":"https:\/\/biogeo.ubbcluj.ro\/pages\/taxonomie\/index.php?rest_route=\/wp\/v2\/pages\/138862\/revisions"}],"predecessor-version":[{"id":139213,"href":"https:\/\/biogeo.ubbcluj.ro\/pages\/taxonomie\/index.php?rest_route=\/wp\/v2\/pages\/138862\/revisions\/139213"}],"wp:attachment":[{"href":"https:\/\/biogeo.ubbcluj.ro\/pages\/taxonomie\/index.php?rest_route=%2Fwp%2Fv2%2Fmedia&parent=138862"}],"curies":[{"name":"wp","href":"https:\/\/api.w.org\/{rel}","templated":true}]}}