{"id":137306,"date":"2024-06-20T06:03:56","date_gmt":"2024-06-20T06:03:56","guid":{"rendered":"https:\/\/biogeo.ubbcluj.ro\/pages\/taxonomie\/?page_id=137306"},"modified":"2025-03-12T07:03:52","modified_gmt":"2025-03-12T07:03:52","slug":"masterat","status":"publish","type":"page","link":"https:\/\/biogeo.ubbcluj.ro\/pages\/taxonomie\/?page_id=137306","title":{"rendered":"Masterat"},"content":{"rendered":"\t\t<div data-elementor-type=\"wp-page\" data-elementor-id=\"137306\" class=\"elementor elementor-137306\">\n\t\t\t\t<div class=\"elementor-element elementor-element-3d6ed92 e-flex e-con-boxed e-con e-parent\" data-id=\"3d6ed92\" data-element_type=\"container\">\n\t\t\t\t\t<div class=\"e-con-inner\">\n\t\t\t\t<div class=\"elementor-element elementor-element-506f140 elementor-widget elementor-widget-heading\" data-id=\"506f140\" data-element_type=\"widget\" data-widget_type=\"heading.default\">\n\t\t\t\t<div class=\"elementor-widget-container\">\n\t\t\t\t\t<h2 class=\"elementor-heading-title elementor-size-default\">ECOLOGIE SISTEMIC\u0102 \u0218I CONSERVARE\n<\/h2>\t\t\t\t<\/div>\n\t\t\t\t<\/div>\n\t\t\t\t<div class=\"elementor-element elementor-element-d3d18a6 elementor-widget elementor-widget-text-editor\" data-id=\"d3d18a6\" data-element_type=\"widget\" data-widget_type=\"text-editor.default\">\n\t\t\t\t<div class=\"elementor-widget-container\">\n\t\t\t\t\t\t\t\t\t<p style=\"margin-top: 0pt; margin-bottom: 0pt; direction: ltr; unicode-bidi: embed; vertical-align: baseline;\"><span style=\"font-size: 10pt; font-family: Arial; color: #666666; background-image: initial; background-position: initial; background-size: initial; background-repeat: initial; background-attachment: initial; background-origin: initial; background-clip: initial; font-weight: bold;\">Coordonator<\/span><span style=\"font-size: 10pt; font-family: Arial; color: #666666; background-image: initial; background-position: initial; background-size: initial; background-repeat: initial; background-attachment: initial; background-origin: initial; background-clip: initial; font-weight: bold;\"> program<\/span><span style=\"font-size: 10pt; font-family: Arial; color: #666666; background-image: initial; background-position: initial; background-size: initial; background-repeat: initial; background-attachment: initial; background-origin: initial; background-clip: initial;\">: <\/span><span style=\"font-size: 10pt; font-family: Arial; color: #666666; background-image: initial; background-position: initial; background-size: initial; background-repeat: initial; background-attachment: initial; background-origin: initial; background-clip: initial;\">Dr.<\/span><span style=\"font-size: 10pt; font-family: Arial; color: #666666; background-image: initial; background-position: initial; background-size: initial; background-repeat: initial; background-attachment: initial; background-origin: initial; background-clip: initial;\"> Karina <\/span><span style=\"font-size: 10pt; font-family: Arial; color: #666666; background-image: initial; background-position: initial; background-size: initial; background-repeat: initial; background-attachment: initial; background-origin: initial; background-clip: initial;\">Battes<\/span><span style=\"font-size: 10pt; font-family: Arial; color: #666666; background-image: initial; background-position: initial; background-size: initial; background-repeat: initial; background-attachment: initial; background-origin: initial; background-clip: initial;\">, email: <\/span><span style=\"font-size: 10pt; font-family: Arial; color: #666666; background-image: initial; background-position: initial; background-size: initial; background-repeat: initial; background-attachment: initial; background-origin: initial; background-clip: initial;\">karina.battes@ubbcluj.ro; karina.battes@gmail.com<\/span><\/p>\t\t\t\t\t\t\t\t<\/div>\n\t\t\t\t<\/div>\n\t\t\t\t\t<\/div>\n\t\t\t\t<\/div>\n\t\t<div class=\"elementor-element elementor-element-264766a3 e-flex e-con-boxed e-con e-parent\" data-id=\"264766a3\" data-element_type=\"container\">\n\t\t\t\t\t<div class=\"e-con-inner\">\n\t\t<div class=\"elementor-element elementor-element-68dab537 e-con-full e-flex e-con e-child\" data-id=\"68dab537\" data-element_type=\"container\" data-settings=\"{&quot;background_background&quot;:&quot;classic&quot;}\">\n\t\t\t\t<\/div>\n\t\t<div class=\"elementor-element elementor-element-57278b72 e-con-full e-flex e-con e-child\" data-id=\"57278b72\" data-element_type=\"container\" data-settings=\"{&quot;background_background&quot;:&quot;classic&quot;}\">\n\t\t\t\t<\/div>\n\t\t<div class=\"elementor-element elementor-element-62ade36c e-con-full e-flex e-con e-child\" data-id=\"62ade36c\" data-element_type=\"container\" data-settings=\"{&quot;background_background&quot;:&quot;classic&quot;}\">\n\t\t\t\t<\/div>\n\t\t<div class=\"elementor-element elementor-element-4711c31a e-con-full e-flex e-con e-child\" data-id=\"4711c31a\" data-element_type=\"container\" data-settings=\"{&quot;background_background&quot;:&quot;classic&quot;}\">\n\t\t\t\t<\/div>\n\t\t\t\t\t<\/div>\n\t\t\t\t<\/div>\n\t\t<div class=\"elementor-element elementor-element-220163e e-flex e-con-boxed e-con e-parent\" data-id=\"220163e\" data-element_type=\"container\">\n\t\t\t\t\t<div class=\"e-con-inner\">\n\t\t\t\t<div class=\"elementor-element elementor-element-23cb788 elementor-widget elementor-widget-heading\" data-id=\"23cb788\" data-element_type=\"widget\" data-widget_type=\"heading.default\">\n\t\t\t\t<div class=\"elementor-widget-container\">\n\t\t\t\t\t<h2 class=\"elementor-heading-title elementor-size-default\"><a href=\"https:\/\/biogeo.ubbcluj.ro\/inscriere-regulamente-si-taxe-admitere-master\/\">Admitere Pogram Master Ecologie Sistemica si Conservare 2024 - 2025 <\/a><\/h2>\t\t\t\t<\/div>\n\t\t\t\t<\/div>\n\t\t\t\t<div class=\"elementor-element elementor-element-971dc33 elementor-widget elementor-widget-text-editor\" data-id=\"971dc33\" data-element_type=\"widget\" data-widget_type=\"text-editor.default\">\n\t\t\t\t<div class=\"elementor-widget-container\">\n\t\t\t\t\t\t\t\t\t<p><b>Informatii<\/b> <b>generale<\/b><\/p><p>Programul de masterat \u0219tiin\u021bific ECOLOGIE SISTEMIC\u0102 \u0218I CONSERVARE din domeniul BIOLOGIE este acreditat ARACIS \u015fi formeaz\u0103 speciali\u015fti \u00een domeniile ecologiei \u0219i a disciplinelor conexe.<\/p><p><b>Program international: <\/b>Nu,<\/p><p><b>Num\u0103r de credite: <\/b>120 \u0219i 10 credite la examenul de sus\u021binere a diserta\u021biei<\/p><p><b>Perioada de studii: <\/b>2 ani<\/p><p><b>Curs outline: <\/b><\/p><p>Cuno\u0219tin\u021bele de baz\u0103 dob\u00e2ndite se refer\u0103 la principalele aspecte \u0219tiin\u021bifice care stau la baza studiului ecosistemelor naturale \u0219i antropizate, a rolului biodiversit\u0103\u021bii biologice \u00een func\u021bionarea ecosistemelor, pentru protec\u021bia, conservarea \u0219i utilizarea resurselor naturale \u00een interiorul capacit\u0103\u0163ii de suport a mediului. Absolven\u021bii vor putea s\u0103 aplice cuno\u0219tin\u021bele dob\u00e2ndite pentru cercetarea \u0219i monitorizarea calit\u0103\u021bii mediului, folosind sisteme de bioindicatori, analize de date, tehnici de evaluare \u0219i remediere, documenta\u021bii de mediu etc., cu scopul declarat de analiz\u0103, protec\u021bie \u0219i conservare a capitalului natural.<\/p><p>\u00a0<\/p><p>Programul de masterat include \u00een total 14 cursuri obligatorii, 7 op\u021bionale \u0219i unul facultativ, concentrate \u00een primele 3 semestre de studiu, ultimul semestru fiind \u00een totalitate dedicat elabor\u0103rii diserta\u021biei.<\/p><p><b>Oportunitati<\/b><b> in <\/b><b>cariera<\/b><b>: <\/b><\/p><p>Dup\u0103 terminarea programului de studiu, absolven\u0163ii se pot angaja ca biologi-ecologi, cadre didactice, asisten\u021bi de cercetare-cercet\u0103tori, inspectori \u015fi consilieri pe probleme de mediu, muzeografi, rangers sau custozi de arii protejate. Locurile de munc\u0103 sau func\u0163iile ocupate de absolven\u0163ii programului de studii sunt: \u00een institu\u0163ii publice: \u015fcoli, institu\u0163ii de \u00eenv\u0103\u0163\u0103m\u00eent superior, gr\u0103dini botanice, institu\u0163ii de cercetare, agen\u0163ii de mediu, Garda de Mediu, Administra\u0163ia Na\u0163ional\u0103 Apele Rom\u00e2ne, Compania de Ape, prim\u0103rii, consilii jude\u0163ene, administra\u0163iile ariilor protejate, centre de protec\u0163ia plantelor, agen\u0163ii guvernamentale \u015fi ministere, ONG-uri; \u00een firme \u015fi companii private etc<\/p>\t\t\t\t\t\t\t\t<\/div>\n\t\t\t\t<\/div>\n\t\t\t\t\t<\/div>\n\t\t\t\t<\/div>\n\t\t\t\t<\/div>\n\t\t","protected":false},"excerpt":{"rendered":"<p>ECOLOGIE SISTEMIC\u0102 \u0218I CONSERVARE Coordonator program: Dr. Karina Battes, email: karina.battes@ubbcluj.ro; karina.battes@gmail.com Admitere Pogram Master Ecologie Sistemica si Conservare 2024 &#8211; 2025 Informatii generale Programul de masterat \u0219tiin\u021bific ECOLOGIE SISTEMIC\u0102 \u0218I CONSERVARE din domeniul BIOLOGIE este acreditat ARACIS \u015fi formeaz\u0103 speciali\u015fti \u00een domeniile ecologiei \u0219i a disciplinelor conexe. Program international: Nu, Num\u0103r de credite: 120 [&hellip;]<\/p>\n","protected":false},"author":1,"featured_media":0,"parent":0,"menu_order":0,"comment_status":"closed","ping_status":"closed","template":"","meta":{"footnotes":""},"class_list":["post-137306","page","type-page","status-publish","hentry"],"_links":{"self":[{"href":"https:\/\/biogeo.ubbcluj.ro\/pages\/taxonomie\/index.php?rest_route=\/wp\/v2\/pages\/137306","targetHints":{"allow":["GET"]}}],"collection":[{"href":"https:\/\/biogeo.ubbcluj.ro\/pages\/taxonomie\/index.php?rest_route=\/wp\/v2\/pages"}],"about":[{"href":"https:\/\/biogeo.ubbcluj.ro\/pages\/taxonomie\/index.php?rest_route=\/wp\/v2\/types\/page"}],"author":[{"embeddable":true,"href":"https:\/\/biogeo.ubbcluj.ro\/pages\/taxonomie\/index.php?rest_route=\/wp\/v2\/users\/1"}],"replies":[{"embeddable":true,"href":"https:\/\/biogeo.ubbcluj.ro\/pages\/taxonomie\/index.php?rest_route=%2Fwp%2Fv2%2Fcomments&post=137306"}],"version-history":[{"count":22,"href":"https:\/\/biogeo.ubbcluj.ro\/pages\/taxonomie\/index.php?rest_route=\/wp\/v2\/pages\/137306\/revisions"}],"predecessor-version":[{"id":138126,"href":"https:\/\/biogeo.ubbcluj.ro\/pages\/taxonomie\/index.php?rest_route=\/wp\/v2\/pages\/137306\/revisions\/138126"}],"wp:attachment":[{"href":"https:\/\/biogeo.ubbcluj.ro\/pages\/taxonomie\/index.php?rest_route=%2Fwp%2Fv2%2Fmedia&parent=137306"}],"curies":[{"name":"wp","href":"https:\/\/api.w.org\/{rel}","templated":true}]}}