{"id":137304,"date":"2024-06-20T06:03:43","date_gmt":"2024-06-20T06:03:43","guid":{"rendered":"https:\/\/biogeo.ubbcluj.ro\/pages\/taxonomie\/?page_id=137304"},"modified":"2025-03-12T07:02:24","modified_gmt":"2025-03-12T07:02:24","slug":"licenta","status":"publish","type":"page","link":"https:\/\/biogeo.ubbcluj.ro\/pages\/taxonomie\/?page_id=137304","title":{"rendered":"Licen\u021b\u0103"},"content":{"rendered":"\t\t<div data-elementor-type=\"wp-page\" data-elementor-id=\"137304\" class=\"elementor elementor-137304\">\n\t\t\t\t<div class=\"elementor-element elementor-element-19f14e6 e-flex e-con-boxed e-con e-parent\" data-id=\"19f14e6\" data-element_type=\"container\">\n\t\t\t\t\t<div class=\"e-con-inner\">\n\t\t\t\t<div class=\"elementor-element elementor-element-3603d3c elementor-widget elementor-widget-heading\" data-id=\"3603d3c\" data-element_type=\"widget\" data-widget_type=\"heading.default\">\n\t\t\t\t<div class=\"elementor-widget-container\">\n\t\t\t\t\t<h2 class=\"elementor-heading-title elementor-size-default\">BIOLOGIE AMBIENTAL\u0102<\/h2>\t\t\t\t<\/div>\n\t\t\t\t<\/div>\n\t\t\t\t<div class=\"elementor-element elementor-element-4068c7e elementor-widget elementor-widget-text-editor\" data-id=\"4068c7e\" data-element_type=\"widget\" data-widget_type=\"text-editor.default\">\n\t\t\t\t<div class=\"elementor-widget-container\">\n\t\t\t\t\t\t\t\t\t<p style=\"margin-top: 0pt; margin-bottom: 0pt; direction: ltr; unicode-bidi: embed; vertical-align: baseline;\"><span style=\"font-size: 10pt; font-family: Arial; color: #666666; background-image: initial; background-position: initial; background-size: initial; background-repeat: initial; background-attachment: initial; background-origin: initial; background-clip: initial; font-weight: bold;\">Coordonator<\/span><span style=\"font-size: 10pt; font-family: Arial; color: #666666; background-image: initial; background-position: initial; background-size: initial; background-repeat: initial; background-attachment: initial; background-origin: initial; background-clip: initial; font-weight: bold;\"> program<\/span><span style=\"font-size: 10pt; font-family: Arial; color: #666666; background-image: initial; background-position: initial; background-size: initial; background-repeat: initial; background-attachment: initial; background-origin: initial; background-clip: initial;\">: <\/span><span style=\"font-size: 10pt; font-family: Arial; color: #666666; background-image: initial; background-position: initial; background-size: initial; background-repeat: initial; background-attachment: initial; background-origin: initial; background-clip: initial;\">Dr.<\/span><span style=\"font-size: 10pt; font-family: Arial; color: #666666; background-image: initial; background-position: initial; background-size: initial; background-repeat: initial; background-attachment: initial; background-origin: initial; background-clip: initial;\"> Cristina <\/span><span style=\"font-size: 10pt; font-family: Arial; color: #666666; background-image: initial; background-position: initial; background-size: initial; background-repeat: initial; background-attachment: initial; background-origin: initial; background-clip: initial;\">Craioveanu<\/span><span style=\"font-size: 10pt; font-family: Arial; color: #666666; background-image: initial; background-position: initial; background-size: initial; background-repeat: initial; background-attachment: initial; background-origin: initial; background-clip: initial;\">, Email: <\/span><span style=\"font-size: 10pt; font-family: Arial; color: #666666; background-image: initial; background-position: initial; background-size: initial; background-repeat: initial; background-attachment: initial; background-origin: initial; background-clip: initial;\"><a href=\"mailto:cristina.craioveanu@ubbcluj.ro\">cristina.craioveanu@ubbcluj.ro<\/a><\/span><\/p>\t\t\t\t\t\t\t\t<\/div>\n\t\t\t\t<\/div>\n\t\t\t\t\t<\/div>\n\t\t\t\t<\/div>\n\t\t<div class=\"elementor-element elementor-element-9d06b47 e-flex e-con-boxed e-con e-parent\" data-id=\"9d06b47\" data-element_type=\"container\">\n\t\t\t\t\t<div class=\"e-con-inner\">\n\t\t<div class=\"elementor-element elementor-element-4669509 e-con-full e-flex e-con e-child\" data-id=\"4669509\" data-element_type=\"container\" data-settings=\"{&quot;background_background&quot;:&quot;classic&quot;}\">\n\t\t\t\t<\/div>\n\t\t<div class=\"elementor-element elementor-element-b8fbb0c e-con-full e-flex e-con e-child\" data-id=\"b8fbb0c\" data-element_type=\"container\" data-settings=\"{&quot;background_background&quot;:&quot;classic&quot;}\">\n\t\t\t\t<\/div>\n\t\t<div class=\"elementor-element elementor-element-7c0f370 e-con-full e-flex e-con e-child\" data-id=\"7c0f370\" data-element_type=\"container\" data-settings=\"{&quot;background_background&quot;:&quot;classic&quot;}\">\n\t\t\t\t<\/div>\n\t\t<div class=\"elementor-element elementor-element-578b3b2 e-con-full e-flex e-con e-child\" data-id=\"578b3b2\" data-element_type=\"container\" data-settings=\"{&quot;background_background&quot;:&quot;classic&quot;}\">\n\t\t\t\t<\/div>\n\t\t\t\t\t<\/div>\n\t\t\t\t<\/div>\n\t\t<div class=\"elementor-element elementor-element-45fe2fd e-flex e-con-boxed e-con e-parent\" data-id=\"45fe2fd\" data-element_type=\"container\">\n\t\t\t\t\t<div class=\"e-con-inner\">\n\t\t\t\t<div class=\"elementor-element elementor-element-330aa24 elementor-widget elementor-widget-heading\" data-id=\"330aa24\" data-element_type=\"widget\" data-widget_type=\"heading.default\">\n\t\t\t\t<div class=\"elementor-widget-container\">\n\t\t\t\t\t<h2 class=\"elementor-heading-title elementor-size-default\"><a href=\"https:\/\/biogeo.ubbcluj.ro\/wp-content\/uploads\/2024\/01\/Regulament-admitere-licenta-FBG-2024_final.pdf\">Admitere Pogram Licenta Biologie Ambientala 2024 - 2025 <\/a><\/h2>\t\t\t\t<\/div>\n\t\t\t\t<\/div>\n\t\t\t\t<div class=\"elementor-element elementor-element-383743a elementor-widget elementor-widget-text-editor\" data-id=\"383743a\" data-element_type=\"widget\" data-widget_type=\"text-editor.default\">\n\t\t\t\t<div class=\"elementor-widget-container\">\n\t\t\t\t\t\t\t\t\t<div class=\"x_elementToProof\"><b>Informatii<\/b>\u00a0<b>generale<\/b><\/div><div>\u0218tiin\u021ba care se ocup\u0103 cu \u00een\u021belegerea rela\u021biilor BIOLOGICE dintre organisme \u0219i dintre organisme \u0219i mediul lor AMBIENTAL se nume\u0219te ECOLOGIE. Specializarea Biologie Ambiental\u0103 formeaz\u0103 biologi cu cuno\u0219tin\u021be solide de Ecologie, capabili s\u0103 \u00een\u021beleag\u0103 func\u021bionarea ecosistemelor naturale \u0219i semi-naturale, precum \u0219i efectul ac\u021biunilor antropice asupra acestora.\u00a0<\/div><div><b>Specializare in limba<\/b>\u00a0<b>romana<\/b>\u00a0<\/div><div><b>Program international: nu<\/b><\/div><div><b>Numar\u00a0de\u00a0credite: 180<\/b><\/div><div><b>Perioada\u00a0de\u00a0studii: 3<\/b>\u00a0<b>ani<\/b><\/div><div><b>Oportunit\u0103\u021bi \u00een\u00a0carier\u0103:<\/b><\/div><div><ul data-editing-info=\"{&quot;orderedStyleType&quot;:1,&quot;unorderedStyleType&quot;:2}\"><li><div>posibilitatea continu\u0103rii studiilor cu un Master de cercetare \u00een Ecologie Sistemic\u0103 \u0219i Conservare la Facultatea de Biologie \u0219i Geologie a UBB\u00a0<\/div><\/li><li><div>prin completarea modulului pedagogic absolven\u021bii pot intra \u00een \u00eenv\u0103\u021b\u0103m\u00e2ntul gimnazial<\/div><\/li><li><div>biolog \u00een laboratoare de diferite profile<\/div><\/li><li><div>zoolog, botanist, biolog specialist \u00een proiecte de inventariere, cartare \u0219i monitorizare a speciilor \u0219i habitatelor protejate<\/div><\/li><li><div>biolog \u00een arii protejate (Parcuri Na\u021bionale, Naturale, Rezerva\u021bii etc.)<\/div><\/li><li><div>ca referent de specialitate biolog, zoolog, botanist \u00een companii private care elaboreaz\u0103 planuri de management pentru arii protejate sau studii de impact pentru investi\u021bii<\/div><\/li><li><div>ca referent de specialitate \u00een companii cu departamente specializate pentru protec\u021bia mediului<\/div><\/li><li><div>\u00een agen\u021bii de protec\u021bia \u0219i alte institu\u021bii de stat de de protec\u021bia mediului<\/div><\/li><\/ul><\/div>\t\t\t\t\t\t\t\t<\/div>\n\t\t\t\t<\/div>\n\t\t\t\t\t<\/div>\n\t\t\t\t<\/div>\n\t\t\t\t<\/div>\n\t\t","protected":false},"excerpt":{"rendered":"<p>BIOLOGIE AMBIENTAL\u0102 Coordonator program: Dr. Cristina Craioveanu, Email: cristina.craioveanu@ubbcluj.ro Admitere Pogram Licenta Biologie Ambientala 2024 &#8211; 2025 Informatii\u00a0generale\u0218tiin\u021ba care se ocup\u0103 cu \u00een\u021belegerea rela\u021biilor BIOLOGICE dintre organisme \u0219i dintre organisme \u0219i mediul lor AMBIENTAL se nume\u0219te ECOLOGIE. Specializarea Biologie Ambiental\u0103 formeaz\u0103 biologi cu cuno\u0219tin\u021be solide de Ecologie, capabili s\u0103 \u00een\u021beleag\u0103 func\u021bionarea ecosistemelor naturale \u0219i semi-naturale, [&hellip;]<\/p>\n","protected":false},"author":1,"featured_media":0,"parent":0,"menu_order":0,"comment_status":"closed","ping_status":"closed","template":"","meta":{"footnotes":""},"class_list":["post-137304","page","type-page","status-publish","hentry"],"_links":{"self":[{"href":"https:\/\/biogeo.ubbcluj.ro\/pages\/taxonomie\/index.php?rest_route=\/wp\/v2\/pages\/137304","targetHints":{"allow":["GET"]}}],"collection":[{"href":"https:\/\/biogeo.ubbcluj.ro\/pages\/taxonomie\/index.php?rest_route=\/wp\/v2\/pages"}],"about":[{"href":"https:\/\/biogeo.ubbcluj.ro\/pages\/taxonomie\/index.php?rest_route=\/wp\/v2\/types\/page"}],"author":[{"embeddable":true,"href":"https:\/\/biogeo.ubbcluj.ro\/pages\/taxonomie\/index.php?rest_route=\/wp\/v2\/users\/1"}],"replies":[{"embeddable":true,"href":"https:\/\/biogeo.ubbcluj.ro\/pages\/taxonomie\/index.php?rest_route=%2Fwp%2Fv2%2Fcomments&post=137304"}],"version-history":[{"count":25,"href":"https:\/\/biogeo.ubbcluj.ro\/pages\/taxonomie\/index.php?rest_route=\/wp\/v2\/pages\/137304\/revisions"}],"predecessor-version":[{"id":138123,"href":"https:\/\/biogeo.ubbcluj.ro\/pages\/taxonomie\/index.php?rest_route=\/wp\/v2\/pages\/137304\/revisions\/138123"}],"wp:attachment":[{"href":"https:\/\/biogeo.ubbcluj.ro\/pages\/taxonomie\/index.php?rest_route=%2Fwp%2Fv2%2Fmedia&parent=137304"}],"curies":[{"name":"wp","href":"https:\/\/api.w.org\/{rel}","templated":true}]}}