{"id":137243,"date":"2024-06-17T08:11:25","date_gmt":"2024-06-17T08:11:25","guid":{"rendered":"https:\/\/biogeo.ubbcluj.ro\/pages\/taxonomie\/?page_id=137243"},"modified":"2026-03-05T16:17:56","modified_gmt":"2026-03-05T16:17:56","slug":"noutati","status":"publish","type":"page","link":"https:\/\/biogeo.ubbcluj.ro\/pages\/taxonomie\/?page_id=137243","title":{"rendered":"Nout\u0103\u021bi"},"content":{"rendered":"\t\t<div data-elementor-type=\"wp-page\" data-elementor-id=\"137243\" class=\"elementor elementor-137243\">\n\t\t\t\t<div class=\"elementor-element elementor-element-21bf4daa e-flex e-con-boxed e-con e-parent\" data-id=\"21bf4daa\" data-element_type=\"container\">\n\t\t\t\t\t<div class=\"e-con-inner\">\n\t\t\t\t<div class=\"elementor-element elementor-element-4e5087c elementor-widget elementor-widget-image\" data-id=\"4e5087c\" data-element_type=\"widget\" data-widget_type=\"image.default\">\n\t\t\t\t<div class=\"elementor-widget-container\">\n\t\t\t\t\t\t\t\t\t\t\t\t\t\t\t<img fetchpriority=\"high\" decoding=\"async\" width=\"900\" height=\"506\" src=\"https:\/\/biogeo.ubbcluj.ro\/pages\/taxonomie\/wp-content\/uploads\/2026\/03\/Scuba-Diving-Course_2026-1024x576.jpg\" class=\"attachment-large size-large wp-image-139282\" alt=\"\" srcset=\"https:\/\/biogeo.ubbcluj.ro\/pages\/taxonomie\/wp-content\/uploads\/2026\/03\/Scuba-Diving-Course_2026-1024x576.jpg 1024w, https:\/\/biogeo.ubbcluj.ro\/pages\/taxonomie\/wp-content\/uploads\/2026\/03\/Scuba-Diving-Course_2026-300x169.jpg 300w, https:\/\/biogeo.ubbcluj.ro\/pages\/taxonomie\/wp-content\/uploads\/2026\/03\/Scuba-Diving-Course_2026-768x432.jpg 768w, https:\/\/biogeo.ubbcluj.ro\/pages\/taxonomie\/wp-content\/uploads\/2026\/03\/Scuba-Diving-Course_2026-255x143.jpg 255w, https:\/\/biogeo.ubbcluj.ro\/pages\/taxonomie\/wp-content\/uploads\/2026\/03\/Scuba-Diving-Course_2026.jpg 1280w\" sizes=\"(max-width: 900px) 100vw, 900px\" \/>\t\t\t\t\t\t\t\t\t\t\t\t\t\t\t<\/div>\n\t\t\t\t<\/div>\n\t\t\t\t<div class=\"elementor-element elementor-element-727e301 elementor-widget elementor-widget-text-editor\" data-id=\"727e301\" data-element_type=\"widget\" data-widget_type=\"text-editor.default\">\n\t\t\t\t<div class=\"elementor-widget-container\">\n\t\t\t\t\t\t\t\t\t<h2 class=\"single-content-title\">Curs de scufund\u0103ri<\/h2>\n<div class=\"single-post-content-text content-pad\">\n<div class=\"elementor elementor-137883\" data-elementor-type=\"wp-post\" data-elementor-id=\"137883\">\n<div class=\"elementor-element elementor-element-6261c031 e-flex e-con-boxed e-con e-parent e-lazyloaded\" data-id=\"6261c031\" data-element_type=\"container\">\n<div class=\"e-con-inner\">\n<div class=\"elementor-element elementor-element-10355e2d elementor-widget elementor-widget-text-editor\" data-id=\"10355e2d\" data-element_type=\"widget\" data-widget_type=\"text-editor.default\">\n<div class=\"elementor-widget-container\">\n<p>A 4-a editie a cursului de scufundari organizat de catre SubAquaSport prin intermediul Departamentului de Taxonomie si Ecologie al FGB se va desfasura in acest an la\u00a0<strong>Marea Neagra<\/strong>\u00a0intre\u00a0<strong>5 \u2013 12 August 2026<\/strong>\u00a0la\u00a0<strong>Tyulenovo, Bulgaria<\/strong>.<\/p>\n<p>Dac\u0103 esti pasionat de biologie si ecologie marina primul pas pentru a te initia in studiul faunei si florei marine este de a deveni scafandru autonom prin obtinerea certificarii Open Water. Cursul de scufundari de la Tyulenovo (Bulgaria) este o experien\u021b\u0103 educa\u021bional\u0103 captivant\u0103 conceput\u0103 pentru studen\u021bii\u00a0<strong>Facultatii de Biologie si Geologie<\/strong>, interesa\u021bi de explorarea mediului marin, oceanografie ca precursor al initierii in invatarea tehnicilor de scufundare in scop \u0219tiin\u021bific.<\/p>\n<p>\u00a0<\/p>\n<p>Acest curs este deschis tuturor nivelurilor de experien\u021b\u0103 \u0219i \u00ee\u0219i propune s\u0103 ofere o \u00een\u021belegere mai profund\u0103 a mediului marin \u0219i s\u0103 pregateasca participan\u021bii cu abilit\u0103\u021bile necesare pentru a urma o carier\u0103 \u00een biologie marina. Candidatii necesita o buna conditie fizica, mentala, sa nu prezinte fobie de apa. Nu in ultimul rand se necesita dorinta de a explora mediul acvatic sub toate aspectele sale.\u00a0\u00a0<\/p>\n<p>\u00a0<\/p>\n<h2 class=\"wp-block-heading\"><strong>Open Water Diver SDI, 5 zile<\/strong><\/h2>\n<p>\u00a0<\/p>\n<ul>\n<li style=\"list-style-type: none;\">\n<ul>\n<li>\n<p><strong>Cursul include:<\/strong> 6 ore de lucru la clas\u0103, prob\u0103 scris\u0103, 1-2 scufund\u0103ri \u00een apa mic\u0103, 8 scufund\u0103ri, examen practic, \u201cjurnal de scafandru\u201d, costul c-cardului \u0219i echipamentului de scuba pe durata cursului.<\/p>\n<\/li>\n<\/ul>\n<\/li>\n<\/ul>\n<h2>\u00a0<\/h2>\n<h2 class=\"wp-block-heading\"><strong>Cursul ofera<\/strong><\/h2>\n<p>\u00a0<\/p>\n<ul>\n<li style=\"list-style-type: none;\">\n<ul>\n<li>\n<p><strong>\u00cenv\u0103\u021bare practic\u0103<\/strong>: cursantii dob\u00e2ndesc experien\u021b\u0103 practic\u0103 \u00een scufundarea de baza predata de speciali\u0219ti cu vasta experienta \u00een scufund\u0103ri<\/p>\n<\/li>\n<\/ul>\n<\/li>\n<\/ul>\n<ul>\n<li style=\"list-style-type: none;\">\n<ul>\n<li>\n<p><strong>Antrenament de scufundare<\/strong>: Programul include antrenament de scufundare \u0219i aclimatizare, cu accent pe dezvoltarea abilit\u0103\u021bilor de flotabilitate \u0219i familiarizarea cu aspectele tehnice legate de pregatirea pentru e\u0219antionarea faunei si florei marine<\/p>\n<\/li>\n<\/ul>\n<\/li>\n<\/ul>\n<ul>\n<li style=\"list-style-type: none;\">\n<ul>\n<li>\n<p><strong>Proiecte de cercetare:<\/strong>\u00a0Cursul implic\u0103 scufund\u0103ri prin sondaj \u0219i colectarea de date pentru diferite proiecte de cercetare ale facultatii si reinoirea materialului didactic de la Catedra de Zoologia Nevertebratelor, utiliz\u00e2nd tehnici de observare \u00eenv\u0103\u021bate \u00een timpul programului<\/p>\n<\/li>\n<li>\n<p><strong>Licenta SDI:<\/strong>\u00a0calificare in tehnicile de scufundare, un avantaj \u00een cariera de biolog marin.<\/p>\n<p>Cursul este organizat de catre\u00a0<a href=\"https:\/\/www.subaquasport.com\/\"><strong>SubAquaSport<\/strong><\/a>\u00a0, instructori: Mihai Baciu &amp; Andreea Cohn.<\/p>\n<h2 style=\"text-align: left;\">\u00a0<\/h2>\n<h2 style=\"text-align: left;\"><strong>Costuri<\/strong><\/h2>\n<p>\u00a0<\/p>\n<p><strong>Pret curs<\/strong>: 250 \u0404<\/p>\n<p><strong>Pret licenta:<\/strong>\u00a050 \u0404 (SDI)<\/p>\n<p><strong>Cazare<\/strong>: Pensiunea Poseidon<\/p>\n<p><strong>Pret cazare (2025)<\/strong>: 50 \u0404\/camera (in camera de 2 persoane), 60 \u0404\/camera (in camera de 3 persoane)<\/p>\n<strong>Pentru informatii suplimentare:<\/strong>\u00a0<a href=\"mailto:sanda.iepure@ubbcluj.ro\">sanda.iepure@ubbcluj.ro<\/a>.<\/li>\n<\/ul>\n<\/li>\n<\/ul>\n<\/div>\n<\/div>\n<\/div>\n<\/div>\n<\/div>\n<\/div>\t\t\t\t\t\t\t\t<\/div>\n\t\t\t\t<\/div>\n\t\t\t\t<div class=\"elementor-element elementor-element-3a32a60e elementor-widget elementor-widget-text-editor\" data-id=\"3a32a60e\" data-element_type=\"widget\" data-widget_type=\"text-editor.default\">\n\t\t\t\t<div class=\"elementor-widget-container\">\n\t\t\t\t\t\t\t\t\t\n<div class=\"wp-block-query is-layout-flow wp-block-query-is-layout-flow\"><ul class=\"wp-block-post-template is-layout-flow wp-block-post-template-is-layout-flow\"><li class=\"wp-block-post post-138775 post type-post status-publish format-standard has-post-thumbnail hentry category-blog\">\n<div class=\"wp-block-post-date\"><time datetime=\"2025-07-25T12:34:09+00:00\">July 25, 2025<\/time><\/div>\n\n<h2 class=\"wp-block-post-title\"><a href=\"https:\/\/biogeo.ubbcluj.ro\/pages\/taxonomie\/?p=138775\" target=\"_self\" >Survival rate of embryos after experimental water immersion in the common gallinule (Gallinula galeata)<\/a><\/h2>\n\n<figure style=\"aspect-ratio:auto;width:800px;height:500px;\" class=\"aligncenter wp-block-post-featured-image\"><a href=\"https:\/\/biogeo.ubbcluj.ro\/pages\/taxonomie\/?p=138775\" target=\"_self\"  style=\"height:500px\"><img decoding=\"async\" width=\"255\" height=\"191\" src=\"https:\/\/biogeo.ubbcluj.ro\/pages\/taxonomie\/wp-content\/uploads\/2025\/07\/Gallinula-galeata-255x191.jpg\" class=\"attachment-post-thumbnail size-post-thumbnail wp-post-image\" alt=\"Survival rate of embryos after experimental water immersion in the common gallinule (Gallinula galeata)\" style=\"width:100%;height:100%;object-fit:fill;\" srcset=\"https:\/\/biogeo.ubbcluj.ro\/pages\/taxonomie\/wp-content\/uploads\/2025\/07\/Gallinula-galeata-255x191.jpg 255w, https:\/\/biogeo.ubbcluj.ro\/pages\/taxonomie\/wp-content\/uploads\/2025\/07\/Gallinula-galeata-300x225.jpg 300w, https:\/\/biogeo.ubbcluj.ro\/pages\/taxonomie\/wp-content\/uploads\/2025\/07\/Gallinula-galeata-768x576.jpg 768w, https:\/\/biogeo.ubbcluj.ro\/pages\/taxonomie\/wp-content\/uploads\/2025\/07\/Gallinula-galeata.jpg 917w\" sizes=\"(max-width: 255px) 100vw, 255px\" \/><\/a><\/figure>\n\n\n<hr class=\"wp-block-separator has-alpha-channel-opacity\"\/>\n\n<\/li><\/ul><\/div>\n\t\t\t\t\t\t\t\t<\/div>\n\t\t\t\t<\/div>\n\t\t\t\t\t<\/div>\n\t\t\t\t<\/div>\n\t\t<div class=\"elementor-element elementor-element-974bc8c e-flex e-con-boxed e-con e-parent\" data-id=\"974bc8c\" data-element_type=\"container\">\n\t\t\t\t\t<div class=\"e-con-inner\">\n\t\t<div class=\"elementor-element elementor-element-eb48a01 e-con-full e-flex e-con e-child\" data-id=\"eb48a01\" data-element_type=\"container\">\n\t\t\t\t<\/div>\n\t\t\t\t<div class=\"elementor-element elementor-element-fe01623 elementor-widget elementor-widget-image\" data-id=\"fe01623\" data-element_type=\"widget\" data-widget_type=\"image.default\">\n\t\t\t\t<div class=\"elementor-widget-container\">\n\t\t\t\t\t\t\t\t\t\t\t\t\t\t\t<img decoding=\"async\" src=\"https:\/\/biogeo.ubbcluj.ro\/pages\/taxonomie\/wp-content\/plugins\/elementor\/assets\/images\/placeholder.png\" title=\"\" alt=\"\" loading=\"lazy\" \/>\t\t\t\t\t\t\t\t\t\t\t\t\t\t\t<\/div>\n\t\t\t\t<\/div>\n\t\t\t\t\t<\/div>\n\t\t\t\t<\/div>\n\t\t\t\t<\/div>\n\t\t","protected":false},"excerpt":{"rendered":"<p>Curs de scufund\u0103ri A 4-a editie a cursului de scufundari organizat de catre SubAquaSport prin intermediul Departamentului de Taxonomie si Ecologie al FGB se va desfasura in acest an la\u00a0Marea Neagra\u00a0intre\u00a05 \u2013 12 August 2026\u00a0la\u00a0Tyulenovo, Bulgaria. Dac\u0103 esti pasionat de biologie si ecologie marina primul pas pentru a te initia in studiul faunei si florei [&hellip;]<\/p>\n","protected":false},"author":1,"featured_media":0,"parent":0,"menu_order":0,"comment_status":"closed","ping_status":"closed","template":"elementor_theme","meta":{"footnotes":""},"class_list":["post-137243","page","type-page","status-publish","hentry"],"_links":{"self":[{"href":"https:\/\/biogeo.ubbcluj.ro\/pages\/taxonomie\/index.php?rest_route=\/wp\/v2\/pages\/137243","targetHints":{"allow":["GET"]}}],"collection":[{"href":"https:\/\/biogeo.ubbcluj.ro\/pages\/taxonomie\/index.php?rest_route=\/wp\/v2\/pages"}],"about":[{"href":"https:\/\/biogeo.ubbcluj.ro\/pages\/taxonomie\/index.php?rest_route=\/wp\/v2\/types\/page"}],"author":[{"embeddable":true,"href":"https:\/\/biogeo.ubbcluj.ro\/pages\/taxonomie\/index.php?rest_route=\/wp\/v2\/users\/1"}],"replies":[{"embeddable":true,"href":"https:\/\/biogeo.ubbcluj.ro\/pages\/taxonomie\/index.php?rest_route=%2Fwp%2Fv2%2Fcomments&post=137243"}],"version-history":[{"count":15,"href":"https:\/\/biogeo.ubbcluj.ro\/pages\/taxonomie\/index.php?rest_route=\/wp\/v2\/pages\/137243\/revisions"}],"predecessor-version":[{"id":139286,"href":"https:\/\/biogeo.ubbcluj.ro\/pages\/taxonomie\/index.php?rest_route=\/wp\/v2\/pages\/137243\/revisions\/139286"}],"wp:attachment":[{"href":"https:\/\/biogeo.ubbcluj.ro\/pages\/taxonomie\/index.php?rest_route=%2Fwp%2Fv2%2Fmedia&parent=137243"}],"curies":[{"name":"wp","href":"https:\/\/api.w.org\/{rel}","templated":true}]}}