{"id":137078,"date":"2021-10-30T16:30:27","date_gmt":"2021-10-30T16:30:27","guid":{"rendered":"https:\/\/biogeo.ubbcluj.ro\/pages\/taxonomie\/?page_id=137078"},"modified":"2025-03-04T16:42:01","modified_gmt":"2025-03-04T16:42:01","slug":"home","status":"publish","type":"page","link":"https:\/\/biogeo.ubbcluj.ro\/pages\/taxonomie\/?page_id=137078&lang=en","title":{"rendered":"Home"},"content":{"rendered":"\t\t<div data-elementor-type=\"wp-page\" data-elementor-id=\"137078\" class=\"elementor elementor-137078\">\n\t\t\t\t<div class=\"elementor-element elementor-element-be2b531 e-flex e-con-boxed e-con e-parent\" data-id=\"be2b531\" data-element_type=\"container\">\n\t\t\t\t\t<div class=\"e-con-inner\">\n\t\t<div class=\"elementor-element elementor-element-6509f71 e-con-full e-flex e-con e-child\" data-id=\"6509f71\" data-element_type=\"container\">\n\t\t<div class=\"elementor-element elementor-element-4995bef e-con-full e-flex e-con e-child\" data-id=\"4995bef\" data-element_type=\"container\">\n\t\t\t\t<div class=\"elementor-element elementor-element-d7be75b elementor-widget elementor-widget-heading\" data-id=\"d7be75b\" data-element_type=\"widget\" data-widget_type=\"heading.default\">\n\t\t\t\t<div class=\"elementor-widget-container\">\n\t\t\t\t\t<h2 class=\"elementor-heading-title elementor-size-default\">Presentation<\/h2>\t\t\t\t<\/div>\n\t\t\t\t<\/div>\n\t\t\t\t<div class=\"elementor-element elementor-element-653bebe elementor-widget elementor-widget-text-editor\" data-id=\"653bebe\" data-element_type=\"widget\" data-widget_type=\"text-editor.default\">\n\t\t\t\t<div class=\"elementor-widget-container\">\n\t\t\t\t\t\t\t\t\t<p>Departamentul de Taxonomie \u0219i Ecologie&nbsp;este unul din cele 4 departamente din cadrul&nbsp;Facult\u0103\u021bii de Biologie \u0219i Geologie. Departamentul include 11 cadre didactice titulare, 7 cercetatori asociati si 5 doctoranzi dedicati studiului comunitatilor de nevertebrate, vertebrate si ale comunitatilor vegetale. Acttivitatea didactica si de cercetare se desf\u0103\u0219oar\u0103 \u00een cl\u0103dirile din Strada Clinicilor 5-7 (Campus Ha\u0219deu) \u0219i in cladirile Gr\u0103dinii Botanice \u201dAl.Borza\u201d, Strada Gh. Bila\u015fcu (Republicii) 42.<\/p>\t\t\t\t\t\t\t\t<\/div>\n\t\t\t\t<\/div>\n\t\t\t\t<\/div>\n\t\t\t\t<\/div>\n\t\t\t\t\t<\/div>\n\t\t\t\t<\/div>\n\t\t<div class=\"elementor-element elementor-element-c79220e e-flex e-con-boxed e-con e-parent\" data-id=\"c79220e\" data-element_type=\"container\">\n\t\t\t\t\t<div class=\"e-con-inner\">\n\t\t<div class=\"elementor-element elementor-element-0712a2b e-con-full e-flex e-con e-child\" data-id=\"0712a2b\" data-element_type=\"container\">\n\t\t<div class=\"elementor-element elementor-element-5f209d8 e-con-full e-flex e-con e-child\" data-id=\"5f209d8\" data-element_type=\"container\">\n\t\t\t\t<div class=\"elementor-element elementor-element-6c0a926 elementor-widget elementor-widget-heading\" data-id=\"6c0a926\" data-element_type=\"widget\" data-widget_type=\"heading.default\">\n\t\t\t\t<div class=\"elementor-widget-container\">\n\t\t\t\t\t<h2 class=\"elementor-heading-title elementor-size-default\"><a href=\"https:\/\/biogeo.ubbcluj.ro\/pages\/taxonomie\/?page_id=138030&#038;lang=en\">Research<\/a><\/h2>\t\t\t\t<\/div>\n\t\t\t\t<\/div>\n\t\t<a class=\"elementor-element elementor-element-28855e3 e-con-full e-flex e-con e-child\" data-id=\"28855e3\" data-element_type=\"container\" data-settings=\"{&quot;background_background&quot;:&quot;classic&quot;}\" href=\"https:\/\/biogeo.ubbcluj.ro\/pages\/taxonomie\/?page_id=137395\">\n\t\t\t\t<\/a>\n\t\t\t\t<\/div>\n\t\t<div class=\"elementor-element elementor-element-7367486 e-con-full e-flex e-con e-child\" data-id=\"7367486\" data-element_type=\"container\">\n\t\t\t\t<div class=\"elementor-element elementor-element-b96691c elementor-widget elementor-widget-heading\" data-id=\"b96691c\" data-element_type=\"widget\" data-widget_type=\"heading.default\">\n\t\t\t\t<div class=\"elementor-widget-container\">\n\t\t\t\t\t<h2 class=\"elementor-heading-title elementor-size-default\"><a href=\"https:\/\/biogeo.ubbcluj.ro\/pages\/taxonomie\/?page_id=138039&#038;lang=en\">Projects<\/a><\/h2>\t\t\t\t<\/div>\n\t\t\t\t<\/div>\n\t\t<a class=\"elementor-element elementor-element-193403a e-con-full e-flex e-con e-child\" data-id=\"193403a\" data-element_type=\"container\" data-settings=\"{&quot;background_background&quot;:&quot;classic&quot;}\" href=\"https:\/\/biogeo.ubbcluj.ro\/pages\/taxonomie\/?page_id=137696\">\n\t\t\t\t<\/a>\n\t\t\t\t<\/div>\n\t\t<div class=\"elementor-element elementor-element-9ce9c47 e-con-full e-flex e-con e-child\" data-id=\"9ce9c47\" data-element_type=\"container\">\n\t\t\t\t<div class=\"elementor-element elementor-element-1e0f413 elementor-widget elementor-widget-heading\" data-id=\"1e0f413\" data-element_type=\"widget\" data-widget_type=\"heading.default\">\n\t\t\t\t<div class=\"elementor-widget-container\">\n\t\t\t\t\t<h2 class=\"elementor-heading-title elementor-size-default\"><a href=\"https:\/\/biogeo.ubbcluj.ro\/pages\/taxonomie\/?page_id=137090&#038;lang=en&#038;preview_id=137090&#038;preview_nonce=f31c44261b&#038;_thumbnail_id=-1&#038;preview=true\">Publications<\/a><\/h2>\t\t\t\t<\/div>\n\t\t\t\t<\/div>\n\t\t<a class=\"elementor-element elementor-element-c0f0a08 e-con-full e-flex e-con e-child\" data-id=\"c0f0a08\" data-element_type=\"container\" data-settings=\"{&quot;background_background&quot;:&quot;classic&quot;}\" href=\"https:\/\/biogeo.ubbcluj.ro\/pages\/taxonomie\/?page_id=137399\">\n\t\t\t\t<\/a>\n\t\t\t\t<\/div>\n\t\t<div class=\"elementor-element elementor-element-6969c56 e-con-full e-flex e-con e-child\" data-id=\"6969c56\" data-element_type=\"container\" data-settings=\"{&quot;background_background&quot;:&quot;classic&quot;}\">\n\t\t\t\t<div class=\"elementor-element elementor-element-4f7ca9c elementor-widget elementor-widget-heading\" data-id=\"4f7ca9c\" data-element_type=\"widget\" data-widget_type=\"heading.default\">\n\t\t\t\t<div class=\"elementor-widget-container\">\n\t\t\t\t\t<h2 class=\"elementor-heading-title elementor-size-default\"><a href=\"https:\/\/biogeo.ubbcluj.ro\/pages\/taxonomie\/?page_id=137401\">Contact<\/a><\/h2>\t\t\t\t<\/div>\n\t\t\t\t<\/div>\n\t\t<a class=\"elementor-element elementor-element-a64bd70 e-con-full e-flex e-con e-child\" data-id=\"a64bd70\" data-element_type=\"container\" data-settings=\"{&quot;background_background&quot;:&quot;classic&quot;}\" href=\"https:\/\/biogeo.ubbcluj.ro\/pages\/taxonomie\/?page_id=137401\">\n\t\t\t\t<\/a>\n\t\t\t\t<\/div>\n\t\t\t\t<\/div>\n\t\t\t\t\t<\/div>\n\t\t\t\t<\/div>\n\t\t\t\t<\/div>\n\t\t","protected":false},"excerpt":{"rendered":"<p>Presentation Departamentul de Taxonomie \u0219i Ecologie&nbsp;este unul din cele 4 departamente din cadrul&nbsp;Facult\u0103\u021bii de Biologie \u0219i Geologie. Departamentul include 11 cadre didactice titulare, 7 cercetatori asociati si 5 doctoranzi dedicati studiului comunitatilor de nevertebrate, vertebrate si ale comunitatilor vegetale. Acttivitatea didactica si de cercetare se desf\u0103\u0219oar\u0103 \u00een cl\u0103dirile din Strada Clinicilor 5-7 (Campus Ha\u0219deu) \u0219i [&hellip;]<\/p>\n","protected":false},"author":2,"featured_media":0,"parent":0,"menu_order":0,"comment_status":"closed","ping_status":"closed","template":"page-templates\/front-page.php","meta":{"footnotes":""},"class_list":["post-137078","page","type-page","status-publish","hentry"],"_links":{"self":[{"href":"https:\/\/biogeo.ubbcluj.ro\/pages\/taxonomie\/index.php?rest_route=\/wp\/v2\/pages\/137078","targetHints":{"allow":["GET"]}}],"collection":[{"href":"https:\/\/biogeo.ubbcluj.ro\/pages\/taxonomie\/index.php?rest_route=\/wp\/v2\/pages"}],"about":[{"href":"https:\/\/biogeo.ubbcluj.ro\/pages\/taxonomie\/index.php?rest_route=\/wp\/v2\/types\/page"}],"author":[{"embeddable":true,"href":"https:\/\/biogeo.ubbcluj.ro\/pages\/taxonomie\/index.php?rest_route=\/wp\/v2\/users\/2"}],"replies":[{"embeddable":true,"href":"https:\/\/biogeo.ubbcluj.ro\/pages\/taxonomie\/index.php?rest_route=%2Fwp%2Fv2%2Fcomments&post=137078"}],"version-history":[{"count":17,"href":"https:\/\/biogeo.ubbcluj.ro\/pages\/taxonomie\/index.php?rest_route=\/wp\/v2\/pages\/137078\/revisions"}],"predecessor-version":[{"id":138043,"href":"https:\/\/biogeo.ubbcluj.ro\/pages\/taxonomie\/index.php?rest_route=\/wp\/v2\/pages\/137078\/revisions\/138043"}],"wp:attachment":[{"href":"https:\/\/biogeo.ubbcluj.ro\/pages\/taxonomie\/index.php?rest_route=%2Fwp%2Fv2%2Fmedia&parent=137078"}],"curies":[{"name":"wp","href":"https:\/\/api.w.org\/{rel}","templated":true}]}}