{"id":136964,"date":"2021-04-18T18:30:18","date_gmt":"2021-04-18T18:30:18","guid":{"rendered":"http:\/\/ubb.carpatika.ro\/pages\/taxonomie\/?page_id=136964"},"modified":"2025-03-06T08:01:19","modified_gmt":"2025-03-06T08:01:19","slug":"prezentare","status":"publish","type":"page","link":"https:\/\/biogeo.ubbcluj.ro\/pages\/taxonomie\/?page_id=136964","title":{"rendered":"Prezentare"},"content":{"rendered":"\t\t<div data-elementor-type=\"wp-page\" data-elementor-id=\"136964\" class=\"elementor elementor-136964\">\n\t\t\t\t<div class=\"elementor-element elementor-element-f1470e4 e-flex e-con-boxed e-con e-parent\" data-id=\"f1470e4\" data-element_type=\"container\">\n\t\t\t\t\t<div class=\"e-con-inner\">\n\t\t\t\t<div class=\"elementor-element elementor-element-e61d0b9 elementor-widget elementor-widget-text-editor\" data-id=\"e61d0b9\" data-element_type=\"widget\" data-widget_type=\"text-editor.default\">\n\t\t\t\t<div class=\"elementor-widget-container\">\n\t\t\t\t\t\t\t\t\t<p>Departamentul de Taxonomie \u0219i Ecologie&nbsp;este unul din cele 4 departamente din cadrul&nbsp;Facult\u0103\u021bii de Biologie \u0219i Geologie. Departamentul include 11 cadre didactice titulare, 7 cercetatori asociati si 5 doctoranzi dedicati studiului comunitatilor de nevertebrate, vertebrate si ale comunitatilor vegetale. Acttivitatea didactica si de cercetare se desf\u0103\u0219oar\u0103 \u00een cl\u0103dirile din Strada Clinicilor 5-7 (Campus Ha\u0219deu) \u0219i in cladirile Gr\u0103dinii Botanice \u201dAl.Borza\u201d, Strada Gh. Bila\u015fcu (Republicii) 42.<\/p>\t\t\t\t\t\t\t\t<\/div>\n\t\t\t\t<\/div>\n\t\t\t\t\t<\/div>\n\t\t\t\t<\/div>\n\t\t<div class=\"elementor-element elementor-element-c5dd54d e-flex e-con-boxed e-con e-parent\" data-id=\"c5dd54d\" data-element_type=\"container\">\n\t\t\t\t\t<div class=\"e-con-inner\">\n\t\t<div class=\"elementor-element elementor-element-478fa6e e-con-full e-flex e-con e-child\" data-id=\"478fa6e\" data-element_type=\"container\" data-settings=\"{&quot;background_background&quot;:&quot;classic&quot;}\">\n\t\t\t\t<\/div>\n\t\t<div class=\"elementor-element elementor-element-361ee41 e-con-full e-flex e-con e-child\" data-id=\"361ee41\" data-element_type=\"container\" data-settings=\"{&quot;background_background&quot;:&quot;classic&quot;}\">\n\t\t\t\t<\/div>\n\t\t<div class=\"elementor-element elementor-element-080b402 e-con-full e-flex e-con e-child\" data-id=\"080b402\" data-element_type=\"container\" data-settings=\"{&quot;background_background&quot;:&quot;classic&quot;}\">\n\t\t\t\t<div class=\"elementor-element elementor-element-695f575 elementor-align-center elementor-widget elementor-widget-button\" data-id=\"695f575\" data-element_type=\"widget\" data-widget_type=\"button.default\">\n\t\t\t\t<div class=\"elementor-widget-container\">\n\t\t\t\t\t\t\t\t\t<div class=\"elementor-button-wrapper\">\n\t\t\t\t\t<a class=\"elementor-button elementor-button-link elementor-size-sm\" href=\"https:\/\/gradinabotanica.ubbcluj.ro\/\">\n\t\t\t\t\t\t<span class=\"elementor-button-content-wrapper\">\n\t\t\t\t\t\t\t\t\t<span class=\"elementor-button-text\">Gr\u0103dina Botanic\u0103 \"Al . Borza\"<\/span>\n\t\t\t\t\t<\/span>\n\t\t\t\t\t<\/a>\n\t\t\t\t<\/div>\n\t\t\t\t\t\t\t\t<\/div>\n\t\t\t\t<\/div>\n\t\t\t\t<\/div>\n\t\t\t\t\t<\/div>\n\t\t\t\t<\/div>\n\t\t<div class=\"elementor-element elementor-element-a87699e e-flex e-con-boxed e-con e-parent\" data-id=\"a87699e\" data-element_type=\"container\">\n\t\t\t\t\t<div class=\"e-con-inner\">\n\t\t\t\t<div class=\"elementor-element elementor-element-d5fb92e elementor-widget elementor-widget-spacer\" data-id=\"d5fb92e\" data-element_type=\"widget\" data-widget_type=\"spacer.default\">\n\t\t\t\t<div class=\"elementor-widget-container\">\n\t\t\t\t\t\t\t<div class=\"elementor-spacer\">\n\t\t\t<div class=\"elementor-spacer-inner\"><\/div>\n\t\t<\/div>\n\t\t\t\t\t\t<\/div>\n\t\t\t\t<\/div>\n\t\t\t\t\t<\/div>\n\t\t\t\t<\/div>\n\t\t<div class=\"elementor-element elementor-element-698b965 e-flex e-con-boxed e-con e-parent\" data-id=\"698b965\" data-element_type=\"container\">\n\t\t\t\t\t<div class=\"e-con-inner\">\n\t\t\t\t<div class=\"elementor-element elementor-element-b06317e elementor-widget elementor-widget-text-editor\" data-id=\"b06317e\" data-element_type=\"widget\" data-widget_type=\"text-editor.default\">\n\t\t\t\t<div class=\"elementor-widget-container\">\n\t\t\t\t\t\t\t\t\t<p style=\"language: en-US; margin-top: 0pt; margin-bottom: 0pt; text-align: justify; text-justify: inter-ideograph; direction: ltr; unicode-bidi: embed; mso-vertical-align-alt: auto; mso-line-break-override: none; punctuation-wrap: hanging;\"><strong><span style=\"font-size: 10pt; font-family: Arial; color: #666666; background-image: initial; background-position: initial; background-size: initial; background-repeat: initial; background-attachment: initial; background-origin: initial; background-clip: initial;\">Departamentul<\/span><span style=\"font-size: 10pt; font-family: Arial; color: #666666; background-image: initial; background-position: initial; background-size: initial; background-repeat: initial; background-attachment: initial; background-origin: initial; background-clip: initial;\"> de <\/span><span style=\"font-size: 10pt; font-family: Arial; color: #666666; background-image: initial; background-position: initial; background-size: initial; background-repeat: initial; background-attachment: initial; background-origin: initial; background-clip: initial;\">Taxonomie<\/span> <span style=\"font-size: 10pt; font-family: Arial; color: #666666; background-image: initial; background-position: initial; background-size: initial; background-repeat: initial; background-attachment: initial; background-origin: initial; background-clip: initial;\">\u0219i<\/span> <span style=\"font-size: 10pt; font-family: Arial; color: #666666; background-image: initial; background-position: initial; background-size: initial; background-repeat: initial; background-attachment: initial; background-origin: initial; background-clip: initial;\">Ecologie<\/span><\/strong><span style=\"font-size: 10pt; font-family: Arial; color: #666666; background-image: initial; background-position: initial; background-size: initial; background-repeat: initial; background-attachment: initial; background-origin: initial; background-clip: initial;\">\u00a0<\/span><span style=\"font-size: 10pt; font-family: Arial; color: #666666; background-image: initial; background-position: initial; background-size: initial; background-repeat: initial; background-attachment: initial; background-origin: initial; background-clip: initial;\">este<\/span> <span style=\"font-size: 10pt; font-family: Arial; color: #666666; background-image: initial; background-position: initial; background-size: initial; background-repeat: initial; background-attachment: initial; background-origin: initial; background-clip: initial;\">dotat<\/span><span style=\"font-size: 10pt; font-family: Arial; color: #666666; background-image: initial; background-position: initial; background-size: initial; background-repeat: initial; background-attachment: initial; background-origin: initial; background-clip: initial;\"> cu <\/span><span style=\"font-size: 10pt; font-family: Arial; color: #666666; background-image: initial; background-position: initial; background-size: initial; background-repeat: initial; background-attachment: initial; background-origin: initial; background-clip: initial;\">laboratoare<\/span> <span style=\"font-size: 10pt; font-family: Arial; color: #666666; background-image: initial; background-position: initial; background-size: initial; background-repeat: initial; background-attachment: initial; background-origin: initial; background-clip: initial;\">didactice<\/span> <span style=\"font-size: 10pt; font-family: Arial; color: #666666; background-image: initial; background-position: initial; background-size: initial; background-repeat: initial; background-attachment: initial; background-origin: initial; background-clip: initial;\">\u0219i<\/span> <span style=\"font-size: 10pt; font-family: Arial; color: #666666; background-image: initial; background-position: initial; background-size: initial; background-repeat: initial; background-attachment: initial; background-origin: initial; background-clip: initial;\">laboratoare<\/span><span style=\"font-size: 10pt; font-family: Arial; color: #666666; background-image: initial; background-position: initial; background-size: initial; background-repeat: initial; background-attachment: initial; background-origin: initial; background-clip: initial;\"> de <\/span><span style=\"font-size: 10pt; font-family: Arial; color: #666666; background-image: initial; background-position: initial; background-size: initial; background-repeat: initial; background-attachment: initial; background-origin: initial; background-clip: initial;\">cercetare<\/span> <span style=\"font-size: 10pt; font-family: Arial; color: #666666; background-image: initial; background-position: initial; background-size: initial; background-repeat: initial; background-attachment: initial; background-origin: initial; background-clip: initial;\">studentii<\/span> <span style=\"font-size: 10pt; font-family: Arial; color: #666666; background-image: initial; background-position: initial; background-size: initial; background-repeat: initial; background-attachment: initial; background-origin: initial; background-clip: initial;\">avand<\/span> <span style=\"font-size: 10pt; font-family: Arial; color: #666666; background-image: initial; background-position: initial; background-size: initial; background-repeat: initial; background-attachment: initial; background-origin: initial; background-clip: initial;\">acces<\/span><span style=\"font-size: 10pt; font-family: Arial; color: #666666; background-image: initial; background-position: initial; background-size: initial; background-repeat: initial; background-attachment: initial; background-origin: initial; background-clip: initial;\"> la <\/span><span style=\"font-size: 10pt; font-family: Arial; color: #666666; background-image: initial; background-position: initial; background-size: initial; background-repeat: initial; background-attachment: initial; background-origin: initial; background-clip: initial;\">Muzeul<\/span><span style=\"font-size: 10pt; font-family: Arial; color: #666666; background-image: initial; background-position: initial; background-size: initial; background-repeat: initial; background-attachment: initial; background-origin: initial; background-clip: initial;\"> Zoologic, <\/span><span style=\"font-size: 10pt; font-family: Arial; color: #666666; background-image: initial; background-position: initial; background-size: initial; background-repeat: initial; background-attachment: initial; background-origin: initial; background-clip: initial;\">Muzeul<\/span><span style=\"font-size: 10pt; font-family: Arial; color: #666666; background-image: initial; background-position: initial; background-size: initial; background-repeat: initial; background-attachment: initial; background-origin: initial; background-clip: initial;\"> Botanic, <\/span><span style=\"font-size: 10pt; font-family: Arial; color: #666666; background-image: initial; background-position: initial; background-size: initial; background-repeat: initial; background-attachment: initial; background-origin: initial; background-clip: initial;\">Vivariul<\/span><span style=\"font-size: 10pt; font-family: Arial; color: #666666; background-image: initial; background-position: initial; background-size: initial; background-repeat: initial; background-attachment: initial; background-origin: initial; background-clip: initial;\">, <\/span><span style=\"font-size: 10pt; font-family: Arial; color: #666666; background-image: initial; background-position: initial; background-size: initial; background-repeat: initial; background-attachment: initial; background-origin: initial; background-clip: initial;\">Gr\u0103dina<\/span> <span style=\"font-size: 10pt; font-family: Arial; color: #666666; background-image: initial; background-position: initial; background-size: initial; background-repeat: initial; background-attachment: initial; background-origin: initial; background-clip: initial;\">Botanic\u0103<\/span> <span style=\"font-size: 10pt; font-family: Arial; color: #666666; background-image: initial; background-position: initial; background-size: initial; background-repeat: initial; background-attachment: initial; background-origin: initial; background-clip: initial;\">\u0219i<\/span> <span style=\"font-size: 10pt; font-family: Arial; color: #666666; background-image: initial; background-position: initial; background-size: initial; background-repeat: initial; background-attachment: initial; background-origin: initial; background-clip: initial;\">biblioteca<\/span> <span style=\"font-size: 10pt; font-family: Arial; color: #666666; background-image: initial; background-position: initial; background-size: initial; background-repeat: initial; background-attachment: initial; background-origin: initial; background-clip: initial;\">Facultatii<\/span><span style=\"font-size: 10pt; font-family: Arial; color: #666666; background-image: initial; background-position: initial; background-size: initial; background-repeat: initial; background-attachment: initial; background-origin: initial; background-clip: initial;\"> de <\/span><span style=\"font-size: 10pt; font-family: Arial; color: #666666; background-image: initial; background-position: initial; background-size: initial; background-repeat: initial; background-attachment: initial; background-origin: initial; background-clip: initial;\">Biologie<\/span> <span style=\"font-size: 10pt; font-family: Arial; color: #666666; background-image: initial; background-position: initial; background-size: initial; background-repeat: initial; background-attachment: initial; background-origin: initial; background-clip: initial;\">si<\/span> <span style=\"font-size: 10pt; font-family: Arial; color: #666666; background-image: initial; background-position: initial; background-size: initial; background-repeat: initial; background-attachment: initial; background-origin: initial; background-clip: initial;\">Geologie<\/span><span style=\"font-size: 10pt; font-family: Arial; color: #666666; background-image: initial; background-position: initial; background-size: initial; background-repeat: initial; background-attachment: initial; background-origin: initial; background-clip: initial;\">.<\/span><\/p>\t\t\t\t\t\t\t\t<\/div>\n\t\t\t\t<\/div>\n\t\t\t\t\t<\/div>\n\t\t\t\t<\/div>\n\t\t<div class=\"elementor-element elementor-element-747c16e e-flex e-con-boxed e-con e-parent\" data-id=\"747c16e\" data-element_type=\"container\">\n\t\t\t\t\t<div class=\"e-con-inner\">\n\t\t<div class=\"elementor-element elementor-element-a56f8ee e-con-full e-flex e-con e-child\" data-id=\"a56f8ee\" data-element_type=\"container\" data-settings=\"{&quot;background_background&quot;:&quot;classic&quot;}\">\n\t\t\t\t<div class=\"elementor-element elementor-element-bb02225 elementor-align-center elementor-widget elementor-widget-button\" data-id=\"bb02225\" data-element_type=\"widget\" data-widget_type=\"button.default\">\n\t\t\t\t<div class=\"elementor-widget-container\">\n\t\t\t\t\t\t\t\t\t<div class=\"elementor-button-wrapper\">\n\t\t\t\t\t<a class=\"elementor-button elementor-button-link elementor-size-sm\" href=\"https:\/\/www.facebook.com\/MuzeulZoologicClujNapoca\/?locale=ro_RO\">\n\t\t\t\t\t\t<span class=\"elementor-button-content-wrapper\">\n\t\t\t\t\t\t\t\t\t<span class=\"elementor-button-text\">Muzeul Zoologic UBB<\/span>\n\t\t\t\t\t<\/span>\n\t\t\t\t\t<\/a>\n\t\t\t\t<\/div>\n\t\t\t\t\t\t\t\t<\/div>\n\t\t\t\t<\/div>\n\t\t\t\t<\/div>\n\t\t<div class=\"elementor-element elementor-element-6cc9717 e-con-full e-flex e-con e-child\" data-id=\"6cc9717\" data-element_type=\"container\" data-settings=\"{&quot;background_background&quot;:&quot;classic&quot;}\">\n\t\t\t\t<div class=\"elementor-element elementor-element-741a03c elementor-align-center elementor-widget elementor-widget-button\" data-id=\"741a03c\" data-element_type=\"widget\" data-widget_type=\"button.default\">\n\t\t\t\t<div class=\"elementor-widget-container\">\n\t\t\t\t\t\t\t\t\t<div class=\"elementor-button-wrapper\">\n\t\t\t\t\t<a class=\"elementor-button elementor-button-link elementor-size-sm\" href=\"https:\/\/gradinabotanica.ubbcluj.ro\/\">\n\t\t\t\t\t\t<span class=\"elementor-button-content-wrapper\">\n\t\t\t\t\t\t\t\t\t<span class=\"elementor-button-text\">Gr\u0103dina Botanic\u0103 \"Al . Borza\"<\/span>\n\t\t\t\t\t<\/span>\n\t\t\t\t\t<\/a>\n\t\t\t\t<\/div>\n\t\t\t\t\t\t\t\t<\/div>\n\t\t\t\t<\/div>\n\t\t\t\t<\/div>\n\t\t<div class=\"elementor-element elementor-element-6361db5 e-con-full e-flex e-con e-child\" data-id=\"6361db5\" data-element_type=\"container\" data-settings=\"{&quot;background_background&quot;:&quot;classic&quot;}\">\n\t\t\t\t<div class=\"elementor-element elementor-element-2f0c5dd elementor-align-center elementor-widget elementor-widget-button\" data-id=\"2f0c5dd\" data-element_type=\"widget\" data-widget_type=\"button.default\">\n\t\t\t\t<div class=\"elementor-widget-container\">\n\t\t\t\t\t\t\t\t\t<div class=\"elementor-button-wrapper\">\n\t\t\t\t\t<a class=\"elementor-button elementor-button-link elementor-size-sm\" href=\"https:\/\/www.facebook.com\/VivariumUBB\/?locale=ro_RO\">\n\t\t\t\t\t\t<span class=\"elementor-button-content-wrapper\">\n\t\t\t\t\t\t\t\t\t<span class=\"elementor-button-text\">Vivariul UBB<\/span>\n\t\t\t\t\t<\/span>\n\t\t\t\t\t<\/a>\n\t\t\t\t<\/div>\n\t\t\t\t\t\t\t\t<\/div>\n\t\t\t\t<\/div>\n\t\t\t\t<\/div>\n\t\t\t\t\t<\/div>\n\t\t\t\t<\/div>\n\t\t<div class=\"elementor-element elementor-element-c9a62f8 e-flex e-con-boxed e-con e-parent\" data-id=\"c9a62f8\" data-element_type=\"container\">\n\t\t\t\t\t<div class=\"e-con-inner\">\n\t\t\t\t<div class=\"elementor-element elementor-element-5823bc5 elementor-widget elementor-widget-spacer\" data-id=\"5823bc5\" data-element_type=\"widget\" data-widget_type=\"spacer.default\">\n\t\t\t\t<div class=\"elementor-widget-container\">\n\t\t\t\t\t\t\t<div class=\"elementor-spacer\">\n\t\t\t<div class=\"elementor-spacer-inner\"><\/div>\n\t\t<\/div>\n\t\t\t\t\t\t<\/div>\n\t\t\t\t<\/div>\n\t\t\t\t<div class=\"elementor-element elementor-element-8639637 elementor-widget elementor-widget-heading\" data-id=\"8639637\" data-element_type=\"widget\" data-widget_type=\"heading.default\">\n\t\t\t\t<div class=\"elementor-widget-container\">\n\t\t\t\t\t<h2 class=\"elementor-heading-title elementor-size-default\">Infrastructura: Laboratoare<\/h2>\t\t\t\t<\/div>\n\t\t\t\t<\/div>\n\t\t\t\t\t<\/div>\n\t\t\t\t<\/div>\n\t\t<div class=\"elementor-element elementor-element-048055b e-con-full e-flex e-con e-parent\" data-id=\"048055b\" data-element_type=\"container\">\n\t\t<div class=\"elementor-element elementor-element-96fcc22 e-con-full e-flex e-con e-child\" data-id=\"96fcc22\" data-element_type=\"container\" data-settings=\"{&quot;background_background&quot;:&quot;classic&quot;}\">\n\t\t\t\t<\/div>\n\t\t<div class=\"elementor-element elementor-element-c7713ca e-con-full e-flex e-con e-child\" data-id=\"c7713ca\" data-element_type=\"container\" data-settings=\"{&quot;background_background&quot;:&quot;classic&quot;}\">\n\t\t\t\t<\/div>\n\t\t<div class=\"elementor-element elementor-element-9d0bf99 e-con-full e-flex e-con e-child\" data-id=\"9d0bf99\" data-element_type=\"container\" data-settings=\"{&quot;background_background&quot;:&quot;classic&quot;}\">\n\t\t\t\t<\/div>\n\t\t\t\t<\/div>\n\t\t<div class=\"elementor-element elementor-element-71a574e e-flex e-con-boxed e-con e-parent\" data-id=\"71a574e\" data-element_type=\"container\">\n\t\t\t\t\t<div class=\"e-con-inner\">\n\t\t\t\t\t<\/div>\n\t\t\t\t<\/div>\n\t\t\t\t<\/div>\n\t\t","protected":false},"excerpt":{"rendered":"<p>Departamentul de Taxonomie \u0219i Ecologie&nbsp;este unul din cele 4 departamente din cadrul&nbsp;Facult\u0103\u021bii de Biologie \u0219i Geologie. Departamentul include 11 cadre didactice titulare, 7 cercetatori asociati si 5 doctoranzi dedicati studiului comunitatilor de nevertebrate, vertebrate si ale comunitatilor vegetale. Acttivitatea didactica si de cercetare se desf\u0103\u0219oar\u0103 \u00een cl\u0103dirile din Strada Clinicilor 5-7 (Campus Ha\u0219deu) \u0219i in [&hellip;]<\/p>\n","protected":false},"author":1,"featured_media":0,"parent":0,"menu_order":0,"comment_status":"closed","ping_status":"closed","template":"","meta":{"footnotes":""},"class_list":["post-136964","page","type-page","status-publish","hentry"],"_links":{"self":[{"href":"https:\/\/biogeo.ubbcluj.ro\/pages\/taxonomie\/index.php?rest_route=\/wp\/v2\/pages\/136964","targetHints":{"allow":["GET"]}}],"collection":[{"href":"https:\/\/biogeo.ubbcluj.ro\/pages\/taxonomie\/index.php?rest_route=\/wp\/v2\/pages"}],"about":[{"href":"https:\/\/biogeo.ubbcluj.ro\/pages\/taxonomie\/index.php?rest_route=\/wp\/v2\/types\/page"}],"author":[{"embeddable":true,"href":"https:\/\/biogeo.ubbcluj.ro\/pages\/taxonomie\/index.php?rest_route=\/wp\/v2\/users\/1"}],"replies":[{"embeddable":true,"href":"https:\/\/biogeo.ubbcluj.ro\/pages\/taxonomie\/index.php?rest_route=%2Fwp%2Fv2%2Fcomments&post=136964"}],"version-history":[{"count":35,"href":"https:\/\/biogeo.ubbcluj.ro\/pages\/taxonomie\/index.php?rest_route=\/wp\/v2\/pages\/136964\/revisions"}],"predecessor-version":[{"id":138068,"href":"https:\/\/biogeo.ubbcluj.ro\/pages\/taxonomie\/index.php?rest_route=\/wp\/v2\/pages\/136964\/revisions\/138068"}],"wp:attachment":[{"href":"https:\/\/biogeo.ubbcluj.ro\/pages\/taxonomie\/index.php?rest_route=%2Fwp%2Fv2%2Fmedia&parent=136964"}],"curies":[{"name":"wp","href":"https:\/\/api.w.org\/{rel}","templated":true}]}}