{"id":137503,"date":"2022-02-11T14:11:26","date_gmt":"2022-02-11T14:11:26","guid":{"rendered":"https:\/\/biogeo.ubbcluj.ro\/pages\/geologie\/?page_id=137503"},"modified":"2022-02-11T14:15:48","modified_gmt":"2022-02-11T14:15:48","slug":"projektek","status":"publish","type":"page","link":"https:\/\/biogeo.ubbcluj.ro\/pages\/geologie\/?page_id=137503&lang=hu","title":{"rendered":"Projektek"},"content":{"rendered":"<p><b><span data-contrast=\"auto\">2021<\/span><\/b><span data-ccp-props=\"{&quot;201341983&quot;:0,&quot;335559739&quot;:200,&quot;335559740&quot;:276}\">\u00a0<\/span><\/p>\n<p><b><span data-contrast=\"auto\">Kutat\u00e1si programok \/ Granturi \/ Research grants<\/span><\/b><span data-ccp-props=\"{&quot;201341983&quot;:0,&quot;335559739&quot;:200,&quot;335559740&quot;:276}\">\u00a0<\/span><\/p>\n<p><span data-contrast=\"none\">Kis Bogl\u00e1rka Mercedesz (PI): Geochemistry of Gas Emissions in the Volcano-Tectonic environment of the Eastern Carpathians: geologic and social impact. UEFISCDI, <\/span><span data-contrast=\"auto\">PN-III-P1-1.1-TE-2019-1908<\/span><span data-ccp-props=\"{&quot;201341983&quot;:0,&quot;335551550&quot;:6,&quot;335551620&quot;:6,&quot;335559739&quot;:200,&quot;335559740&quot;:276}\">\u00a0<\/span><\/p>\n<p><span data-contrast=\"none\">Kis Bogl\u00e1rka Mercedesz (PI): <\/span><span data-contrast=\"auto\">Gazele dizolvate \u00een apele minerale din aria vulcanic\u0103 Ciomadul: originea, dinamica gazelor dizolvate \u0219i cuantificarea emisiei de dioxid de carbon<\/span><span data-contrast=\"none\">. UBB-Granturi pentru Tineri Cercetatori, <\/span><span data-contrast=\"auto\">GTC-32144\/15.06.2020<\/span><span data-ccp-props=\"{&quot;201341983&quot;:0,&quot;335551550&quot;:6,&quot;335551620&quot;:6,&quot;335559739&quot;:200,&quot;335559740&quot;:276}\">\u00a0<\/span><\/p>\n<hr \/>\n<p><b><span data-contrast=\"auto\">2020<\/span><\/b><span data-ccp-props=\"{&quot;201341983&quot;:0,&quot;335559739&quot;:200,&quot;335559740&quot;:276}\">\u00a0<\/span><\/p>\n<p><b><span data-contrast=\"auto\">Kutat\u00e1si programok \/ Granturi \/ Research grants<\/span><\/b><span data-ccp-props=\"{&quot;201341983&quot;:0,&quot;335559739&quot;:200,&quot;335559740&quot;:276}\">\u00a0<\/span><\/p>\n<p><span data-contrast=\"none\">Kis Bogl\u00e1rka Mercedesz (PI): Geochemistry of Gas Emissions in the Volcano-Tectonic environment of the Eastern Carpathians: geologic and social impact. UEFISCDI, <\/span><span data-contrast=\"auto\">PN-III-P1-1.1-TE-2019-1908<\/span><span data-ccp-props=\"{&quot;201341983&quot;:0,&quot;335551550&quot;:6,&quot;335551620&quot;:6,&quot;335559739&quot;:200,&quot;335559740&quot;:276}\">\u00a0<\/span><\/p>\n<p><span data-contrast=\"none\">Kis Bogl\u00e1rka Mercedesz (PI): <\/span><span data-contrast=\"auto\">Gazele dizolvate \u00een apele minerale din aria vulcanic\u0103 Ciomadul: originea, dinamica gazelor dizolvate \u0219i cuantificarea emisiei de dioxid de carbon<\/span><span data-contrast=\"none\">. UBB-Granturi pentru Tineri Cercetatori, <\/span><span data-contrast=\"auto\">GTC-32144\/15.06.2020<\/span><span data-ccp-props=\"{&quot;201341983&quot;:0,&quot;335551550&quot;:6,&quot;335551620&quot;:6,&quot;335559739&quot;:200,&quot;335559740&quot;:276}\">\u00a0<\/span><\/p>\n","protected":false},"excerpt":{"rendered":"<p>2021\u00a0 Kutat\u00e1si programok \/ Granturi \/ Research grants\u00a0 Kis Bogl\u00e1rka Mercedesz (PI): Geochemistry of Gas Emissions in the Volcano-Tectonic environment of the Eastern Carpathians: geologic and social impact. UEFISCDI, PN-III-P1-1.1-TE-2019-1908\u00a0 Kis Bogl\u00e1rka Mercedesz (PI): Gazele dizolvate \u00een apele minerale din aria vulcanic\u0103 Ciomadul: originea, dinamica gazelor dizolvate \u0219i cuantificarea emisiei de dioxid de carbon. UBB-Granturi [&hellip;]<\/p>\n","protected":false},"author":2,"featured_media":0,"parent":0,"menu_order":0,"comment_status":"closed","ping_status":"closed","template":"","meta":[],"_links":{"self":[{"href":"https:\/\/biogeo.ubbcluj.ro\/pages\/geologie\/index.php?rest_route=\/wp\/v2\/pages\/137503"}],"collection":[{"href":"https:\/\/biogeo.ubbcluj.ro\/pages\/geologie\/index.php?rest_route=\/wp\/v2\/pages"}],"about":[{"href":"https:\/\/biogeo.ubbcluj.ro\/pages\/geologie\/index.php?rest_route=\/wp\/v2\/types\/page"}],"author":[{"embeddable":true,"href":"https:\/\/biogeo.ubbcluj.ro\/pages\/geologie\/index.php?rest_route=\/wp\/v2\/users\/2"}],"replies":[{"embeddable":true,"href":"https:\/\/biogeo.ubbcluj.ro\/pages\/geologie\/index.php?rest_route=%2Fwp%2Fv2%2Fcomments&post=137503"}],"version-history":[{"count":2,"href":"https:\/\/biogeo.ubbcluj.ro\/pages\/geologie\/index.php?rest_route=\/wp\/v2\/pages\/137503\/revisions"}],"predecessor-version":[{"id":137508,"href":"https:\/\/biogeo.ubbcluj.ro\/pages\/geologie\/index.php?rest_route=\/wp\/v2\/pages\/137503\/revisions\/137508"}],"wp:attachment":[{"href":"https:\/\/biogeo.ubbcluj.ro\/pages\/geologie\/index.php?rest_route=%2Fwp%2Fv2%2Fmedia&parent=137503"}],"curies":[{"name":"wp","href":"https:\/\/api.w.org\/{rel}","templated":true}]}}