{"id":137478,"date":"2022-02-11T13:39:33","date_gmt":"2022-02-11T13:39:33","guid":{"rendered":"https:\/\/biogeo.ubbcluj.ro\/pages\/geologie\/?page_id=137478"},"modified":"2022-02-11T14:08:51","modified_gmt":"2022-02-11T14:08:51","slug":"publikaciok","status":"publish","type":"page","link":"https:\/\/biogeo.ubbcluj.ro\/pages\/geologie\/?page_id=137478&lang=hu","title":{"rendered":"Publik\u00e1ci\u00f3k"},"content":{"rendered":"<h3><strong>2021<\/strong><\/h3>\n<h4><b><span data-contrast=\"auto\">K<\/span><\/b><b><span data-contrast=\"auto\">\u00f6nyvek \u00e9s k\u00f6nyvfejezetek<\/span><\/b><b><span data-contrast=\"auto\">\/ C\u0103r\u021bi <\/span><\/b><b><span data-contrast=\"auto\">\u0219i<\/span><\/b><b><span data-contrast=\"auto\"> capitole \u00een c\u0103r\u021bi\/ Book and book chapters<\/span><\/b><strong>: 1<br><\/strong><\/h4>\n<h4><strong>Tudom\u00e1nyos cikkek \/ Articole \u0219tii\u021bifice \/ Scientific articles: 8<\/strong><\/h4>\n<h4><strong>\u00d6sszes IF \/ FI total \/ Total IF: 22,813<\/strong><\/h4>\n<p><em>I. K\u00f6nyvek \u00e9s k\u00f6nyvfejezetek\/ C\u0103r\u021bi \u0219i capitole \u00een c\u0103r\u021bi\/ Book and book chapters&nbsp;<\/em><\/p>\n<ol>\n<li><span data-contrast=\"auto\">Jakab, G., P\u00e1l, I., <\/span><b><span data-contrast=\"auto\">Silye, L.<\/span><\/b><span data-contrast=\"auto\">, S\u00fcmegi, P., T\u00f3th, A., S\u00fcmegi, B., Frink, J.P., Magyari, E., Kern, Z., Benk\u0151, E., 2021. <\/span><span data-contrast=\"auto\">A k\u00f6z\u00e9pkori t\u00e1jhaszn\u00e1lat v\u00e1ltoz\u00e1s\u00e1nak k\u00f6rnyezeti <\/span><span data-contrast=\"auto\">\u00e9<\/span><span data-contrast=\"auto\">s t\u00e1rsadalmi h\u00e1ttere az Erd\u00e9lyi-Szigethegys\u00e9gben [The environmental and social background of the changes in medieval land use in the Apuseni Mts.]. In: Benk<\/span><span data-contrast=\"auto\">\u0151, E., Zatyk\u00f3, Cs., (eds.), A K\u00e1rp\u00e1t-medence k\u00f6rnyezett\u00f6rt\u00e9nete a k\u00f6z\u00e9pkorban \u00e9s a kora \u00fajkorban <\/span><span data-contrast=\"auto\">[Environmental History of the Medieval and Early Modern Carpathian Basin]<\/span><span data-contrast=\"auto\">,<\/span><span data-contrast=\"auto\"> Archaeolingua, pp. 71-110.<\/span><span data-ccp-props=\"{&quot;201341983&quot;:0,&quot;335551550&quot;:6,&quot;335551620&quot;:6,&quot;335559739&quot;:200,&quot;335559740&quot;:276,&quot;469777462&quot;:[720],&quot;469777927&quot;:[0],&quot;469777928&quot;:[1]}\">&nbsp;<\/span><\/li>\n<\/ol>\n<p><em>II. Tudom\u00e1nyos cikkek \/ Articole \u0219tiin\u021bifice \/ Scientific articles&nbsp;<\/em><\/p>\n<ol>\n<li>Faur, L., Dragu\u0219in, V., Dimofte, D., <strong>Forray, F. L.<\/strong>, Ilie, M., Marin, C., Mirea, I.-C., Panaiotu, C., Manailescu, C., Soare, B., Timar-Gabor, A., and Tirla, L., 2021. Multi-proxy study of a Holocene soil profile from Romania and its importance for speleothem based paleoenvironmental reconstructions. <i>Minerals<\/i> 11(8), 873, doi: 10.3390\/min11080873, IF: 2,644.<\/li>\n<li>Nicula, A.-M., Ionescu, A., Pop, I.-C., Roba, C., <strong>Forray, F. L.<\/strong>, Or\u0103\u0219eanu, I., and Baciu, C., 2021, Geochemical features of the thermal and mineral waters from the Apuseni Mountains (Romania). <i>Frontiers in Earth Science<\/i> 9, 648179, doi: 10.3389\/feart.2021.648179, IF: 3,23.<\/li>\n<li>Moln\u00e1r, K., Czuppon, Gy., Palcsu L., Benk\u00f3 Zs., Luk\u00e1cs, R., <strong>Kis, B. M.<\/strong>, N\u00e9meth B., Harangi, Sz. 2021. Noble gas geochemistry of phenocrysts from the Ciomadul volcanic dome field (Eastern Carpathians). <i>Lithos <\/i>394-395, 106152, doi: 10.1016\/j.lithos.2021.106152, IF: 3,91<\/li>\n<li>Obb\u00e1gy, G., Dunkl, I., J\u00f3zsa, S., <strong>Silye, L.<\/strong>, Arat\u00f3, R., L\u00fcnsdorf, N.K., von Eynatten, H., 2021. Paleogeographic implications of a multi-parameter Paleogene provenance dataset (Transylvanian Basin, Romania). <i>Journal of Sedimentary Research<\/i> 91(6): 551\u2013570, doi:&nbsp; 10.2110\/jsr.2020.080, IF: 3,324<\/li>\n<li>Bindiu-Haitonic, R., B\u0103lc, R., K\u00f6vecsi, S.-A., Ple\u0219, G., <strong>Silye, L.<\/strong>, 2021. A dataset of calcareous nannoplankton and smaller benthic foraminifera from a middle Eocene nummulitic accumulation (Transylvanian Basin, Romania). <i>Data in Brief<\/i>&nbsp; 36: art. 107154, doi: 10.1016\/j.dib.2021.107154.<\/li>\n<li>T\u0151k\u00e9s, L., Bartha, I.R., <strong>Silye, L.<\/strong>, Kr\u00e9zsek, C., Sztan\u00f3, O., 2021. Multiple-scale incision-infill cycles in deep-water channels from the lacustrine Transylvanian Basin, Romania: Auto- or allogenic controls? <i>Global and Planetary Change<\/i> 202: art.103511, doi: 10.1016\/j.gloplacha.2021.103511, IF: 5,114.<\/li>\n<li>Bindiu-Haitonic, R., B\u0103lc, R., K\u00f6vecsi, S.-A., Ple\u0219, G., <strong>Silye, L.<\/strong>, 2021. In the shadow of giants: Calcareous nannoplankton and smaller benthic foraminifera from an Eocene nummulitic accumulation (Transylvanian Basin, Romania). <i>Marine Micropaleontology<\/i> 165: art. 101988, doi: 10.1016\/j.marmicro.2021.101988, IF: 2,415.<\/li>\n<li>Opri\u0219a, A., Ple\u0219, G., <strong>Silye, L.<\/strong>, Bucur, I.I., S\u0103s\u0103ran, E., Mircescu, C.V., 2021. Lowermost Cretaceous biostratigraphy and paleoenvironmental features of the central-western Getic Carbonate Platform (Pui-B\u0103ni\u021ba zone, Southern Carpathians, Romania): A holistic approach. <i>Cretaceous Research<\/i> 124: art.104804, doi: 10.1016\/j.cretres.2021.104804, IF: 2,176.<\/li>\n<\/ol>\n\n\n<hr class=\"wp-block-separator\"\/>\n\n\n\n<h3><strong>2020<\/strong><\/h3>\n\n\n\n<h4><strong>K<\/strong><strong>\u00f6nyvek \u00e9s k\u00f6nyvfejezetek<\/strong><strong>\/ C\u0103r\u021bi <\/strong><strong>\u0219i<\/strong><strong> capitole \u00een c\u0103r\u021bi\/ Book and book chapters<\/strong><strong>: 1<\/strong><\/h4>\n\n\n\n<h4><strong>Tudom\u00e1nyos cikkek \/ Articole \u0219tii\u021bifice \/ Scientific articles: 5<\/strong><\/h4>\n\n\n\n<h4><strong>\u00d6sszes IF \/ FI total \/ Total IF: 14,00<\/strong><\/h4>\n\n\n\n<p><em>I. K\u00f6nyvek \u00e9s k\u00f6nyvfejezetek\/ C\u0103r\u021bi \u0219i capitole \u00een c\u0103r\u021bi\/ Book and book chapters&nbsp;<\/em><\/p>\n\n\n\n<ol><li>Florea, L. J., <strong>Forray, F. L.<\/strong>, &amp; Banks, S. M. 2020. Water isotopes, carbon exports, and landscape evolution in the Vadu Cri\u015fului karst basin of Transylvania, Romania. In C. Bertrand, S. Denimal, M. Steinmann, &amp; P. Renard (Eds.), <em>Eurokarst 2018, Besan\u00e7on. Advances in the hydrogeology of karst and carbonate reservoirs,<\/em> Springer, pp. 31-46, doi: 10.1007\/978-3-030-14015-1_4&nbsp;<\/li><\/ol>\n\n\n\n<p><em>II. Tudom\u00e1nyos cikkek \/ Articole \u0219tiin\u021bifice \/ Scientific articles&nbsp;<\/em><\/p>\n\n\n\n<p><ol>\n<li>Remizovschi, A., Carpa, R., <strong>Forray, F. L<\/strong>., Chiriac, C., Roba, C.-A., Beldean-Galea, S., Andrei, A.-S., Szekeres, E., Baricz, A., Lupan, I., Knut, R., &amp; Coman, C. 2020, Mud volcanoes and the presence of PAHs. <em>Scientific Reports 10<\/em>, 1253, doi:10.1038\/s41598-020-58282-2, IF 4,01.<strong>&nbsp;<\/strong>&nbsp;<\/li>\n<li><strong>Kis, B. M.<\/strong>, Baciu, C., Zsigmond, A-R., K\u00e9kedy-Nagy, L., K\u00e1rm\u00e1n, K., Palcsu, L., M\u00e1th\u00e9, I., Harangi, Sz. 2020. Constraints on the hydrogeochemistry and origin of the CO2-rich mineral waters from the Eastern Carpathians-Transylvanian Basin boundary (Romania). <em>Journal of Hydrology<\/em> 591, 125311, doi: 10.1016\/j.jhydrol.2020.125311, IF: 4,5.&nbsp;<\/li>\n<li>Filipescu, S., T\u0103ma\u015f, D.M., Bercea, R.-I., T\u0103ma\u015f, A., B\u0103lc, R., \u0162ab\u0103r\u0103, D., Bindiu-Haitonic, R., <strong>Silye, L.<\/strong>, Auer, A., Kr\u00e9zsek, C., Schl\u00e9der, Z., S\u0103s\u0103ran, E., 2020. Biostratigraphic re-evaluation of the lower to middle Miocene succession in the Eastern Carpathians: a case study related to the oil fields of the Diapir Fold Zone, Romania<em>. Geological Quarterly<\/em> 64(3): 781-800, doi: 10.7306\/gq.1554, IF: 1,35.&nbsp;<\/li>\n<li>Ple\u0219, G., K\u00f6vecsi, Sz.-A., Bindiu-Haitonic, R., <strong>Silye, L.<\/strong>, 2020. Microfacies analysis and diagenetic features of the Eocene nummulitic accumulations from northwestern Transylvanian Basin (Romania). <em>Facies<\/em> 66(3): art. 20, doi: 10.1007\/s10347-020-00604-x, IF: 1,932.&nbsp;<\/li>\n<li>Jakab, G., <strong>Silye, L.<\/strong>, S\u00fcmegi, P., T\u00f3th, A., S\u00fcmegi, B., P\u00e1l, I., Benk\u0151, E., 2020. Relict Anthropogenic Ecosystem from the Middle Ages: History of a Salt Marsh from Transylvania (Sic, N Romania). <em>Environmental Archaeology<\/em> 25(1): 96-113, doi: 10.1080\/14614103.2019.1578547, IF: 2,21.<\/li>\n<\/ol><\/p>\n","protected":false},"excerpt":{"rendered":"<p>2021 K\u00f6nyvek \u00e9s k\u00f6nyvfejezetek\/ C\u0103r\u021bi \u0219i capitole \u00een c\u0103r\u021bi\/ Book and book chapters: 1 Tudom\u00e1nyos cikkek \/ Articole \u0219tii\u021bifice \/ Scientific articles: 8 \u00d6sszes IF \/ FI total \/ Total IF: 22,813 I. K\u00f6nyvek \u00e9s k\u00f6nyvfejezetek\/ C\u0103r\u021bi \u0219i capitole \u00een c\u0103r\u021bi\/ Book and book chapters&nbsp; Jakab, G., P\u00e1l, I., Silye, L., S\u00fcmegi, P., T\u00f3th, A., [&hellip;]<\/p>\n","protected":false},"author":2,"featured_media":0,"parent":0,"menu_order":0,"comment_status":"closed","ping_status":"closed","template":"","meta":[],"_links":{"self":[{"href":"https:\/\/biogeo.ubbcluj.ro\/pages\/geologie\/index.php?rest_route=\/wp\/v2\/pages\/137478"}],"collection":[{"href":"https:\/\/biogeo.ubbcluj.ro\/pages\/geologie\/index.php?rest_route=\/wp\/v2\/pages"}],"about":[{"href":"https:\/\/biogeo.ubbcluj.ro\/pages\/geologie\/index.php?rest_route=\/wp\/v2\/types\/page"}],"author":[{"embeddable":true,"href":"https:\/\/biogeo.ubbcluj.ro\/pages\/geologie\/index.php?rest_route=\/wp\/v2\/users\/2"}],"replies":[{"embeddable":true,"href":"https:\/\/biogeo.ubbcluj.ro\/pages\/geologie\/index.php?rest_route=%2Fwp%2Fv2%2Fcomments&post=137478"}],"version-history":[{"count":15,"href":"https:\/\/biogeo.ubbcluj.ro\/pages\/geologie\/index.php?rest_route=\/wp\/v2\/pages\/137478\/revisions"}],"predecessor-version":[{"id":137502,"href":"https:\/\/biogeo.ubbcluj.ro\/pages\/geologie\/index.php?rest_route=\/wp\/v2\/pages\/137478\/revisions\/137502"}],"wp:attachment":[{"href":"https:\/\/biogeo.ubbcluj.ro\/pages\/geologie\/index.php?rest_route=%2Fwp%2Fv2%2Fmedia&parent=137478"}],"curies":[{"name":"wp","href":"https:\/\/api.w.org\/{rel}","templated":true}]}}