{"id":136969,"date":"2021-04-18T17:11:57","date_gmt":"2021-04-18T17:11:57","guid":{"rendered":"http:\/\/ubb.carpatika.ro\/pages\/geologie\/?page_id=136969"},"modified":"2025-04-03T12:18:41","modified_gmt":"2025-04-03T12:18:41","slug":"cercetare","status":"publish","type":"page","link":"https:\/\/biogeo.ubbcluj.ro\/pages\/geologie\/?page_id=136969","title":{"rendered":"Cercetare"},"content":{"rendered":"<p>[vc_row content_placement=&#8221;middle&#8221; u_row_style=&#8221;0&#8243; u_row_paralax=&#8221;0&#8243; u_row_scheme=&#8221;0&#8243; css=&#8221;.vc_custom_1618773347286{margin-bottom: 30px !important;}&#8221;][vc_column width=&#8221;1\/2&#8243;][vc_single_image image=&#8221;137026&#8243; img_size=&#8221;large&#8221; alignment=&#8221;center&#8221; style=&#8221;vc_box_outline_circle&#8221; onclick=&#8221;img_link_large&#8221;][\/vc_column][vc_column width=&#8221;1\/2&#8243; css=&#8221;.vc_custom_1743487197111{background-color: #ffffff !important;border-radius: 15px !important;}&#8221;][vc_column_text css_animation=&#8221;none&#8221;]<\/p>\n<h4 style=\"text-align: center;\">Marea majoritate a cadrelor didactice \u0219i cercet\u0103torilor \u00ee\u0219i desf\u0103\u0219oar\u0103 activitatea de cercetare \u0219tiin\u021bific\u0103 \u00een cadrul <strong><a href=\"http:\/\/bioge.ubbcluj.ro\/cigs\/\">Centrului de Cercet\u0103ri Geologice Integrate<\/a>.<\/strong><\/h4>\n<h4 style=\"text-align: center;\">\u00cen Departamentul de Geologie func\u0163ioneaz\u0103 organiza\u0163ia profesional\u0103 studen\u0163easc\u0103\u00a0<strong><a href=\"https:\/\/www.facebook.com\/Cluj-Student-Chapter-of-AAPG-131958346870528\/\">Cluj Student Chapter of American Association of Petroleum Geologists (AAPG)<\/a>,<\/strong>\u00a0ale c\u0103rei activit\u0103\u0163i sunt concentrate spre: organizarea periodic\u0103 de sesiuni de comunic\u0103ri \u015ftiin\u0163ifice ale studen\u0163ilor, la nivel local \u015fi na\u0163ional\u00a0\u0219i\u00a0organizarea de conferin\u0163e \u015fi \u00eent\u00e2lniri cu speciali\u015fti rom\u00e2ni sau str\u0103ini din mediul academic sau din industria de profil pentru a dezbate aspecte specifice geologiei.\u00a0Studen\u0163ii cu performan\u0163e bune sunt coopta\u0163i \u00een proiectele de cercetare coordonate de cadrele didactice \u015fi cercet\u0103torii din departament.<\/h4>\n<p>[\/vc_column_text][\/vc_column][\/vc_row][vc_row content_placement=&#8221;middle&#8221; u_row_style=&#8221;0&#8243; u_row_paralax=&#8221;0&#8243; u_row_scheme=&#8221;0&#8243; css=&#8221;.vc_custom_1618773347286{margin-bottom: 30px !important;}&#8221;][vc_column width=&#8221;1\/2&#8243; css=&#8221;.vc_custom_1743487207164{background-color: #ffffff !important;border-radius: 15px !important;}&#8221;][vc_column_text css_animation=&#8221;none&#8221;]<\/p>\n<h4 style=\"text-align: center;\">Departamentul organizeaz\u0103 anual <strong>Sesiunea de Comunic\u0103ri \u0218tiin\u021bifice \u201cIon Popescu Voite\u0219ti\u201d<\/strong>, prin tradi\u021bie \u00een prima parte a lunii decembrie. Ocazional, sunt organizate alte manifest\u0103ri \u0219tiin\u021bifice cu participare na\u021bional\u0103 \u0219i interna\u021bional\u0103.<\/h4>\n<h4 style=\"text-align: center;\">Unele dintre rezultatele cercet\u0103rii \u0219tiin\u021bifice sunt publicate \u00een revista de specialitate a Departamentului,\u00a0<strong><a href=\"http:\/\/scholarcommons.usf.edu\/geologia\/\">Studia UBB \u2013 Geologia<\/a><\/strong>.<\/h4>\n<p>[\/vc_column_text][\/vc_column][vc_column width=&#8221;1\/2&#8243;][vc_single_image image=&#8221;137027&#8243; img_size=&#8221;large&#8221; alignment=&#8221;center&#8221; style=&#8221;vc_box_outline_circle&#8221; onclick=&#8221;img_link_large&#8221;][\/vc_column][\/vc_row]<\/p>\n","protected":false},"excerpt":{"rendered":"<p>[vc_row content_placement=&#8221;middle&#8221; u_row_style=&#8221;0&#8243; u_row_paralax=&#8221;0&#8243; u_row_scheme=&#8221;0&#8243; css=&#8221;.vc_custom_1618773347286{margin-bottom: 30px !important;}&#8221;][vc_column width=&#8221;1\/2&#8243;][vc_single_image image=&#8221;137026&#8243; img_size=&#8221;large&#8221; alignment=&#8221;center&#8221; style=&#8221;vc_box_outline_circle&#8221; onclick=&#8221;img_link_large&#8221;][\/vc_column][vc_column width=&#8221;1\/2&#8243; css=&#8221;.vc_custom_1743487197111{background-color: #ffffff !important;border-radius: 15px !important;}&#8221;][vc_column_text css_animation=&#8221;none&#8221;] Marea majoritate a cadrelor didactice \u0219i cercet\u0103torilor \u00ee\u0219i desf\u0103\u0219oar\u0103 activitatea de cercetare \u0219tiin\u021bific\u0103 \u00een cadrul Centrului de Cercet\u0103ri Geologice Integrate. \u00cen Departamentul de Geologie func\u0163ioneaz\u0103 organiza\u0163ia profesional\u0103 studen\u0163easc\u0103\u00a0Cluj Student Chapter of American Association of [&hellip;]<\/p>\n","protected":false},"author":1,"featured_media":0,"parent":0,"menu_order":0,"comment_status":"closed","ping_status":"closed","template":"","meta":[],"_links":{"self":[{"href":"https:\/\/biogeo.ubbcluj.ro\/pages\/geologie\/index.php?rest_route=\/wp\/v2\/pages\/136969"}],"collection":[{"href":"https:\/\/biogeo.ubbcluj.ro\/pages\/geologie\/index.php?rest_route=\/wp\/v2\/pages"}],"about":[{"href":"https:\/\/biogeo.ubbcluj.ro\/pages\/geologie\/index.php?rest_route=\/wp\/v2\/types\/page"}],"author":[{"embeddable":true,"href":"https:\/\/biogeo.ubbcluj.ro\/pages\/geologie\/index.php?rest_route=\/wp\/v2\/users\/1"}],"replies":[{"embeddable":true,"href":"https:\/\/biogeo.ubbcluj.ro\/pages\/geologie\/index.php?rest_route=%2Fwp%2Fv2%2Fcomments&post=136969"}],"version-history":[{"count":22,"href":"https:\/\/biogeo.ubbcluj.ro\/pages\/geologie\/index.php?rest_route=\/wp\/v2\/pages\/136969\/revisions"}],"predecessor-version":[{"id":137746,"href":"https:\/\/biogeo.ubbcluj.ro\/pages\/geologie\/index.php?rest_route=\/wp\/v2\/pages\/136969\/revisions\/137746"}],"wp:attachment":[{"href":"https:\/\/biogeo.ubbcluj.ro\/pages\/geologie\/index.php?rest_route=%2Fwp%2Fv2%2Fmedia&parent=136969"}],"curies":[{"name":"wp","href":"https:\/\/api.w.org\/{rel}","templated":true}]}}