{"id":136966,"date":"2021-04-18T17:11:16","date_gmt":"2021-04-18T17:11:16","guid":{"rendered":"http:\/\/ubb.carpatika.ro\/pages\/geologie\/?page_id=136966"},"modified":"2025-04-08T12:19:35","modified_gmt":"2025-04-08T12:19:35","slug":"programe-de-studiu","status":"publish","type":"page","link":"https:\/\/biogeo.ubbcluj.ro\/pages\/geologie\/?page_id=136966","title":{"rendered":"Programe de studii"},"content":{"rendered":"<p>[vc_row u_row_style=&#8221;0&#8243; u_row_paralax=&#8221;0&#8243; u_row_scheme=&#8221;0&#8243; css=&#8221;.vc_custom_1618775341157{margin-bottom: 40px !important;}&#8221;][vc_column css=&#8221;.vc_custom_1743495793358{background-color: #ffffff !important;border-radius: 15px !important;}&#8221;]    <div class=\"un-heading un-heading-heading_6021 \" data-delay=0>\r\n    \t<div class=\"un-heading-wrap\">\r\n            <span class=\"un-heading-line un-heading-before\"><span><\/span><\/span>\r\n                            <span class='btn btn-default btn-lg btn-lighter un-heading-content'>\r\n                            Licen\u021b\u0103 \u2013 pregatire geologic\u0103 de baz\u0103 \u00een specializ\u0103rile:                            <\/span>\r\n                        <span class=\"un-heading-line un-heading-after\"><span><\/span><\/span>\r\n        <\/div>\r\n        <div class=\"clearfix\"><\/div>\r\n    <\/div>\r\n    [\/vc_column][\/vc_row][vc_row content_placement=&#8221;middle&#8221; u_row_style=&#8221;0&#8243; u_row_paralax=&#8221;0&#8243; u_row_scheme=&#8221;0&#8243;][vc_column width=&#8221;1\/2&#8243; el_class=&#8221;row-shadow radius-something-15&#8243; css=&#8221;.vc_custom_1743495814165{padding-top: 20px !important;padding-right: 20px !important;padding-left: 20px !important;background-color: #ffffff !important;border-radius: 15px !important;}&#8221;][vc_column_text]<\/p>\n<h4 style=\"text-align: center;\"><strong>Geologie<\/strong>\u00a0(3 ani), cu predare \u00een limbile rom\u00e2n\u0103 \u0219i\u00a0maghiar\u0103;<b>\u00a0<\/b><\/h4>\n<h4 style=\"text-align: center;\"><b>Inginerie Geologic\u0103<\/b>\u00a0(4 ani) cu predare\u00a0\u00een limba rom\u00e2n\u0103.<b>\u00a0<\/b><\/h4>\n<p>[\/vc_column_text][\/vc_column][vc_column width=&#8221;1\/2&#8243;][vc_btn title=&#8221;Vezi planurile de \u00eenv\u0103\u021b\u0103m\u00e2nt \u00een derulare&#8221; style=&#8221;3d&#8221; color=&#8221;info&#8221; align=&#8221;center&#8221; link=&#8221;url:https%3A%2F%2Fbiogeo.ubbcluj.ro%2Fplanuri-de-invatamant%2F|target:_blank&#8221;][\/vc_column][\/vc_row][vc_row u_row_style=&#8221;0&#8243; u_row_paralax=&#8221;0&#8243; u_row_scheme=&#8221;0&#8243; css=&#8221;.vc_custom_1618774576865{margin-top: 35px !important;}&#8221;][vc_column width=&#8221;1\/2&#8243;][vc_single_image image=&#8221;137593&#8243; img_size=&#8221;full&#8221; alignment=&#8221;center&#8221; style=&#8221;vc_box_border&#8221; onclick=&#8221;img_link_large&#8221; css=&#8221;.vc_custom_1743497255044{border-radius: 15px !important;}&#8221;][\/vc_column][vc_column width=&#8221;1\/2&#8243; css=&#8221;.vc_custom_1743495828784{background-color: #ffffff !important;border-radius: 15px !important;}&#8221;][vc_column_text css_animation=&#8221;none&#8221;]<\/p>\n<h4 style=\"text-align: center;\">Activitatea didactic\u0103 de la nivel licen\u021b\u0103\u00a0se desfa\u015foar\u0103 pe durata a dou\u0103 semestre de c\u00e2te 14 s\u0103pt\u0103m\u00e2ni, cu o medie s\u0103pt\u0103m\u00e2nal\u0103 de 20-26 ore de cursuri, seminarii \u015fi lucr\u0103ri practice.<\/h4>\n<h4 style=\"text-align: center;\">Activitatea didactic\u0103 este urmat\u0103 de sesiuni de examene de c\u00e2te 4 s\u0103pt\u0103m\u00e2ni.<\/h4>\n<h4 style=\"text-align: center;\">Practica este organizat\u0103, de regul\u0103, dup\u0103 sesiunea de examene din var\u0103, iar in anul terminal este dedicat\u0103 \u00eentocmirii proiectului de licen\u0163\u0103.<\/h4>\n<p>[\/vc_column_text][\/vc_column][\/vc_row][vc_row][vc_column css=&#8221;.vc_custom_1743495843719{background-color: #ffffff !important;border-radius: 15px !important;}&#8221;][vc_column_text]<\/p>\n<h4 style=\"text-align: center;\">Programa de \u00eenva\u0163\u0103m\u00e2nt con\u0163ine discipline fundamentale (pentru o preg\u0103tire de baz\u0103 \u00een geologie), discipline de specialitate (pentru specializare \u00een domenii geologice specifice) \u015fi discipline complementare (asigur\u0103 baza preg\u0103tirii universitare generale).<\/h4>\n<h4 style=\"text-align: center;\">Disciplinele au caracter obligatoriu, op\u0163ional sau\u00a0facultativ, fiec\u0103rei discipline fiindu-i\u00a0atribuit un anumit num\u0103r de credite.<\/h4>\n<h4 style=\"text-align: center;\">Sunt predate no\u0163iunile introductive asupra structurii P\u0103m\u00e2ntului,\u00a0proceselor din interiorul planetei\u00a0\u015fi de la suprafa\u0163\u0103,\u00a0sunt deslu\u015fite tainele mineralelor,\u00a0fosilelor \u0219i rocilor.<\/h4>\n<h4 style=\"text-align: center;\"><\/h4>\n<p>[\/vc_column_text][\/vc_column][\/vc_row][vc_row][vc_column css=&#8221;.vc_custom_1743495861908{margin-top: 20px !important;padding-top: 20px !important;padding-right: 20px !important;padding-bottom: 20px !important;padding-left: 20px !important;background-color: #ffffff !important;border-radius: 15px !important;}&#8221; el_class=&#8221;row-shadow radius-something-15&#8243;][vc_column_text el_class=&#8221;lista-check-sign&#8221;]<\/p>\n<h3><strong>Printre competen\u0163ele dob\u00e2ndite:<\/strong><\/h3>\n<ul>\n<li>identificarea, conturarea \u015fi valorificarea economic\u0103 a rezervelor de resurse minerale (minereuri, combustibili, materiale de construc\u0163ii);<\/li>\n<li>identificarea \u015fi gestionarea resurselor de ap\u0103;<\/li>\n<li>efectuarea de studii asupra terenurilor de fundare pentru construc\u0163ii;<\/li>\n<li>elaborarea unor studii de impact asupra activit\u0103\u0163ilor de extrac\u0163ie a resurselor minerale \u015fi reabilitarea zonelor afectate de aceste activit\u0103\u0163i;<\/li>\n<li>elaborarea de studii asupra solurilor;<\/li>\n<li>expertiz\u0103 \u00een prevenirea hazardurilor geologice;<\/li>\n<li>cercetarea \u015fi interpretarea fenomenelor carstice;<\/li>\n<li>restaurarea cl\u0103dirilor \u015fi monumentelor istorice;<\/li>\n<li>coordonarea programelor de turism geologic;<\/li>\n<\/ul>\n<p>[\/vc_column_text][\/vc_column][\/vc_row][vc_row u_row_style=&#8221;0&#8243; u_row_paralax=&#8221;0&#8243; u_row_scheme=&#8221;0&#8243; css=&#8221;.vc_custom_1618774837971{margin-top: 45px !important;}&#8221;][vc_column css=&#8221;.vc_custom_1743496120672{background-color: #ffffff !important;border-radius: 15px !important;}&#8221;][vc_column_text]<\/p>\n<h4 style=\"text-align: center;\"><strong>Construirea unei cariere geologice solide poate fi realizat\u0103 particip\u00e2nd la programele de masterat \u015fi doctorat.<\/strong><\/h4>\n<p>[\/vc_column_text][\/vc_column][\/vc_row][vc_row u_row_style=&#8221;0&#8243; u_row_paralax=&#8221;0&#8243; u_row_scheme=&#8221;0&#8243; css=&#8221;.vc_custom_1618775409396{margin-top: 30px !important;margin-bottom: 40px !important;}&#8221;][vc_column css=&#8221;.vc_custom_1743496204102{background-color: #ffffff !important;border-radius: 15px !important;}&#8221;]    <div class=\"un-heading un-heading-heading_8331 \" data-delay=0>\r\n    \t<div class=\"un-heading-wrap\">\r\n            <span class=\"un-heading-line un-heading-before\"><span><\/span><\/span>\r\n                            <span class='btn btn-default btn-lg btn-lighter un-heading-content'>\r\n                            Master \u2013 studii avansate \u0219i cercetare \u0219tiin\u021bific\u0103 \u00een specializ\u0103rile:                            <\/span>\r\n                        <span class=\"un-heading-line un-heading-after\"><span><\/span><\/span>\r\n        <\/div>\r\n        <div class=\"clearfix\"><\/div>\r\n    <\/div>\r\n    [\/vc_column][\/vc_row][vc_row content_placement=&#8221;middle&#8221; u_row_style=&#8221;0&#8243; u_row_paralax=&#8221;0&#8243; u_row_scheme=&#8221;0&#8243;][vc_column width=&#8221;1\/2&#8243; el_class=&#8221;row-shadow radius-something-15&#8243; css=&#8221;.vc_custom_1743496229483{padding-top: 20px !important;padding-right: 20px !important;padding-left: 20px !important;background-color: #ffffff !important;border-radius: 15px !important;}&#8221;][vc_column_text el_class=&#8221;lista-check-sign&#8221;]<\/p>\n<h4 style=\"text-align: center;\"><strong>Geologie aplicat\u0103<\/strong>\u00a0(2 ani)<\/h4>\n<h4 style=\"text-align: center;\"><strong>Geologia resurselor de energie (2 ani) &#8211; \u00een limba Englez\u0103<\/strong><\/h4>\n<p>[\/vc_column_text][\/vc_column][vc_column width=&#8221;1\/2&#8243;][vc_btn title=&#8221;Vezi planurile de \u00eenv\u0103\u021b\u0103m\u00e2nt \u00een derulare&#8221; style=&#8221;3d&#8221; color=&#8221;info&#8221; align=&#8221;center&#8221; link=&#8221;url:https%3A%2F%2Fbiogeo.ubbcluj.ro%2Fplanuri-de-invatamant-master%2F|target:_blank&#8221;][\/vc_column][\/vc_row][vc_row][vc_column width=&#8221;1\/2&#8243;][vc_single_image image=&#8221;137679&#8243; img_size=&#8221;full&#8221; alignment=&#8221;center&#8221; style=&#8221;vc_box_border&#8221; onclick=&#8221;img_link_large&#8221; img_link_target=&#8221;_blank&#8221;][\/vc_column][vc_column width=&#8221;1\/2&#8243;][vc_single_image image=&#8221;137673&#8243; img_size=&#8221;full&#8221; alignment=&#8221;center&#8221; style=&#8221;vc_box_border&#8221; onclick=&#8221;img_link_large&#8221; img_link_target=&#8221;_blank&#8221;][\/vc_column][\/vc_row][vc_row u_row_style=&#8221;0&#8243; u_row_paralax=&#8221;0&#8243; u_row_scheme=&#8221;0&#8243; css=&#8221;.vc_custom_1618775409396{margin-top: 30px !important;margin-bottom: 40px !important;}&#8221;][vc_column width=&#8221;1\/2&#8243; css=&#8221;.vc_custom_1743496302752{background-color: #ffffff !important;border-radius: 15px !important;}&#8221;]    <div class=\"un-heading un-heading-heading_2471 \" data-delay=0>\r\n    \t<div class=\"un-heading-wrap\">\r\n            <span class=\"un-heading-line un-heading-before\"><span><\/span><\/span>\r\n                            <span class='btn btn-default btn-lg btn-lighter un-heading-content'>\r\n                            Doctorat \u2013 cercetare avansat\u0103 \u00een \u0219tiin\u021bele P\u0103m\u00e2ntului (4 ani)                            <\/span>\r\n                        <span class=\"un-heading-line un-heading-after\"><span><\/span><\/span>\r\n        <\/div>\r\n        <div class=\"clearfix\"><\/div>\r\n    <\/div>\r\n    [\/vc_column][vc_column width=&#8221;1\/2&#8243;][vc_single_image image=&#8221;137784&#8243; img_size=&#8221;full&#8221; style=&#8221;vc_box_border&#8221;][\/vc_column][\/vc_row][vc_row content_placement=&#8221;middle&#8221; u_row_style=&#8221;0&#8243; u_row_paralax=&#8221;0&#8243; u_row_scheme=&#8221;0&#8243;][vc_column width=&#8221;1\/2&#8243; el_class=&#8221;row-shadow radius-something-15&#8243; css=&#8221;.vc_custom_1743496638243{padding-top: 20px !important;padding-right: 20px !important;padding-left: 20px !important;}&#8221;][vc_btn title=&#8221;\u0218coala Doctoral\u0103 de Geologie Teoretic\u0103 \u0219i Aplicat\u0103&#8221; style=&#8221;3d&#8221; color=&#8221;info&#8221; align=&#8221;center&#8221; link=&#8221;url:https%3A%2F%2Fbiogeo.ubbcluj.ro%2Fgta%2F|target:_blank&#8221;][\/vc_column][vc_column width=&#8221;1\/2&#8243; css=&#8221;.vc_custom_1743496646108{background-color: #ffffff !important;border-radius: 15px !important;}&#8221;][vc_column_text el_class=&#8221;lista-check-sign&#8221;]<\/p>\n<h4><strong>Plasamente comune\u00a0pe pia\u0163a muncii, dup\u0103 absolvire:<\/strong><\/h4>\n<ul>\n<li>companii na\u0163ionale \u015fi interna\u0163ionale de prospectare, explorare \u015fi extrac\u0163ie a z\u0103c\u0103mintelor de petrol \u015fi gaze naturale (ROMGAZ, PETROM, BP, Chevron, Shell, etc.)<\/li>\n<li>companii na\u0163ionale \u015fi interna\u0163ionale de explorare \u015fi extrac\u0163ie a minereurilor (Geoservice, Eurogold)<\/li>\n<li>firme de construc\u0163ii civile, hidrotehnice, drumuri \u015fi poduri<\/li>\n<li>oficii \u015fi puncte de lucru din subordinea consiliilor locale \u015fi jude\u0163ene<\/li>\n<li>agen\u0163ii de protec\u0163ia mediului<\/li>\n<li>firme produc\u0103toare de roci ornamentale<\/li>\n<li>muzee judetene \u015fi locale<\/li>\n<li>\u2026 alte posibilit\u0103\u0163i date de orizontul larg de cuno\u015ftin\u0163e dob\u00e2ndit pe parcursul studiilor<\/li>\n<\/ul>\n<p>[\/vc_column_text][\/vc_column][\/vc_row]<\/p>\n","protected":false},"excerpt":{"rendered":"<p>[vc_row u_row_style=&#8221;0&#8243; u_row_paralax=&#8221;0&#8243; u_row_scheme=&#8221;0&#8243; css=&#8221;.vc_custom_1618775341157{margin-bottom: 40px !important;}&#8221;][vc_column css=&#8221;.vc_custom_1743495793358{background-color: #ffffff !important;border-radius: 15px !important;}&#8221;][\/vc_column][\/vc_row][vc_row content_placement=&#8221;middle&#8221; u_row_style=&#8221;0&#8243; u_row_paralax=&#8221;0&#8243; u_row_scheme=&#8221;0&#8243;][vc_column width=&#8221;1\/2&#8243; el_class=&#8221;row-shadow radius-something-15&#8243; css=&#8221;.vc_custom_1743495814165{padding-top: 20px !important;padding-right: 20px !important;padding-left: 20px !important;background-color: #ffffff !important;border-radius: 15px !important;}&#8221;][vc_column_text] Geologie\u00a0(3 ani), cu predare \u00een limbile rom\u00e2n\u0103 \u0219i\u00a0maghiar\u0103;\u00a0 Inginerie Geologic\u0103\u00a0(4 ani) cu predare\u00a0\u00een limba rom\u00e2n\u0103.\u00a0 [\/vc_column_text][\/vc_column][vc_column width=&#8221;1\/2&#8243;][vc_btn title=&#8221;Vezi planurile de \u00eenv\u0103\u021b\u0103m\u00e2nt \u00een derulare&#8221; style=&#8221;3d&#8221; color=&#8221;info&#8221; [&hellip;]<\/p>\n","protected":false},"author":1,"featured_media":0,"parent":0,"menu_order":0,"comment_status":"closed","ping_status":"closed","template":"","meta":[],"_links":{"self":[{"href":"https:\/\/biogeo.ubbcluj.ro\/pages\/geologie\/index.php?rest_route=\/wp\/v2\/pages\/136966"}],"collection":[{"href":"https:\/\/biogeo.ubbcluj.ro\/pages\/geologie\/index.php?rest_route=\/wp\/v2\/pages"}],"about":[{"href":"https:\/\/biogeo.ubbcluj.ro\/pages\/geologie\/index.php?rest_route=\/wp\/v2\/types\/page"}],"author":[{"embeddable":true,"href":"https:\/\/biogeo.ubbcluj.ro\/pages\/geologie\/index.php?rest_route=\/wp\/v2\/users\/1"}],"replies":[{"embeddable":true,"href":"https:\/\/biogeo.ubbcluj.ro\/pages\/geologie\/index.php?rest_route=%2Fwp%2Fv2%2Fcomments&post=136966"}],"version-history":[{"count":58,"href":"https:\/\/biogeo.ubbcluj.ro\/pages\/geologie\/index.php?rest_route=\/wp\/v2\/pages\/136966\/revisions"}],"predecessor-version":[{"id":138073,"href":"https:\/\/biogeo.ubbcluj.ro\/pages\/geologie\/index.php?rest_route=\/wp\/v2\/pages\/136966\/revisions\/138073"}],"wp:attachment":[{"href":"https:\/\/biogeo.ubbcluj.ro\/pages\/geologie\/index.php?rest_route=%2Fwp%2Fv2%2Fmedia&parent=136966"}],"curies":[{"name":"wp","href":"https:\/\/api.w.org\/{rel}","templated":true}]}}