{"id":136962,"date":"2021-04-18T17:10:39","date_gmt":"2021-04-18T17:10:39","guid":{"rendered":"http:\/\/ubb.carpatika.ro\/pages\/geologie\/?page_id=136962"},"modified":"2025-04-02T08:27:06","modified_gmt":"2025-04-02T08:27:06","slug":"prezentare","status":"publish","type":"page","link":"https:\/\/biogeo.ubbcluj.ro\/pages\/geologie\/?page_id=136962","title":{"rendered":"Prezentare"},"content":{"rendered":"<p>[vc_row content_placement=&#8221;middle&#8221; u_row_style=&#8221;0&#8243; u_row_paralax=&#8221;0&#8243; u_row_scheme=&#8221;0&#8243;][vc_column width=&#8221;1\/2&#8243;][vc_single_image image=&#8221;137005&#8243; img_size=&#8221;large&#8221; alignment=&#8221;center&#8221; style=&#8221;vc_box_outline_circle&#8221; onclick=&#8221;link_image&#8221;][\/vc_column][vc_column width=&#8221;1\/2&#8243; css=&#8221;.vc_custom_1743426183888{background-color: #ffffff !important;border-radius: 15px !important;}&#8221;][vc_column_text css_animation=&#8221;none&#8221;]<\/p>\n<h4 style=\"text-align: center;\"><strong>Departamentul de Geologie<\/strong> este unul dintre cele mai puternice din \u0163ar\u0103 sub aspectul calit\u0103\u0163ii procesului didactic \u015fi al cercet\u0103rii \u015ftiin\u0163ifice.<\/h4>\n<h4 style=\"text-align: center;\">Programele de studiu sunt sus\u0163inute de\u00a0cadrele didactice\u00a0titulare sau asociate departamentului.<\/h4>\n<h4 style=\"text-align: center;\">Baza material\u0103 este constituit\u0103 din laboratoare didactice \u015fi de cercetare dotate cu echipamente specifice.<\/h4>\n<p>[\/vc_column_text][\/vc_column][\/vc_row][vc_row content_placement=&#8221;middle&#8221; u_row_style=&#8221;0&#8243; u_row_paralax=&#8221;0&#8243; u_row_scheme=&#8221;0&#8243; css=&#8221;.vc_custom_1618771612363{margin-top: 20px !important;}&#8221;][vc_column width=&#8221;1\/2&#8243;][vc_single_image image=&#8221;137011&#8243; img_size=&#8221;full&#8221; alignment=&#8221;center&#8221; style=&#8221;vc_box_outline_circle&#8221; onclick=&#8221;link_image&#8221;][\/vc_column][vc_column width=&#8221;1\/2&#8243; css=&#8221;.vc_custom_1743494758138{background-color: #ffffff !important;border-radius: 15px !important;}&#8221;][vc_column_text css_animation=&#8221;none&#8221;]<\/p>\n<h4 style=\"text-align: center;\"><strong>Biblioteca de Geologie<\/strong> are un fond de carte de peste 35.000 volume \u015fi reviste, dou\u0103 s\u0103li de lectur\u0103 de c\u00e2te 10 \u015fi respectiv 30 locuri.<\/h4>\n<h4 style=\"text-align: center;\">Fondul de carte este \u00eennoit periodic cu reviste de specialitate \u015fi volume noi ob\u0163inute prin achizi\u0163ii, dona\u0163ii \u015fi schimburi.\u00a0\u00cen bibliotec\u0103 exist\u0103 un catalog electronic \u015fi o baz\u0103 electronic\u0103 de date bibliografice pentru eviden\u0163a c\u0103r\u0163ilor \u015fi periodicelor.<\/h4>\n<h4 style=\"text-align: center;\">De asemenea, pot fi accesate online baze de date interna\u0163ionale cu publica\u0163ii de specialitate.<\/h4>\n<p>[\/vc_column_text][\/vc_column][\/vc_row][vc_row][vc_column width=&#8221;1\/2&#8243;][vc_single_image image=&#8221;137015&#8243; img_size=&#8221;full&#8221; alignment=&#8221;center&#8221; style=&#8221;vc_box_outline_circle&#8221; onclick=&#8221;link_image&#8221;][\/vc_column][vc_column width=&#8221;1\/2&#8243; css=&#8221;.vc_custom_1743494832197{background-color: #ffffff !important;border-radius: 15px !important;}&#8221;][vc_column_text css_animation=&#8221;none&#8221;]<\/p>\n<h4 style=\"text-align: center;\">Departamentul de Geologie de la Universitatea \u201cBabe\u015f-Bolyai\u201d mai g\u0103zduie\u0219te dou\u0103 muzee cu veche tradi\u021bie \u2013\u00a0<strong>Muzeul de Paleontologie \u0219i\u00a0Stratigrafie<\/strong>\u00a0\u0219i\u00a0<strong>Muzeul de Mineralogie<\/strong>\u00a0\u2013\u00a0\u00een care se g\u0103sesc exponate autentice, cu valoare deosebit\u0103, utilizate \u015fi \u00een procesul de \u00eenva\u0163\u0103m\u00e2nt.\u00a0Exist\u0103 \u0219ialte \u00a0numeroase colec\u0163ii didactice de minerale, roci, fosile, modele, machete, etc.<\/h4>\n<p>[\/vc_column_text][\/vc_column][\/vc_row][vc_row content_placement=&#8221;middle&#8221; u_row_style=&#8221;0&#8243; u_row_paralax=&#8221;0&#8243; u_row_scheme=&#8221;0&#8243; css=&#8221;.vc_custom_1618771612363{margin-top: 20px !important;}&#8221;][vc_column width=&#8221;1\/2&#8243;][vc_single_image image=&#8221;137016&#8243; img_size=&#8221;full&#8221; alignment=&#8221;center&#8221; style=&#8221;vc_box_outline_circle&#8221; onclick=&#8221;link_image&#8221;][\/vc_column][vc_column width=&#8221;1\/2&#8243;][vc_single_image image=&#8221;137018&#8243; img_size=&#8221;full&#8221; alignment=&#8221;center&#8221; style=&#8221;vc_box_outline_circle&#8221; onclick=&#8221;link_image&#8221;][\/vc_column][\/vc_row][vc_row content_placement=&#8221;middle&#8221; u_row_style=&#8221;0&#8243; u_row_paralax=&#8221;0&#8243; u_row_scheme=&#8221;0&#8243; css=&#8221;.vc_custom_1618771612363{margin-top: 20px !important;}&#8221;][vc_column width=&#8221;1\/2&#8243; css=&#8221;.vc_custom_1743426216609{background-color: #ffffff !important;border-radius: 15px !important;}&#8221;][vc_column_text css_animation=&#8221;none&#8221;]<\/p>\n<h4 style=\"text-align: center;\"><strong>Departamentul de Geologie<\/strong> s-a integrat \u00eentr-o serie de programe europene cu profil didactic \u015fi de cercetare, cu urm\u0103ri benefice asupra form\u0103rii studen\u0163ilor \u015fi tinerilor cercet\u0103tori.<\/h4>\n<h4 style=\"text-align: center;\">\u00cen cadrul programelor europene cu profil didcatic (<strong>ERASMUS-SOCRATES<\/strong>, <strong>CEEPUS<\/strong>), studen\u0163i ai sec\u0163iei de Geologie au urmat cursuri cu durat\u0103 de 6-12 luni, la universit\u0103\u0163i din str\u0103inatate (Bruxelles, Budapesta, Cracovia, Erlangen, Fribourg, Graz, Ljubliana, Londra, Lund, Napoli, Pavia, Perugia, Salzburg, Viena etc.).<\/h4>\n<h4 style=\"text-align: center;\">De asemenea, profesori invita\u0163i din str\u0103inatate au sus\u0163inut cursuri intensive pentru studen\u0163ii geologi de la Cluj.<\/h4>\n<p>[\/vc_column_text][\/vc_column][vc_column width=&#8221;1\/2&#8243;][vc_single_image image=&#8221;137019&#8243; img_size=&#8221;full&#8221; alignment=&#8221;center&#8221; style=&#8221;vc_box_outline_circle&#8221; onclick=&#8221;link_image&#8221;][\/vc_column][\/vc_row][vc_row content_placement=&#8221;middle&#8221; u_row_style=&#8221;0&#8243; u_row_paralax=&#8221;0&#8243; u_row_scheme=&#8221;0&#8243;][vc_column width=&#8221;1\/2&#8243; css=&#8221;.vc_custom_1743495265816{background-color: #ffffff !important;border-radius: 15px !important;}&#8221;][vc_column_text css_animation=&#8221;none&#8221;]<\/p>\n<h4 style=\"text-align: center;\">Des\u0103v\u00e2r\u015firea preg\u0103tirii geologice se poate realiza doar dup\u0103 urmarea stagiilor de practic\u0103 de teren.\u00a0Asisten\u0163a de specialitate \u00een teren este asigurat\u0103 de cadre didactice, care coordoneaz\u0103 temele de specialitate\u00a0\u00een \u0163ar\u0103\u00a0(Carpa\u0163ii Orientali \u015fi Meridionali, Mun\u0163ii Apuseni, Bazinul Transilvaniei etc.)\u00a0\u015fi \u00een str\u0103inatate: Italia, Austria, Slovenia, Elve\u0163ia<\/h4>\n<p>[\/vc_column_text][\/vc_column][vc_column width=&#8221;1\/2&#8243;][vc_single_image image=&#8221;137206&#8243; img_size=&#8221;full&#8221; alignment=&#8221;center&#8221; style=&#8221;vc_box_outline_circle&#8221; onclick=&#8221;link_image&#8221;][\/vc_column][\/vc_row]<\/p>\n","protected":false},"excerpt":{"rendered":"<p>[vc_row content_placement=&#8221;middle&#8221; u_row_style=&#8221;0&#8243; u_row_paralax=&#8221;0&#8243; u_row_scheme=&#8221;0&#8243;][vc_column width=&#8221;1\/2&#8243;][vc_single_image image=&#8221;137005&#8243; img_size=&#8221;large&#8221; alignment=&#8221;center&#8221; style=&#8221;vc_box_outline_circle&#8221; onclick=&#8221;link_image&#8221;][\/vc_column][vc_column width=&#8221;1\/2&#8243; css=&#8221;.vc_custom_1743426183888{background-color: #ffffff !important;border-radius: 15px !important;}&#8221;][vc_column_text css_animation=&#8221;none&#8221;] Departamentul de Geologie este unul dintre cele mai puternice din \u0163ar\u0103 sub aspectul calit\u0103\u0163ii procesului didactic \u015fi al cercet\u0103rii \u015ftiin\u0163ifice. Programele de studiu sunt sus\u0163inute de\u00a0cadrele didactice\u00a0titulare sau asociate departamentului. Baza material\u0103 este constituit\u0103 din laboratoare didactice [&hellip;]<\/p>\n","protected":false},"author":1,"featured_media":0,"parent":0,"menu_order":0,"comment_status":"closed","ping_status":"closed","template":"","meta":[],"_links":{"self":[{"href":"https:\/\/biogeo.ubbcluj.ro\/pages\/geologie\/index.php?rest_route=\/wp\/v2\/pages\/136962"}],"collection":[{"href":"https:\/\/biogeo.ubbcluj.ro\/pages\/geologie\/index.php?rest_route=\/wp\/v2\/pages"}],"about":[{"href":"https:\/\/biogeo.ubbcluj.ro\/pages\/geologie\/index.php?rest_route=\/wp\/v2\/types\/page"}],"author":[{"embeddable":true,"href":"https:\/\/biogeo.ubbcluj.ro\/pages\/geologie\/index.php?rest_route=\/wp\/v2\/users\/1"}],"replies":[{"embeddable":true,"href":"https:\/\/biogeo.ubbcluj.ro\/pages\/geologie\/index.php?rest_route=%2Fwp%2Fv2%2Fcomments&post=136962"}],"version-history":[{"count":61,"href":"https:\/\/biogeo.ubbcluj.ro\/pages\/geologie\/index.php?rest_route=\/wp\/v2\/pages\/136962\/revisions"}],"predecessor-version":[{"id":137873,"href":"https:\/\/biogeo.ubbcluj.ro\/pages\/geologie\/index.php?rest_route=\/wp\/v2\/pages\/136962\/revisions\/137873"}],"wp:attachment":[{"href":"https:\/\/biogeo.ubbcluj.ro\/pages\/geologie\/index.php?rest_route=%2Fwp%2Fv2%2Fmedia&parent=136962"}],"curies":[{"name":"wp","href":"https:\/\/api.w.org\/{rel}","templated":true}]}}