{"id":137397,"date":"2026-02-05T07:50:54","date_gmt":"2026-02-05T07:50:54","guid":{"rendered":"https:\/\/biogeo.ubbcluj.ro\/pages\/biologielm\/?page_id=137397"},"modified":"2026-02-05T07:50:55","modified_gmt":"2026-02-05T07:50:55","slug":"prezentare","status":"publish","type":"page","link":"https:\/\/biogeo.ubbcluj.ro\/pages\/biologielm\/?page_id=137397&lang=ro","title":{"rendered":"Prezentare"},"content":{"rendered":"<p>[vc_row][vc_column][vc_custom_heading text=&#8221;Magunkr\u00f3l&#8221; font_container=&#8221;tag:h2|text_align:center&#8221;][\/vc_column][\/vc_row][vc_row][vc_column][vc_column_text el_class=&#8221;lista-check-sign&#8221;]<strong>Int\u00e9zetigazgat\u00f3:<\/strong>&nbsp;dr. L\u00e1szl\u00f3 Zolt\u00e1n docens<\/p>\n<p><strong>Int\u00e9zeti vezet\u0151tan\u00e1cs:<\/strong><\/p>\n<ul>\n<li>dr. Jakab Endre adjunktus<\/li>\n<li>dr. L\u00e1szl\u00f3 Zolt\u00e1n docens<\/li>\n<li>dr. Keresztes Lujza docens<\/li>\n<li>dr. Ruprecht Eszter docens<\/li>\n<li>dr. Sz\u00e9kely Gy\u00f6ngyi adjunktus<\/li>\n<\/ul>\n<p><strong>Kari tan\u00e1csi k\u00e9pvisel\u0151k:<\/strong><\/p>\n<ul>\n<li>dr. Jakab Endre adjunktus<\/li>\n<li>dr. L\u00e1szl\u00f3 Zolt\u00e1n docens<\/li>\n<li>dr. Ruprecht Eszter docens<\/li>\n<\/ul>\n<p><strong>Az Integrat\u00edv Biol\u00f3gia Doktori Iskola tagjai<\/strong><\/p>\n<ul>\n<li>dr. Keresztes Lujza docens<\/li>\n<li>dr. Mark\u00f3 B\u00e1lint egyetemi tan\u00e1r<\/li>\n<li>dr. Pap P\u00e9ter L\u00e1szl\u00f3 egyetemi tan\u00e1r<\/li>\n<li>dr. Ruprecht Eszter docens<\/li>\n<\/ul>\n<p><strong>Int\u00e9zeti TDK-felel\u0151s:<\/strong><\/p>\n<ul>\n<li>dr. V\u00e1g\u00e1si Istv\u00e1n Csongor adjunktus<\/li>\n<\/ul>\n<p><strong>Int\u00e9zeti Erasmus koordin\u00e1tor:<\/strong><\/p>\n<ul>\n<li>Pap P\u00e9ter L\u00e1szl\u00f3 egyetemi tan\u00e1r<\/li>\n<\/ul>\n<p><strong>A kari jegyelismer\u0151 bizotts\u00e1g tagja:<\/strong><\/p>\n<ul>\n<li>dr. L\u00e1szl\u00f3 Zolt\u00e1n docens<\/li>\n<\/ul>\n<p><strong>\u00c9vfolyamfelel\u0151s\u00f6k:<\/strong><\/p>\n<p><strong>Szakok \u00e9s szakfelel\u0151s\u00f6k:<\/strong><\/p>\n<ul>\n<li><em>Biol\u00f3gia<\/em>&nbsp;alapk\u00e9pz\u00e9s (BSc) \u2013<\/li>\n<li><em>\u00d6kol\u00f3gia \u00e9s term\u00e9szetv\u00e9delem<\/em>&nbsp;alapk\u00e9pz\u00e9s (BSc) \u2013 dr. L\u00e1szl\u00f3 Zolt\u00e1n docens<\/li>\n<li><em>Orvosi biol\u00f3gia<\/em>&nbsp;magiszteri k\u00e9pz\u00e9s (MSc) \u2013 dr. Jakab Endre adjunktus<\/li>\n<li><em>Sz\u00e1razf\u00f6ldi \u00e9s v\u00edzi \u00f6kol\u00f3gia<\/em>&nbsp;magiszteri k\u00e9pz\u00e9s (MSc) \u2013 dr. Mark\u00f3 B\u00e1lint egyetemi tan\u00e1r<\/li>\n<\/ul>\n<p>[\/vc_column_text][\/vc_column][\/vc_row]<\/p>\n","protected":false},"excerpt":{"rendered":"<p>[vc_row][vc_column][vc_custom_heading text=&#8221;Magunkr\u00f3l&#8221; font_container=&#8221;tag:h2|text_align:center&#8221;][\/vc_column][\/vc_row][vc_row][vc_column][vc_column_text el_class=&#8221;lista-check-sign&#8221;]Int\u00e9zetigazgat\u00f3:&nbsp;dr. L\u00e1szl\u00f3 Zolt\u00e1n docens Int\u00e9zeti vezet\u0151tan\u00e1cs: dr. Jakab Endre adjunktus dr. L\u00e1szl\u00f3 Zolt\u00e1n docens dr. Keresztes Lujza docens dr. Ruprecht Eszter docens dr. Sz\u00e9kely Gy\u00f6ngyi adjunktus Kari tan\u00e1csi k\u00e9pvisel\u0151k: dr. Jakab Endre adjunktus dr. L\u00e1szl\u00f3 Zolt\u00e1n docens dr. Ruprecht Eszter docens Az Integrat\u00edv Biol\u00f3gia Doktori Iskola tagjai dr. Keresztes Lujza docens dr. [&hellip;]<\/p>\n","protected":false},"author":1,"featured_media":0,"parent":0,"menu_order":0,"comment_status":"closed","ping_status":"closed","template":"","meta":[],"_links":{"self":[{"href":"https:\/\/biogeo.ubbcluj.ro\/pages\/biologielm\/index.php?rest_route=\/wp\/v2\/pages\/137397"}],"collection":[{"href":"https:\/\/biogeo.ubbcluj.ro\/pages\/biologielm\/index.php?rest_route=\/wp\/v2\/pages"}],"about":[{"href":"https:\/\/biogeo.ubbcluj.ro\/pages\/biologielm\/index.php?rest_route=\/wp\/v2\/types\/page"}],"author":[{"embeddable":true,"href":"https:\/\/biogeo.ubbcluj.ro\/pages\/biologielm\/index.php?rest_route=\/wp\/v2\/users\/1"}],"replies":[{"embeddable":true,"href":"https:\/\/biogeo.ubbcluj.ro\/pages\/biologielm\/index.php?rest_route=%2Fwp%2Fv2%2Fcomments&post=137397"}],"version-history":[{"count":1,"href":"https:\/\/biogeo.ubbcluj.ro\/pages\/biologielm\/index.php?rest_route=\/wp\/v2\/pages\/137397\/revisions"}],"predecessor-version":[{"id":137398,"href":"https:\/\/biogeo.ubbcluj.ro\/pages\/biologielm\/index.php?rest_route=\/wp\/v2\/pages\/137397\/revisions\/137398"}],"wp:attachment":[{"href":"https:\/\/biogeo.ubbcluj.ro\/pages\/biologielm\/index.php?rest_route=%2Fwp%2Fv2%2Fmedia&parent=137397"}],"curies":[{"name":"wp","href":"https:\/\/api.w.org\/{rel}","templated":true}]}}