{"id":137004,"date":"2021-04-21T20:44:51","date_gmt":"2021-04-21T20:44:51","guid":{"rendered":"http:\/\/ubb.carpatika.ro\/pages\/biologielm\/?page_id=137004"},"modified":"2026-02-04T11:17:02","modified_gmt":"2026-02-04T11:17:02","slug":"allamvizsga","status":"publish","type":"page","link":"https:\/\/biogeo.ubbcluj.ro\/pages\/biologielm\/?page_id=137004","title":{"rendered":"\u00c1llamvizsga"},"content":{"rendered":"<p>\u00c1ltal\u00e1nos tudnival\u00f3k az \u00e1llamvizsg\u00e1r\u00f3l: <strong><a href=\"https:\/\/biogeo.ubbcluj.ro\/hu\/allamvizsga\/\">itt<\/a><\/strong><\/p>\n<p>\u00c1ltal\u00e1nos tudnival\u00f3k a magiszteri v\u00e9d\u00e9sr\u0151l:<a href=\"https:\/\/biogeo.ubbcluj.ro\/hu\/magiszteri-vedes\/\"><strong> itt<\/strong><\/a><\/p>\n","protected":false},"excerpt":{"rendered":"<p>\u00c1ltal\u00e1nos tudnival\u00f3k az \u00e1llamvizsg\u00e1r\u00f3l: itt \u00c1ltal\u00e1nos tudnival\u00f3k a magiszteri v\u00e9d\u00e9sr\u0151l: itt<\/p>\n","protected":false},"author":1,"featured_media":0,"parent":0,"menu_order":0,"comment_status":"closed","ping_status":"closed","template":"","meta":[],"_links":{"self":[{"href":"https:\/\/biogeo.ubbcluj.ro\/pages\/biologielm\/index.php?rest_route=\/wp\/v2\/pages\/137004"}],"collection":[{"href":"https:\/\/biogeo.ubbcluj.ro\/pages\/biologielm\/index.php?rest_route=\/wp\/v2\/pages"}],"about":[{"href":"https:\/\/biogeo.ubbcluj.ro\/pages\/biologielm\/index.php?rest_route=\/wp\/v2\/types\/page"}],"author":[{"embeddable":true,"href":"https:\/\/biogeo.ubbcluj.ro\/pages\/biologielm\/index.php?rest_route=\/wp\/v2\/users\/1"}],"replies":[{"embeddable":true,"href":"https:\/\/biogeo.ubbcluj.ro\/pages\/biologielm\/index.php?rest_route=%2Fwp%2Fv2%2Fcomments&post=137004"}],"version-history":[{"count":3,"href":"https:\/\/biogeo.ubbcluj.ro\/pages\/biologielm\/index.php?rest_route=\/wp\/v2\/pages\/137004\/revisions"}],"predecessor-version":[{"id":137377,"href":"https:\/\/biogeo.ubbcluj.ro\/pages\/biologielm\/index.php?rest_route=\/wp\/v2\/pages\/137004\/revisions\/137377"}],"wp:attachment":[{"href":"https:\/\/biogeo.ubbcluj.ro\/pages\/biologielm\/index.php?rest_route=%2Fwp%2Fv2%2Fmedia&parent=137004"}],"curies":[{"name":"wp","href":"https:\/\/api.w.org\/{rel}","templated":true}]}}