{"id":137112,"date":"2021-10-29T16:23:24","date_gmt":"2021-10-29T16:23:24","guid":{"rendered":"https:\/\/biogeo.ubbcluj.ro\/pages\/biologie\/?page_id=137112"},"modified":"2021-10-29T16:23:51","modified_gmt":"2021-10-29T16:23:51","slug":"publications","status":"publish","type":"page","link":"https:\/\/biogeo.ubbcluj.ro\/pages\/biologie\/?page_id=137112&lang=en","title":{"rendered":"Publications"},"content":{"rendered":"<p>[vc_row][vc_column]    <div class=\"un-heading un-heading-heading_5776 \" data-delay=0>\r\n    \t<div class=\"un-heading-wrap\">\r\n            <span class=\"un-heading-line un-heading-before\"><span><\/span><\/span>\r\n                            <span class='btn btn-default btn-lg btn-lighter un-heading-content'>\r\n                            Lucrari stiintifice recente ale personalului Departamentului de Biologie Moleculara si Biotehnologie.                            <\/span>\r\n                        <span class=\"un-heading-line un-heading-after\"><span><\/span><\/span>\r\n        <\/div>\r\n        <div class=\"clearfix\"><\/div>\r\n    <\/div>\r\n    [\/vc_column][\/vc_row][vc_row][vc_column][vc_custom_heading text=&#8221;Articole selectate in reviste peer-review (in ordinea alfabetica a autorilor)&#8221; font_container=&#8221;tag:h4|text_align:center&#8221; use_theme_fonts=&#8221;yes&#8221;][\/vc_column][\/vc_row][vc_row][vc_column][vc_column_text css_animation=&#8221;fadeIn&#8221;]&nbsp;<\/p>\n<h3><strong>2019<\/strong><\/h3>\n<p>&nbsp;<\/p>\n<h5>Bulzu, P. A., Andrei, A. \u015e., Salcher, M. M., Mehrshad, M., Inoue, K., Kandori, H., \u2026 &amp; Banciu, H. L. (2019). Casting light on Asgardarchaeota metabolism in a sunlit microoxic niche.\u00a0<em>Nat Microbiol<\/em>,\u00a0<strong>4<\/strong>, 1129\u20131137.<\/h5>\n<h5>Dippong, T., Levei, E. A., Cadar, O., Deac, I. G., Diamandescu, L., &amp; Barbu-Tudoran, L. (2019). Effect of nickel content on structural, morphological and magnetic properties of NixCo1-xFe2O4\/SiO2 nanocomposites.\u00a0<em>J All Comp<\/em>,\u00a0<strong>786<\/strong>, 330-340.<\/h5>\n<h5>Podar, D., Macalik, K., R\u00e9ti, K.O., Martonos, I., T\u00f6r\u00f6k, E., Carpa, R., Weindorf, D.C., Csisz\u00e1r, J., Sz\u00e9kely, G. (2019). Morphological, physiological and biochemical aspects of salt tolerance of halophyte\u00a0<i>Petrosimonia triandra<\/i>\u00a0grown in natural habitat.\u00a0<i>Physiol Mol Biol Plants<\/i>,\u00a0<b>25<\/b>(6),1335-1347.<\/h5>\n<h5>Rakosy-Tican, E., L\u00f6rincz-Besenyei, E., Moln\u00e1r, I., Thieme, R., Hartung, F., Sprink, T., \u2026 &amp; Aurori, A. (2019). New Phenotypes in Potato Co-Induced by Mismatch Repair Deficiency and Somatic Hybridization.\u00a0<em>Front Plant Sci<\/em>,\u00a0<strong>10<\/strong>, 3.<\/h5>\n<h5>Rusu, I., Modi, A., Radu, C., Mircea, C., Vulpoi, A., Dobrinescu, C., \u2026 &amp; Kelemen, B. (2019). Mitochondrial ancestry of medieval individuals carelessly interred in a multiple burial from southeastern Romania.\u00a0<em>Sci Rep<\/em>,\u00a0<strong>9<\/strong>(1), 961.<\/h5>\n<h5>Sesarman, A., Tefas, L., Sylvester, B., Licarete, E., Rauca, V., Luput, L., \u2026 &amp; Porfire, A. (2019). Co-delivery of curcumin and doxorubicin in PEGylated liposomes favored the antineoplastic C26 murine colon carcinoma microenvironment.\u00a0<em>Drug Deliv Transl Res<\/em>,\u00a0<strong>9<\/strong>(1), 260-272.<\/h5>\n<h5>Toloman, D., Pana, O., Stefan, M., Popa, A., Leostean, C., Macavei, S., \u2026 &amp; Barbu-Tudoran, L. (2019). Photocatalytic activity of SnO2-TiO2 composite nanoparticles modified with PVP.\u00a0<em>J Coll Int Sci<\/em>,\u00a0<strong>542<\/strong>, 296-307.<\/h5>\n<p>&nbsp;<\/p>\n<h3><strong>2018<\/strong><\/h3>\n<p>&nbsp;<\/p>\n<h5>Alexe, M., \u0218erban, G., Baricz, A., Andrei, A. \u0218., Cristea, A., Battes, K. P., \u2026 &amp; Banciu, H. L. (2018). Limnology and plankton diversity of salt lakes from Transylvanian Basin (Romania): A review.\u00a0<em>J \u00a0Limnol<\/em>,\u00a0<strong>77<\/strong>(1), 17-34.<\/h5>\n<h5>Rauca, V. F., Licarete, E., Luput, L., Sesarman, A., Patras, L., Bulzu, P., \u2026 &amp; Banciu, M. (2018). Combination therapy of simvastatin and 5, 6-dimethylxanthenone-4-acetic acid synergistically suppresses the aggressiveness of B16. F10 melanoma cells.\u00a0<em>PloS one<\/em>,\u00a0<strong>13<\/strong>(8), e0202827.<\/h5>\n<h5>Menguer, P. K., Vincent, T., Miller, A. J., Brown, J. K., Vincze, E., Borg, S., \u2026 &amp; Podar, D. (2018). Improving zinc accumulation in cereal endosperm using Hv MTP 1, a transition metal transporter.\u00a0<em>Plant Biotechnol J<\/em>, 16(1), 63-71.<\/h5>\n<h5>Rusu, I., Modi, A., Vai, S., Pilli, E., Mircea, C., Radu, C., \u2026 &amp; Hervella, M. (2018). Maternal DNA lineages at the gate of Europe in the 10th century AD.\u00a0<em>PloS One<\/em>,\u00a0<strong>13<\/strong>(3), e0193578.<\/h5>\n<h5>Sesarman, A., Tefas, L., Sylvester, B., Licarete, E., Rauca, V., Luput, L., \u2026 &amp; Porfire, A. (2018). Anti-angiogenic and anti-inflammatory effects of long-circulating liposomes co-encapsulating curcumin and doxorubicin on C26 murine colon cancer cells.\u00a0<em>Pharmacol Rep<\/em>,\u00a0<strong>70<\/strong>(2), 331-339.<\/h5>\n<h5><strong>Carti si Capitole recent publicate<\/strong><\/h5>\n<p>&nbsp;<\/p>\n<h3><strong>2018<\/strong><\/h3>\n<p>&nbsp;<\/p>\n<h5>Lang C. (2018), Recomandari nutritionale\u00a0 pentru prevenirea si tratarea bolilor cardiovasculare, In: Rolul nutritiei in prevenirea bolilor cardiovasculare, ISBN 978-973-693-847-4, Ed. Medical\u0103 Universitar\u0103 Iuliu Ha\u021bieganu, Cluj-Napoca, pp. 179-218<strong>.<\/strong><\/h5>\n<h5>Lang C. (2018), Factori de risc alimentari in bolile cardiovasculare, In: Rolul nutritiei in prevenirea bolilor cardiovasculare, ISBN 978-973-693-847-4, Ed. Medical\u0103 Universitar\u0103 Iuliu Ha\u021bieganu, Cluj-Napoca, pp. 109-121.<\/h5>\n<h5>Lang C. (2018) Factori de risc comportamentali in bolile cardiovasculare, In: Rolul nutritiei in prevenirea bolilor cardiovasculare, ISBN 978-973-693-847-4, Ed. Medical\u0103 Universitar\u0103 Iuliu Ha\u021bieganu, Cluj-Napoca, pp. 93-108.<\/h5>\n<h5>Pop-P\u0103curar I., Podar D., Tomi D., Titlu carte:\u00a0 Biologie. Caietul elevului, clasa a VI-a. Exercitii si lucrari practice de laborator, ISBN 978\u2011606\u2011003\u2011112\u20113, Ed. Art Educational, 2018, 88 pag<\/h5>\n<p>&nbsp;<\/p>\n<h3><strong>\u00a0<\/strong><strong>2017<\/strong><\/h3>\n<p>&nbsp;<\/p>\n<h5>Muntean V. Microbiologie Medical\u0103, Ed. Presa Universitar\u0103 Clujean\u0103 , Cluj-Napoca, 2017, 381 pag.<\/h5>\n<h5>Pop-P\u0103curar I., Podar D., Biologie. Clasa a V-a manual scolar, Ed. Art-Group Editorial, 2017, 112 pag.<\/h5>\n<h5>Rakosy E., Thieme R. (2017), Somatic Cell Genetics and Its Application in Potato Breeding., In: The Potato Genome (Chakrabarti SK, Xie C, Tiwari JK ,Eds.), Springer,\u00a0 pp. 217-269.<\/h5>\n<p>[\/vc_column_text][\/vc_column][\/vc_row]<\/p>\n","protected":false},"excerpt":{"rendered":"<p>[vc_row][vc_column][\/vc_column][\/vc_row][vc_row][vc_column][vc_custom_heading text=&#8221;Articole selectate in reviste peer-review (in ordinea alfabetica a autorilor)&#8221; font_container=&#8221;tag:h4|text_align:center&#8221; use_theme_fonts=&#8221;yes&#8221;][\/vc_column][\/vc_row][vc_row][vc_column][vc_column_text css_animation=&#8221;fadeIn&#8221;]&nbsp; 2019 &nbsp; Bulzu, P. A., Andrei, A. \u015e., Salcher, M. M., Mehrshad, M., Inoue, K., Kandori, H., \u2026 &amp; Banciu, H. L. (2019). Casting light on Asgardarchaeota metabolism in a sunlit microoxic niche.\u00a0Nat Microbiol,\u00a04, 1129\u20131137. Dippong, T., Levei, E. A., Cadar, [&hellip;]<\/p>\n","protected":false},"author":1,"featured_media":0,"parent":0,"menu_order":0,"comment_status":"closed","ping_status":"closed","template":"","meta":[],"_links":{"self":[{"href":"https:\/\/biogeo.ubbcluj.ro\/pages\/biologie\/index.php?rest_route=\/wp\/v2\/pages\/137112"}],"collection":[{"href":"https:\/\/biogeo.ubbcluj.ro\/pages\/biologie\/index.php?rest_route=\/wp\/v2\/pages"}],"about":[{"href":"https:\/\/biogeo.ubbcluj.ro\/pages\/biologie\/index.php?rest_route=\/wp\/v2\/types\/page"}],"author":[{"embeddable":true,"href":"https:\/\/biogeo.ubbcluj.ro\/pages\/biologie\/index.php?rest_route=\/wp\/v2\/users\/1"}],"replies":[{"embeddable":true,"href":"https:\/\/biogeo.ubbcluj.ro\/pages\/biologie\/index.php?rest_route=%2Fwp%2Fv2%2Fcomments&post=137112"}],"version-history":[{"count":2,"href":"https:\/\/biogeo.ubbcluj.ro\/pages\/biologie\/index.php?rest_route=\/wp\/v2\/pages\/137112\/revisions"}],"predecessor-version":[{"id":137114,"href":"https:\/\/biogeo.ubbcluj.ro\/pages\/biologie\/index.php?rest_route=\/wp\/v2\/pages\/137112\/revisions\/137114"}],"wp:attachment":[{"href":"https:\/\/biogeo.ubbcluj.ro\/pages\/biologie\/index.php?rest_route=%2Fwp%2Fv2%2Fmedia&parent=137112"}],"curies":[{"name":"wp","href":"https:\/\/api.w.org\/{rel}","templated":true}]}}