{"id":961,"date":"2023-05-24T07:37:48","date_gmt":"2023-05-24T07:37:48","guid":{"rendered":"https:\/\/biogeo.ubbcluj.ro\/gta\/?page_id=961"},"modified":"2026-04-28T12:36:54","modified_gmt":"2026-04-28T12:36:54","slug":"staff","status":"publish","type":"page","link":"https:\/\/biogeo.ubbcluj.ro\/gta\/?page_id=961&lang=en","title":{"rendered":"Staff"},"content":{"rendered":"\n<h3 class=\"wp-block-heading has-text-align-center has-large-font-size\"><strong>Doctoral supervisors<\/strong><\/h3>\n\n\n\n<hr class=\"wp-block-separator has-css-opacity is-style-wide\"\/>\n\n\n\n<p class=\"has-medium-font-size\"><strong>Prof. dr.<\/strong>&nbsp;<em><strong>habil<\/strong><\/em>.&nbsp;<strong>Ioan TAN\u021a\u0102U<\/strong>&nbsp;(Director)<\/p>\n\n\n\n<div class=\"wp-block-group is-nowrap is-layout-flex wp-container-core-group-is-layout-ad2f72ca wp-block-group-is-layout-flex\">\n<figure class=\"wp-block-image is-resized\"><img loading=\"lazy\" decoding=\"async\" width=\"774\" height=\"918\" src=\"https:\/\/biogeo.ubbcluj.ro\/gta\/wp-content\/uploads\/2025\/11\/Tantau_3.jpg\" alt=\"\" class=\"wp-image-2548\" style=\"width:154px;height:auto\" srcset=\"https:\/\/biogeo.ubbcluj.ro\/gta\/wp-content\/uploads\/2025\/11\/Tantau_3.jpg 774w, https:\/\/biogeo.ubbcluj.ro\/gta\/wp-content\/uploads\/2025\/11\/Tantau_3-253x300.jpg 253w, https:\/\/biogeo.ubbcluj.ro\/gta\/wp-content\/uploads\/2025\/11\/Tantau_3-768x911.jpg 768w\" sizes=\"auto, (max-width: 774px) 100vw, 774px\" \/><\/figure>\n\n\n\n<div class=\"wp-block-group is-vertical is-layout-flex wp-container-core-group-is-layout-8cf370e7 wp-block-group-is-layout-flex\">\n<p class=\"has-small-font-size\">Babe\u015f-Bolyai University, Department of Geology and Center for Integrated Geological Studies<\/p>\n\n\n\n<p class=\"has-small-font-size\">Str. M. Kog\u0103lniceanu nr. 1, 400084 Cluj-Napoca, Romania<\/p>\n\n\n\n<p class=\"has-small-font-size\"><a href=\"https:\/\/biogeo.ubbcluj.ro\/gta\/wp-admin\/ioan.tantau@ubbcluj.ro\" target=\"_blank\" rel=\"noreferrer noopener\">E-mail:<\/a>&nbsp;ioan.tantau@ubbcluj.ro<\/p>\n\n\n\n<p class=\"has-small-font-size\"><a href=\"https:\/\/biogeo.ubbcluj.ro\/gta\/wp-content\/uploads\/2026\/01\/Tantau-Ioan_CV.pdf\">CV<\/a><\/p>\n\n\n\n<p class=\"has-small-font-size\"><a href=\"https:\/\/biogeo.ubbcluj.ro\/gta\/wp-content\/uploads\/2026\/01\/Lucrari-stiintifice_Tantau.pdf\">Publications<\/a>\u00a0\u2013\u00a0<a href=\"https:\/\/scholar.google.com\/citations?hl=ro&amp;user=BZZHfyoAAAAJ\">Google scholar<\/a><\/p>\n\n\n\n<p class=\"has-small-font-size\"><a rel=\"noreferrer noopener\" href=\"https:\/\/biogeo.ubbcluj.ro\/gta\/wp-content\/uploads\/2021\/10\/Profil-stiintific_Tantau.pdf\" target=\"_blank\">Scientific profile &#8211; Research topics<\/a><\/p>\n\n\n\n<p class=\"has-small-font-size\">Habilitation standards<\/p>\n<\/div>\n<\/div>\n\n\n\n<hr class=\"wp-block-separator has-css-opacity is-style-wide\"\/>\n\n\n\n<p class=\"has-medium-font-size\"><strong>Conf. dr. <em>habil<\/em>. Ferenc FORRAY<\/strong><\/p>\n\n\n<div class=\"wp-block-image\">\n<figure class=\"alignleft\"><img decoding=\"async\" src=\"https:\/\/biogeo.ubbcluj.ro\/gta\/wp-content\/uploads\/Forray.jpg\" alt=\"forray\" class=\"wp-image-170\"\/><\/figure><\/div>\n\n\n<div class=\"wp-block-group is-vertical is-layout-flex wp-container-core-group-is-layout-8cf370e7 wp-block-group-is-layout-flex\">\n<p class=\"has-medium-font-size\">Babe\u015f-Bolyai University, Department of Geology<\/p>\n\n\n\n<p class=\"has-small-font-size\">Str. M. Kog\u0103lniceanu nr. 1, 400084 Cluj-Napoca, Romania<\/p>\n\n\n\n<p class=\"has-small-font-size\"><a href=\"mailto:forray.ferenc@ubbcluj.ro\" data-type=\"mailto\">E-mail<\/a><\/p>\n\n\n\n<p class=\"has-small-font-size\">CV<\/p>\n\n\n\n<p class=\"has-small-font-size\">Publications<\/p>\n\n\n\n<p class=\"has-small-font-size\"><a rel=\"noreferrer noopener\" href=\"https:\/\/biogeo.ubbcluj.ro\/gta\/wp-content\/uploads\/2021\/10\/Forray_Ferenc_Profile.docx\" data-type=\"URL\" data-id=\"https:\/\/biogeo.ubbcluj.ro\/gta\/wp-content\/uploads\/2021\/10\/Forray_Ferenc_Profile.docx\" target=\"_blank\">Scientific profile &#8211; Research topics<\/a><\/p>\n\n\n\n<p class=\"has-small-font-size\">Habilitation standards<\/p>\n<\/div>\n\n\n\n<hr class=\"wp-block-separator has-css-opacity is-style-wide\"\/>\n\n\n\n<p class=\"has-medium-font-size\"><strong>Conf. dr. <em>habil<\/em>. C\u0103lin Gabriel T\u0102MA\u0218<\/strong><\/p>\n\n\n<div class=\"wp-block-image\">\n<figure class=\"alignleft\"><img decoding=\"async\" src=\"https:\/\/biogeo.ubbcluj.ro\/gta\/wp-content\/uploads\/TamasC.jpg\" alt=\"tamasc\" class=\"wp-image-175\"\/><\/figure><\/div>\n\n\n<div class=\"wp-block-group is-vertical is-layout-flex wp-container-core-group-is-layout-8cf370e7 wp-block-group-is-layout-flex\">\n<p>Babe\u015f-Bolyai University, Department of Geology<\/p>\n\n\n\n<p class=\"has-small-font-size\">Str. M. Kog\u0103lniceanu nr. 1, 400084 Cluj-Napoca, Romania<\/p>\n\n\n\n<p class=\"has-small-font-size\"><a rel=\"noreferrer noopener\" href=\"mailto:calin.tamas@ubbcluj.ro\" target=\"_blank\">E-mail<\/a><\/p>\n\n\n\n<p class=\"has-small-font-size\">CV<\/p>\n\n\n\n<p class=\"has-small-font-size\">Publications<\/p>\n\n\n\n<p class=\"has-small-font-size\"><a href=\"https:\/\/biogeo.ubbcluj.ro\/gta\/wp-content\/uploads\/2021\/10\/Tamas_Profil-stiintific.docx\" data-type=\"URL\" data-id=\"https:\/\/biogeo.ubbcluj.ro\/gta\/wp-content\/uploads\/2021\/10\/Tamas_Profil-stiintific.docx\">Scientific profil &#8211;  Research topics<\/a><\/p>\n\n\n\n<p class=\"has-small-font-size\">Habilitation standards<\/p>\n<\/div>\n\n\n\n<hr class=\"wp-block-separator has-css-opacity aligncenter is-style-wide\"\/>\n\n\n\n<p class=\"has-medium-font-size\"><strong>Lecturer dr. <em>habil<\/em>. Dan-Mircea T\u0102MA\u0218<\/strong><\/p>\n\n\n\n<div class=\"wp-block-group is-vertical is-layout-flex wp-container-core-group-is-layout-8cf370e7 wp-block-group-is-layout-flex\">\n<div class=\"wp-block-group is-vertical is-layout-flex wp-container-core-group-is-layout-8cf370e7 wp-block-group-is-layout-flex\">\n<p style=\"font-size:18px\">Babe\u015f-Bolyai University, Department of Geology and Center for Integrated Geological Studies<\/p>\n\n\n\n<p class=\"has-small-font-size\">Str. M. Kog\u0103lniceanu nr. 1, 400084 Cluj-Napoca, Romania<\/p>\n\n\n\n<p class=\"has-small-font-size\"><a rel=\"noreferrer noopener\" href=\"mailto:calin.tamas@ubbcluj.ro\" target=\"_blank\">E-mail<\/a><\/p>\n\n\n\n<p class=\"has-small-font-size\"><a href=\"https:\/\/biogeo.ubbcluj.ro\/gta\/wp-content\/uploads\/2026\/04\/TamasDM-Profil-stiintific.pdf\" data-type=\"attachment\" data-id=\"3293\">Scientific profile &#8211; Research topics<\/a><\/p>\n\n\n\n<p class=\"has-small-font-size\"><a href=\"https:\/\/biogeo.ubbcluj.ro\/gta\/wp-content\/uploads\/2026\/04\/TamasDM-CV.pdf\" data-type=\"attachment\" data-id=\"3290\">CV<\/a><\/p>\n\n\n\n<p class=\"has-small-font-size\"><a href=\"https:\/\/biogeo.ubbcluj.ro\/gta\/wp-content\/uploads\/2026\/04\/TamasDM-Lista-lucrari.pdf\" data-type=\"attachment\" data-id=\"3292\">Publications<\/a> \u2013\u00a0<a href=\"https:\/\/scholar.google.ca\/citations?hl=en&amp;user=Rgu6m70AAAAJ\">Google scholar<\/a><\/p>\n\n\n\n<p class=\"has-small-font-size\"><a href=\"https:\/\/biogeo.ubbcluj.ro\/gta\/wp-content\/uploads\/2026\/04\/TamasDM-Fisa-verificare-standarde-SDGTA.pdf\" data-type=\"attachment\" data-id=\"3291\">Habilitation standards<\/a><\/p>\n<\/div>\n\n\n\n<hr class=\"wp-block-separator has-css-opacity aligncenter is-style-wide\"\/>\n<\/div>\n\n\n\n<hr class=\"wp-block-separator has-alpha-channel-opacity is-style-wide\"\/>\n\n\n\n<h3 class=\"wp-block-heading has-text-align-center has-black-color has-white-background-color has-text-color has-background\" style=\"font-size:26px\"><strong>Associate PhD supervisors<\/strong><\/h3>\n\n\n\n<hr class=\"wp-block-separator has-css-opacity is-style-wide\"\/>\n\n\n<div class=\"wp-block-image\">\n<figure class=\"alignleft\"><img decoding=\"async\" src=\"https:\/\/biogeo.ubbcluj.ro\/gta\/wp-content\/uploads\/Bucur.jpg\" alt=\"bucur\" class=\"wp-image-166\"\/><\/figure><\/div>\n\n\n<div class=\"wp-block-group is-vertical is-layout-flex wp-container-core-group-is-layout-8cf370e7 wp-block-group-is-layout-flex\">\n<p class=\"has-medium-font-size\"><strong>Acad. Prof. Dr. Ioan I. BUCUR<\/strong> <\/p>\n\n\n\n<p>Babe\u015f-Bolyai University, Department of Geology and Center for Integrated Geological Studies<\/p>\n\n\n\n<p class=\"has-small-font-size\">Str. M. Kog\u0103lniceanu nr. 1, 400084 Cluj-Napoca, Romania<\/p>\n\n\n\n<p class=\"has-small-font-size\"><a rel=\"noreferrer noopener\" href=\"http:\/\/E-mail:\" target=\"_blank\">E-mail <\/a>  Tel.(phone) 0264-405371<\/p>\n\n\n\n<p class=\"has-small-font-size\"><a href=\"https:\/\/biogeo.ubbcluj.ro\/gta\/wp-content\/uploads\/2021\/10\/Bucur_Profil-stiintific-1.docx\" data-type=\"URL\" data-id=\"https:\/\/biogeo.ubbcluj.ro\/gta\/wp-content\/uploads\/2021\/10\/Bucur_Profil-stiintific-1.docx\" target=\"_blank\" rel=\"noreferrer noopener\">Scientific profile &#8211;<mark style=\"background-color:rgba(0, 0, 0, 0)\" class=\"has-inline-color has-pale-cyan-blue-color\"> <\/mark><mark style=\"background-color:rgba(0, 0, 0, 0)\" class=\"has-inline-color has-vivid-cyan-blue-color\">Research topics<\/mark><\/a><\/p>\n<\/div>\n\n\n\n<hr class=\"wp-block-separator has-css-opacity is-style-wide\"\/>\n\n\n<div class=\"wp-block-image\">\n<figure class=\"alignleft\"><img decoding=\"async\" src=\"https:\/\/biogeo.ubbcluj.ro\/gta\/wp-content\/uploads\/sites\/12\/2017\/07\/Codrea-11.jpg\" alt=\"codrea\" class=\"wp-image-79\"\/><\/figure><\/div>\n\n\n<p class=\"has-medium-font-size\"><strong>Prof. Dr. Vlad CODREA<\/strong><\/p>\n\n\n\n<div class=\"wp-block-group is-vertical is-layout-flex wp-container-core-group-is-layout-8cf370e7 wp-block-group-is-layout-flex\">\n<p>Babe\u015f-Bolyai University, Department of Geology<\/p>\n\n\n\n<p class=\"has-small-font-size\">Str. M. Kog\u0103lniceanu nr. 1, 400084 Cluj-Napoca, Romania<\/p>\n\n\n\n<p class=\"has-small-font-size\"><a href=\"mailto:vlad.codrea@ubbcluj.ro\" data-type=\"mailto\" target=\"_blank\" rel=\"noreferrer noopener\">E-mail<\/a><\/p>\n\n\n\n<p class=\"has-small-font-size\"><a href=\"https:\/\/biogeo.ubbcluj.ro\/gta\/wp-content\/uploads\/2021\/10\/Codrea-Vlad-profil-stiintiific.docx\" data-type=\"URL\" data-id=\"https:\/\/biogeo.ubbcluj.ro\/gta\/wp-content\/uploads\/2021\/10\/Codrea-Vlad-profil-stiintiific.docx\" target=\"_blank\" rel=\"noreferrer noopener\">Scientific profil &#8211; Research topics<\/a><\/p>\n<\/div>\n\n\n\n<hr class=\"wp-block-separator has-css-opacity is-style-wide\"\/>\n\n\n<div class=\"wp-block-image\">\n<figure class=\"alignleft\"><img decoding=\"async\" src=\"https:\/\/biogeo.ubbcluj.ro\/gta\/wp-content\/uploads\/Filipescu.jpg\" alt=\"filipescu\" class=\"wp-image-167\"\/><\/figure><\/div>\n\n\n<div class=\"wp-block-group is-vertical is-layout-flex wp-container-core-group-is-layout-8cf370e7 wp-block-group-is-layout-flex\">\n<p><strong>Prof. Dr. Sorin FILIPESCU<\/strong><\/p>\n\n\n\n<p>Babe\u015f-Bolyai University, Department of Geology and Center for Integrated Geological Studies<\/p>\n\n\n\n<p class=\"has-small-font-size\">Str. M. Kog\u0103lniceanu nr. 1, 400084 Cluj-Napoca, Romania<\/p>\n\n\n\n<p class=\"has-small-font-size\"><a rel=\"noreferrer noopener\" href=\"mailto:sorin.filipescu@ubbcluj.ro\" data-type=\"mailto\" data-id=\"mailto:sorin.filipescu@ubbcluj.ro\" target=\"_blank\">E-mail<\/a> &#8211; <a rel=\"noreferrer noopener\" href=\"https:\/\/biogeo.ubbcluj.ro\/gta\/?page_id=140\" target=\"_blank\">web<\/a><\/p>\n\n\n\n<p class=\"has-small-font-size\"><mark style=\"background-color:rgba(0, 0, 0, 0)\" class=\"has-inline-color has-vivid-purple-color\"><a rel=\"noreferrer noopener\" href=\"https:\/\/biogeo.ubbcluj.ro\/gta\/wp-content\/uploads\/2021\/10\/Filipescu-Sorin_Profilul-s\u0326tiint\u0327ific-3.docx\" data-type=\"URL\" data-id=\"https:\/\/biogeo.ubbcluj.ro\/gta\/wp-content\/uploads\/2021\/10\/Filipescu-Sorin_Profilul-s\u0326tiint\u0327ific-3.docx\" target=\"_blank\">Scientific profile &#8211; <\/a><\/mark><mark style=\"background-color:rgba(0, 0, 0, 0)\" class=\"has-inline-color has-vivid-purple-color\"><a rel=\"noreferrer noopener\" href=\"https:\/\/biogeo.ubbcluj.ro\/gta\/wp-content\/uploads\/2021\/10\/Filipescu-Sorin_Profilul-s\u0326tiint\u0327ific-3.docx\" data-type=\"URL\" data-id=\"https:\/\/biogeo.ubbcluj.ro\/gta\/wp-content\/uploads\/2021\/10\/Filipescu-Sorin_Profilul-s\u0326tiint\u0327ific-3.docx\" target=\"_blank\">Research topics<\/a><\/mark><\/p>\n<\/div>\n\n\n\n<hr class=\"wp-block-separator has-css-opacity is-style-wide\"\/>\n\n\n\n<p class=\"has-text-align-center has-medium-font-size\"><strong>Associate Professors<\/strong><\/p>\n\n\n\n<hr class=\"wp-block-separator has-css-opacity is-style-wide\"\/>\n\n\n\n<p><strong>Prof. dr. Bogdan P. ONAC<\/strong> &#8211; School of Geosciences, University of South Florida, USA<\/p>\n\n\n\n<p><mark style=\"background-color:rgba(0, 0, 0, 0)\" class=\"has-inline-color has-vivid-red-color\">RO:<\/mark> <a rel=\"noreferrer noopener\" href=\"https:\/\/biogeo.ubbcluj.ro\/gta\/wp-content\/uploads\/2021\/10\/Onac-Bogdan_profil-stiintiific.docx\" data-type=\"URL\" target=\"_blank\">Profilul \u0219tiin\u021bific\/ <mark style=\"background-color:rgba(0, 0, 0, 0)\" class=\"has-inline-color has-vivid-red-color\">EN: <\/mark>Scientific profil &#8211; <mark style=\"background-color:rgba(0, 0, 0, 0)\" class=\"has-inline-color has-vivid-red-color\">RO: <\/mark>Teme de cercetare\/ <mark style=\"background-color:rgba(0, 0, 0, 0)\" class=\"has-inline-color has-vivid-red-color\">EN:<\/mark> Research topics<\/a><img decoding=\"async\" class=\"wp-image-320\" style=\"width: NaNpx;\" src=\"https:\/\/biogeo.ubbcluj.ro\/gta\/wp-content\/uploads\/2021\/10\/Onac-Bogdan_profil-stiintiific.docx\" alt=\"\"><\/p>\n\n\n\n<hr class=\"wp-block-separator has-css-opacity is-style-wide\"\/>\n\n\n\n<p><\/p>\n","protected":false},"excerpt":{"rendered":"<p>Doctoral supervisors Prof. dr.&nbsp;habil.&nbsp;Ioan TAN\u021a\u0102U&nbsp;(Director) Babe\u015f-Bolyai University, Department of Geology and Center for Integrated Geological Studies Str. M. Kog\u0103lniceanu nr. 1, 400084 Cluj-Napoca, Romania E-mail:&nbsp;ioan.tantau@ubbcluj.ro CV Publications\u00a0\u2013\u00a0Google scholar Scientific profile &#8211; Research topics Habilitation standards Conf. dr. habil. Ferenc FORRAY Babe\u015f-Bolyai University, Department of Geology Str. M. Kog\u0103lniceanu nr. 1,&hellip;<\/p>\n","protected":false},"author":1,"featured_media":0,"parent":0,"menu_order":0,"comment_status":"closed","ping_status":"closed","template":"fullwidth-template.php","meta":{"footnotes":""},"class_list":["post-961","page","type-page","status-publish","hentry"],"_links":{"self":[{"href":"https:\/\/biogeo.ubbcluj.ro\/gta\/index.php?rest_route=\/wp\/v2\/pages\/961","targetHints":{"allow":["GET"]}}],"collection":[{"href":"https:\/\/biogeo.ubbcluj.ro\/gta\/index.php?rest_route=\/wp\/v2\/pages"}],"about":[{"href":"https:\/\/biogeo.ubbcluj.ro\/gta\/index.php?rest_route=\/wp\/v2\/types\/page"}],"author":[{"embeddable":true,"href":"https:\/\/biogeo.ubbcluj.ro\/gta\/index.php?rest_route=\/wp\/v2\/users\/1"}],"replies":[{"embeddable":true,"href":"https:\/\/biogeo.ubbcluj.ro\/gta\/index.php?rest_route=%2Fwp%2Fv2%2Fcomments&post=961"}],"version-history":[{"count":25,"href":"https:\/\/biogeo.ubbcluj.ro\/gta\/index.php?rest_route=\/wp\/v2\/pages\/961\/revisions"}],"predecessor-version":[{"id":3312,"href":"https:\/\/biogeo.ubbcluj.ro\/gta\/index.php?rest_route=\/wp\/v2\/pages\/961\/revisions\/3312"}],"wp:attachment":[{"href":"https:\/\/biogeo.ubbcluj.ro\/gta\/index.php?rest_route=%2Fwp%2Fv2%2Fmedia&parent=961"}],"curies":[{"name":"wp","href":"https:\/\/api.w.org\/{rel}","templated":true}]}}