{"id":954,"date":"2023-05-24T07:33:47","date_gmt":"2023-05-24T07:33:47","guid":{"rendered":"https:\/\/biogeo.ubbcluj.ro\/gta\/?page_id=954"},"modified":"2023-05-25T17:30:01","modified_gmt":"2023-05-25T17:30:01","slug":"public-presentation-of-the-phd-thesis","status":"publish","type":"page","link":"https:\/\/biogeo.ubbcluj.ro\/gta\/?page_id=954&lang=en","title":{"rendered":"Public presentation of the PhD thesis"},"content":{"rendered":"\n<p><strong>WRITING THE THESIS AND COMPLETION OF DOCTORAL STUDIES<\/strong><\/p>\n\n\n\n<p>\u00cen redactarea tezei, studentul-doctorand trebuie s\u0103 respecte structura decis\u0103 \u00eempreun\u0103 cu conduc\u0103torul de doctorat precum \u015fi regulile de redactare prev\u0103zute \u00een \u201e<em><strong>Ghidul de redactare a tezei de doctorat<\/strong><\/em>\u201d, elaborat de \u0218DGTA \u00een&nbsp;<em><strong><a href=\"https:\/\/biogeo.ubbcluj.ro\/gta\/wp-content\/uploads\/2023\/03\/Anexa-2-Regulament-SD-Geologie.pdf\" target=\"_blank\" rel=\"noreferrer noopener\">Anexa 2<\/a><\/strong><\/em>&nbsp;a&nbsp;<a rel=\"noreferrer noopener\" href=\"https:\/\/biogeo.ubbcluj.ro\/gta\/wp-content\/uploads\/2021\/10\/Regulament-SD-Geologie_aprobat-CSUD.pdf\" target=\"_blank\">Regulamentului \u0218colii doctorale de Geologie<\/a><img decoding=\"async\" src=\"https:\/\/biogeo.ubbcluj.ro\/gta\/wp-content\/uploads\/2021\/10\/Regulament-SD-Geologie_aprobat-CSUD.pdf\" alt=\"\">.<\/p>\n\n\n\n<p>Studentul-doctorand care a \u00eencheiat redactarea tezei declan\u015feaz\u0103 procedura de sus\u021binere \u0219i ob\u021binere a titlului de doctor. Informa\u021biile privind preg\u0103tirea \u0219i sus\u021binerea public\u0103 a tezei de doctorat se g\u0103sesc pe site-ul ISD:&nbsp;<a href=\"https:\/\/doctorat.ubbcluj.ro\/ro\/pregatirea-si-desfasurarea-sustinerii-publice-a-tezei-de-doctoratin-conformitate-cu-codul-studiilor-universitare-de-doctorat\/\">https:\/\/doctorat.ubbcluj.ro\/ro\/pregatirea-si-desfasurarea-sustinerii-publice-a-tezei-de-doctoratin-conformitate-cu-codul-studiilor-universitare-de-doctorat\/<\/a><\/p>\n\n\n\n<p>Standardele na\u0163ionale minimale pentru acordarea titlului de doctor pentru doctoranzii inmatriculati incepand cu anul 2018 pentru COMISIA DE \u015eTIIN\u0162ELE P\u0102M\u00c2NTULUI, domeniul GEOLOGIE (Anexa 5)&nbsp;<a href=\"https:\/\/biogeo.ubbcluj.ro\/gta\/wp-content\/uploads\/2022\/12\/OMEN-5110-2018.pdf\">https:\/\/biogeo.ubbcluj.ro\/gta\/wp-content\/uploads\/2022\/12\/OMEN-5110-2018.pdf<\/a><\/p>\n\n\n\n<figure class=\"wp-block-image is-style-rounded\"><img decoding=\"async\" src=\"blob:https:\/\/outlook.office.com\/11649bd3-5233-4313-b876-e1066a3b8e98\" alt=\"\"\/><\/figure>\n\n\n\n<p><strong>New!!!\u00a0<\/strong><a href=\"http:\/\/biogeo.ubbcluj.ro\/gta\/wp-content\/uploads\/2023\/02\/2023_Metodologia-de-verificare-a-similitudinilor_aprobata.pdf\" data-type=\"URL\" data-id=\"biogeo.ubbcluj.ro\/gta\/wp-content\/uploads\/2023\/02\/2023_Metodologia-de-verificare-a-similitudinilor_aprobata.pdf\">Methodology for checking the similarity of doctoral theses<\/a><strong> defended within the SDGTA<\/strong><\/p>\n\n\n\n<p><a href=\"https:\/\/doctorat.ubbcluj.ro\/ro\/formulare\/\"><strong>Forms<\/strong><\/a><\/p>\n\n\n\n<hr class=\"wp-block-separator has-alpha-channel-opacity\"\/>\n\n\n\n<hr class=\"wp-block-separator has-alpha-channel-opacity\"\/>\n\n\n\n<h3 class=\"wp-block-heading\"><strong>Sus\u021binerea tezei \u00een regim online:<\/strong><\/h3>\n\n\n\n<p>\u00cen starea de urgen\u021b\u0103 \u0219i inclusiv \u00een perioada suspend\u0103rii activit\u0103\u021bilor didactice fa\u021b\u0103-n fa\u021b\u0103 sus\u021binerile publice ale tezelor de doctorat se pot face \u00een regim online \u00een conformitate cu&nbsp;<a href=\"https:\/\/senat.ubbcluj.ro\/wp-content\/uploads\/2020\/04\/Hotarare-5939_Regulament-studii-doctorat.pdf\">Hot\u0103r\u00e2rea Senatului UBB num\u0103rul 5939 din 16 aprilie<\/a>&nbsp;\u0219i procedura de sus\u021binere online descris\u0103&nbsp;<a href=\"https:\/\/doctorat.ubbcluj.ro\/wp-content\/uploads\/2020\/04\/Anexa-3-la-Regulamentul-de-organizare-%C8%99i-desf%C4%83%C8%99urare-a-studiilor-de-doctorat_final.pdf\">aici<\/a>.<\/p>\n\n\n\n<hr class=\"wp-block-separator has-alpha-channel-opacity\"\/>\n\n\n\n<p><strong>Sus\u021binerea tezei de doctorat c\u00e2nd sunt permise activit\u0103\u021bi didactice fa\u021b\u0103-n fa\u021b\u0103:<\/strong><\/p>\n\n\n\n<p>Aceast\u0103 procedur\u0103 \u021bine seama de modific\u0103rile aduse&nbsp;<em>Codului studiilor universitare de doctorat<\/em>&nbsp;prin&nbsp;<a rel=\"noreferrer noopener\" href=\"http:\/\/doctorat.ubbcluj.ro\/documente\/hotarari_ale_guvernului\/HGR134-2016ModificareCompletareCodDoctorat.pdf\" target=\"_blank\">Hot\u0103r\u00e2rea Guvernului Rom\u00e2niei nr. 134\/2016<\/a>&nbsp;\u0219i de&nbsp;<a rel=\"noreferrer noopener\" href=\"http:\/\/doctorat.ubbcluj.ro\/documente\/ordine_ale_ministerului_educatiei\/AnexaLaOMENCS3482-2016_ROF.pdf\" target=\"_blank\">Regulamentul de organizare \u0219i func\u021bionare al CNATDCU<\/a>&nbsp;aprobat prin&nbsp;<a rel=\"noreferrer noopener\" href=\"http:\/\/doctorat.ubbcluj.ro\/documente\/ordine_ale_ministerului_educatiei\/OMENCS3482-2016_RegOrganizareFunctionareCNATDCU.pdf\" target=\"_blank\">ordin de ministru nr. 3482 din 24.03.2016<\/a>.<\/p>\n","protected":false},"excerpt":{"rendered":"<p>WRITING THE THESIS AND COMPLETION OF DOCTORAL STUDIES \u00cen redactarea tezei, studentul-doctorand trebuie s\u0103 respecte structura decis\u0103 \u00eempreun\u0103 cu conduc\u0103torul de doctorat precum \u015fi regulile de redactare prev\u0103zute \u00een \u201eGhidul de redactare a tezei de doctorat\u201d, elaborat de \u0218DGTA \u00een&nbsp;Anexa 2&nbsp;a&nbsp;Regulamentului \u0218colii doctorale de Geologie. Studentul-doctorand care a \u00eencheiat redactarea&hellip;<\/p>\n","protected":false},"author":1,"featured_media":0,"parent":0,"menu_order":0,"comment_status":"closed","ping_status":"closed","template":"fullwidth-template.php","meta":{"footnotes":""},"class_list":["post-954","page","type-page","status-publish","hentry"],"_links":{"self":[{"href":"https:\/\/biogeo.ubbcluj.ro\/gta\/index.php?rest_route=\/wp\/v2\/pages\/954","targetHints":{"allow":["GET"]}}],"collection":[{"href":"https:\/\/biogeo.ubbcluj.ro\/gta\/index.php?rest_route=\/wp\/v2\/pages"}],"about":[{"href":"https:\/\/biogeo.ubbcluj.ro\/gta\/index.php?rest_route=\/wp\/v2\/types\/page"}],"author":[{"embeddable":true,"href":"https:\/\/biogeo.ubbcluj.ro\/gta\/index.php?rest_route=\/wp\/v2\/users\/1"}],"replies":[{"embeddable":true,"href":"https:\/\/biogeo.ubbcluj.ro\/gta\/index.php?rest_route=%2Fwp%2Fv2%2Fcomments&post=954"}],"version-history":[{"count":10,"href":"https:\/\/biogeo.ubbcluj.ro\/gta\/index.php?rest_route=\/wp\/v2\/pages\/954\/revisions"}],"predecessor-version":[{"id":1113,"href":"https:\/\/biogeo.ubbcluj.ro\/gta\/index.php?rest_route=\/wp\/v2\/pages\/954\/revisions\/1113"}],"wp:attachment":[{"href":"https:\/\/biogeo.ubbcluj.ro\/gta\/index.php?rest_route=%2Fwp%2Fv2%2Fmedia&parent=954"}],"curies":[{"name":"wp","href":"https:\/\/api.w.org\/{rel}","templated":true}]}}