{"id":947,"date":"2023-05-24T07:29:01","date_gmt":"2023-05-24T07:29:01","guid":{"rendered":"https:\/\/biogeo.ubbcluj.ro\/gta\/?page_id=947"},"modified":"2026-02-09T15:25:20","modified_gmt":"2026-02-09T15:25:20","slug":"home","status":"publish","type":"page","link":"https:\/\/biogeo.ubbcluj.ro\/gta\/?page_id=947&lang=en","title":{"rendered":"Home"},"content":{"rendered":"\n<div class=\"wp-block-nextend-smartslider3\"><\/div>\n\n\n<div class=\"wp-block-columns\">\u00a0<\/div>\n\n\n<div class=\"wp-block-column is-layout-flow wp-block-column-is-layout-flow\" style=\"flex-basis:100%\">\n<div class=\"wp-block-columns are-vertically-aligned-top is-layout-flex wp-container-core-columns-is-layout-9d6595d7 wp-block-columns-is-layout-flex\">\n<div class=\"wp-block-column is-vertically-aligned-top is-layout-flow wp-block-column-is-layout-flow\">\n<h3 class=\"wp-block-heading has-text-align-center has-vivid-red-color has-text-color has-medium-font-size\"><strong>News<\/strong><\/h3>\n\n\n\n<hr class=\"wp-block-separator has-css-opacity is-style-wide\"\/>\n\n\n\n<p class=\"has-text-align-center has-vivid-red-color has-pale-cyan-blue-background-color has-text-color has-background has-link-color has-medium-font-size wp-elements-f8cf97be1903b5820811aa977583b167\"><a href=\"https:\/\/biogeo.ubbcluj.ro\/gta\/?page_id=952&amp;lang=en\" data-type=\"URL\" data-id=\"https:\/\/biogeo.ubbcluj.ro\/gta\/?page_id=952&amp;lang=en\"><strong>PhD admission 2026<\/strong><\/a><\/p>\n\n\n\n<hr class=\"wp-block-separator has-text-color has-cyan-bluish-gray-color has-alpha-channel-opacity has-cyan-bluish-gray-background-color has-background is-style-wide\"\/>\n\n\n\n<p class=\"has-text-align-center has-vivid-cyan-blue-color has-white-background-color has-text-color has-background has-link-color has-medium-font-size wp-elements-97c2307bec7e3bc8148cdae0def3fc0a\"><strong><mark style=\"background-color:rgba(0, 0, 0, 0)\" class=\"has-inline-color has-vivid-red-color\"><a href=\"https:\/\/biogeo.ubbcluj.ro\/gta\/?page_id=2959\" data-type=\"page\" data-id=\"2959\">Habilitation <\/a><\/mark><\/strong><\/p>\n\n\n\n<hr class=\"wp-block-separator has-css-opacity is-style-wide\"\/>\n\n\n\n<div class=\"wp-block-group is-vertical is-layout-flex wp-container-core-group-is-layout-8cf370e7 wp-block-group-is-layout-flex\">\n<div class=\"wp-block-group is-vertical is-layout-flex wp-container-core-group-is-layout-8cf370e7 wp-block-group-is-layout-flex\">\n<p class=\"has-text-align-center has-white-background-color has-background\" style=\"font-size:17px\"><a href=\"https:\/\/biogeo.ubbcluj.ro\/gta\/?page_id=952&amp;lang=en\" data-type=\"URL\" data-id=\"https:\/\/biogeo.ubbcluj.ro\/gta\/?page_id=952&amp;lang=en\"><strong>PhD admission 2025<\/strong><\/a><\/p>\n\n\n\n<p class=\"has-text-align-center has-white-background-color has-background\" style=\"font-size:16px\"><a href=\"https:\/\/biogeo.ubbcluj.ro\/gta\/?page_id=952&amp;lang=en\" data-type=\"URL\" data-id=\"https:\/\/biogeo.ubbcluj.ro\/gta\/?page_id=952&amp;lang=en\">PhD admission 2024<\/a><\/p>\n\n\n\n<h2 class=\"wp-block-heading has-text-align-center has-vivid-green-cyan-color has-white-background-color has-text-color has-background\" style=\"font-size:15px\"><a href=\"https:\/\/biogeo.ubbcluj.ro\/gta\/?page_id=952&amp;lang=en\" data-type=\"URL\" data-id=\"https:\/\/biogeo.ubbcluj.ro\/gta\/?page_id=952&amp;lang=en\">PhD admission 2023<\/a><\/h2>\n<\/div>\n<\/div>\n\n\n\n<hr class=\"wp-block-separator has-css-opacity is-style-wide\"\/>\n\n\n\n<p class=\"has-text-align-left\"><\/p>\n\n\n\n<p class=\"has-black-color has-text-color\"><\/p>\n\n\n\n<p><a href=\"https:\/\/sgroup-unis.eu\/project\/sgroup-phd-cup\" data-type=\"URL\" data-id=\"https:\/\/sgroup-unis.eu\/project\/sgroup-phd-cup\" target=\"_blank\" rel=\"noreferrer noopener\"><strong>SGroup Universities in Europe &#8211; PhD Cup<\/strong> <strong>&#8220;Training and competition in Science Communication&#8221;&nbsp;<\/strong><\/a><\/p>\n\n\n\n<hr class=\"wp-block-separator has-css-opacity is-style-wide\"\/>\n\n\n\n<p class=\"has-vivid-red-color has-text-color\"><strong><a href=\"https:\/\/biogeo.ubbcluj.ro\/gta\/?page_id=39\" data-type=\"URL\" data-id=\"https:\/\/biogeo.ubbcluj.ro\/gta\/?page_id=39\">Postdoctoral program<\/a><\/strong><\/p>\n\n\n\n<hr class=\"wp-block-separator has-css-opacity is-style-wide\"\/>\n\n\n\n<p style=\"font-size:14px\"><a rel=\"noreferrer noopener\" href=\"https:\/\/biogeo.ubbcluj.ro\/gta\/wp-content\/uploads\/2022\/06\/OPORTUNITATE-DE-BURSE-PENTRU-CERCETARE-APLICATIVA-.pdf\" data-type=\"URL\" data-id=\"https:\/\/biogeo.ubbcluj.ro\/gta\/wp-content\/uploads\/2022\/06\/OPORTUNITATE-DE-BURSE-PENTRU-CERCETARE-APLICATIVA-.pdf\" target=\"_blank\"><mark style=\"background-color:rgba(0, 0, 0, 0)\" class=\"has-inline-color has-vivid-cyan-blue-color\"><strong>FELLOWSHIP OPPORTUNITY FOR APPLIED RESEARCH &#8211; CALL FOR PHD STUDENTS AND POSTDOCTORAL RESEARCHERS <\/strong><\/mark>https:\/\/biogeo.ubbcluj.ro\/gta\/wp-content\/uploads\/2022\/06\/OPORTUNITATE-DE-BURSE-PENTRU-CERCETARE-APLICATIVA-.pdf<\/a><\/p>\n\n\n\n<p><\/p>\n\n\n\n<hr class=\"wp-block-separator has-css-opacity is-style-wide\"\/>\n\n\n\n<p style=\"font-size:14px\">METHODOLOGY FOR THE SELECTION OF DOCTORAL AND POST-DOCTORAL STUDENTS IN THE PROJECT\/993\/6\/13\/153310 \u201eDezvoltarea competen\u021belor de cercetare avansat\u0103 \u015fi aplicat\u0103 \u00een logica STEAM + Health\u201d<a href=\"https:\/\/biogeo.ubbcluj.ro\/gta\/wp-content\/uploads\/2022\/06\/0_Metodologie-selectie_GT.pdf\" data-type=\"URL\" data-id=\"https:\/\/biogeo.ubbcluj.ro\/gta\/wp-content\/uploads\/2022\/06\/0_Metodologie-selectie_GT.pdf\"> &#8211;<\/a><a rel=\"noreferrer noopener\" href=\"https:\/\/biogeo.ubbcluj.ro\/gta\/wp-content\/uploads\/2022\/06\/0_Metodologie-selectie_GT.pdf\" data-type=\"URL\" data-id=\"https:\/\/biogeo.ubbcluj.ro\/gta\/wp-content\/uploads\/2022\/06\/0_Metodologie-selectie_GT.pdf\" target=\"_blank\">https:\/\/biogeo.ubbcluj.ro\/gta\/wp-content\/uploads\/2022\/06\/0_Metodologie-selectie_GT.pdf<\/a><\/p>\n\n\n\n<hr class=\"wp-block-separator has-css-opacity is-style-wide\"\/>\n\n\n\n<p><strong><span class=\"has-inline-color has-vivid-cyan-blue-color\">Regulament privind utilizarea fondului de cercetare din granturile doctorale_2021: <\/span><\/strong><a href=\"https:\/\/biogeo.ubbcluj.ro\/gta\/wp-content\/uploads\/2021\/07\/Procedura-Utilizarea-Fondului-pentru-Cercetare-din-Granturile-Doctorale.pdf\" data-type=\"URL\" data-id=\"https:\/\/biogeo.ubbcluj.ro\/gta\/wp-content\/uploads\/2021\/07\/Procedura-Utilizarea-Fondului-pentru-Cercetare-din-Granturile-Doctorale.pdf\">https:\/\/biogeo.ubbcluj.ro\/gta\/wp-content\/uploads\/2021\/07\/Procedura-Utilizarea-Fondului-pentru-Cercetare-din-Granturile-Doctorale.pdf<\/a><\/p>\n\n\n\n<hr class=\"wp-block-separator has-css-opacity is-style-wide\"\/>\n\n\n\n<p><strong><span class=\"has-inline-color has-vivid-cyan-blue-color\">Formular editabil_Referat de necesitate_2021<\/span><\/strong>: <a href=\"https:\/\/biogeo.ubbcluj.ro\/gta\/wp-content\/uploads\/2021\/07\/Anexa-4-Utilizare-FC-din-GD-1.doc\" data-type=\"URL\" data-id=\"https:\/\/biogeo.ubbcluj.ro\/gta\/wp-content\/uploads\/2021\/07\/Anexa-4-Utilizare-FC-din-GD-1.doc\">https:\/\/biogeo.ubbcluj.ro\/gta\/wp-content\/uploads\/2021\/07\/Anexa-4-Utilizare-FC-din-GD-1.doc<\/a><\/p>\n\n\n\n<hr class=\"wp-block-separator has-css-opacity is-style-wide\"\/>\n<\/div>\n\n\n\n<div class=\"wp-block-column is-vertically-aligned-top is-layout-flow wp-block-column-is-layout-flow\">\n<div class=\"wp-block-columns is-layout-flex wp-container-core-columns-is-layout-9d6595d7 wp-block-columns-is-layout-flex\">\n<div class=\"wp-block-column is-vertically-aligned-center is-layout-flow wp-block-column-is-layout-flow\" style=\"flex-basis:100%\">\n<div class=\"wp-block-group\"><div class=\"wp-block-group__inner-container is-layout-flow wp-block-group-is-layout-flow\">\n<div class=\"wp-block-group\"><div class=\"wp-block-group__inner-container is-layout-flow wp-block-group-is-layout-flow\">\n<div class=\"wp-block-group\"><div class=\"wp-block-group__inner-container is-layout-flow wp-block-group-is-layout-flow\">\n<h2 class=\"wp-block-heading has-text-align-center has-medium-font-size\"><mark style=\"background-color:rgba(0, 0, 0, 0)\" class=\"has-inline-color has-vivid-red-color\"><strong>Conferences, lectures,<\/strong><\/mark><\/h2>\n\n\n\n<h2 class=\"wp-block-heading has-text-align-center has-medium-font-size\"><mark style=\"background-color:rgba(0, 0, 0, 0)\" class=\"has-inline-color has-vivid-red-color\"><strong>seminars<\/strong><\/mark><\/h2>\n\n\n\n<hr class=\"wp-block-separator has-css-opacity is-style-wide\"\/>\n\n\n\n<p class=\"has-text-align-center has-vivid-green-cyan-color has-text-color\"><strong><a href=\"https:\/\/biogeo.ubbcluj.ro\/biota\/\" data-type=\"URL\" data-id=\"https:\/\/biogeo.ubbcluj.ro\/biota\/\">BIOTA 2026<\/a><\/strong><\/p>\n\n\n\n<p class=\"has-text-align-center has-small-font-size\">MAY 2026<\/p>\n\n\n\n<hr class=\"wp-block-separator has-css-opacity is-style-wide\"\/>\n\n\n\n<p class=\"has-text-align-center has-text-color\" style=\"color:#44d39e;font-size:14px\"><a rel=\"noreferrer noopener\" href=\"https:\/\/geo-paleontologica.org\/en\/forthcoming-events\/\" target=\"_blank\">The 15th Romanian Symposium of Palaeontolog<\/a><a href=\"https:\/\/geo-paleontologica.org\/en\/forthcoming-events\/\">y <\/a><\/p>\n\n\n\n<p class=\"has-text-align-center has-black-color has-text-color has-small-font-size\">Cluj-Napoca, September 10th-14th, 2025<\/p>\n<\/div><\/div>\n\n\n\n<hr class=\"wp-block-separator has-css-opacity is-style-wide\"\/>\n\n\n<div class=\"aligncenter wp-block-calendar\"><table id=\"wp-calendar\" class=\"wp-calendar-table\">\n\t<caption>April 2026<\/caption>\n\t<thead>\n\t<tr>\n\t\t<th scope=\"col\" aria-label=\"Monday\">M<\/th>\n\t\t<th scope=\"col\" aria-label=\"Tuesday\">T<\/th>\n\t\t<th scope=\"col\" aria-label=\"Wednesday\">W<\/th>\n\t\t<th scope=\"col\" aria-label=\"Thursday\">T<\/th>\n\t\t<th scope=\"col\" aria-label=\"Friday\">F<\/th>\n\t\t<th scope=\"col\" aria-label=\"Saturday\">S<\/th>\n\t\t<th scope=\"col\" aria-label=\"Sunday\">S<\/th>\n\t<\/tr>\n\t<\/thead>\n\t<tbody>\n\t<tr>\n\t\t<td colspan=\"2\" class=\"pad\">&nbsp;<\/td><td>1<\/td><td>2<\/td><td>3<\/td><td>4<\/td><td>5<\/td>\n\t<\/tr>\n\t<tr>\n\t\t<td>6<\/td><td>7<\/td><td>8<\/td><td>9<\/td><td>10<\/td><td>11<\/td><td>12<\/td>\n\t<\/tr>\n\t<tr>\n\t\t<td>13<\/td><td>14<\/td><td id=\"today\">15<\/td><td>16<\/td><td>17<\/td><td>18<\/td><td>19<\/td>\n\t<\/tr>\n\t<tr>\n\t\t<td>20<\/td><td>21<\/td><td>22<\/td><td>23<\/td><td>24<\/td><td>25<\/td><td>26<\/td>\n\t<\/tr>\n\t<tr>\n\t\t<td>27<\/td><td>28<\/td><td>29<\/td><td>30<\/td>\n\t\t<td class=\"pad\" colspan=\"3\">&nbsp;<\/td>\n\t<\/tr>\n\t<\/tbody>\n\t<\/table><nav aria-label=\"Previous and next months\" class=\"wp-calendar-nav\">\n\t\t<span class=\"wp-calendar-nav-prev\"><a href=\"https:\/\/biogeo.ubbcluj.ro\/gta\/?m=202104\">&laquo; Apr<\/a><\/span>\n\t\t<span class=\"pad\">&nbsp;<\/span>\n\t\t<span class=\"wp-calendar-nav-next\">&nbsp;<\/span>\n\t<\/nav><\/div><\/div><\/div>\n<\/div><\/div>\n<\/div>\n<\/div>\n\n\n\n<p><\/p>\n<\/div>\n\n\n\n<div class=\"wp-block-column is-vertically-aligned-top is-layout-flow wp-block-column-is-layout-flow\">\n<p class=\"has-text-align-center has-vivid-red-color has-text-color has-medium-font-size\"><strong>Public presentations of doctoral theses<\/strong><\/p>\n\n\n\n<hr class=\"wp-block-separator has-css-opacity is-style-wide\"\/>\n\n\n\n<div class=\"wp-block-group is-vertical is-layout-flex wp-container-core-group-is-layout-8cf370e7 wp-block-group-is-layout-flex\">\n<p class=\"has-text-align-center has-white-background-color has-background\" style=\"font-size:19px\"><strong><a href=\"https:\/\/doctorat.ubbcluj.ro\/eng\/the-organization-of-the-doctoral-studies\/\" data-type=\"URL\" data-id=\"https:\/\/doctorat.ubbcluj.ro\/eng\/the-organization-of-the-doctoral-studies\/\">The organization of the doctoral studies<\/a><\/strong><\/p>\n\n\n\n<hr class=\"wp-block-separator has-text-color has-cyan-bluish-gray-color has-alpha-channel-opacity has-cyan-bluish-gray-background-color has-background is-style-wide\"\/>\n<\/div>\n\n\n\n<p class=\"has-text-align-center\"><a href=\"https:\/\/doctorat.ubbcluj.ro\/eng\/the-organization-of-the-doctoral-studies\/\" data-type=\"URL\" data-id=\"https:\/\/doctorat.ubbcluj.ro\/eng\/the-organization-of-the-doctoral-studies\/\"><strong>The joint doctorate<\/strong><\/a><\/p>\n\n\n\n<hr class=\"wp-block-separator aligncenter has-text-color has-cyan-bluish-gray-color has-alpha-channel-opacity has-cyan-bluish-gray-background-color has-background is-style-wide\"\/>\n\n\n\n<p class=\"has-text-align-center has-medium-font-size\"><a href=\"https:\/\/doctorat.ubbcluj.ro\/eng\/doctoral-dissertation-defence\/\" data-type=\"URL\" data-id=\"https:\/\/doctorat.ubbcluj.ro\/eng\/doctoral-dissertation-defence\/\"><strong>Doctoral dissertation defence<\/strong><\/a><\/p>\n\n\n\n<hr class=\"wp-block-separator has-text-color has-cyan-bluish-gray-color has-alpha-channel-opacity has-cyan-bluish-gray-background-color has-background is-style-wide\"\/>\n\n\n\n<p class=\"has-text-align-center\" style=\"font-size:15px\"><a href=\"https:\/\/solicitari.doctorat.ubbcluj.ro\/\" data-type=\"URL\" data-id=\"https:\/\/solicitari.doctorat.ubbcluj.ro\/\">Appointment platform for support applications and other requests<\/a><\/p>\n\n\n\n<hr class=\"wp-block-separator has-css-opacity is-style-wide\"\/>\n\n\n\n<p class=\"has-text-align-center\" style=\"font-size:15px\"><a href=\"https:\/\/biogeo.ubbcluj.ro\/gta\/wp-content\/uploads\/2023\/02\/2023_Metodologia-de-verificare-a-similitudinilor_aprobata.pdf\" data-type=\"URL\" data-id=\"https:\/\/biogeo.ubbcluj.ro\/gta\/wp-content\/uploads\/2023\/02\/2023_Metodologia-de-verificare-a-similitudinilor_aprobata.pdf\">Methodology for checking similarities in doctoral theses defended within the SDGTA<\/a><\/p>\n\n\n\n<p class=\"has-text-align-center\"><em><a href=\"https:\/\/biogeo.ubbcluj.ro\/gta\/#:~:text=Tutorial%20utilizare%20Turnitin\">Tutorial on using Turnitin<\/a><\/em><\/p>\n\n\n\n<hr class=\"wp-block-separator has-css-opacity is-style-wide\"\/>\n\n\n\n<p class=\"has-text-align-center\"><strong><a href=\"https:\/\/biogeo.ubbcluj.ro\/gta\/wp-content\/uploads\/2023\/03\/Chestionar-satisfactie-studenti.pdf\" data-type=\"URL\" data-id=\"https:\/\/biogeo.ubbcluj.ro\/gta\/wp-content\/uploads\/2023\/03\/Chestionar-satisfactie-studenti.pdf\">Students satisfaction survey<\/a><\/strong><\/p>\n\n\n\n<hr class=\"wp-block-separator has-css-opacity is-style-wide\"\/>\n\n\n\n<p class=\"has-text-align-center\" style=\"font-size:16px\"><a href=\"https:\/\/biogeo.ubbcluj.ro\/gta\/?page_id=976&amp;lang=en\" target=\"_blank\" rel=\"noreferrer noopener\">Alumni<\/a><\/p>\n\n\n\n<hr class=\"wp-block-separator has-css-opacity\"\/>\n\n\n\n<p class=\"has-text-align-center\" style=\"font-size:16px\"><a rel=\"noreferrer noopener\" href=\"https:\/\/biogeo.ubbcluj.ro\/gta\/?page_id=978&amp;lang=en\" target=\"_blank\">Contact<\/a><\/p>\n\n\n\n<hr class=\"wp-block-separator has-css-opacity is-style-wide\"\/>\n\n\n\n<p class=\"has-text-align-center\" style=\"font-size:16px\"><a rel=\"noreferrer noopener\" href=\"https:\/\/doctorat.ubbcluj.ro\/ro\/formulare\/\" data-type=\"URL\" data-id=\"https:\/\/doctorat.ubbcluj.ro\/ro\/formulare\/\" target=\"_blank\">Forms <\/a><\/p>\n\n\n\n<hr class=\"wp-block-separator has-css-opacity is-style-wide\"\/>\n\n\n\n<p class=\"has-text-align-center\" style=\"font-size:16px\"><a href=\"https:\/\/biogeo.ubbcluj.ro\/gta\/?page_id=980&amp;lang=en\" target=\"_blank\" rel=\"noreferrer noopener\">Useful links<\/a><\/p>\n<\/div>\n<\/div>\n<\/div>\n","protected":false},"excerpt":{"rendered":"<p>\u00a0 News PhD admission 2026 Habilitation PhD admission 2025 PhD admission 2024 PhD admission 2023 SGroup Universities in Europe &#8211; PhD Cup &#8220;Training and competition in Science Communication&#8221;&nbsp; Postdoctoral program FELLOWSHIP OPPORTUNITY FOR APPLIED RESEARCH &#8211; CALL FOR PHD STUDENTS AND POSTDOCTORAL RESEARCHERS https:\/\/biogeo.ubbcluj.ro\/gta\/wp-content\/uploads\/2022\/06\/OPORTUNITATE-DE-BURSE-PENTRU-CERCETARE-APLICATIVA-.pdf METHODOLOGY FOR THE SELECTION OF DOCTORAL&hellip;<\/p>\n","protected":false},"author":1,"featured_media":0,"parent":0,"menu_order":0,"comment_status":"closed","ping_status":"closed","template":"fullwidth-template.php","meta":{"footnotes":""},"class_list":["post-947","page","type-page","status-publish","hentry"],"_links":{"self":[{"href":"https:\/\/biogeo.ubbcluj.ro\/gta\/index.php?rest_route=\/wp\/v2\/pages\/947","targetHints":{"allow":["GET"]}}],"collection":[{"href":"https:\/\/biogeo.ubbcluj.ro\/gta\/index.php?rest_route=\/wp\/v2\/pages"}],"about":[{"href":"https:\/\/biogeo.ubbcluj.ro\/gta\/index.php?rest_route=\/wp\/v2\/types\/page"}],"author":[{"embeddable":true,"href":"https:\/\/biogeo.ubbcluj.ro\/gta\/index.php?rest_route=\/wp\/v2\/users\/1"}],"replies":[{"embeddable":true,"href":"https:\/\/biogeo.ubbcluj.ro\/gta\/index.php?rest_route=%2Fwp%2Fv2%2Fcomments&post=947"}],"version-history":[{"count":119,"href":"https:\/\/biogeo.ubbcluj.ro\/gta\/index.php?rest_route=\/wp\/v2\/pages\/947\/revisions"}],"predecessor-version":[{"id":2962,"href":"https:\/\/biogeo.ubbcluj.ro\/gta\/index.php?rest_route=\/wp\/v2\/pages\/947\/revisions\/2962"}],"wp:attachment":[{"href":"https:\/\/biogeo.ubbcluj.ro\/gta\/index.php?rest_route=%2Fwp%2Fv2%2Fmedia&parent=947"}],"curies":[{"name":"wp","href":"https:\/\/api.w.org\/{rel}","templated":true}]}}