{"id":37,"date":"2021-04-22T07:26:48","date_gmt":"2021-04-22T07:26:48","guid":{"rendered":"https:\/\/biogeo.ubbcluj.ro\/gta\/?page_id=37"},"modified":"2026-01-22T10:42:55","modified_gmt":"2026-01-22T10:42:55","slug":"pregatirea-si-desfasurarea-sustinerii-publice-a-tezei-de-doctorat","status":"publish","type":"page","link":"https:\/\/biogeo.ubbcluj.ro\/gta\/?page_id=37","title":{"rendered":"Sus\u0163inerea public\u0103 a tezei de doctorat"},"content":{"rendered":"\n<p class=\"has-normal-font-size\"><strong>REDACTAREA TEZEI \u015eI FINALIZAREA STUDIILOR UNIVERSITARE DE DOCTORAT<\/strong><\/p>\n\n\n\n<p> \u00cen redactarea tezei, studentul-doctorand trebuie s\u0103 respecte structura decis\u0103 \u00eempreun\u0103 cu conduc\u0103torul de doctorat precum \u015fi regulile de redactare prev\u0103zute \u00een \u201e<em><strong>Ghidul de redactare a tezei de doctorat<\/strong><\/em>\u201d, elaborat de \u0218DGTA \u00een <em><strong><a href=\"https:\/\/biogeo.ubbcluj.ro\/gta\/wp-content\/uploads\/2023\/03\/Anexa-2-Regulament-SD-Geologie.pdf\" data-type=\"URL\" data-id=\"https:\/\/biogeo.ubbcluj.ro\/gta\/wp-content\/uploads\/2023\/03\/Anexa-2-Regulament-SD-Geologie.pdf\" target=\"_blank\" rel=\"noreferrer noopener\">Anexa 2<\/a><\/strong><\/em> a <a rel=\"noreferrer noopener\" href=\"https:\/\/biogeo.ubbcluj.ro\/gta\/wp-content\/uploads\/2021\/10\/Regulament-SD-Geologie_aprobat-CSUD.pdf\" data-type=\"URL\" data-id=\"https:\/\/biogeo.ubbcluj.ro\/gta\/wp-content\/uploads\/2021\/10\/Regulament-SD-Geologie_aprobat-CSUD.pdf\" target=\"_blank\">Regulamentului \u0218colii doctorale de Geologie<\/a><img decoding=\"async\" class=\"wp-image-470\" style=\"width: NaNpx;\" src=\"https:\/\/biogeo.ubbcluj.ro\/gta\/wp-content\/uploads\/2021\/10\/Regulament-SD-Geologie_aprobat-CSUD.pdf\" alt=\"\">.<\/p>\n\n\n\n<p>Studentul-doctorand care a \u00eencheiat redactarea tezei declan\u015feaz\u0103 procedura de sus\u021binere \u0219i ob\u021binere a titlului de doctor.  Informa\u021bii privind preg\u0103tirea \u0219i sus\u021binerea public\u0103 a tezei de doctorat se g\u0103sesc pe site-ul ISD: <a href=\"https:\/\/doctorat.ubbcluj.ro\/ro\/pregatirea-si-desfasurarea-sustinerii-publice-a-tezei-de-doctoratin-conformitate-cu-codul-studiilor-universitare-de-doctorat\/\">https:\/\/doctorat.ubbcluj.ro\/ro\/pregatirea-si-desfasurarea-sustinerii-publice-a-tezei-de-doctoratin-conformitate-cu-codul-studiilor-universitare-de-doctorat\/<\/a> si in <a href=\"https:\/\/senat.ubbcluj.ro\/wp-content\/uploads\/2024\/09\/HS-nr.-116-privind-aprobarea-Regulamentului-UBB-de-organizare-si-functionare-a-studiilor-universitare-de-doctorat.pdf\" data-type=\"URL\" data-id=\"https:\/\/senat.ubbcluj.ro\/wp-content\/uploads\/2024\/09\/HS-nr.-116-privind-aprobarea-Regulamentului-UBB-de-organizare-si-functionare-a-studiilor-universitare-de-doctorat.pdf\">Regulamentul <\/a>Universit\u0103\u021bii Babes-Bolyai de organizare si desf\u0103\u0219urare a studiilor universitare de doctorat. <\/p>\n\n\n\n<p>Standardele na\u021bionale minimale pentru acordarea titlului de doctor pentru doctoranzii \u00eenmatricula\u021bi \u00eencep\u00e2nd cu anul <strong>2018 <\/strong>pentru COMISIA DE \u015eTIIN\u0162ELE P\u0102M\u00c2NTULUI, domeniul GEOLOGIE (Anexa 5) <a href=\"https:\/\/biogeo.ubbcluj.ro\/gta\/wp-content\/uploads\/2022\/12\/OMEN-5110-2018.pdf\" data-type=\"URL\" data-id=\"https:\/\/biogeo.ubbcluj.ro\/gta\/wp-content\/uploads\/2022\/12\/OMEN-5110-2018.pdf\">https:\/\/biogeo.ubbcluj.ro\/gta\/wp-content\/uploads\/2022\/12\/OMEN-5110-2018.pdf<\/a><\/p>\n\n\n\n<p><a href=\"https:\/\/biogeo.ubbcluj.ro\/gta\/wp-content\/uploads\/2026\/01\/OMEC_3018-2025.pdf__textPentru-acordarea-calificativelor-in-evaluarea-tezelor-dede-sustinere-a-tezei-pe-baza-grilei.pdf\" data-type=\"attachment\" data-id=\"2601\">Standardele na\u021bionale minimale pentru acordarea titlului de doctor pentru doctoranzii \u00eenmatricula\u021bi \u00eencep\u00e2nd cu anul <strong>2025 <\/strong>pentru COMISIA DE \u015eTIIN\u0162ELE P\u0102M\u00c2NTULUI, domeniul GEOLOGIE<\/a><\/p>\n\n\n\n<figure class=\"wp-block-image\"><img decoding=\"async\" src=\"blob:https:\/\/outlook.office.com\/11649bd3-5233-4313-b876-e1066a3b8e98\" alt=\"\"\/><\/figure>\n\n\n\n<p><a href=\"https:\/\/solicitari.doctorat.ubbcluj.ro\/\" data-type=\"URL\" data-id=\"https:\/\/solicitari.doctorat.ubbcluj.ro\/\"><strong>Platforma <\/strong><\/a>de program\u0103ri pentru depuneri dosare de sus\u021binere \u0219i alte solicit\u0103ri<\/p>\n\n\n\n<p>Informa\u021bii referitoare la accesul pe platform\u0103 se g\u0103sesc pe site-ul Institutului de Studii Doctorale, la meniul&nbsp;<strong>Sustinere Public\u0103 a Tezelor<\/strong>&nbsp;de Doctorat (<a rel=\"noreferrer noopener\" href=\"https:\/\/doctorat.ubbcluj.ro\/ro\/sustinerea-publica-a-tezelor\" target=\"_blank\">https:\/\/doctorat.ubbcluj.ro\/ro\/sustinerea-publica-a-tezelor<\/a>).&nbsp;<\/p>\n\n\n\n<p>________________________________________________________________________________________________________________<\/p>\n\n\n\n<p><strong><a rel=\"noreferrer noopener\" href=\"https:\/\/biogeo.ubbcluj.ro\/gta\/wp-content\/uploads\/2023\/02\/2023_Metodologia-de-verificare-a-similitudinilor_aprobata.pdf\" data-type=\"URL\" data-id=\"https:\/\/biogeo.ubbcluj.ro\/gta\/wp-content\/uploads\/2023\/02\/2023_Metodologia-de-verificare-a-similitudinilor_aprobata.pdf\" target=\"_blank\">Metodologia de verificare a similitudinilor la tezele de doctorat<\/a> sus\u021binute \u00een cadrul SDGTA<\/strong><\/p>\n\n\n\n<p style=\"font-size:16px\"><a href=\"https:\/\/doctorat.ubbcluj.ro\/ro\/formulare\/\" data-type=\"URL\" data-id=\"https:\/\/doctorat.ubbcluj.ro\/ro\/formulare\/\"><strong>Formulare<\/strong><\/a><\/p>\n\n\n\n<hr class=\"wp-block-separator has-css-opacity\"\/>\n\n\n\n<hr class=\"wp-block-separator has-css-opacity is-style-wide\"\/>\n\n\n\n<h3 class=\"wp-block-heading has-medium-font-size\"><strong>Sus\u021binerea tezei \u00een regim online:<\/strong><\/h3>\n\n\n\n<p>\u00cen starea de urgen\u021b\u0103 \u0219i inclusiv \u00een perioada suspend\u0103rii activit\u0103\u021bilor didactice fa\u021b\u0103-n fa\u021b\u0103 sus\u021binerile publice ale tezelor de doctorat se pot face \u00een regim online \u00een conformitate cu&nbsp;<a href=\"https:\/\/senat.ubbcluj.ro\/wp-content\/uploads\/2020\/04\/Hotarare-5939_Regulament-studii-doctorat.pdf\">Hot\u0103r\u00e2rea Senatului UBB num\u0103rul 5939 din 16 aprilie<\/a>&nbsp;\u0219i procedura de sus\u021binere online descris\u0103&nbsp;<a href=\"https:\/\/doctorat.ubbcluj.ro\/wp-content\/uploads\/2020\/04\/Anexa-3-la-Regulamentul-de-organizare-%C8%99i-desf%C4%83%C8%99urare-a-studiilor-de-doctorat_final.pdf\">aici<\/a>.<\/p>\n\n\n\n<hr class=\"wp-block-separator has-css-opacity\"\/>\n\n\n\n<p class=\"has-medium-font-size\"><strong>Sus\u021binerea tezei de doctorat c\u00e2nd sunt permise activit\u0103\u021bi didactice fa\u021b\u0103-n fa\u021b\u0103:<\/strong> <\/p>\n\n\n\n<p>Aceast\u0103 procedur\u0103 \u021bine seama de modific\u0103rile aduse&nbsp;<em>Codului studiilor universitare de doctorat<\/em>&nbsp;prin&nbsp;<a rel=\"noreferrer noopener\" href=\"http:\/\/doctorat.ubbcluj.ro\/documente\/hotarari_ale_guvernului\/HGR134-2016ModificareCompletareCodDoctorat.pdf\" target=\"_blank\">Hot\u0103r\u00e2rea Guvernului Rom\u00e2niei nr. 134\/2016<\/a>&nbsp;\u0219i de&nbsp;<a rel=\"noreferrer noopener\" href=\"http:\/\/doctorat.ubbcluj.ro\/documente\/ordine_ale_ministerului_educatiei\/AnexaLaOMENCS3482-2016_ROF.pdf\" target=\"_blank\">Regulamentul de organizare \u0219i func\u021bionare al CNATDCU<\/a>&nbsp;aprobat prin&nbsp;<a rel=\"noreferrer noopener\" href=\"http:\/\/doctorat.ubbcluj.ro\/documente\/ordine_ale_ministerului_educatiei\/OMENCS3482-2016_RegOrganizareFunctionareCNATDCU.pdf\" target=\"_blank\">ordin de ministru nr. 3482 din 24.03.2016<\/a>.<\/p>\n\n\n\n<hr class=\"wp-block-separator has-css-opacity\"\/>\n","protected":false},"excerpt":{"rendered":"<p>REDACTAREA TEZEI \u015eI FINALIZAREA STUDIILOR UNIVERSITARE DE DOCTORAT \u00cen redactarea tezei, studentul-doctorand trebuie s\u0103 respecte structura decis\u0103 \u00eempreun\u0103 cu conduc\u0103torul de doctorat precum \u015fi regulile de redactare prev\u0103zute \u00een \u201eGhidul de redactare a tezei de doctorat\u201d, elaborat de \u0218DGTA \u00een Anexa 2 a Regulamentului \u0218colii doctorale de Geologie. Studentul-doctorand care&hellip;<\/p>\n","protected":false},"author":1,"featured_media":0,"parent":0,"menu_order":0,"comment_status":"closed","ping_status":"closed","template":"fullwidth-template.php","meta":{"footnotes":""},"class_list":["post-37","page","type-page","status-publish","hentry"],"_links":{"self":[{"href":"https:\/\/biogeo.ubbcluj.ro\/gta\/index.php?rest_route=\/wp\/v2\/pages\/37","targetHints":{"allow":["GET"]}}],"collection":[{"href":"https:\/\/biogeo.ubbcluj.ro\/gta\/index.php?rest_route=\/wp\/v2\/pages"}],"about":[{"href":"https:\/\/biogeo.ubbcluj.ro\/gta\/index.php?rest_route=\/wp\/v2\/types\/page"}],"author":[{"embeddable":true,"href":"https:\/\/biogeo.ubbcluj.ro\/gta\/index.php?rest_route=\/wp\/v2\/users\/1"}],"replies":[{"embeddable":true,"href":"https:\/\/biogeo.ubbcluj.ro\/gta\/index.php?rest_route=%2Fwp%2Fv2%2Fcomments&post=37"}],"version-history":[{"count":23,"href":"https:\/\/biogeo.ubbcluj.ro\/gta\/index.php?rest_route=\/wp\/v2\/pages\/37\/revisions"}],"predecessor-version":[{"id":2603,"href":"https:\/\/biogeo.ubbcluj.ro\/gta\/index.php?rest_route=\/wp\/v2\/pages\/37\/revisions\/2603"}],"wp:attachment":[{"href":"https:\/\/biogeo.ubbcluj.ro\/gta\/index.php?rest_route=%2Fwp%2Fv2%2Fmedia&parent=37"}],"curies":[{"name":"wp","href":"https:\/\/api.w.org\/{rel}","templated":true}]}}