{"id":31,"date":"2021-04-22T07:25:25","date_gmt":"2021-04-22T07:25:25","guid":{"rendered":"https:\/\/biogeo.ubbcluj.ro\/gta\/?page_id=31"},"modified":"2025-02-20T21:28:10","modified_gmt":"2025-02-20T21:28:10","slug":"despre","status":"publish","type":"page","link":"https:\/\/biogeo.ubbcluj.ro\/gta\/?page_id=31","title":{"rendered":"\u0218coala Doctoral\u0103 de Geologie Teoretic\u0103 \u0219i Aplicat\u0103"},"content":{"rendered":"\n<p>\u0218coala Doctoral\u0103 de Geologie Teoretic\u0103 \u0219i Aplicat\u0103&nbsp; este asociat\u0103 Departamentului de Geologie al Universit\u0103\u021bii Babe\u0219-Bolyai.<\/p>\n\n\n\n<p>Studiile doctorale \u00een domeniul geologiei sunt organizate pe urm\u0103toarele direc\u0163ii principale:<\/p>\n\n\n\n<ol class=\"wp-block-list\">\n<li>Studiul bazinelor sedimentare sub aspect paleontologic, stratigrafic \u015fi sedimentologic, av\u00e2nd principal obiectiv reconstituirea rela\u021biilor spa\u021biale \u0219i temporale dintre unit\u0103\u021bile sedimentare, evolu\u021bia parametrilor paleoambientali \u0219i eviden\u021bierea condi\u021biilor favorabile pentru acumularea de resurse utile societ\u0103\u021bii.<\/li>\n\n\n\n<li>Studiul proceselor de mineralo- \u0219i petrogenez\u0103 din scoar\u0163a terestr\u0103, cu scopul reconstituirii pozi\u021bion\u0103rii \u00een spa\u021biu \u0219i evolu\u021biei \u00een timp a acestora, inclusiv poten\u021bialul acestora de a genera resurse minerale utile societ\u0103\u021bii.<\/li>\n\n\n\n<li>Studiul fenomenelor \u015fi proceselor dinamice care au dus la configurarea \u015fi reconfigurarea \u00een timp a unit\u0103\u0163ilor tectono-structurale globale \u015fi regionale cu efect asupra diverselor unit\u0103\u021bi majore de roci.<\/li>\n\n\n\n<li>Studii aplicate \u00een domenii interdisciplinare (arheometrie, conservarea patrimoniului, construc\u021bii etc.).<\/li>\n<\/ol>\n\n\n\n<p><strong>Consiliul \u0218colii Doctorale (2022-2027):<\/strong><\/p>\n\n\n\n<ul class=\"wp-block-list\">\n<li>Prof. dr. <em>habil<\/em>. <strong>Ioan TAN\u021a\u0102U<\/strong> (UBB) &#8211; director al \u0219colii doctorale;<\/li>\n\n\n\n<li>Conf. dr.&nbsp;<em>habil<\/em>.&nbsp;<strong>Ferenc L\u00e1z\u00e1r&nbsp;FORRAY <\/strong>(UBB)&nbsp;<\/li>\n\n\n\n<li>Drd.&nbsp; anul II &#8211;<strong> Agnes<\/strong> <strong>RUSKAL<\/strong> (UBB)<\/li>\n\n\n\n<li>Acad. Prof. dr.&nbsp;<strong>Mihai DUCEA<\/strong>&nbsp;\u2013&nbsp;University of Arizona, USA \/ Universitatea Bucure\u0219ti&nbsp;<\/li>\n\n\n\n<li>Prof. dr.&nbsp;<strong>R\u0103zvan CARACAS<\/strong>&nbsp;&#8211; CNRS, Institut de Physique du Globe de Paris, France \/ University of Oslo, Norway&nbsp;<\/li>\n<\/ul>\n\n\n\n<p><strong>Conduc\u0103tori de doctorat titulari la \u0218coala Doctoral\u0103 de Geologie:<\/strong><\/p>\n\n\n\n<ul class=\"wp-block-list\">\n<li>Prof. dr. habil. Ioan TAN\u021a\u0102U<\/li>\n\n\n\n<li>Conf. dr. habil. Ferenc &#8211; L\u00e1z\u00e1r FORRAY<\/li>\n\n\n\n<li>Conf. dr. habil. C\u0103lin &#8211; Gabriel T\u0102MA\u0218<\/li>\n<\/ul>\n\n\n\n<hr class=\"wp-block-separator has-css-opacity is-style-wide\"\/>\n\n\n\n<p><strong>Conduc\u0103tori de doctorat asocia\u021bi la \u0218coala Doctoral\u0103 de Geologie:<\/strong><\/p>\n\n\n\n<div class=\"wp-block-group\"><div class=\"wp-block-group__inner-container is-layout-flow wp-block-group-is-layout-flow\">\n<ul class=\"wp-block-list\">\n<li>Academician Prof. univ. dr. Ioan I. BUCUR &#8211; profesor emerit<\/li>\n\n\n\n<li>Prof. dr. ing.\u00a0 Vlad &#8211; Aurel CODREA &#8211; profesor pensionat<\/li>\n\n\n\n<li>Prof. dr. Sorin FILIPESCU &#8211; profesor pensionat<\/li>\n\n\n\n<li>Prof. dr. Bogdan P. ONAC<\/li>\n<\/ul>\n<\/div><\/div>\n\n\n\n<hr class=\"wp-block-separator has-css-opacity is-style-wide\"\/>\n","protected":false},"excerpt":{"rendered":"<p>\u0218coala Doctoral\u0103 de Geologie Teoretic\u0103 \u0219i Aplicat\u0103&nbsp; este asociat\u0103 Departamentului de Geologie al Universit\u0103\u021bii Babe\u0219-Bolyai. Studiile doctorale \u00een domeniul geologiei sunt organizate pe urm\u0103toarele direc\u0163ii principale: Consiliul \u0218colii Doctorale (2022-2027): Conduc\u0103tori de doctorat titulari la \u0218coala Doctoral\u0103 de Geologie: Conduc\u0103tori de doctorat asocia\u021bi la \u0218coala Doctoral\u0103 de Geologie:<\/p>\n","protected":false},"author":1,"featured_media":0,"parent":0,"menu_order":0,"comment_status":"closed","ping_status":"closed","template":"fullwidth-template.php","meta":{"footnotes":""},"class_list":["post-31","page","type-page","status-publish","hentry"],"_links":{"self":[{"href":"https:\/\/biogeo.ubbcluj.ro\/gta\/index.php?rest_route=\/wp\/v2\/pages\/31","targetHints":{"allow":["GET"]}}],"collection":[{"href":"https:\/\/biogeo.ubbcluj.ro\/gta\/index.php?rest_route=\/wp\/v2\/pages"}],"about":[{"href":"https:\/\/biogeo.ubbcluj.ro\/gta\/index.php?rest_route=\/wp\/v2\/types\/page"}],"author":[{"embeddable":true,"href":"https:\/\/biogeo.ubbcluj.ro\/gta\/index.php?rest_route=\/wp\/v2\/users\/1"}],"replies":[{"embeddable":true,"href":"https:\/\/biogeo.ubbcluj.ro\/gta\/index.php?rest_route=%2Fwp%2Fv2%2Fcomments&post=31"}],"version-history":[{"count":18,"href":"https:\/\/biogeo.ubbcluj.ro\/gta\/index.php?rest_route=\/wp\/v2\/pages\/31\/revisions"}],"predecessor-version":[{"id":2128,"href":"https:\/\/biogeo.ubbcluj.ro\/gta\/index.php?rest_route=\/wp\/v2\/pages\/31\/revisions\/2128"}],"wp:attachment":[{"href":"https:\/\/biogeo.ubbcluj.ro\/gta\/index.php?rest_route=%2Fwp%2Fv2%2Fmedia&parent=31"}],"curies":[{"name":"wp","href":"https:\/\/api.w.org\/{rel}","templated":true}]}}