{"id":2845,"date":"2026-02-07T20:31:51","date_gmt":"2026-02-07T20:31:51","guid":{"rendered":"https:\/\/biogeo.ubbcluj.ro\/gta\/?page_id=2845"},"modified":"2026-02-17T09:03:19","modified_gmt":"2026-02-17T09:03:19","slug":"comisii-de-indrumare","status":"publish","type":"page","link":"https:\/\/biogeo.ubbcluj.ro\/gta\/?page_id=2845","title":{"rendered":"Comisii de \u00eendrumare \u015fi integritate academic\u0103"},"content":{"rendered":"\n<div class=\"wp-block-group is-vertical is-layout-flex wp-container-core-group-is-layout-8cf370e7 wp-block-group-is-layout-flex\">\n<p class=\"has-medium-font-size\"><strong>Membri Comisii de \u00eendrumare \u015fi integritate academic\u0103 &#8211; CV-uri<\/strong><\/p>\n\n\n\n<p><strong>2020-2026<\/strong><\/p>\n<\/div>\n\n\n\n<div class=\"wp-block-group\"><div class=\"wp-block-group__inner-container is-layout-constrained wp-block-group-is-layout-constrained\">\n<div class=\"wp-block-columns is-layout-flex wp-container-core-columns-is-layout-9d6595d7 wp-block-columns-is-layout-flex\">\n<div class=\"wp-block-column is-layout-flow wp-block-column-is-layout-flow\" style=\"flex-basis:100%\">\n<div class=\"wp-block-columns is-layout-flex wp-container-core-columns-is-layout-9d6595d7 wp-block-columns-is-layout-flex\">\n<div class=\"wp-block-column is-layout-flow wp-block-column-is-layout-flow\" style=\"flex-basis:100%\">\n<figure class=\"wp-block-table\"><table><tbody><tr><td class=\"has-text-align-center\" data-align=\"center\"><strong>Nr. crt.<\/strong><\/td><td><strong>Doctorand<\/strong><\/td><td class=\"has-text-align-center\" data-align=\"center\"><strong>An \u00eenmatr.<\/strong><\/td><td><strong>Comisia de \u00eendrumare \u015fi integritate academic\u0103<\/strong><\/td><td><strong>Conduc\u0103tor doctorat<\/strong><\/td><\/tr><tr><td class=\"has-text-align-center\" data-align=\"center\"><strong>&nbsp;<\/strong>1<\/td><td><strong>Ciuclea Mircea Alexandru<\/strong><\/td><td class=\"has-text-align-center\" data-align=\"center\">2025<\/td><td><a href=\"https:\/\/biogeo.ubbcluj.ro\/gta\/wp-content\/uploads\/2026\/02\/CV_A_Seghedi_2026_en.pdf\" data-type=\"attachment\" data-id=\"3114\">Dr. Seghedi Antoneta<\/a> (Institutul Na\u021bional de Geologie \u015fi Geoecologie Marin\u0103, Bucure\u0219ti) <br><a href=\"https:\/\/biogeo.ubbcluj.ro\/gta\/wp-content\/uploads\/2026\/02\/CV-Sasaran-.pdf\" data-type=\"attachment\" data-id=\"3097\">Conf. dr. S\u0103s\u0103ran Emanoil-Florin<\/a><br><a href=\"https:\/\/biogeo.ubbcluj.ro\/gta\/wp-content\/uploads\/2026\/02\/CV_Balica-en-2026.pdf\" data-type=\"attachment\" data-id=\"2909\">Lector dr. Balica Constantin<\/a><\/td><td><a href=\"https:\/\/biogeo.ubbcluj.ro\/gta\/wp-content\/uploads\/2026\/01\/Tantau-Ioan_CV.pdf\" data-type=\"attachment\" data-id=\"2571\">Prof. dr. habil. Ioan Tan\u021b\u0103u<\/a><\/td><\/tr><tr><td class=\"has-text-align-center\" data-align=\"center\"><strong>&nbsp;<\/strong>2<\/td><td><strong>Heged\u00fcs Annam\u00e1ria R\u00e1khel<\/strong><\/td><td class=\"has-text-align-center\" data-align=\"center\">2025<\/td><td><a href=\"https:\/\/biogeo.ubbcluj.ro\/gta\/wp-content\/uploads\/2026\/02\/CV-Sasaran-.pdf\" data-type=\"attachment\" data-id=\"3097\">Conf. dr. S\u0103s\u0103ran Emanoil-Florin<\/a><br><a href=\"https:\/\/biogeo.ubbcluj.ro\/gta\/wp-content\/uploads\/2026\/02\/CV_George-Ples.pdf\" data-type=\"attachment\" data-id=\"2910\">Lector dr. Ple\u0219 George<\/a> <br><a href=\"https:\/\/biogeo.ubbcluj.ro\/gta\/wp-content\/uploads\/2026\/02\/CV_EN_-MG_February-2026.pdf\" data-type=\"attachment\" data-id=\"2996\">Lector dr. Gr\u0103dinaru Mihaela <\/a>(Universitatea Bucure\u0219ti)<\/td><td><a href=\"https:\/\/biogeo.ubbcluj.ro\/gta\/wp-content\/uploads\/2026\/01\/Tantau-Ioan_CV.pdf\" data-type=\"attachment\" data-id=\"2571\">Prof. dr. habil. Ioan Tan\u021b\u0103u<\/a><\/td><\/tr><tr><td class=\"has-text-align-center\" data-align=\"center\"><strong>&nbsp;<\/strong>3<\/td><td><strong>Bordeianu Marian<\/strong><\/td><td class=\"has-text-align-center\" data-align=\"center\">2025<\/td><td><a href=\"https:\/\/doctorat.unibuc.ro\/wp-content\/uploads\/2020\/08\/CV-Marius-Stoica_Europass_2020_ro.pdf\">Prof. Dr. Stoica Marius <\/a>(Universitatea Bucure\u0219ti) <br><a href=\"https:\/\/biogeo.ubbcluj.ro\/gta\/wp-content\/uploads\/2026\/02\/CV-Forray_ENG-2026.pdf\" data-type=\"attachment\" data-id=\"3045\">Conf. dr. Forray Ferenc-Lazar<\/a> <br><a href=\"https:\/\/biogeo.ubbcluj.ro\/gta\/wp-content\/uploads\/2026\/02\/CV_George-Ples.pdf\" data-type=\"attachment\" data-id=\"2910\">Lector dr. Ple\u0219 George<\/a><\/td><td><a href=\"https:\/\/biogeo.ubbcluj.ro\/gta\/wp-content\/uploads\/2026\/02\/EU_CV_Codrea-Vlad-2026.pdf\" data-type=\"attachment\" data-id=\"2809\">Prof. dr. Vlad Codrea<\/a><\/td><\/tr><tr><td class=\"has-text-align-center\" data-align=\"center\"><strong>&nbsp;<\/strong>4<\/td><td><strong>Kicsi Anna-R\u00e9ka<\/strong><\/td><td class=\"has-text-align-center\" data-align=\"center\">2024<\/td><td><a href=\"https:\/\/geology.uaic.ro\/daniel.tabara\/CV.html\">Conf. dr. Daniel \u0162ab\u0103r\u0103<\/a> (Univ. A.I. Cuza Ia\u0219i) <br><a href=\"https:\/\/biogeo.ubbcluj.ro\/gta\/wp-content\/uploads\/2026\/02\/Curriculum_vitae_LSilye_EN.pdf\" data-type=\"attachment\" data-id=\"3125\">Conf. dr. Lorand Silye<\/a> <br><a href=\"https:\/\/biogeo.ubbcluj.ro\/gta\/wp-content\/uploads\/2026\/02\/CV-Raluca-Haitonic.pdf\" data-type=\"attachment\" data-id=\"2894\">Lector dr. Raluca Haitonic<\/a><\/td><td><a href=\"https:\/\/biogeo.ubbcluj.ro\/gta\/wp-content\/uploads\/2026\/01\/Tantau-Ioan_CV.pdf\" data-type=\"attachment\" data-id=\"2571\">Prof. dr. habil. Ioan Tan\u021b\u0103u<\/a> (UBB) \/ <a href=\"https:\/\/ttk.elte.hu\/en\/staff\/jozsef-palfy\">Dr. J\u00f3zsef P\u00e1lfy <\/a>(E\u00f6tv\u00f6s Lor\u00e1nd University, Budapest)<\/td><\/tr><tr><td class=\"has-text-align-center\" data-align=\"center\"><strong>&nbsp;<\/strong>5<\/td><td><strong>Ciutura\u0219 R\u0103zvan<\/strong><\/td><td class=\"has-text-align-center\" data-align=\"center\">2023<\/td><td><a href=\"https:\/\/biogeo.ubbcluj.ro\/gta\/wp-content\/uploads\/2026\/02\/CV_HAR-cu-publicatii-ian-2026.pdf\" data-type=\"attachment\" data-id=\"3006\">Conf. dr. Nicolae Har <\/a><br><a href=\"https:\/\/biogeo.ubbcluj.ro\/gta\/wp-content\/uploads\/2026\/02\/CV-Forray_ENG-2026.pdf\" data-type=\"attachment\" data-id=\"3045\">Conf. dr. Forray Ferenc-Lazar<\/a> <br><a href=\"https:\/\/biogeo.ubbcluj.ro\/gta\/wp-content\/uploads\/2026\/02\/CV-Raluca-Haitonic.pdf\" data-type=\"attachment\" data-id=\"2894\"><\/a><a href=\"https:\/\/biogeo.ubbcluj.ro\/gta\/wp-content\/uploads\/2026\/02\/CV-Raluca-Haitonic.pdf\" data-type=\"attachment\" data-id=\"2894\">Lector dr. Raluca Haitonic<\/a><\/td><td><a href=\"https:\/\/biogeo.ubbcluj.ro\/gta\/wp-content\/uploads\/2026\/02\/CV_Tamas-CG_Engl.pdf\" data-type=\"attachment\" data-id=\"2818\">Conf. dr. habil. C\u0103lin T\u0103ma\u0219<\/a><\/td><\/tr><tr><td class=\"has-text-align-center\" data-align=\"center\"><strong>&nbsp;<\/strong>6<\/td><td><strong>Ruskal Agnes<\/strong><\/td><td class=\"has-text-align-center\" data-align=\"center\">2022<\/td><td><a href=\"https:\/\/biogeo.ubbcluj.ro\/gta\/wp-content\/uploads\/2026\/02\/Cv-Holobaca.pdf\" data-type=\"attachment\" data-id=\"3118\">Prof. dr. habil. Holob\u00e2c\u0103 Iulian-Horia<\/a> (Geografie) <br><a href=\"https:\/\/biogeo.ubbcluj.ro\/gta\/wp-content\/uploads\/2026\/02\/BegyCV_Europass_Eng_2026.pdf\" data-type=\"attachment\" data-id=\"3093\">Conf. dr. habil. Begy Robert-Csaba<\/a> (Ing. Mediului)<br><a href=\"https:\/\/biogeo.ubbcluj.ro\/gta\/wp-content\/uploads\/2026\/02\/CV-Forray_ENG-2026.pdf\" data-type=\"attachment\" data-id=\"3045\">Conf. dr. Forray Ferenc-Lazar<\/a><\/td><td><a href=\"https:\/\/biogeo.ubbcluj.ro\/gta\/wp-content\/uploads\/2026\/01\/Tantau-Ioan_CV.pdf\" data-type=\"attachment\" data-id=\"2571\">Prof. dr. habil. Ioan Tan\u021b\u0103u<\/a><\/td><\/tr><tr><td class=\"has-text-align-center\" data-align=\"center\"><strong>&nbsp;<\/strong>7<\/td><td><strong>Szalay Reka<\/strong> <strong>(Roland)<\/strong><\/td><td class=\"has-text-align-center\" data-align=\"center\">2022<\/td><td><a href=\"https:\/\/biogeo.ubbcluj.ro\/gta\/wp-content\/uploads\/2026\/02\/CV-Forray_ENG-2026.pdf\" data-type=\"attachment\" data-id=\"3045\">Conf. dr. Forray Ferenc-Lazar<\/a><br><a href=\"https:\/\/biogeo.ubbcluj.ro\/gta\/wp-content\/uploads\/2026\/02\/CV-Kis-Boglarka-EN.pdf\" data-type=\"attachment\" data-id=\"3116\">Lector dr. Kiss Boglarka Mercedesz<\/a> <br><a href=\"https:\/\/biogeo.ubbcluj.ro\/gta\/wp-content\/uploads\/2026\/02\/Dan-Mircea-Tamas_CV.pdf\" data-type=\"attachment\" data-id=\"3001\">Lector .dr. Dan Mircea T\u0103ma\u0219<\/a><\/td><td><a href=\"https:\/\/biogeo.ubbcluj.ro\/gta\/wp-content\/uploads\/2026\/01\/CV_Filipescu.pdf\" data-type=\"attachment\" data-id=\"2649\">Prof. dr. Sorin Filipescu<\/a><\/td><\/tr><tr><td class=\"has-text-align-center\" data-align=\"center\"><strong>&nbsp;<\/strong>8<\/td><td><strong>\u0218tefan Buimag\u0103-Iarinca<\/strong><\/td><td class=\"has-text-align-center\" data-align=\"center\">2021<\/td><td><a href=\"https:\/\/biogeo.ubbcluj.ro\/gta\/wp-content\/uploads\/2026\/02\/EU_CV_Codrea-Vlad-2026.pdf\" data-type=\"attachment\" data-id=\"2809\">Prof. dr. Codrea Vlad<\/a> <br><a href=\"https:\/\/biogeo.ubbcluj.ro\/gta\/wp-content\/uploads\/2026\/02\/CV-Forray_ENG-2026.pdf\" data-type=\"attachment\" data-id=\"3045\">Conf. dr. Forray Ferenc-Lazar<\/a> <br><a href=\"https:\/\/biogeo.ubbcluj.ro\/gta\/wp-content\/uploads\/2026\/02\/Tudor-Tamas-cv.pdf\" data-type=\"attachment\" data-id=\"3058\">Lector dr. Tudor T\u0103ma\u0219<\/a><\/td><td><a href=\"https:\/\/biogeo.ubbcluj.ro\/gta\/wp-content\/uploads\/2026\/01\/Tantau-Ioan_CV.pdf\" data-type=\"attachment\" data-id=\"2571\">Conf. dr. habil. Ioan Tan\u021b\u0103u<\/a><\/td><\/tr><tr><td class=\"has-text-align-center\" data-align=\"center\"><strong>&nbsp;<\/strong>9<\/td><td><strong>Cerchia Corneliu<\/strong><\/td><td class=\"has-text-align-center\" data-align=\"center\">2021<\/td><td><a href=\"https:\/\/biogeo.ubbcluj.ro\/gta\/wp-content\/uploads\/2026\/01\/Tantau-Ioan_CV.pdf\" data-type=\"attachment\" data-id=\"2571\">Prof. dr. habil. Tan\u021b\u0103u Ioan<\/a> <br><a href=\"https:\/\/biogeo.ubbcluj.ro\/gta\/wp-content\/uploads\/2026\/02\/CV-Forray_ENG-2026.pdf\" data-type=\"attachment\" data-id=\"3045\">Conf. dr. Forray Ferenc-Lazar<\/a> <br><a href=\"https:\/\/biogeo.ubbcluj.ro\/gta\/wp-content\/uploads\/2026\/02\/CV-Sasaran-.pdf\" data-type=\"attachment\" data-id=\"3097\">Conf. dr. S\u0103s\u0103ran Emanoil-Florin<\/a><\/td><td><a href=\"https:\/\/biogeo.ubbcluj.ro\/gta\/wp-content\/uploads\/2026\/02\/EU_CV_Codrea-Vlad-2026.pdf\" data-type=\"attachment\" data-id=\"2809\">Prof. dr. Vlad Codrea<\/a><\/td><\/tr><tr><td class=\"has-text-align-center\" data-align=\"center\"><strong>&nbsp;<\/strong>10<\/td><td><strong>Bianca Copo\u021b<\/strong><\/td><td class=\"has-text-align-center\" data-align=\"center\">2021<\/td><td><a href=\"https:\/\/biogeo.ubbcluj.ro\/gta\/wp-content\/uploads\/2026\/02\/CV_Balica-en-2026.pdf\" data-type=\"attachment\" data-id=\"2909\">Lector dr. Balica Constantin<\/a> <br><a href=\"https:\/\/biogeo.ubbcluj.ro\/gta\/wp-content\/uploads\/2026\/02\/Cv_Horea-Bedelean_2026_engleza.pdf\" data-type=\"attachment\" data-id=\"3005\">Lector dr. Horea Bedelean<\/a> <br><a href=\"https:\/\/biogeo.ubbcluj.ro\/gta\/wp-content\/uploads\/2026\/02\/CV-Raluca-Haitonic.pdf\" data-type=\"attachment\" data-id=\"2894\"><\/a><a href=\"https:\/\/biogeo.ubbcluj.ro\/gta\/wp-content\/uploads\/2026\/02\/CV-Raluca-Haitonic.pdf\" data-type=\"attachment\" data-id=\"2894\">Lector dr. Raluca Haitonic<\/a><\/td><td><a href=\"https:\/\/biogeo.ubbcluj.ro\/gta\/wp-content\/uploads\/2026\/01\/CV_Filipescu.pdf\" data-type=\"attachment\" data-id=\"2649\">Prof. dr. Sorin Filipescu<\/a><\/td><\/tr><tr><td class=\"has-text-align-center\" data-align=\"center\"><strong>&nbsp;<\/strong>11<\/td><td><strong>Cri\u0219an Ioan-Gheorghe<\/strong><\/td><td class=\"has-text-align-center\" data-align=\"center\">2021<\/td><td><a href=\"https:\/\/biogeo.ubbcluj.ro\/gta\/wp-content\/uploads\/2026\/02\/CV_HAR-cu-publicatii-ian-2026.pdf\" data-type=\"attachment\" data-id=\"3006\">Conf. dr. Nicolae Har <\/a><br><a href=\"https:\/\/biogeo.ubbcluj.ro\/gta\/wp-content\/uploads\/2026\/02\/CV-Sasaran-.pdf\" data-type=\"attachment\" data-id=\"3097\">Conf. dr. S\u0103s\u0103ran Emanoil-Florin<\/a> <br><a href=\"https:\/\/biogeo.ubbcluj.ro\/gta\/wp-content\/uploads\/2026\/02\/CV_Balica-en-2026.pdf\" data-type=\"attachment\" data-id=\"2909\">Lector dr. Balica Constantin<\/a><\/td><td><a href=\"https:\/\/biogeo.ubbcluj.ro\/gta\/wp-content\/uploads\/2026\/02\/CV_Tamas-CG_Engl.pdf\" data-type=\"attachment\" data-id=\"2818\">Conf. dr. habil.&nbsp; C\u0103lin-Gabriel T\u0103ma\u0219<\/a><\/td><\/tr><tr><td class=\"has-text-align-center\" data-align=\"center\">&nbsp;12<\/td><td><strong>Lazar Botond Arpad<\/strong><\/td><td class=\"has-text-align-center\" data-align=\"center\">2020<\/td><td><a href=\"https:\/\/biogeo.ubbcluj.ro\/gta\/wp-content\/uploads\/2026\/02\/CV-Sasaran-.pdf\" data-type=\"attachment\" data-id=\"3097\">Conf. dr. S\u0103s\u0103ran Emanoil-Florin<\/a><br><a href=\"https:\/\/biogeo.ubbcluj.ro\/gta\/wp-content\/uploads\/2026\/02\/Curriculum_vitae_LSilye_EN.pdf\" data-type=\"attachment\" data-id=\"3125\">Conf. dr. Lorand Silye<\/a>  <br><a href=\"https:\/\/biogeo.ubbcluj.ro\/gta\/wp-content\/uploads\/2026\/02\/CV-Raluca-Haitonic.pdf\" data-type=\"attachment\" data-id=\"2894\">Lector dr. Raluca Haitonic<\/a><\/td><td><a href=\"https:\/\/biogeo.ubbcluj.ro\/gta\/wp-content\/uploads\/2026\/01\/CV_Filipescu.pdf\" data-type=\"attachment\" data-id=\"2649\">Prof. dr. Sorin Filipescu<\/a><\/td><\/tr><tr><td class=\"has-text-align-center\" data-align=\"center\">&nbsp;13<\/td><td><strong>Ionescu Artur<\/strong><\/td><td class=\"has-text-align-center\" data-align=\"center\">2020<\/td><td><a href=\"https:\/\/starubb.institute.ubbcluj.ro\/wp-content\/uploads\/2023\/12\/Onac_CV_Publ_Cluj_RO.pdf\">Prof. dr. Onac Bogdan<\/a> <br><a href=\"https:\/\/biogeo.ubbcluj.ro\/gta\/wp-content\/uploads\/2026\/02\/CV-Sasaran-.pdf\" data-type=\"attachment\" data-id=\"3097\">Conf. dr. S\u0103s\u0103ran Emanoil-Florin<\/a> <br><a href=\"https:\/\/biogeo.ubbcluj.ro\/gta\/wp-content\/uploads\/2026\/01\/Tantau-Ioan_CV.pdf\" data-type=\"attachment\" data-id=\"2571\">Conf. dr. Tan\u021b\u0103u Ioan<\/a><\/td><td><a href=\"https:\/\/biogeo.ubbcluj.ro\/gta\/wp-content\/uploads\/2026\/02\/CV-Forray_ENG-2026.pdf\" data-type=\"attachment\" data-id=\"3045\">Conf. dr. Forray Ferenc-Lazar<\/a> (UBB)\/ <a href=\"https:\/\/ginko.unipg.it\/ws\/sitopersonale\/cv.php?humanid=carlo.cardellini&amp;tipo=EV\">Prof. Carlo Cardellini<\/a> (Univ. of Perugia)<\/td><\/tr><tr><td class=\"has-text-align-center\" data-align=\"center\">&nbsp;14<\/td><td><strong>Veress Laszlo<\/strong><\/td><td class=\"has-text-align-center\" data-align=\"center\">2020<\/td><td><a href=\"https:\/\/biogeo.ubbcluj.ro\/gta\/wp-content\/uploads\/2026\/01\/Tantau-Ioan_CV.pdf\" data-type=\"attachment\" data-id=\"2571\">Prof. dr. Tan\u021b\u0103u Ioan <\/a><br><a href=\"https:\/\/biogeo.ubbcluj.ro\/gta\/wp-content\/uploads\/2026\/02\/CV-Forray_ENG-2026.pdf\" data-type=\"attachment\" data-id=\"3045\">Conf. dr. Forray Ferenc-Lazar<\/a> <br><a href=\"https:\/\/biogeo.ubbcluj.ro\/gta\/wp-content\/uploads\/2026\/02\/CV_George-Ples.pdf\" data-type=\"attachment\" data-id=\"2910\">Lector dr. Ple\u0219 George<\/a><\/td><td><a href=\"https:\/\/biogeo.ubbcluj.ro\/gta\/wp-content\/uploads\/2026\/02\/EU_CV_Codrea-Vlad-2026.pdf\" data-type=\"attachment\" data-id=\"2809\">Prof. dr. Vlad Codrea<\/a><\/td><\/tr><tr><td class=\"has-text-align-center\" data-align=\"center\">15<\/td><td><strong>Andrii M\u0103d\u0103lina Paula<\/strong><\/td><td class=\"has-text-align-center\" data-align=\"center\">2019<\/td><td><a href=\"https:\/\/biogeo.ubbcluj.ro\/gta\/wp-content\/uploads\/2026\/02\/CV_HAR-cu-publicatii-ian-2026.pdf\" data-type=\"attachment\" data-id=\"3006\">Conf. dr. Nicolae Har <\/a> <br><a href=\"https:\/\/biogeo.ubbcluj.ro\/gta\/wp-content\/uploads\/2026\/02\/CV-Raluca-Haitonic.pdf\" data-type=\"attachment\" data-id=\"2894\">Lector dr. Raluca Haitonic<\/a> <br><a href=\"https:\/\/biogeo.ubbcluj.ro\/gta\/wp-content\/uploads\/2026\/02\/Tudor-Tamas-cv.pdf\" data-type=\"attachment\" data-id=\"3058\">Lector dr. Tudor T\u0103ma\u0219<\/a><\/td><td><a href=\"https:\/\/biogeo.ubbcluj.ro\/gta\/wp-content\/uploads\/2026\/02\/CV_Tamas-CG_Engl.pdf\" data-type=\"attachment\" data-id=\"2818\">Conf. dr. C\u0103lin Gabriel T\u0103ma\u0219<\/a><\/td><\/tr><tr><td class=\"has-text-align-center\" data-align=\"center\">16<\/td><td><strong>Kulcsar Zsolt<\/strong><\/td><td class=\"has-text-align-center\" data-align=\"center\">2018<\/td><td><a href=\"https:\/\/biogeo.ubbcluj.ro\/gta\/wp-content\/uploads\/2026\/02\/CV_HAR-cu-publicatii-ian-2026.pdf\" data-type=\"attachment\" data-id=\"3006\">Conf. dr. Nicolae Har <\/a> <br><a href=\"https:\/\/biogeo.ubbcluj.ro\/gta\/wp-content\/uploads\/2026\/02\/CV-Sasaran-.pdf\" data-type=\"attachment\" data-id=\"3097\">Conf. dr. S\u0103s\u0103ran Emanoil-Florin<\/a><br><a href=\"https:\/\/biogeo.ubbcluj.ro\/gta\/wp-content\/uploads\/2026\/02\/CV_Balica-en-2026.pdf\" data-type=\"attachment\" data-id=\"2909\">Lector dr. Balica Constantin<\/a><\/td><td><a href=\"https:\/\/biogeo.ubbcluj.ro\/gta\/wp-content\/uploads\/2026\/02\/CV_Tamas-CG_Engl.pdf\" data-type=\"attachment\" data-id=\"2818\">Conf. dr. C\u0103lin Gabriel T\u0103ma\u0219<\/a><\/td><\/tr><tr><td class=\"has-text-align-center\" data-align=\"center\">17<\/td><td><strong>Iv\u0103\u0219canu Paul Mircea<\/strong><\/td><td class=\"has-text-align-center\" data-align=\"center\">2018<\/td><td><a href=\"https:\/\/biogeo.ubbcluj.ro\/gta\/wp-content\/uploads\/2026\/02\/CV_HAR-cu-publicatii-ian-2026.pdf\" data-type=\"attachment\" data-id=\"3006\">Conf. dr. Nicolae Har <\/a> <br><a href=\"https:\/\/biogeo.ubbcluj.ro\/gta\/wp-content\/uploads\/2026\/02\/CV-Sasaran-.pdf\" data-type=\"attachment\" data-id=\"3097\">Conf. dr. S\u0103s\u0103ran Emanoil-Florin<\/a><br><a href=\"https:\/\/biogeo.ubbcluj.ro\/gta\/wp-content\/uploads\/2026\/02\/CV_Balica-en-2026.pdf\" data-type=\"attachment\" data-id=\"2909\">Lector dr. Balica Constantin<\/a><\/td><td><a href=\"https:\/\/biogeo.ubbcluj.ro\/gta\/wp-content\/uploads\/2026\/02\/CV_Tamas-CG_Engl.pdf\" data-type=\"attachment\" data-id=\"2818\">Conf. dr. C\u0103lin Gabriel T\u0103ma\u0219<\/a><\/td><\/tr><tr><td class=\"has-text-align-center\" data-align=\"center\">18<\/td><td><strong>Todor Andrei Ludovic<\/strong><\/td><td class=\"has-text-align-center\" data-align=\"center\">2018<\/td><td><a href=\"https:\/\/biogeo.ubbcluj.ro\/gta\/wp-content\/uploads\/2026\/02\/CV_HAR-cu-publicatii-ian-2026.pdf\" data-type=\"attachment\" data-id=\"3006\">Conf. dr. Nicolae Har <\/a> <br><a href=\"https:\/\/biogeo.ubbcluj.ro\/gta\/wp-content\/uploads\/2026\/02\/CV-Sasaran-.pdf\" data-type=\"attachment\" data-id=\"3097\">Conf. dr. S\u0103s\u0103ran Emanoil-Florin<\/a><br><a href=\"https:\/\/biogeo.ubbcluj.ro\/gta\/wp-content\/uploads\/2026\/02\/CV_Balica-en-2026.pdf\" data-type=\"attachment\" data-id=\"2909\">Lector dr. Balica Constantin<\/a><\/td><td><a href=\"https:\/\/biogeo.ubbcluj.ro\/gta\/wp-content\/uploads\/2026\/02\/CV_Tamas-CG_Engl.pdf\" data-type=\"attachment\" data-id=\"2818\">Conf. dr. C\u0103lin Gabriel T\u0103ma\u0219<\/a><\/td><\/tr><tr><td class=\"has-text-align-center\" data-align=\"center\">19<\/td><td><strong>Kov\u00e1cs R\u00e9ka<\/strong><strong><\/strong><\/td><td class=\"has-text-align-center\" data-align=\"center\">2017<\/td><td><a href=\"https:\/\/biogeo.ubbcluj.ro\/gta\/wp-content\/uploads\/2026\/02\/CV_HAR-cu-publicatii-ian-2026.pdf\" data-type=\"attachment\" data-id=\"3006\">Conf. dr. Nicolae Har <\/a> <br><a href=\"https:\/\/biogeo.ubbcluj.ro\/gta\/wp-content\/uploads\/2026\/02\/CV-Sasaran-.pdf\" data-type=\"attachment\" data-id=\"3097\">Conf. dr. S\u0103s\u0103ran Emanoil-Florin<\/a><br><a href=\"https:\/\/biogeo.ubbcluj.ro\/gta\/wp-content\/uploads\/2026\/02\/CV_Balica-en-2026.pdf\" data-type=\"attachment\" data-id=\"2909\">Lector dr. Balica Constantin<\/a><\/td><td><a href=\"https:\/\/biogeo.ubbcluj.ro\/gta\/wp-content\/uploads\/2026\/02\/CV_Tamas-CG_Engl.pdf\" data-type=\"attachment\" data-id=\"2818\">Conf. dr. C\u0103lin Gabriel T\u0103ma\u0219<\/a><\/td><\/tr><tr><td class=\"has-text-align-center\" data-align=\"center\">20<\/td><td><strong>Bordeianu Marian <\/strong><strong><\/strong><\/td><td class=\"has-text-align-center\" data-align=\"center\">2017<\/td><td>Prof. dr. Corina Ionescu <br><a href=\"https:\/\/biogeo.ubbcluj.ro\/gta\/wp-content\/uploads\/2026\/02\/CV-Forray_ENG-2026.pdf\" data-type=\"attachment\" data-id=\"3045\">Conf. dr. Forray Ferenc-Lazar<\/a> <br><a href=\"https:\/\/biogeo.ubbcluj.ro\/gta\/wp-content\/uploads\/2026\/01\/Tantau-Ioan_CV.pdf\" data-type=\"attachment\" data-id=\"2571\">Conf. dr. Ioan Tan\u021b\u0103u<\/a><\/td><td><a href=\"https:\/\/biogeo.ubbcluj.ro\/gta\/wp-content\/uploads\/2026\/02\/EU_CV_Codrea-Vlad-2026.pdf\" data-type=\"attachment\" data-id=\"2809\">Prof. dr. Vlad Codrea<\/a><\/td><\/tr><tr><td class=\"has-text-align-center\" data-align=\"center\">21<\/td><td><strong>Opri\u0219a Alin<\/strong><\/td><td class=\"has-text-align-center\" data-align=\"center\">2017<\/td><td><a href=\"https:\/\/biogeo.ubbcluj.ro\/gta\/wp-content\/uploads\/2026\/01\/CV_Filipescu.pdf\" data-type=\"attachment\" data-id=\"2649\">Prof. dr. Filipescu Sorin<\/a> <br><a href=\"https:\/\/biogeo.ubbcluj.ro\/gta\/wp-content\/uploads\/2026\/02\/CV-Sasaran-.pdf\" data-type=\"attachment\" data-id=\"3097\">Conf. dr. S\u0103s\u0103ran Emanoil-Florin<\/a> <br><a href=\"https:\/\/biogeo.ubbcluj.ro\/gta\/wp-content\/uploads\/2026\/02\/CV_George-Ples.pdf\" data-type=\"attachment\" data-id=\"2910\">Lector dr. Ple\u0219 George<\/a><\/td><td><a href=\"https:\/\/biogeo.ubbcluj.ro\/gta\/wp-content\/uploads\/2026\/01\/CURRICULUM-VITAE_Bucur.pdf\" data-type=\"attachment\" data-id=\"2655\">Acad. Prof. dr. Bucur Ioan<\/a><\/td><\/tr><tr><td class=\"has-text-align-center\" data-align=\"center\">22<\/td><td><strong>Diaconu Andrei Cosmin <\/strong><strong><\/strong><\/td><td class=\"has-text-align-center\" data-align=\"center\">2016<\/td><td><a href=\"https:\/\/biogeo.ubbcluj.ro\/gta\/wp-content\/uploads\/2026\/01\/Tantau-Ioan_CV.pdf\" data-type=\"attachment\" data-id=\"2571\">Conf. dr. Ioan Tan\u021b\u0103u<\/a><a href=\"https:\/\/biogeo.ubbcluj.ro\/gta\/wp-content\/uploads\/2026\/01\/CV_Filipescu.pdf\" data-type=\"attachment\" data-id=\"2649\"> <\/a><br><a href=\"https:\/\/biogeo.ubbcluj.ro\/gta\/wp-content\/uploads\/2026\/02\/Tudor-Tamas-cv.pdf\" data-type=\"attachment\" data-id=\"3058\">Lector dr. Tudor T\u0103ma\u0219<\/a> <br><a href=\"https:\/\/biogeo.ubbcluj.ro\/gta\/wp-content\/uploads\/2026\/02\/Curriculum_vitae_LSilye_EN.pdf\" data-type=\"attachment\" data-id=\"3125\">Lector dr. Lorand Silye<\/a> <\/td><td><a href=\"https:\/\/biogeo.ubbcluj.ro\/gta\/wp-content\/uploads\/2026\/01\/CV_Filipescu.pdf\" data-type=\"attachment\" data-id=\"2649\">Prof. dr. Filipescu Sorin<\/a><\/td><\/tr><tr><td class=\"has-text-align-center\" data-align=\"center\">23<\/td><td><strong>Panait Andrei&nbsp;&nbsp;&nbsp;<\/strong><\/td><td class=\"has-text-align-center\" data-align=\"center\">2016<\/td><td><a href=\"https:\/\/biogeo.ubbcluj.ro\/gta\/wp-content\/uploads\/2026\/01\/Tantau-Ioan_CV.pdf\" data-type=\"attachment\" data-id=\"2571\">Conf. dr. Ioan Tan\u021b\u0103u <\/a><br><a href=\"https:\/\/biogeo.ubbcluj.ro\/gta\/wp-content\/uploads\/2026\/01\/CV_Filipescu.pdf\" data-type=\"attachment\" data-id=\"2649\">Prof. dr. Filipescu Sorin <\/a><br><a href=\"https:\/\/starubb.institute.ubbcluj.ro\/wp-content\/uploads\/2023\/12\/Onac_CV_Publ_Cluj_RO.pdf\">Prof. dr. Bogdan Onac<\/a><\/td><td><a href=\"https:\/\/biogeo.ubbcluj.ro\/gta\/wp-content\/uploads\/2026\/02\/CV-Forray_ENG-2026.pdf\" data-type=\"attachment\" data-id=\"3045\">Conf. dr. Forray Ferenc-Lazar<\/a><\/td><\/tr><tr><td class=\"has-text-align-center\" data-align=\"center\">24<\/td><td><strong>Floric\u0103 Stefan&nbsp;&nbsp;&nbsp;<\/strong><\/td><td class=\"has-text-align-center\" data-align=\"center\">2015<\/td><td><a href=\"https:\/\/biogeo.ubbcluj.ro\/gta\/wp-content\/uploads\/2026\/01\/CV_Filipescu.pdf\" data-type=\"attachment\" data-id=\"2649\">Prof. Dr. Sorin Filipescu <\/a><br>Prof. Dr. Corina Ionescu <br>Lector dr. Ovidiu Barbu<\/td><td><a href=\"https:\/\/biogeo.ubbcluj.ro\/gta\/wp-content\/uploads\/2026\/02\/EU_CV_Codrea-Vlad-2026.pdf\" data-type=\"attachment\" data-id=\"2809\">Prof. dr. Vlad Codrea<\/a><\/td><\/tr><tr><td class=\"has-text-align-center\" data-align=\"center\">25<\/td><td><strong>K\u00f6vecsi Szabolcs Attila<\/strong><strong><\/strong><\/td><td class=\"has-text-align-center\" data-align=\"center\">2014<\/td><td><a href=\"https:\/\/biogeo.ubbcluj.ro\/gta\/wp-content\/uploads\/2026\/01\/CURRICULUM-VITAE_Bucur.pdf\" data-type=\"attachment\" data-id=\"2655\">Prof. Dr. Ioan Bucur <\/a><br><a href=\"https:\/\/biogeo.ubbcluj.ro\/gta\/wp-content\/uploads\/2026\/02\/CV-Sasaran-.pdf\" data-type=\"attachment\" data-id=\"3097\">Conf. dr. S\u0103s\u0103ran Emanoil-Florin<\/a><br><a href=\"https:\/\/biogeo.ubbcluj.ro\/gta\/wp-content\/uploads\/2026\/02\/Curriculum_vitae_LSilye_EN.pdf\" data-type=\"attachment\" data-id=\"3125\">Lector dr. Lorand Silye<\/a> <\/td><td><a href=\"https:\/\/biogeo.ubbcluj.ro\/gta\/wp-content\/uploads\/2026\/01\/CV_Filipescu.pdf\" data-type=\"attachment\" data-id=\"2649\">Prof. dr. Sorin Filipescu<\/a><\/td><\/tr><\/tbody><\/table><\/figure>\n<\/div>\n<\/div>\n<\/div>\n<\/div>\n<\/div><\/div>\n\n\n\n<p><\/p>\n\n\n\n<p><\/p>\n","protected":false},"excerpt":{"rendered":"<p>Membri Comisii de \u00eendrumare \u015fi integritate academic\u0103 &#8211; CV-uri 2020-2026 Nr. crt. Doctorand An \u00eenmatr. Comisia de \u00eendrumare \u015fi integritate academic\u0103 Conduc\u0103tor doctorat &nbsp;1 Ciuclea Mircea Alexandru 2025 Dr. Seghedi Antoneta (Institutul Na\u021bional de Geologie \u015fi Geoecologie Marin\u0103, Bucure\u0219ti) Conf. dr. S\u0103s\u0103ran Emanoil-FlorinLector dr. Balica Constantin Prof. dr. habil. Ioan&hellip;<\/p>\n","protected":false},"author":2,"featured_media":0,"parent":0,"menu_order":0,"comment_status":"closed","ping_status":"closed","template":"fullwidth-template.php","meta":{"footnotes":""},"class_list":["post-2845","page","type-page","status-publish","hentry"],"_links":{"self":[{"href":"https:\/\/biogeo.ubbcluj.ro\/gta\/index.php?rest_route=\/wp\/v2\/pages\/2845","targetHints":{"allow":["GET"]}}],"collection":[{"href":"https:\/\/biogeo.ubbcluj.ro\/gta\/index.php?rest_route=\/wp\/v2\/pages"}],"about":[{"href":"https:\/\/biogeo.ubbcluj.ro\/gta\/index.php?rest_route=\/wp\/v2\/types\/page"}],"author":[{"embeddable":true,"href":"https:\/\/biogeo.ubbcluj.ro\/gta\/index.php?rest_route=\/wp\/v2\/users\/2"}],"replies":[{"embeddable":true,"href":"https:\/\/biogeo.ubbcluj.ro\/gta\/index.php?rest_route=%2Fwp%2Fv2%2Fcomments&post=2845"}],"version-history":[{"count":85,"href":"https:\/\/biogeo.ubbcluj.ro\/gta\/index.php?rest_route=\/wp\/v2\/pages\/2845\/revisions"}],"predecessor-version":[{"id":3127,"href":"https:\/\/biogeo.ubbcluj.ro\/gta\/index.php?rest_route=\/wp\/v2\/pages\/2845\/revisions\/3127"}],"wp:attachment":[{"href":"https:\/\/biogeo.ubbcluj.ro\/gta\/index.php?rest_route=%2Fwp%2Fv2%2Fmedia&parent=2845"}],"curies":[{"name":"wp","href":"https:\/\/api.w.org\/{rel}","templated":true}]}}