{"id":27,"date":"2021-04-22T07:24:49","date_gmt":"2021-04-22T07:24:49","guid":{"rendered":"https:\/\/biogeo.ubbcluj.ro\/gta\/?page_id=27"},"modified":"2026-04-24T06:28:13","modified_gmt":"2026-04-24T06:28:13","slug":"alumni","status":"publish","type":"page","link":"https:\/\/biogeo.ubbcluj.ro\/gta\/?page_id=27","title":{"rendered":"Alumni"},"content":{"rendered":"\n<p class=\"has-text-align-left\"><\/p>\n\n\n\n<div class=\"wp-block-media-text alignwide is-stacked-on-mobile\" style=\"grid-template-columns:25% auto\"><figure class=\"wp-block-media-text__media\"><img loading=\"lazy\" decoding=\"async\" width=\"890\" height=\"1024\" src=\"https:\/\/biogeo.ubbcluj.ro\/gta\/wp-content\/uploads\/2021\/10\/LAZAR_BOTOND_ARPAD-1-890x1024.png\" alt=\"\" class=\"wp-image-265 size-thumbnail\" srcset=\"https:\/\/biogeo.ubbcluj.ro\/gta\/wp-content\/uploads\/2021\/10\/LAZAR_BOTOND_ARPAD-1-890x1024.png 890w, https:\/\/biogeo.ubbcluj.ro\/gta\/wp-content\/uploads\/2021\/10\/LAZAR_BOTOND_ARPAD-1-261x300.png 261w, https:\/\/biogeo.ubbcluj.ro\/gta\/wp-content\/uploads\/2021\/10\/LAZAR_BOTOND_ARPAD-1-768x883.png 768w, https:\/\/biogeo.ubbcluj.ro\/gta\/wp-content\/uploads\/2021\/10\/LAZAR_BOTOND_ARPAD-1-1336x1536.png 1336w, https:\/\/biogeo.ubbcluj.ro\/gta\/wp-content\/uploads\/2021\/10\/LAZAR_BOTOND_ARPAD-1-1781x2048.png 1781w\" sizes=\"auto, (max-width: 890px) 100vw, 890px\" \/><\/figure><div class=\"wp-block-media-text__content\">\n<p><strong>Dr. Botond Lazar<\/strong><\/p>\n\n\n\n<p><\/p>\n\n\n\n<p><\/p>\n\n\n\n<p><a href=\"mircescu_cristian2005@yahoo.com\">e-mail<\/a><\/p>\n<\/div><\/div>\n\n\n\n<p class=\"has-text-align-left\"><\/p>\n\n\n\n<div class=\"wp-block-media-text alignwide is-stacked-on-mobile\" style=\"grid-template-columns:25% auto\"><figure class=\"wp-block-media-text__media\"><img loading=\"lazy\" decoding=\"async\" width=\"142\" height=\"150\" src=\"https:\/\/biogeo.ubbcluj.ro\/gta\/wp-content\/uploads\/2021\/04\/Mircescu-142x150.jpg\" alt=\"\" class=\"wp-image-125 size-thumbnail\"\/><\/figure><div class=\"wp-block-media-text__content\">\n<p><strong>Dr. Cristian Mircescu<\/strong><\/p>\n\n\n\n<p>\u0218ef lucr\u0103ri, Departamentul de Geologie<\/p>\n\n\n\n<p>Muzeul de Mineralogie al UBB<\/p>\n\n\n\n<p><a href=\"mircescu_cristian2005@yahoo.com\">e-mail<\/a><\/p>\n<\/div><\/div>\n\n\n\n<hr class=\"wp-block-separator has-css-opacity is-style-wide\"\/>\n\n\n\n<div class=\"wp-block-media-text alignwide is-stacked-on-mobile\" style=\"grid-template-columns:25% auto\"><figure class=\"wp-block-media-text__media\"><img loading=\"lazy\" decoding=\"async\" width=\"142\" height=\"170\" src=\"https:\/\/biogeo.ubbcluj.ro\/gta\/wp-content\/uploads\/2021\/04\/TamasD.jpg\" alt=\"\" class=\"wp-image-127 size-thumbnail\"\/><\/figure><div class=\"wp-block-media-text__content\">\n<p><strong>Dr. Dan Mircea T\u0103ma\u0219<\/strong><\/p>\n\n\n\n<p>\u0218ef lucr\u0103ri, Departamentul de Geologie<\/p>\n\n\n\n<p>Modelare analoag\u0103, geologie structural\u0103, tectonica s\u0103rii, geologia hidrocarburilor<\/p>\n\n\n\n<p>Universitatea Babe\u0219-Bolyai, Cluj-Napoca<\/p>\n\n\n\n<p><a class=\"\" href=\"mailto:danmircea.tamas@gmail.com\">e-mail<\/a><\/p>\n<\/div><\/div>\n\n\n\n<hr class=\"wp-block-separator has-css-opacity is-style-wide\"\/>\n\n\n\n<div class=\"wp-block-media-text alignwide is-stacked-on-mobile\" style=\"grid-template-columns:25% auto\"><figure class=\"wp-block-media-text__media\"><img loading=\"lazy\" decoding=\"async\" width=\"142\" height=\"170\" src=\"https:\/\/biogeo.ubbcluj.ro\/gta\/wp-content\/uploads\/2021\/04\/Trif.jpg\" alt=\"\" class=\"wp-image-128 size-thumbnail\"\/><\/figure><div class=\"wp-block-media-text__content\">\n<p><strong>&nbsp;Dr. Nicolae Trif <\/strong><\/p>\n\n\n\n<p>Muzeul de Istorie Natural\u0103, parte din Muzeul National Brukenthal Sibiu, Romania<\/p>\n<\/div><\/div>\n\n\n\n<hr class=\"wp-block-separator has-css-opacity is-style-wide\"\/>\n\n\n\n<div class=\"wp-block-media-text alignwide is-stacked-on-mobile\" style=\"grid-template-columns:25% auto\"><figure class=\"wp-block-media-text__media\"><img loading=\"lazy\" decoding=\"async\" width=\"170\" height=\"198\" src=\"https:\/\/biogeo.ubbcluj.ro\/gta\/wp-content\/uploads\/2021\/04\/Mirea.jpg\" alt=\"\" class=\"wp-image-129 size-thumbnail\"\/><\/figure><div class=\"wp-block-media-text__content\">\n<p><strong>Dr. Ionu\u021b-Cornel MIREA&nbsp;<\/strong><\/p>\n\n\n\n<p><br>Cercet\u0103tor \u0219tiin\u021bific<br><\/p>\n\n\n\n<p>Institutul de Speologie &#8220;Emil Racovi\u021b\u0103&#8221; Bucure\u0219ti<\/p>\n<\/div><\/div>\n\n\n\n<hr class=\"wp-block-separator has-css-opacity is-style-wide\"\/>\n\n\n\n<div class=\"wp-block-media-text alignwide is-stacked-on-mobile\" style=\"grid-template-columns:25% auto\"><figure class=\"wp-block-media-text__media\"><img loading=\"lazy\" decoding=\"async\" width=\"257\" height=\"300\" src=\"https:\/\/biogeo.ubbcluj.ro\/gta\/wp-content\/uploads\/2021\/04\/Neamtu-RO-257x300-1.png\" alt=\"\" class=\"wp-image-131 size-thumbnail\"\/><\/figure><div class=\"wp-block-media-text__content\">\n<p><strong>Dr. Olimpiu-Augustin Neam\u021bu&nbsp;<\/strong><\/p>\n\n\n\n<p>Inginer geolog &#8211; Astaldi S.p.A., Arad, Rom\u00e2nia<\/p>\n<\/div><\/div>\n\n\n\n<hr class=\"wp-block-separator has-css-opacity is-style-wide\"\/>\n\n\n\n<div class=\"wp-block-media-text alignwide is-stacked-on-mobile\" style=\"grid-template-columns:25% auto\"><figure class=\"wp-block-media-text__media\"><img loading=\"lazy\" decoding=\"async\" width=\"150\" height=\"150\" src=\"https:\/\/biogeo.ubbcluj.ro\/gta\/wp-content\/uploads\/2021\/04\/Ramona-Chelaru-150x150-1.png\" alt=\"\" class=\"wp-image-132 size-thumbnail\"\/><\/figure><div class=\"wp-block-media-text__content\">\n<p><strong>Dr. Paula-Ramona CHELARU<\/strong><\/p>\n\n\n\n<p>Service Desk ANALYST Endava<\/p>\n<\/div><\/div>\n\n\n\n<hr class=\"wp-block-separator has-css-opacity is-style-wide\"\/>\n\n\n\n<div class=\"wp-block-media-text alignwide is-stacked-on-mobile\" style=\"grid-template-columns:25% auto\"><figure class=\"wp-block-media-text__media\"><img loading=\"lazy\" decoding=\"async\" width=\"225\" height=\"225\" src=\"https:\/\/biogeo.ubbcluj.ro\/gta\/wp-content\/uploads\/2021\/04\/download.png\" alt=\"\" class=\"wp-image-134 size-thumbnail\" srcset=\"https:\/\/biogeo.ubbcluj.ro\/gta\/wp-content\/uploads\/2021\/04\/download.png 225w, https:\/\/biogeo.ubbcluj.ro\/gta\/wp-content\/uploads\/2021\/04\/download-150x150.png 150w\" sizes=\"auto, (max-width: 225px) 100vw, 225px\" \/><\/figure><div class=\"wp-block-media-text__content\">\n<p><strong>Dr. M\u0103d\u0103lina-Elena KALLANXHI<\/strong><\/p>\n\n\n\n<p>Institutul Geologic Albanez, Albania<\/p>\n<\/div><\/div>\n\n\n\n<hr class=\"wp-block-separator has-css-opacity is-style-wide\"\/>\n\n\n\n<div class=\"wp-block-media-text alignwide is-stacked-on-mobile\" style=\"grid-template-columns:25% auto\"><figure class=\"wp-block-media-text__media\"><img loading=\"lazy\" decoding=\"async\" width=\"225\" height=\"225\" src=\"https:\/\/biogeo.ubbcluj.ro\/gta\/wp-content\/uploads\/2021\/04\/download.png\" alt=\"\" class=\"wp-image-134 size-thumbnail\" srcset=\"https:\/\/biogeo.ubbcluj.ro\/gta\/wp-content\/uploads\/2021\/04\/download.png 225w, https:\/\/biogeo.ubbcluj.ro\/gta\/wp-content\/uploads\/2021\/04\/download-150x150.png 150w\" sizes=\"auto, (max-width: 225px) 100vw, 225px\" \/><\/figure><div class=\"wp-block-media-text__content\">\n<p><strong>Dr. Alexandra Mihaela ENEA-GIURGIU<\/strong><\/p>\n<\/div><\/div>\n\n\n\n<hr class=\"wp-block-separator has-css-opacity aligncenter is-style-wide\"\/>\n\n\n\n<div class=\"wp-block-media-text alignwide is-stacked-on-mobile\" style=\"grid-template-columns:25% auto\"><figure class=\"wp-block-media-text__media\"><img loading=\"lazy\" decoding=\"async\" width=\"225\" height=\"225\" src=\"https:\/\/biogeo.ubbcluj.ro\/gta\/wp-content\/uploads\/2021\/04\/download.png\" alt=\"\" class=\"wp-image-134 size-thumbnail\" srcset=\"https:\/\/biogeo.ubbcluj.ro\/gta\/wp-content\/uploads\/2021\/04\/download.png 225w, https:\/\/biogeo.ubbcluj.ro\/gta\/wp-content\/uploads\/2021\/04\/download-150x150.png 150w\" sizes=\"auto, (max-width: 225px) 100vw, 225px\" \/><\/figure><div class=\"wp-block-media-text__content\">\n<p><strong>Dr. Szabolcs Attila K\u00f6vecsi<\/strong><\/p>\n\n\n\n<p>Tehnician, Departamentul de Geologie, Postdoctorand SDGTA 2022-2024<\/p>\n\n\n\n<p>Universitatea Babe\u0219-Bolyai, Cluj-Napoca<\/p>\n<\/div><\/div>\n\n\n\n<hr class=\"wp-block-separator has-css-opacity is-style-wide\"\/>\n\n\n\n<p><br><\/p>\n","protected":false},"excerpt":{"rendered":"<p>Dr. Botond Lazar e-mail Dr. Cristian Mircescu \u0218ef lucr\u0103ri, Departamentul de Geologie Muzeul de Mineralogie al UBB e-mail Dr. Dan Mircea T\u0103ma\u0219 \u0218ef lucr\u0103ri, Departamentul de Geologie Modelare analoag\u0103, geologie structural\u0103, tectonica s\u0103rii, geologia hidrocarburilor Universitatea Babe\u0219-Bolyai, Cluj-Napoca e-mail &nbsp;Dr. Nicolae Trif Muzeul de Istorie Natural\u0103, parte din Muzeul National&hellip;<\/p>\n","protected":false},"author":1,"featured_media":0,"parent":0,"menu_order":0,"comment_status":"closed","ping_status":"closed","template":"fullwidth-template.php","meta":{"footnotes":""},"class_list":["post-27","page","type-page","status-publish","hentry"],"_links":{"self":[{"href":"https:\/\/biogeo.ubbcluj.ro\/gta\/index.php?rest_route=\/wp\/v2\/pages\/27","targetHints":{"allow":["GET"]}}],"collection":[{"href":"https:\/\/biogeo.ubbcluj.ro\/gta\/index.php?rest_route=\/wp\/v2\/pages"}],"about":[{"href":"https:\/\/biogeo.ubbcluj.ro\/gta\/index.php?rest_route=\/wp\/v2\/types\/page"}],"author":[{"embeddable":true,"href":"https:\/\/biogeo.ubbcluj.ro\/gta\/index.php?rest_route=\/wp\/v2\/users\/1"}],"replies":[{"embeddable":true,"href":"https:\/\/biogeo.ubbcluj.ro\/gta\/index.php?rest_route=%2Fwp%2Fv2%2Fcomments&post=27"}],"version-history":[{"count":21,"href":"https:\/\/biogeo.ubbcluj.ro\/gta\/index.php?rest_route=\/wp\/v2\/pages\/27\/revisions"}],"predecessor-version":[{"id":2620,"href":"https:\/\/biogeo.ubbcluj.ro\/gta\/index.php?rest_route=\/wp\/v2\/pages\/27\/revisions\/2620"}],"wp:attachment":[{"href":"https:\/\/biogeo.ubbcluj.ro\/gta\/index.php?rest_route=%2Fwp%2Fv2%2Fmedia&parent=27"}],"curies":[{"name":"wp","href":"https:\/\/api.w.org\/{rel}","templated":true}]}}