{"id":2695,"date":"2026-01-30T13:13:55","date_gmt":"2026-01-30T13:13:55","guid":{"rendered":"https:\/\/biogeo.ubbcluj.ro\/gta\/?page_id=2695"},"modified":"2026-03-02T14:02:56","modified_gmt":"2026-03-02T14:02:56","slug":"abilitare","status":"publish","type":"page","link":"https:\/\/biogeo.ubbcluj.ro\/gta\/?page_id=2695","title":{"rendered":"Abilitare"},"content":{"rendered":"\n<p><a href=\"https:\/\/doctorat.ubbcluj.ro\/ro\/abilitarea-si-conducatorii-de-doctorat\/\"><strong>Abilitarea la UBB<\/strong><\/a><\/p>\n\n\n\n<p class=\"has-vivid-cyan-blue-color has-text-color\" style=\"font-size:15px\"><strong><a href=\"https:\/\/senat.ubbcluj.ro\/wp-content\/uploads\/2024\/06\/HS-nr.-78-referitoare-la-aprobarea-Regulamentului-UBB-de-abilitare.pdf\" data-type=\"URL\" data-id=\"https:\/\/senat.ubbcluj.ro\/wp-content\/uploads\/2024\/06\/HS-nr.-78-referitoare-la-aprobarea-Regulamentului-UBB-de-abilitare.pdf\">Regulamentul UBB de abilitare \u0219i cooptare conduc\u0103tori de doctorat<\/a><\/strong><\/p>\n\n\n\n<p class=\"has-vivid-cyan-blue-color has-text-color has-link-color wp-elements-8791bbd71dcd457e68bf007edf1b4287\" style=\"font-size:15px\"><a href=\"https:\/\/www.ubbcluj.ro\/ro\/infoubb\/posturi_vacante\/files\/Ordin%206.129_2016%20standarde%20minimale%20ocupare%20posturi.pdf\"><strong>Standarde minimale<\/strong> CNATDCU pentru abilitare<\/a>. La acestea se adaug\u0103 <a href=\"https:\/\/www.ubbcluj.ro\/ro\/infoubb\/posturi_vacante\/files\/HSEN_17329_23_11_2020.pdf\"><span style=\"text-decoration: underline;\"><strong>standarde suplimentare<\/strong><\/span><\/a> propuse de Facultate pentru domeniul Geologie.<\/p>\n\n\n\n<p id=\"block-f41d8ee7-ad08-46b7-aeaa-223a275347c9\" style=\"font-size:14px\"><strong><a rel=\"noreferrer noopener\" href=\"https:\/\/biogeo.ubbcluj.ro\/gta\/wp-content\/uploads\/2023\/03\/Ghid-de-abilitare-2012.pdf\" target=\"_blank\">Ghidul de elaborare a tezei de abilitare<\/a><\/strong>. Standardele de citare sunt identice cu cele folosite \u00een redactarea tezei de doctorat (<a rel=\"noreferrer noopener\" href=\"https:\/\/biogeo.ubbcluj.ro\/gta\/wp-content\/uploads\/2023\/03\/Anexa-2-Regulament-SD-Geologie.pdf\" data-type=\"URL\" data-id=\"https:\/\/biogeo.ubbcluj.ro\/gta\/wp-content\/uploads\/2023\/03\/Anexa-2-Regulament-SD-Geologie.pdf\" target=\"_blank\">Anexa 2<\/a> la Regulamentul SD).<\/p>\n\n\n\n<p style=\"font-size:15px\"><a href=\"https:\/\/www.edu.ro\/abilitare-0\"><strong>Legisla\u021bie abilitare<\/strong><\/a><\/p>\n\n\n\n<div class=\"wp-block-group is-vertical is-layout-flex wp-container-core-group-is-layout-8cf370e7 wp-block-group-is-layout-flex\">\n<p><strong>Afilierea la SDGTA<\/strong>:<\/p>\n\n\n\n<p id=\"block-c9a50006-e864-4ce9-9d50-139a839ce5b2\" style=\"font-size:14px\"><strong><a href=\"https:\/\/biogeo.ubbcluj.ro\/gta\/wp-content\/uploads\/2023\/03\/Anexa-1_Conditii-pentru-abilitare.pdf\" data-type=\"URL\" data-id=\"https:\/\/biogeo.ubbcluj.ro\/gta\/wp-content\/uploads\/2023\/03\/Anexa-1_Conditii-pentru-abilitare.pdf\" target=\"_blank\" rel=\"noreferrer noopener\">Condi\u021bii pentru afilierea conduc\u0103torilor de doctorat la SDGTA<\/a><\/strong><\/p>\n\n\n\n<div class=\"wp-block-group is-vertical is-layout-flex wp-container-core-group-is-layout-8cf370e7 wp-block-group-is-layout-flex\">\n<p>Lista documente:<\/p>\n\n\n\n<ul class=\"wp-block-list\">\n<li style=\"font-size:15px\">cerere (format liber)<\/li>\n\n\n\n<li style=\"font-size:15px\">atestat abilitare<\/li>\n\n\n\n<li style=\"font-size:15px\"><a href=\"https:\/\/biogeo.ubbcluj.ro\/gta\/wp-content\/uploads\/2026\/02\/Fisa-verificare-a-indeplinirii-standardelor-CNATDCU_abilitare_SDGTA.pdf\" data-type=\"attachment\" data-id=\"2828\">Fisa de verificare a \u00eendeplinirii standardelor CNATDCU si UBB<\/a> pentru domeniul Geologie<\/li>\n\n\n\n<li style=\"font-size:15px\">CV<\/li>\n\n\n\n<li style=\"font-size:15px\">document care sa con\u021bin\u0103 informa\u021bii despre: a) direc\u021bii\/teme de cercetare pe care candida\u021bii inten\u021bioneaz\u0103 s\u0103 le dezvolte in viitor; b) facilit\u0103\u021bile experimentale pe care candida\u021bii le coordoneaz\u0103, cele la care au acces precum si cele pe care inten\u021bioneaz\u0103 s\u0103 le dezvolte in viitor; c) capacitatea de forma \u0219i coordona colective \u0219i\/sau centre de cercetare recunoscute na\u021bional\/interna\u021bional; d) capacitatea de a ob\u021bine resurse financiare necesare pentru buna derulare a programului de cercetare propus; e) angajamentul s\u0103 respecte <a href=\"https:\/\/www.ubbcluj.ro\/ro\/despre\/organizare\/files\/etica\/Codul_Etic_al_UBB.pdf\">Codul etic al UBB<\/a>.<\/li>\n<\/ul>\n<\/div>\n<\/div>\n\n\n\n<p><\/p>\n\n\n\n<p><\/p>\n","protected":false},"excerpt":{"rendered":"<p>Abilitarea la UBB Regulamentul UBB de abilitare \u0219i cooptare conduc\u0103tori de doctorat Standarde minimale CNATDCU pentru abilitare. La acestea se adaug\u0103 standarde suplimentare propuse de Facultate pentru domeniul Geologie. Ghidul de elaborare a tezei de abilitare. Standardele de citare sunt identice cu cele folosite \u00een redactarea tezei de doctorat (Anexa&hellip;<\/p>\n","protected":false},"author":2,"featured_media":0,"parent":0,"menu_order":0,"comment_status":"closed","ping_status":"closed","template":"fullwidth-template.php","meta":{"footnotes":""},"class_list":["post-2695","page","type-page","status-publish","hentry"],"_links":{"self":[{"href":"https:\/\/biogeo.ubbcluj.ro\/gta\/index.php?rest_route=\/wp\/v2\/pages\/2695","targetHints":{"allow":["GET"]}}],"collection":[{"href":"https:\/\/biogeo.ubbcluj.ro\/gta\/index.php?rest_route=\/wp\/v2\/pages"}],"about":[{"href":"https:\/\/biogeo.ubbcluj.ro\/gta\/index.php?rest_route=\/wp\/v2\/types\/page"}],"author":[{"embeddable":true,"href":"https:\/\/biogeo.ubbcluj.ro\/gta\/index.php?rest_route=\/wp\/v2\/users\/2"}],"replies":[{"embeddable":true,"href":"https:\/\/biogeo.ubbcluj.ro\/gta\/index.php?rest_route=%2Fwp%2Fv2%2Fcomments&post=2695"}],"version-history":[{"count":30,"href":"https:\/\/biogeo.ubbcluj.ro\/gta\/index.php?rest_route=\/wp\/v2\/pages\/2695\/revisions"}],"predecessor-version":[{"id":3184,"href":"https:\/\/biogeo.ubbcluj.ro\/gta\/index.php?rest_route=\/wp\/v2\/pages\/2695\/revisions\/3184"}],"wp:attachment":[{"href":"https:\/\/biogeo.ubbcluj.ro\/gta\/index.php?rest_route=%2Fwp%2Fv2%2Fmedia&parent=2695"}],"curies":[{"name":"wp","href":"https:\/\/api.w.org\/{rel}","templated":true}]}}