{"id":12,"date":"2021-04-22T07:17:52","date_gmt":"2021-04-22T07:17:52","guid":{"rendered":"https:\/\/biogeo.ubbcluj.ro\/gta\/?page_id=12"},"modified":"2026-03-11T10:28:59","modified_gmt":"2026-03-11T10:28:59","slug":"acasa","status":"publish","type":"page","link":"https:\/\/biogeo.ubbcluj.ro\/gta\/","title":{"rendered":"Acas\u0103"},"content":{"rendered":"\n<div class=\"wp-block-nextend-smartslider3\"><\/div>\n\n\n\n<div class=\"wp-block-columns is-layout-flex wp-container-core-columns-is-layout-9d6595d7 wp-block-columns-is-layout-flex\">\n<div class=\"wp-block-column is-layout-flow wp-block-column-is-layout-flow\" style=\"flex-basis:100%\">\n<div class=\"wp-block-columns are-vertically-aligned-top is-layout-flex wp-container-core-columns-is-layout-9d6595d7 wp-block-columns-is-layout-flex\">\n<div class=\"wp-block-column is-vertically-aligned-top is-layout-flow wp-block-column-is-layout-flow\">\n<p><\/p>\n\n\n\n<h3 class=\"wp-block-heading has-text-align-center has-vivid-red-color has-text-color\" style=\"font-size:18px\"><strong>Nout\u0103\u021bi<\/strong><\/h3>\n\n\n\n<hr class=\"wp-block-separator has-css-opacity is-style-wide\"\/>\n\n\n\n<p class=\"has-text-align-center has-pale-cyan-blue-background-color has-background has-medium-font-size\"><strong><a href=\"https:\/\/biogeo.ubbcluj.ro\/gta\/?page_id=24\" data-type=\"URL\" data-id=\"https:\/\/biogeo.ubbcluj.ro\/gta\/?page_id=24\"><mark style=\"background-color:rgba(0, 0, 0, 0)\" class=\"has-inline-color has-vivid-red-color\">Admitere doctorat 2026<\/mark><\/a><\/strong><\/p>\n\n\n\n<hr class=\"wp-block-separator has-css-opacity is-style-wide\"\/>\n\n\n\n<p class=\"has-text-align-center has-medium-font-size\"><mark style=\"background-color:rgba(0, 0, 0, 0)\" class=\"has-inline-color has-vivid-red-color\"><strong><a href=\"https:\/\/biogeo.ubbcluj.ro\/gta\/?page_id=2695\">Abilitarea <\/a><\/strong><\/mark><\/p>\n\n\n\n<hr class=\"wp-block-separator has-css-opacity is-style-wide\"\/>\n\n\n\n<p class=\"has-text-align-center has-medium-font-size\"><strong><a href=\"https:\/\/doctorat.ubbcluj.ro\/ro\/category\/anunturi\/\">Anun\u021buri ISD<\/a><\/strong><\/p>\n\n\n\n<hr class=\"wp-block-separator has-css-opacity is-style-wide\"\/>\n\n\n\n<p class=\"has-text-align-center\" style=\"font-size:15px\"><a href=\"https:\/\/editura.ubbcluj.ro\/index.php\/puc\/catalog\/book\/4047\">UBB Grows 2026\u00a0<em>Resurse \u0219i programe pentru comunitatea academic\u0103<\/em><\/a><\/p>\n\n\n\n<hr class=\"wp-block-separator has-text-color has-cyan-bluish-gray-color has-alpha-channel-opacity has-cyan-bluish-gray-background-color has-background is-style-wide\"\/>\n\n\n\n<div class=\"wp-block-group is-vertical is-layout-flex wp-container-core-group-is-layout-8cf370e7 wp-block-group-is-layout-flex\">\n<div class=\"wp-block-group is-vertical is-layout-flex wp-container-core-group-is-layout-8cf370e7 wp-block-group-is-layout-flex\">\n<div class=\"wp-block-group is-vertical is-layout-flex wp-container-core-group-is-layout-8cf370e7 wp-block-group-is-layout-flex\">\n<p class=\"has-vivid-cyan-blue-color has-white-background-color has-text-color has-background\" style=\"font-size:14px\"><a href=\"https:\/\/biogeo.ubbcluj.ro\/gta\/?page_id=24\">Admitere doctorat 2025<\/a><\/p>\n\n\n\n<p class=\"has-text-align-left has-vivid-cyan-blue-color has-text-color has-link-color wp-elements-9e0923ada15f295423be2098003eafba\" style=\"font-size:15px\"><a href=\"https:\/\/biogeo.ubbcluj.ro\/gta\/wp-content\/uploads\/2025\/09\/01_Rezultate-admitere-septembrie-2025.pdf\" data-type=\"link\" data-id=\"https:\/\/biogeo.ubbcluj.ro\/gta\/wp-content\/uploads\/2025\/09\/01_Rezultate-admitere-septembrie-2025.pdf\" target=\"_blank\" rel=\"noreferrer noopener\">Rezultate admitere sesiunea septembrie 2025<\/a><\/p>\n\n\n\n<p class=\"has-text-align-left has-vivid-cyan-blue-color has-white-background-color has-text-color has-background\" style=\"font-size:14px\"><a href=\"https:\/\/biogeo.ubbcluj.ro\/gta\/wp-content\/uploads\/2025\/07\/01_Rezultate-admitere-2025.pdf\" target=\"_blank\" rel=\"noreferrer noopener\">Rezultate admitere sesiunea iulie 2025<\/a><\/p>\n\n\n\n<p class=\"has-text-align-left has-vivid-cyan-blue-color has-white-background-color has-text-color has-background\" style=\"font-size:14px\"><a href=\"https:\/\/biogeo.ubbcluj.ro\/gta\/?page_id=24\" data-type=\"URL\" data-id=\"https:\/\/biogeo.ubbcluj.ro\/gta\/?page_id=24\">Admitere 2024<\/a><\/p>\n\n\n\n<h2 class=\"wp-block-heading has-text-align-left has-vivid-cyan-blue-color has-white-background-color has-text-color has-background\" style=\"font-size:14px;font-style:normal;font-weight:400\"><a href=\"https:\/\/biogeo.ubbcluj.ro\/gta\/?page_id=24\">Admitere 2023<\/a><\/h2>\n\n\n\n<p style=\"font-size:14px\"><a rel=\"noreferrer noopener\" href=\"https:\/\/biogeo.ubbcluj.ro\/gta\/?page_id=24\" target=\"_blank\">Admitere &#8211; sesiunea septembrie 2023<\/a><\/p>\n<\/div>\n\n\n\n<p class=\"has-text-align-left\" style=\"font-size:14px\"><a href=\"https:\/\/biogeo.ubbcluj.ro\/gta\/?page_id=24\" data-type=\"URL\" data-id=\"https:\/\/biogeo.ubbcluj.ro\/gta\/?page_id=24\" target=\"_blank\" rel=\"noreferrer noopener\">Rezultate admitere &#8211; sesiunea iulie 2023<\/a><\/p>\n<\/div>\n<\/div>\n\n\n\n<hr class=\"wp-block-separator has-css-opacity is-style-wide\"\/>\n\n\n\n<p class=\"has-small-font-size\"><a rel=\"noreferrer noopener\" href=\"https:\/\/sgroup-unis.eu\/project\/sgroup-phd-cup\" data-type=\"URL\" data-id=\"https:\/\/sgroup-unis.eu\/project\/sgroup-phd-cup\" target=\"_blank\">SGroup Universities in Europe &#8211; PhD Cup &#8220;Training and competition in Science Communication&#8221;<strong>&nbsp;<\/strong><\/a><\/p>\n\n\n\n<hr class=\"wp-block-separator has-text-color has-cyan-bluish-gray-color has-alpha-channel-opacity has-cyan-bluish-gray-background-color has-background is-style-wide\"\/>\n\n\n\n<p class=\"has-vivid-red-color has-pale-cyan-blue-background-color has-text-color has-background has-medium-font-size\"><strong><em><a href=\"https:\/\/biogeo.ubbcluj.ro\/gta\/?page_id=39\"><strong><mark style=\"background-color:rgba(0, 0, 0, 0)\" class=\"has-inline-color has-vivid-red-color\">Programe postdoctorale<\/mark><\/strong><\/a><\/em><\/strong><\/p>\n\n\n\n<hr class=\"wp-block-separator has-css-opacity is-style-wide\"\/>\n\n\n\n<p class=\"has-black-color has-text-color\" style=\"font-size:14px\"><mark style=\"background-color:rgba(0, 0, 0, 0)\" class=\"has-inline-color has-vivid-cyan-blue-color\"><strong><a href=\"https:\/\/biogeo.ubbcluj.ro\/gta\/?page_id=39\" data-type=\"URL\" data-id=\"https:\/\/biogeo.ubbcluj.ro\/gta\/?page_id=39\">Competi\u021bia 2022<\/a><\/strong> <\/mark><mark style=\"background-color:rgba(0, 0, 0, 0)\" class=\"has-inline-color has-black-color\">a proiectului <a href=\"https:\/\/doctorat.ubbcluj.ro\/ro\/apel-de-selectie-doctoranzi-si-cercetatori-postdoctorali-proiectul-pocu-993-6-13-153310-dezvoltarea-competentelor-de-cercetare-avansata-si-aplicata-in-logica-steam-health\/\" data-type=\"URL\" data-id=\"https:\/\/doctorat.ubbcluj.ro\/ro\/apel-de-selectie-doctoranzi-si-cercetatori-postdoctorali-proiectul-pocu-993-6-13-153310-dezvoltarea-competentelor-de-cercetare-avansata-si-aplicata-in-logica-steam-health\/\">POCU\/993\/6\/13\/153310 \u201eDezvoltarea competen\u021belor de cercetare avansat\u0103 \u015fi aplicat\u0103 \u00een logica STEAM + Health\u201d<\/a>, pentru selec\u021bia cercet\u0103torilor postdoctoranzi.  <\/mark><\/p>\n\n\n\n<hr class=\"wp-block-separator has-css-opacity is-style-wide\"\/>\n\n\n\n<p style=\"font-size:14px\"><mark style=\"background-color:rgba(0, 0, 0, 0)\" class=\"has-inline-color has-vivid-cyan-blue-color\"><a href=\"https:\/\/biogeo.ubbcluj.ro\/gta\/wp-content\/uploads\/2022\/06\/OPORTUNITATE-DE-BURSE-PENTRU-CERCETARE-APLICATIVA-.pdf\" data-type=\"URL\" data-id=\"https:\/\/biogeo.ubbcluj.ro\/gta\/wp-content\/uploads\/2022\/06\/OPORTUNITATE-DE-BURSE-PENTRU-CERCETARE-APLICATIVA-.pdf\"><strong>BURSE PENTRU CERCETARE APLICATIV\u0102<\/strong> &#8211; <strong>APEL DE SELEC\u021aIE DOCTORANZI \u0218I CERCET\u0102TORI POSTDOCTORALI <\/strong><\/a><\/mark><\/p>\n\n\n\n<hr class=\"wp-block-separator has-css-opacity is-style-wide\"\/>\n\n\n\n<hr class=\"wp-block-separator has-css-opacity is-style-wide\"\/>\n<\/div>\n\n\n\n<div class=\"wp-block-column is-vertically-aligned-top is-layout-flow wp-block-column-is-layout-flow\">\n<div class=\"wp-block-columns is-layout-flex wp-container-core-columns-is-layout-9d6595d7 wp-block-columns-is-layout-flex\">\n<div class=\"wp-block-column is-vertically-aligned-center is-layout-flow wp-block-column-is-layout-flow\" style=\"flex-basis:100%\">\n<div class=\"wp-block-group\"><div class=\"wp-block-group__inner-container is-layout-flow wp-block-group-is-layout-flow\">\n<div class=\"wp-block-group\"><div class=\"wp-block-group__inner-container is-layout-flow wp-block-group-is-layout-flow\">\n<div class=\"wp-block-group\"><div class=\"wp-block-group__inner-container is-layout-flow wp-block-group-is-layout-flow\">\n<p><\/p>\n\n\n\n<h2 class=\"wp-block-heading has-text-align-center has-vivid-green-cyan-color has-text-color has-link-color wp-elements-008f07a4abbe26445def0b563736df02\" style=\"font-size:18px\"><mark style=\"background-color:rgba(0, 0, 0, 0)\" class=\"has-inline-color has-vivid-red-color\"><strong>Conferin\u021be, prelegeri,<\/strong><\/mark> <\/h2>\n\n\n\n<h2 class=\"wp-block-heading has-text-align-center has-vivid-green-cyan-color has-text-color has-link-color wp-elements-d16e6f3ea9911a20e178078a3191e86c\" style=\"font-size:18px\"><mark style=\"background-color:rgba(0, 0, 0, 0)\" class=\"has-inline-color has-vivid-red-color\"><strong>seminarii<\/strong><\/mark><\/h2>\n\n\n\n<hr class=\"wp-block-separator has-css-opacity is-style-wide\"\/>\n\n\n\n<p class=\"has-text-align-center has-vivid-green-cyan-color has-text-color\"><strong><a href=\"https:\/\/biogeo.ubbcluj.ro\/biota\/\">BIOTA 2026<\/a><\/strong><\/p>\n\n\n\n<p class=\"has-text-align-center has-small-font-size\"><strong>MAY 2026<\/strong><\/p>\n\n\n\n<p class=\"has-text-align-center has-small-font-size\"> Cluj-Napoca<\/p>\n\n\n\n<div class=\"wp-block-group\"><div class=\"wp-block-group__inner-container is-layout-constrained wp-block-group-is-layout-constrained\">\n<hr class=\"wp-block-separator has-css-opacity is-style-wide\"\/>\n<\/div><\/div>\n\n\n\n<p class=\"has-text-align-center\"><strong><a href=\"https:\/\/cbga2026.conference.ubbcluj.ro\/\">CBGA 2026<\/a><\/strong><\/p>\n\n\n\n<p class=\"has-text-align-center has-small-font-size\"><a href=\"https:\/\/cbga2026.conference.ubbcluj.ro\/\">September 9-11, Cluj-Napoca Romania<\/a><\/p>\n\n\n\n<hr class=\"wp-block-separator has-text-color has-cyan-bluish-gray-color has-alpha-channel-opacity has-cyan-bluish-gray-background-color has-background is-style-wide\"\/>\n\n\n\n<p class=\"has-text-align-center\"><a rel=\"noreferrer noopener\" href=\"https:\/\/geo-paleontologica.org\/en\/forthcoming-events\/\" target=\"_blank\"><strong>The 15th Romanian Symposium of Palaeontolog<\/strong><\/a><a href=\"https:\/\/geo-paleontologica.org\/en\/forthcoming-events\/\"><strong>y<\/strong><\/a><\/p>\n\n\n\n<p class=\"has-text-align-center has-small-font-size\">Cluj-Napoca, September 10th-14th, 2025<\/p>\n\n\n\n<hr class=\"wp-block-separator has-text-color has-cyan-bluish-gray-color has-alpha-channel-opacity has-cyan-bluish-gray-background-color has-background is-style-wide\"\/>\n\n\n\n<p class=\"has-text-align-center has-vivid-green-cyan-color has-text-color\"><strong><a href=\"https:\/\/biogeo.ubbcluj.ro\/biota\/\">BIOTA 2025<\/a><\/strong><\/p>\n\n\n\n<p class=\"has-text-align-center has-small-font-size\"><strong>16-17 MAY 2025<\/strong>&nbsp;\u2013 ANIVERSARY&nbsp;&nbsp;X<sup>th&nbsp;<\/sup>&nbsp;EDITION<\/p>\n\n\n\n<p class=\"has-text-align-center has-small-font-size\"> Cluj-Napoca<\/p>\n\n\n\n<p class=\"has-text-align-center has-small-font-size\"><\/p>\n\n\n\n<hr class=\"wp-block-separator has-css-opacity is-style-wide\"\/>\n\n\n<div class=\"aligncenter wp-block-calendar\"><table id=\"wp-calendar\" class=\"wp-calendar-table\">\n\t<caption>May 2026<\/caption>\n\t<thead>\n\t<tr>\n\t\t<th scope=\"col\" aria-label=\"Monday\">M<\/th>\n\t\t<th scope=\"col\" aria-label=\"Tuesday\">T<\/th>\n\t\t<th scope=\"col\" aria-label=\"Wednesday\">W<\/th>\n\t\t<th scope=\"col\" aria-label=\"Thursday\">T<\/th>\n\t\t<th scope=\"col\" aria-label=\"Friday\">F<\/th>\n\t\t<th scope=\"col\" aria-label=\"Saturday\">S<\/th>\n\t\t<th scope=\"col\" aria-label=\"Sunday\">S<\/th>\n\t<\/tr>\n\t<\/thead>\n\t<tbody>\n\t<tr>\n\t\t<td colspan=\"4\" class=\"pad\">&nbsp;<\/td><td id=\"today\">1<\/td><td>2<\/td><td>3<\/td>\n\t<\/tr>\n\t<tr>\n\t\t<td>4<\/td><td>5<\/td><td>6<\/td><td>7<\/td><td>8<\/td><td>9<\/td><td>10<\/td>\n\t<\/tr>\n\t<tr>\n\t\t<td>11<\/td><td>12<\/td><td>13<\/td><td>14<\/td><td>15<\/td><td>16<\/td><td>17<\/td>\n\t<\/tr>\n\t<tr>\n\t\t<td>18<\/td><td>19<\/td><td>20<\/td><td>21<\/td><td>22<\/td><td>23<\/td><td>24<\/td>\n\t<\/tr>\n\t<tr>\n\t\t<td>25<\/td><td>26<\/td><td>27<\/td><td>28<\/td><td>29<\/td><td>30<\/td><td>31<\/td>\n\t<\/tr>\n\t<\/tbody>\n\t<\/table><nav aria-label=\"Previous and next months\" class=\"wp-calendar-nav\">\n\t\t<span class=\"wp-calendar-nav-prev\"><a href=\"https:\/\/biogeo.ubbcluj.ro\/gta\/?m=202104\">&laquo; Apr<\/a><\/span>\n\t\t<span class=\"pad\">&nbsp;<\/span>\n\t\t<span class=\"wp-calendar-nav-next\">&nbsp;<\/span>\n\t<\/nav><\/div><\/div><\/div>\n<\/div><\/div>\n<\/div><\/div>\n<\/div>\n<\/div>\n\n\n\n<p><\/p>\n<\/div>\n\n\n\n<div class=\"wp-block-column is-vertically-aligned-top is-layout-flow wp-block-column-is-layout-flow\">\n<p><\/p>\n\n\n\n<p class=\"has-text-align-center\" style=\"font-size:18px\"><mark style=\"background-color:rgba(0, 0, 0, 0)\" class=\"has-inline-color has-vivid-red-color\"><strong>Sus\u021bineri publice ale tezelor de doctorat<\/strong><\/mark><\/p>\n\n\n\n<hr class=\"wp-block-separator has-text-color has-cyan-bluish-gray-color has-alpha-channel-opacity has-cyan-bluish-gray-background-color has-background is-style-wide\"\/>\n\n\n\n<div class=\"wp-block-group is-vertical is-layout-flex wp-container-core-group-is-layout-8cf370e7 wp-block-group-is-layout-flex\">\n<p style=\"font-size:14px\"><a rel=\"noreferrer noopener\" href=\"https:\/\/biogeo.ubbcluj.ro\/gta\/wp-content\/uploads\/2025\/07\/Afis-sustinere-publica-Botond-Arpad-Lazar_13-sept.-2025.pdf\" data-type=\"URL\" data-id=\"https:\/\/biogeo.ubbcluj.ro\/gta\/wp-content\/uploads\/2025\/07\/Afis-sustinere-publica-Botond-Arpad-Lazar_13-sept.-2025.pdf\" target=\"_blank\">Sustinere publica teza doctorat Botond Arpad Lazar_13-sept.-2025 <\/a><\/p>\n\n\n\n<p style=\"font-size:14px\"><a href=\"https:\/\/biogeo.ubbcluj.ro\/gta\/wp-content\/uploads\/2025\/07\/Afis-sustinere-publica-Veress-Laszlo_16-sept.-2025.pdf\">Sustinere publica teza doctorat Veress Laszlo_16-sept.-2025<\/a><\/p>\n<\/div>\n\n\n\n<hr class=\"wp-block-separator has-css-opacity is-style-wide\"\/>\n\n\n\n<div class=\"wp-block-group is-vertical is-layout-flex wp-container-core-group-is-layout-8cf370e7 wp-block-group-is-layout-flex\">\n<p class=\"has-text-align-center has-vivid-cyan-blue-color has-text-color has-link-color has-medium-font-size wp-elements-f1785376c1b04e5ee14dfc30c1d34861\"><strong><a href=\"https:\/\/doctorat.ubbcluj.ro\/ro\/desfasurarea-studiilor-de-doctorat\/\" data-type=\"URL\" data-id=\"https:\/\/doctorat.ubbcluj.ro\/ro\/desfasurarea-studiilor-de-doctorat\/\">Desf\u0103\u0219urarea studiilor de doctorat <\/a><\/strong><\/p>\n\n\n\n<p class=\"has-text-align-center has-vivid-cyan-blue-color has-white-background-color has-text-color has-background\"><strong><a href=\"https:\/\/doctorat.ubbcluj.ro\/ro\/desfasurarea-studiilor-de-doctorat\/\" data-type=\"URL\" data-id=\"https:\/\/doctorat.ubbcluj.ro\/ro\/desfasurarea-studiilor-de-doctorat\/\"><span style=\"text-decoration: underline;\">Doctoratul european<\/span><\/a><\/strong><\/p>\n<\/div>\n\n\n\n<hr class=\"wp-block-separator has-text-color has-cyan-bluish-gray-color has-alpha-channel-opacity has-cyan-bluish-gray-background-color has-background is-style-wide\"\/>\n\n\n\n<p class=\"has-text-align-center has-medium-font-size\"><strong><a href=\"https:\/\/doctorat.ubbcluj.ro\/ro\/sustinerea-publica-a-tezelor\/\" data-type=\"URL\" data-id=\"https:\/\/doctorat.ubbcluj.ro\/ro\/sustinerea-publica-a-tezelor\/\">Etapele sus\u021binerii tezei de doctorat<\/a><\/strong><\/p>\n\n\n\n<hr class=\"wp-block-separator has-text-color has-cyan-bluish-gray-color has-alpha-channel-opacity has-cyan-bluish-gray-background-color has-background is-style-wide\"\/>\n\n\n\n<p class=\"has-vivid-cyan-blue-color has-text-color\"><a href=\"https:\/\/solicitari.doctorat.ubbcluj.ro\/\"><strong>Platforma&nbsp;<\/strong><\/a>de program\u0103ri pentru depuneri dosare de sus\u021binere \u0219i alte solicit\u0103ri<\/p>\n\n\n\n<hr class=\"wp-block-separator has-css-opacity is-style-wide\"\/>\n\n\n\n<div class=\"wp-block-group is-vertical is-layout-flex wp-container-core-group-is-layout-8cf370e7 wp-block-group-is-layout-flex\">\n<p><strong><a href=\"https:\/\/doctorat.ubbcluj.ro\/ro\/sustinerea-publica-a-tezelor\/\" data-type=\"URL\" data-id=\"https:\/\/doctorat.ubbcluj.ro\/ro\/sustinerea-publica-a-tezelor\/\">Metodologia <\/a><\/strong><a href=\"https:\/\/doctorat.ubbcluj.ro\/ro\/sustinerea-publica-a-tezelor\/\" data-type=\"URL\" data-id=\"https:\/\/doctorat.ubbcluj.ro\/ro\/sustinerea-publica-a-tezelor\/\">de verificare a similitudinilor din tezele de doctorat <\/a><\/p>\n\n\n\n<p><a href=\"https:\/\/biogeo.ubbcluj.ro\/wp-content\/uploads\/2022\/05\/Tutorial-utilizare-serviciul-de-verificare-plagiat-Turnitin.pdf\" data-type=\"URL\" data-id=\"https:\/\/biogeo.ubbcluj.ro\/wp-content\/uploads\/2022\/05\/Tutorial-utilizare-serviciul-de-verificare-plagiat-Turnitin.pdf\"><strong><em><span style=\"text-decoration: underline;\">Tutorial utilizare Turnitin<\/span><\/em><\/strong><\/a><\/p>\n<\/div>\n\n\n\n<hr class=\"wp-block-separator has-text-color has-cyan-bluish-gray-color has-alpha-channel-opacity has-cyan-bluish-gray-background-color has-background is-style-wide\"\/>\n\n\n\n<p class=\"has-text-align-left has-small-font-size\"><strong><a href=\"https:\/\/biogeo.ubbcluj.ro\/gta\/wp-content\/uploads\/2023\/03\/Chestionar-satisfactie-studenti.pdf\" data-type=\"URL\" data-id=\"https:\/\/biogeo.ubbcluj.ro\/gta\/wp-content\/uploads\/2023\/03\/Chestionar-satisfactie-studenti.pdf\">Chestionar satisfac\u021bie studen\u021bi<\/a><\/strong><\/p>\n\n\n\n<p class=\"has-text-align-left has-small-font-size\"><strong><a href=\"https:\/\/qa.ubbcluj.ro\/wp-content\/uploads\/Raport-satisfactia-studentilor_2023.pdf\" target=\"_blank\" rel=\"noreferrer noopener\">Rezultate chestionar satisfac\u021bie studen\u021bi<\/a>  <\/strong><\/p>\n\n\n\n<hr class=\"wp-block-separator has-text-color has-cyan-bluish-gray-color has-alpha-channel-opacity has-cyan-bluish-gray-background-color has-background is-style-wide\"\/>\n\n\n\n<p class=\"has-small-font-size\"><strong><mark style=\"background-color:rgba(0, 0, 0, 0)\" class=\"has-inline-color has-vivid-cyan-blue-color\"><a href=\"https:\/\/biogeo.ubbcluj.ro\/gta\/wp-content\/uploads\/2021\/07\/Procedura-Utilizarea-Fondului-pentru-Cercetare-din-Granturile-Doctorale.pdf\" data-type=\"URL\" data-id=\"https:\/\/biogeo.ubbcluj.ro\/gta\/wp-content\/uploads\/2021\/07\/Procedura-Utilizarea-Fondului-pentru-Cercetare-din-Granturile-Doctorale.pdf\">Regulament privind utilizarea fondului de cercetare din granturile doctorale_2021<\/a> <\/mark><\/strong><\/p>\n\n\n\n<hr class=\"wp-block-separator has-css-opacity is-style-wide\"\/>\n\n\n\n<p class=\"has-small-font-size\"><strong><mark style=\"background-color:rgba(0, 0, 0, 0)\" class=\"has-inline-color has-vivid-cyan-blue-color\"><a href=\"https:\/\/biogeo.ubbcluj.ro\/gta\/wp-content\/uploads\/2021\/07\/Anexa-4-Utilizare-FC-din-GD-1.doc\" data-type=\"URL\" data-id=\"https:\/\/biogeo.ubbcluj.ro\/gta\/wp-content\/uploads\/2021\/07\/Anexa-4-Utilizare-FC-din-GD-1.doc\" target=\"_blank\" rel=\"noreferrer noopener\">Formular editabil_Referat de necesitate_2021<\/a><\/mark><\/strong><\/p>\n\n\n\n<hr class=\"wp-block-separator has-css-opacity is-style-wide\"\/>\n\n\n\n<p class=\"has-text-align-center\" style=\"font-size:16px\"><a rel=\"noreferrer noopener\" href=\"https:\/\/biogeo.ubbcluj.ro\/gta\/?page_id=27\" target=\"_blank\"><strong>Alumni<\/strong><\/a><\/p>\n\n\n\n<hr class=\"wp-block-separator has-css-opacity is-style-default\"\/>\n\n\n\n<p class=\"has-text-align-center\" style=\"font-size:16px\"><a rel=\"noreferrer noopener\" href=\"https:\/\/biogeo.ubbcluj.ro\/gta\/?page_id=29\" target=\"_blank\"><strong>Contact<\/strong><\/a><\/p>\n\n\n\n<hr class=\"wp-block-separator has-css-opacity is-style-default\"\/>\n\n\n\n<p class=\"has-text-align-center\" style=\"font-size:16px\"><a rel=\"noreferrer noopener\" href=\"https:\/\/doctorat.ubbcluj.ro\/ro\/formulare\/\" target=\"_blank\"><strong>Formulare<\/strong><\/a><\/p>\n\n\n\n<hr class=\"wp-block-separator has-text-color has-cyan-bluish-gray-color has-alpha-channel-opacity has-cyan-bluish-gray-background-color has-background\"\/>\n\n\n\n<p class=\"has-text-align-center\" style=\"font-size:16px\"><a rel=\"noreferrer noopener\" href=\"https:\/\/biogeo.ubbcluj.ro\/gta\/?page_id=33\" target=\"_blank\"><strong>Leg\u0103turi utile<\/strong><\/a><\/p>\n<\/div>\n<\/div>\n<\/div>\n<\/div>\n\n\n\n<p><\/p>\n","protected":false},"excerpt":{"rendered":"<p>Nout\u0103\u021bi Admitere doctorat 2026 Abilitarea Anun\u021buri ISD UBB Grows 2026\u00a0Resurse \u0219i programe pentru comunitatea academic\u0103 Admitere doctorat 2025 Rezultate admitere sesiunea septembrie 2025 Rezultate admitere sesiunea iulie 2025 Admitere 2024 Admitere 2023 Admitere &#8211; sesiunea septembrie 2023 Rezultate admitere &#8211; sesiunea iulie 2023 SGroup Universities in Europe &#8211; PhD Cup&hellip;<\/p>\n","protected":false},"author":1,"featured_media":0,"parent":0,"menu_order":0,"comment_status":"closed","ping_status":"closed","template":"fullwidth-template.php","meta":{"footnotes":""},"class_list":["post-12","page","type-page","status-publish","hentry"],"_links":{"self":[{"href":"https:\/\/biogeo.ubbcluj.ro\/gta\/index.php?rest_route=\/wp\/v2\/pages\/12","targetHints":{"allow":["GET"]}}],"collection":[{"href":"https:\/\/biogeo.ubbcluj.ro\/gta\/index.php?rest_route=\/wp\/v2\/pages"}],"about":[{"href":"https:\/\/biogeo.ubbcluj.ro\/gta\/index.php?rest_route=\/wp\/v2\/types\/page"}],"author":[{"embeddable":true,"href":"https:\/\/biogeo.ubbcluj.ro\/gta\/index.php?rest_route=\/wp\/v2\/users\/1"}],"replies":[{"embeddable":true,"href":"https:\/\/biogeo.ubbcluj.ro\/gta\/index.php?rest_route=%2Fwp%2Fv2%2Fcomments&post=12"}],"version-history":[{"count":452,"href":"https:\/\/biogeo.ubbcluj.ro\/gta\/index.php?rest_route=\/wp\/v2\/pages\/12\/revisions"}],"predecessor-version":[{"id":3275,"href":"https:\/\/biogeo.ubbcluj.ro\/gta\/index.php?rest_route=\/wp\/v2\/pages\/12\/revisions\/3275"}],"wp:attachment":[{"href":"https:\/\/biogeo.ubbcluj.ro\/gta\/index.php?rest_route=%2Fwp%2Fv2%2Fmedia&parent=12"}],"curies":[{"name":"wp","href":"https:\/\/api.w.org\/{rel}","templated":true}]}}